{"id":19548,"date":"2025-06-25T12:08:31","date_gmt":"2025-06-25T09:08:31","guid":{"rendered":"https:\/\/www.namude.lt\/?post_type=product&#038;p=19548"},"modified":"2025-11-19T14:24:12","modified_gmt":"2025-11-19T12:24:12","slug":"parduodamas-isskirtinis-183-ha-zemes-ukio-paskirties-sklypas-su-azvincio-ezero-pakrante-ignalinos-rajone","status":"publish","type":"product","link":"https:\/\/www.namude.lt\/en\/object\/parduodamas-isskirtinis-183-ha-zemes-ukio-paskirties-sklypas-su-azvincio-ezero-pakrante-ignalinos-rajone\/","title":{"rendered":"Parduodamas i\u0161skirtinis 1,83 ha \u017eem\u0117s \u016bkio paskirties sklypas su A\u017evin\u010dio e\u017eero pakrante Ignalinos rajone."},"content":{"rendered":"","protected":false},"excerpt":{"rendered":"<p><strong>Ie\u0161kote tikro lietuvi\u0161ko e\u017eero gro\u017eio ? \u0160is sklypas \u2013 tai j\u016bs\u0173 galimyb\u0117 tur\u0117ti nuostabi\u0105 pakrant\u0119 vienoje i\u0161 gra\u017eiausi\u0173 Auk\u0161taitijos viet\u0173.<\/strong><a href=\"https:\/\/www.namude.lt\/kategorija\/sklypai\/?filter_rajonas=ignalinos-rajonas&amp;query_type_rajonas=or\"><\/a> Sklypas ribojasi su vienu i\u0161 \u0161variausi\u0173 e\u017eer\u0173 regione, tai suteikia galimyb\u0119 m\u0117gautis ramybe \u0161alia vandens, \u017evejoti, maudytis ar tiesiog poilsiauti. O i\u0161 kitos pus\u0117s vieta apsupta vienu i\u0161 seniausiu ir did\u017eiausiu mi\u0161ku Lietuvoje: A\u017evin\u010di\u0173 \u2013 Min\u010dios giria, kurioje gal\u0117site uogauti, grybauti ar m\u0117gautis grynu oru.<br \/>\nI\u0161 \u0161ios unikalios vietos patogus priva\u017eiavimas iki kit\u0173 miest\u0173: Ignalinos \u2013 24km; Zaras\u0173 40km.; Utenos \u2013 40km., Mol\u0117t\u0173 \u2013 apie 80 km.; Vilniaus &#8211; 140km.<br \/>\nToki\u0173 viet\u0173 Lietuvoje lieka vis ma\u017eiau \u2013 nepraleiskite progos \u012fsigyti !<br \/>\nSklypo koordinat\u0117s:<br \/>\nMaps.lt: 55.479363, 26.095697<\/p>\n","protected":false},"featured_media":21039,"template":"","meta":{"_acf_changed":false},"product_brand":[],"product_cat":[75],"product_tag":[],"class_list":{"0":"post-19548","1":"product","2":"type-product","3":"status-publish","4":"has-post-thumbnail","6":"product_cat-parduota","7":"description-off","9":"first","10":"instock","11":"shipping-taxable","12":"purchasable","13":"product-type-simple"},"acf":[],"yoast_head":"<!-- This site is optimized with the Yoast SEO plugin v27.0 - https:\/\/yoast.com\/product\/yoast-seo-wordpress\/ -->\n<title>Parduodamas i\u0161skirtinis 1,83 ha \u017eem\u0117s \u016bkio paskirties sklypas su A\u017evin\u010dio e\u017eero pakrante Ignalinos rajone. - Namud\u0117<\/title>\n<meta name=\"robots\" content=\"index, follow, max-snippet:-1, max-image-preview:large, max-video-preview:-1\" \/>\n<link rel=\"canonical\" href=\"https:\/\/www.namude.lt\/objektas\/parduodamas-isskirtinis-183-ha-zemes-ukio-paskirties-sklypas-su-azvincio-ezero-pakrante-ignalinos-rajone\/\" \/>\n<meta property=\"og:locale\" content=\"en_US\" \/>\n<meta property=\"og:type\" content=\"article\" \/>\n<meta property=\"og:title\" content=\"Parduodamas i\u0161skirtinis 1,83 ha \u017eem\u0117s \u016bkio paskirties sklypas su A\u017evin\u010dio e\u017eero pakrante Ignalinos rajone. - Namud\u0117\" \/>\n<meta property=\"og:description\" content=\"Ie\u0161kote tikro lietuvi\u0161ko e\u017eero gro\u017eio ? \u0160is sklypas \u2013 tai j\u016bs\u0173 galimyb\u0117 tur\u0117ti nuostabi\u0105 pakrant\u0119 vienoje i\u0161 gra\u017eiausi\u0173 Auk\u0161taitijos viet\u0173. Sklypas ribojasi su vienu i\u0161 \u0161variausi\u0173 e\u017eer\u0173 regione, tai suteikia galimyb\u0119 m\u0117gautis ramybe \u0161alia vandens, \u017evejoti, maudytis ar tiesiog poilsiauti. O i\u0161 kitos pus\u0117s vieta apsupta vienu i\u0161 seniausiu ir did\u017eiausiu mi\u0161ku Lietuvoje: A\u017evin\u010di\u0173 \u2013 Min\u010dios giria, kurioje gal\u0117site uogauti, grybauti ar m\u0117gautis grynu oru.  I\u0161 \u0161ios unikalios vietos patogus priva\u017eiavimas iki kit\u0173 miest\u0173: Ignalinos \u2013 24km; Zaras\u0173 40km.; Utenos \u2013 40km., Mol\u0117t\u0173 \u2013 apie 80 km.; Vilniaus - 140km. Toki\u0173 viet\u0173 Lietuvoje lieka vis ma\u017eiau \u2013 nepraleiskite progos \u012fsigyti !  Sklypo koordinat\u0117s: Maps.lt: 55.479363, 26.095697\" \/>\n<meta property=\"og:url\" content=\"https:\/\/www.namude.lt\/objektas\/parduodamas-isskirtinis-183-ha-zemes-ukio-paskirties-sklypas-su-azvincio-ezero-pakrante-ignalinos-rajone\/\" \/>\n<meta property=\"og:site_name\" content=\"Namud\u0117\" \/>\n<meta property=\"article:modified_time\" content=\"2025-11-19T12:24:12+00:00\" \/>\n<meta property=\"og:image\" content=\"https:\/\/www.namude.lt\/wp-content\/uploads\/2025\/06\/1-20.jpg\" \/>\n\t<meta property=\"og:image:width\" content=\"2500\" \/>\n\t<meta property=\"og:image:height\" content=\"1511\" \/>\n\t<meta property=\"og:image:type\" content=\"image\/jpeg\" \/>\n<meta name=\"twitter:card\" content=\"summary_large_image\" \/>\n<script type=\"application\/ld+json\" class=\"yoast-schema-graph\">{\"@context\":\"https:\/\/schema.org\",\"@graph\":[{\"@type\":\"WebPage\",\"@id\":\"https:\/\/www.namude.lt\/objektas\/parduodamas-isskirtinis-183-ha-zemes-ukio-paskirties-sklypas-su-azvincio-ezero-pakrante-ignalinos-rajone\/\",\"url\":\"https:\/\/www.namude.lt\/objektas\/parduodamas-isskirtinis-183-ha-zemes-ukio-paskirties-sklypas-su-azvincio-ezero-pakrante-ignalinos-rajone\/\",\"name\":\"Parduodamas i\u0161skirtinis 1,83 ha \u017eem\u0117s \u016bkio paskirties sklypas su A\u017evin\u010dio e\u017eero pakrante Ignalinos rajone. - Namud\u0117\",\"isPartOf\":{\"@id\":\"https:\/\/www.namude.lt\/#website\"},\"primaryImageOfPage\":{\"@id\":\"https:\/\/www.namude.lt\/objektas\/parduodamas-isskirtinis-183-ha-zemes-ukio-paskirties-sklypas-su-azvincio-ezero-pakrante-ignalinos-rajone\/#primaryimage\"},\"image\":{\"@id\":\"https:\/\/www.namude.lt\/objektas\/parduodamas-isskirtinis-183-ha-zemes-ukio-paskirties-sklypas-su-azvincio-ezero-pakrante-ignalinos-rajone\/#primaryimage\"},\"thumbnailUrl\":\"https:\/\/www.namude.lt\/wp-content\/uploads\/2025\/06\/1-20.jpg\",\"datePublished\":\"2025-06-25T09:08:31+00:00\",\"dateModified\":\"2025-11-19T12:24:12+00:00\",\"breadcrumb\":{\"@id\":\"https:\/\/www.namude.lt\/objektas\/parduodamas-isskirtinis-183-ha-zemes-ukio-paskirties-sklypas-su-azvincio-ezero-pakrante-ignalinos-rajone\/#breadcrumb\"},\"inLanguage\":\"en-US\",\"potentialAction\":[{\"@type\":\"ReadAction\",\"target\":[\"https:\/\/www.namude.lt\/objektas\/parduodamas-isskirtinis-183-ha-zemes-ukio-paskirties-sklypas-su-azvincio-ezero-pakrante-ignalinos-rajone\/\"]}]},{\"@type\":\"ImageObject\",\"inLanguage\":\"en-US\",\"@id\":\"https:\/\/www.namude.lt\/objektas\/parduodamas-isskirtinis-183-ha-zemes-ukio-paskirties-sklypas-su-azvincio-ezero-pakrante-ignalinos-rajone\/#primaryimage\",\"url\":\"https:\/\/www.namude.lt\/wp-content\/uploads\/2025\/06\/1-20.jpg\",\"contentUrl\":\"https:\/\/www.namude.lt\/wp-content\/uploads\/2025\/06\/1-20.jpg\",\"width\":2500,\"height\":1511,\"caption\":\"default\"},{\"@type\":\"BreadcrumbList\",\"@id\":\"https:\/\/www.namude.lt\/objektas\/parduodamas-isskirtinis-183-ha-zemes-ukio-paskirties-sklypas-su-azvincio-ezero-pakrante-ignalinos-rajone\/#breadcrumb\",\"itemListElement\":[{\"@type\":\"ListItem\",\"position\":1,\"name\":\"Home\",\"item\":\"https:\/\/www.namude.lt\/en\/\"},{\"@type\":\"ListItem\",\"position\":2,\"name\":\"Real estate\",\"item\":\"https:\/\/www.namude.lt\/en\/real-estate\/\"},{\"@type\":\"ListItem\",\"position\":3,\"name\":\"Parduodamas i\u0161skirtinis 1,83 ha \u017eem\u0117s \u016bkio paskirties sklypas su A\u017evin\u010dio e\u017eero pakrante Ignalinos rajone.\"}]},{\"@type\":\"WebSite\",\"@id\":\"https:\/\/www.namude.lt\/#website\",\"url\":\"https:\/\/www.namude.lt\/\",\"name\":\"Namud\u0117\",\"description\":\"\u201eNamud\u0117\u201c \u2013 agent\u016bra, pardavin\u0117janti Auk\u0161taitijos NT grynuolius.\",\"publisher\":{\"@id\":\"https:\/\/www.namude.lt\/#organization\"},\"potentialAction\":[{\"@type\":\"SearchAction\",\"target\":{\"@type\":\"EntryPoint\",\"urlTemplate\":\"https:\/\/www.namude.lt\/?s={search_term_string}\"},\"query-input\":{\"@type\":\"PropertyValueSpecification\",\"valueRequired\":true,\"valueName\":\"search_term_string\"}}],\"inLanguage\":\"en-US\"},{\"@type\":\"Organization\",\"@id\":\"https:\/\/www.namude.lt\/#organization\",\"name\":\"Namud\u0117\",\"url\":\"https:\/\/www.namude.lt\/\",\"logo\":{\"@type\":\"ImageObject\",\"inLanguage\":\"en-US\",\"@id\":\"https:\/\/www.namude.lt\/#\/schema\/logo\/image\/\",\"url\":\"https:\/\/www.namude.lt\/wp-content\/uploads\/2023\/11\/logo-symbol.svg\",\"contentUrl\":\"https:\/\/www.namude.lt\/wp-content\/uploads\/2023\/11\/logo-symbol.svg\",\"width\":1,\"height\":1,\"caption\":\"Namud\u0117\"},\"image\":{\"@id\":\"https:\/\/www.namude.lt\/#\/schema\/logo\/image\/\"}}]}<\/script>\n<!-- \/ Yoast SEO plugin. -->","yoast_head_json":{"title":"Parduodamas i\u0161skirtinis 1,83 ha \u017eem\u0117s \u016bkio paskirties sklypas su A\u017evin\u010dio e\u017eero pakrante Ignalinos rajone. - Namud\u0117","robots":{"index":"index","follow":"follow","max-snippet":"max-snippet:-1","max-image-preview":"max-image-preview:large","max-video-preview":"max-video-preview:-1"},"canonical":"https:\/\/www.namude.lt\/objektas\/parduodamas-isskirtinis-183-ha-zemes-ukio-paskirties-sklypas-su-azvincio-ezero-pakrante-ignalinos-rajone\/","og_locale":"en_US","og_type":"article","og_title":"Parduodamas i\u0161skirtinis 1,83 ha \u017eem\u0117s \u016bkio paskirties sklypas su A\u017evin\u010dio e\u017eero pakrante Ignalinos rajone. - Namud\u0117","og_description":"Ie\u0161kote tikro lietuvi\u0161ko e\u017eero gro\u017eio ? \u0160is sklypas \u2013 tai j\u016bs\u0173 galimyb\u0117 tur\u0117ti nuostabi\u0105 pakrant\u0119 vienoje i\u0161 gra\u017eiausi\u0173 Auk\u0161taitijos viet\u0173. Sklypas ribojasi su vienu i\u0161 \u0161variausi\u0173 e\u017eer\u0173 regione, tai suteikia galimyb\u0119 m\u0117gautis ramybe \u0161alia vandens, \u017evejoti, maudytis ar tiesiog poilsiauti. O i\u0161 kitos pus\u0117s vieta apsupta vienu i\u0161 seniausiu ir did\u017eiausiu mi\u0161ku Lietuvoje: A\u017evin\u010di\u0173 \u2013 Min\u010dios giria, kurioje gal\u0117site uogauti, grybauti ar m\u0117gautis grynu oru.  I\u0161 \u0161ios unikalios vietos patogus priva\u017eiavimas iki kit\u0173 miest\u0173: Ignalinos \u2013 24km; Zaras\u0173 40km.; Utenos \u2013 40km., Mol\u0117t\u0173 \u2013 apie 80 km.; Vilniaus - 140km. Toki\u0173 viet\u0173 Lietuvoje lieka vis ma\u017eiau \u2013 nepraleiskite progos \u012fsigyti !  Sklypo koordinat\u0117s: Maps.lt: 55.479363, 26.095697","og_url":"https:\/\/www.namude.lt\/objektas\/parduodamas-isskirtinis-183-ha-zemes-ukio-paskirties-sklypas-su-azvincio-ezero-pakrante-ignalinos-rajone\/","og_site_name":"Namud\u0117","article_modified_time":"2025-11-19T12:24:12+00:00","og_image":[{"width":2500,"height":1511,"url":"https:\/\/www.namude.lt\/wp-content\/uploads\/2025\/06\/1-20.jpg","type":"image\/jpeg"}],"twitter_card":"summary_large_image","schema":{"@context":"https:\/\/schema.org","@graph":[{"@type":"WebPage","@id":"https:\/\/www.namude.lt\/objektas\/parduodamas-isskirtinis-183-ha-zemes-ukio-paskirties-sklypas-su-azvincio-ezero-pakrante-ignalinos-rajone\/","url":"https:\/\/www.namude.lt\/objektas\/parduodamas-isskirtinis-183-ha-zemes-ukio-paskirties-sklypas-su-azvincio-ezero-pakrante-ignalinos-rajone\/","name":"Parduodamas i\u0161skirtinis 1,83 ha \u017eem\u0117s \u016bkio paskirties sklypas su A\u017evin\u010dio e\u017eero pakrante Ignalinos rajone. - Namud\u0117","isPartOf":{"@id":"https:\/\/www.namude.lt\/#website"},"primaryImageOfPage":{"@id":"https:\/\/www.namude.lt\/objektas\/parduodamas-isskirtinis-183-ha-zemes-ukio-paskirties-sklypas-su-azvincio-ezero-pakrante-ignalinos-rajone\/#primaryimage"},"image":{"@id":"https:\/\/www.namude.lt\/objektas\/parduodamas-isskirtinis-183-ha-zemes-ukio-paskirties-sklypas-su-azvincio-ezero-pakrante-ignalinos-rajone\/#primaryimage"},"thumbnailUrl":"https:\/\/www.namude.lt\/wp-content\/uploads\/2025\/06\/1-20.jpg","datePublished":"2025-06-25T09:08:31+00:00","dateModified":"2025-11-19T12:24:12+00:00","breadcrumb":{"@id":"https:\/\/www.namude.lt\/objektas\/parduodamas-isskirtinis-183-ha-zemes-ukio-paskirties-sklypas-su-azvincio-ezero-pakrante-ignalinos-rajone\/#breadcrumb"},"inLanguage":"en-US","potentialAction":[{"@type":"ReadAction","target":["https:\/\/www.namude.lt\/objektas\/parduodamas-isskirtinis-183-ha-zemes-ukio-paskirties-sklypas-su-azvincio-ezero-pakrante-ignalinos-rajone\/"]}]},{"@type":"ImageObject","inLanguage":"en-US","@id":"https:\/\/www.namude.lt\/objektas\/parduodamas-isskirtinis-183-ha-zemes-ukio-paskirties-sklypas-su-azvincio-ezero-pakrante-ignalinos-rajone\/#primaryimage","url":"https:\/\/www.namude.lt\/wp-content\/uploads\/2025\/06\/1-20.jpg","contentUrl":"https:\/\/www.namude.lt\/wp-content\/uploads\/2025\/06\/1-20.jpg","width":2500,"height":1511,"caption":"default"},{"@type":"BreadcrumbList","@id":"https:\/\/www.namude.lt\/objektas\/parduodamas-isskirtinis-183-ha-zemes-ukio-paskirties-sklypas-su-azvincio-ezero-pakrante-ignalinos-rajone\/#breadcrumb","itemListElement":[{"@type":"ListItem","position":1,"name":"Home","item":"https:\/\/www.namude.lt\/en\/"},{"@type":"ListItem","position":2,"name":"Real estate","item":"https:\/\/www.namude.lt\/en\/real-estate\/"},{"@type":"ListItem","position":3,"name":"Parduodamas i\u0161skirtinis 1,83 ha \u017eem\u0117s \u016bkio paskirties sklypas su A\u017evin\u010dio e\u017eero pakrante Ignalinos rajone."}]},{"@type":"WebSite","@id":"https:\/\/www.namude.lt\/#website","url":"https:\/\/www.namude.lt\/","name":"Namud\u0117","description":"\u201eNamud\u0117\u201c \u2013 agent\u016bra, pardavin\u0117janti Auk\u0161taitijos NT grynuolius.","publisher":{"@id":"https:\/\/www.namude.lt\/#organization"},"potentialAction":[{"@type":"SearchAction","target":{"@type":"EntryPoint","urlTemplate":"https:\/\/www.namude.lt\/?s={search_term_string}"},"query-input":{"@type":"PropertyValueSpecification","valueRequired":true,"valueName":"search_term_string"}}],"inLanguage":"en-US"},{"@type":"Organization","@id":"https:\/\/www.namude.lt\/#organization","name":"Namud\u0117","url":"https:\/\/www.namude.lt\/","logo":{"@type":"ImageObject","inLanguage":"en-US","@id":"https:\/\/www.namude.lt\/#\/schema\/logo\/image\/","url":"https:\/\/www.namude.lt\/wp-content\/uploads\/2023\/11\/logo-symbol.svg","contentUrl":"https:\/\/www.namude.lt\/wp-content\/uploads\/2023\/11\/logo-symbol.svg","width":1,"height":1,"caption":"Namud\u0117"},"image":{"@id":"https:\/\/www.namude.lt\/#\/schema\/logo\/image\/"}}]}},"_links":{"self":[{"href":"https:\/\/www.namude.lt\/en\/wp-json\/wp\/v2\/product\/19548","targetHints":{"allow":["GET"]}}],"collection":[{"href":"https:\/\/www.namude.lt\/en\/wp-json\/wp\/v2\/product"}],"about":[{"href":"https:\/\/www.namude.lt\/en\/wp-json\/wp\/v2\/types\/product"}],"wp:featuredmedia":[{"embeddable":true,"href":"https:\/\/www.namude.lt\/en\/wp-json\/wp\/v2\/media\/21039"}],"wp:attachment":[{"href":"https:\/\/www.namude.lt\/en\/wp-json\/wp\/v2\/media?parent=19548"}],"wp:term":[{"taxonomy":"product_brand","embeddable":true,"href":"https:\/\/www.namude.lt\/en\/wp-json\/wp\/v2\/product_brand?post=19548"},{"taxonomy":"product_cat","embeddable":true,"href":"https:\/\/www.namude.lt\/en\/wp-json\/wp\/v2\/product_cat?post=19548"},{"taxonomy":"product_tag","embeddable":true,"href":"https:\/\/www.namude.lt\/en\/wp-json\/wp\/v2\/product_tag?post=19548"}],"curies":[{"name":"wp","href":"https:\/\/api.w.org\/{rel}","templated":true}]}}