{"id":19367,"date":"2025-06-19T09:42:52","date_gmt":"2025-06-19T06:42:52","guid":{"rendered":"https:\/\/www.namude.lt\/?post_type=product&#038;p=19367"},"modified":"2026-03-24T11:18:16","modified_gmt":"2026-03-24T09:18:16","slug":"parduodama-autentiska-sodyba-su-zemes-ukio-paskirties-sklypu-besiribojanciu-su-dideliu-ir-zuvingu-vajuonio-ezeru-ignalinos-rajone-meskenu-kaimelyje-aukstaitijos-nacionaliniam-parke","status":"publish","type":"product","link":"https:\/\/www.namude.lt\/en\/object\/parduodama-autentiska-sodyba-su-zemes-ukio-paskirties-sklypu-besiribojanciu-su-dideliu-ir-zuvingu-vajuonio-ezeru-ignalinos-rajone-meskenu-kaimelyje-aukstaitijos-nacionaliniam-parke\/","title":{"rendered":"Parduodama autenti\u0161ka sodyba \u0161alia didelio ir \u017euvingo Vajuonio ezero, Ignalinos rajone, Me\u0161k\u0117n\u0173 kaimelio pakra\u0161tyje, Auk\u0161taitijos nacionaliniam parke."},"content":{"rendered":"","protected":false},"excerpt":{"rendered":"<p><strong> Nuo sodybos iki e\u017eero apie 1 km. Nam\u0173 valda susideda i\u0161 dviej\u0173 sklyp\u0173: 0.40 ha ir 0.30 ha.<\/strong><a href=\"https:\/\/www.namude.lt\/kategorija\/sodybos\/?filter_rajonas=ignalinos-rajonas&amp;query_type_rajonas=or\"><\/a> Viso parduodama 0.70 ha \u017eem\u0117s plotas. R\u0105stinio autenti\u0161ko gyvenamojo namo bendras plotas \u2013 101.45 kv. m. Prie namo yra \u016bkiniai pastatai, tvartas, dar\u017ein\u0117, kiemo r\u016bsys, lauko virtuv\u0117, pav\u0117sin\u0117, d\u016bmin\u0117 pirtel\u0117 prie upelio, \u0161ulinys, \u0161iltnamis ir sodas. Nam\u0173 valda randasi Me\u0161k\u0117n\u0173 kaimelio pakra\u0161tyje, apsupta \u017ealumos ir med\u017ei\u0173. Saugumas ir privatumas. Kaimelyje yra pastoviai gyvenan\u010di\u0173 \u017emoni\u0173. Iki asfaltuoto kelio apie 2.5 km. Artimiausias miestas yra Ignalina, apie 7 km. Iki Vilniaus apie 104 km. Labai gra\u017ei ir rami vieta poilsiui \u0161alia nuostabaus Vajuonio e\u017eero.<\/p>\n","protected":false},"featured_media":19368,"template":"","meta":{"_acf_changed":false},"product_brand":[],"product_cat":[23],"product_tag":[],"class_list":{"0":"post-19367","1":"product","2":"type-product","3":"status-publish","4":"has-post-thumbnail","6":"product_cat-sodybos","7":"pa_rajonas-ignalinos-rajonas","8":"description-off","10":"first","11":"instock","12":"shipping-taxable","13":"purchasable","14":"product-type-simple"},"acf":[],"yoast_head":"<!-- This site is optimized with the Yoast SEO plugin v27.0 - https:\/\/yoast.com\/product\/yoast-seo-wordpress\/ -->\n<title>Parduodama autenti\u0161ka sodyba \u0161alia didelio ir \u017euvingo Vajuonio ezero, Ignalinos rajone, Me\u0161k\u0117n\u0173 kaimelio pakra\u0161tyje, Auk\u0161taitijos nacionaliniam parke. - Namud\u0117<\/title>\n<meta name=\"robots\" content=\"index, follow, max-snippet:-1, max-image-preview:large, max-video-preview:-1\" \/>\n<link rel=\"canonical\" href=\"https:\/\/www.namude.lt\/objektas\/parduodama-autentiska-sodyba-su-zemes-ukio-paskirties-sklypu-besiribojanciu-su-dideliu-ir-zuvingu-vajuonio-ezeru-ignalinos-rajone-meskenu-kaimelyje-aukstaitijos-nacionaliniam-parke\/\" \/>\n<meta property=\"og:locale\" content=\"en_US\" \/>\n<meta property=\"og:type\" content=\"article\" \/>\n<meta property=\"og:title\" content=\"Parduodama autenti\u0161ka sodyba \u0161alia didelio ir \u017euvingo Vajuonio ezero, Ignalinos rajone, Me\u0161k\u0117n\u0173 kaimelio pakra\u0161tyje, Auk\u0161taitijos nacionaliniam parke. - Namud\u0117\" \/>\n<meta property=\"og:description\" content=\"Nuo sodybos iki e\u017eero apie 1 km. Nam\u0173 valda susideda i\u0161 dviej\u0173 sklyp\u0173: 0.40 ha ir 0.30 ha. Viso parduodama 0.70 ha \u017eem\u0117s plotas. R\u0105stinio autenti\u0161ko gyvenamojo namo bendras plotas \u2013 101.45 kv. m. Prie namo yra \u016bkiniai pastatai, tvartas, dar\u017ein\u0117, kiemo r\u016bsys, lauko virtuv\u0117, pav\u0117sin\u0117, d\u016bmin\u0117 pirtel\u0117 prie upelio, \u0161ulinys, \u0161iltnamis ir sodas. Nam\u0173 valda randasi Me\u0161k\u0117n\u0173 kaimelio pakra\u0161tyje, apsupta \u017ealumos ir med\u017ei\u0173. Saugumas ir privatumas. Kaimelyje yra pastoviai gyvenan\u010di\u0173 \u017emoni\u0173. Iki asfaltuoto kelio apie 2.5 km. Artimiausias miestas yra Ignalina, apie 7 km. Iki Vilniaus apie 104 km. Labai gra\u017ei ir rami vieta poilsiui \u0161alia nuostabaus Vajuonio e\u017eero.\" \/>\n<meta property=\"og:url\" content=\"https:\/\/www.namude.lt\/objektas\/parduodama-autentiska-sodyba-su-zemes-ukio-paskirties-sklypu-besiribojanciu-su-dideliu-ir-zuvingu-vajuonio-ezeru-ignalinos-rajone-meskenu-kaimelyje-aukstaitijos-nacionaliniam-parke\/\" \/>\n<meta property=\"og:site_name\" content=\"Namud\u0117\" \/>\n<meta property=\"article:modified_time\" content=\"2026-03-24T09:18:16+00:00\" \/>\n<meta property=\"og:image\" content=\"https:\/\/www.namude.lt\/wp-content\/uploads\/2025\/06\/1-9.jpg\" \/>\n\t<meta property=\"og:image:width\" content=\"800\" \/>\n\t<meta property=\"og:image:height\" content=\"531\" \/>\n\t<meta property=\"og:image:type\" content=\"image\/jpeg\" \/>\n<meta name=\"twitter:card\" content=\"summary_large_image\" \/>\n<script type=\"application\/ld+json\" class=\"yoast-schema-graph\">{\"@context\":\"https:\/\/schema.org\",\"@graph\":[{\"@type\":\"WebPage\",\"@id\":\"https:\/\/www.namude.lt\/objektas\/parduodama-autentiska-sodyba-su-zemes-ukio-paskirties-sklypu-besiribojanciu-su-dideliu-ir-zuvingu-vajuonio-ezeru-ignalinos-rajone-meskenu-kaimelyje-aukstaitijos-nacionaliniam-parke\/\",\"url\":\"https:\/\/www.namude.lt\/objektas\/parduodama-autentiska-sodyba-su-zemes-ukio-paskirties-sklypu-besiribojanciu-su-dideliu-ir-zuvingu-vajuonio-ezeru-ignalinos-rajone-meskenu-kaimelyje-aukstaitijos-nacionaliniam-parke\/\",\"name\":\"Parduodama autenti\u0161ka sodyba \u0161alia didelio ir \u017euvingo Vajuonio ezero, Ignalinos rajone, Me\u0161k\u0117n\u0173 kaimelio pakra\u0161tyje, Auk\u0161taitijos nacionaliniam parke. - Namud\u0117\",\"isPartOf\":{\"@id\":\"https:\/\/www.namude.lt\/#website\"},\"primaryImageOfPage\":{\"@id\":\"https:\/\/www.namude.lt\/objektas\/parduodama-autentiska-sodyba-su-zemes-ukio-paskirties-sklypu-besiribojanciu-su-dideliu-ir-zuvingu-vajuonio-ezeru-ignalinos-rajone-meskenu-kaimelyje-aukstaitijos-nacionaliniam-parke\/#primaryimage\"},\"image\":{\"@id\":\"https:\/\/www.namude.lt\/objektas\/parduodama-autentiska-sodyba-su-zemes-ukio-paskirties-sklypu-besiribojanciu-su-dideliu-ir-zuvingu-vajuonio-ezeru-ignalinos-rajone-meskenu-kaimelyje-aukstaitijos-nacionaliniam-parke\/#primaryimage\"},\"thumbnailUrl\":\"https:\/\/www.namude.lt\/wp-content\/uploads\/2025\/06\/1-9.jpg\",\"datePublished\":\"2025-06-19T06:42:52+00:00\",\"dateModified\":\"2026-03-24T09:18:16+00:00\",\"breadcrumb\":{\"@id\":\"https:\/\/www.namude.lt\/objektas\/parduodama-autentiska-sodyba-su-zemes-ukio-paskirties-sklypu-besiribojanciu-su-dideliu-ir-zuvingu-vajuonio-ezeru-ignalinos-rajone-meskenu-kaimelyje-aukstaitijos-nacionaliniam-parke\/#breadcrumb\"},\"inLanguage\":\"en-US\",\"potentialAction\":[{\"@type\":\"ReadAction\",\"target\":[\"https:\/\/www.namude.lt\/objektas\/parduodama-autentiska-sodyba-su-zemes-ukio-paskirties-sklypu-besiribojanciu-su-dideliu-ir-zuvingu-vajuonio-ezeru-ignalinos-rajone-meskenu-kaimelyje-aukstaitijos-nacionaliniam-parke\/\"]}]},{\"@type\":\"ImageObject\",\"inLanguage\":\"en-US\",\"@id\":\"https:\/\/www.namude.lt\/objektas\/parduodama-autentiska-sodyba-su-zemes-ukio-paskirties-sklypu-besiribojanciu-su-dideliu-ir-zuvingu-vajuonio-ezeru-ignalinos-rajone-meskenu-kaimelyje-aukstaitijos-nacionaliniam-parke\/#primaryimage\",\"url\":\"https:\/\/www.namude.lt\/wp-content\/uploads\/2025\/06\/1-9.jpg\",\"contentUrl\":\"https:\/\/www.namude.lt\/wp-content\/uploads\/2025\/06\/1-9.jpg\",\"width\":800,\"height\":531},{\"@type\":\"BreadcrumbList\",\"@id\":\"https:\/\/www.namude.lt\/objektas\/parduodama-autentiska-sodyba-su-zemes-ukio-paskirties-sklypu-besiribojanciu-su-dideliu-ir-zuvingu-vajuonio-ezeru-ignalinos-rajone-meskenu-kaimelyje-aukstaitijos-nacionaliniam-parke\/#breadcrumb\",\"itemListElement\":[{\"@type\":\"ListItem\",\"position\":1,\"name\":\"Home\",\"item\":\"https:\/\/www.namude.lt\/en\/\"},{\"@type\":\"ListItem\",\"position\":2,\"name\":\"Real estate\",\"item\":\"https:\/\/www.namude.lt\/en\/real-estate\/\"},{\"@type\":\"ListItem\",\"position\":3,\"name\":\"Parduodama autenti\u0161ka sodyba \u0161alia didelio ir \u017euvingo Vajuonio ezero, Ignalinos rajone, Me\u0161k\u0117n\u0173 kaimelio pakra\u0161tyje, Auk\u0161taitijos nacionaliniam parke.\"}]},{\"@type\":\"WebSite\",\"@id\":\"https:\/\/www.namude.lt\/#website\",\"url\":\"https:\/\/www.namude.lt\/\",\"name\":\"Namud\u0117\",\"description\":\"\u201eNamud\u0117\u201c \u2013 agent\u016bra, pardavin\u0117janti Auk\u0161taitijos NT grynuolius.\",\"publisher\":{\"@id\":\"https:\/\/www.namude.lt\/#organization\"},\"potentialAction\":[{\"@type\":\"SearchAction\",\"target\":{\"@type\":\"EntryPoint\",\"urlTemplate\":\"https:\/\/www.namude.lt\/?s={search_term_string}\"},\"query-input\":{\"@type\":\"PropertyValueSpecification\",\"valueRequired\":true,\"valueName\":\"search_term_string\"}}],\"inLanguage\":\"en-US\"},{\"@type\":\"Organization\",\"@id\":\"https:\/\/www.namude.lt\/#organization\",\"name\":\"Namud\u0117\",\"url\":\"https:\/\/www.namude.lt\/\",\"logo\":{\"@type\":\"ImageObject\",\"inLanguage\":\"en-US\",\"@id\":\"https:\/\/www.namude.lt\/#\/schema\/logo\/image\/\",\"url\":\"https:\/\/www.namude.lt\/wp-content\/uploads\/2023\/11\/logo-symbol.svg\",\"contentUrl\":\"https:\/\/www.namude.lt\/wp-content\/uploads\/2023\/11\/logo-symbol.svg\",\"width\":1,\"height\":1,\"caption\":\"Namud\u0117\"},\"image\":{\"@id\":\"https:\/\/www.namude.lt\/#\/schema\/logo\/image\/\"}}]}<\/script>\n<!-- \/ Yoast SEO plugin. -->","yoast_head_json":{"title":"Parduodama autenti\u0161ka sodyba \u0161alia didelio ir \u017euvingo Vajuonio ezero, Ignalinos rajone, Me\u0161k\u0117n\u0173 kaimelio pakra\u0161tyje, Auk\u0161taitijos nacionaliniam parke. - Namud\u0117","robots":{"index":"index","follow":"follow","max-snippet":"max-snippet:-1","max-image-preview":"max-image-preview:large","max-video-preview":"max-video-preview:-1"},"canonical":"https:\/\/www.namude.lt\/objektas\/parduodama-autentiska-sodyba-su-zemes-ukio-paskirties-sklypu-besiribojanciu-su-dideliu-ir-zuvingu-vajuonio-ezeru-ignalinos-rajone-meskenu-kaimelyje-aukstaitijos-nacionaliniam-parke\/","og_locale":"en_US","og_type":"article","og_title":"Parduodama autenti\u0161ka sodyba \u0161alia didelio ir \u017euvingo Vajuonio ezero, Ignalinos rajone, Me\u0161k\u0117n\u0173 kaimelio pakra\u0161tyje, Auk\u0161taitijos nacionaliniam parke. - Namud\u0117","og_description":"Nuo sodybos iki e\u017eero apie 1 km. Nam\u0173 valda susideda i\u0161 dviej\u0173 sklyp\u0173: 0.40 ha ir 0.30 ha. Viso parduodama 0.70 ha \u017eem\u0117s plotas. R\u0105stinio autenti\u0161ko gyvenamojo namo bendras plotas \u2013 101.45 kv. m. Prie namo yra \u016bkiniai pastatai, tvartas, dar\u017ein\u0117, kiemo r\u016bsys, lauko virtuv\u0117, pav\u0117sin\u0117, d\u016bmin\u0117 pirtel\u0117 prie upelio, \u0161ulinys, \u0161iltnamis ir sodas. Nam\u0173 valda randasi Me\u0161k\u0117n\u0173 kaimelio pakra\u0161tyje, apsupta \u017ealumos ir med\u017ei\u0173. Saugumas ir privatumas. Kaimelyje yra pastoviai gyvenan\u010di\u0173 \u017emoni\u0173. Iki asfaltuoto kelio apie 2.5 km. Artimiausias miestas yra Ignalina, apie 7 km. Iki Vilniaus apie 104 km. Labai gra\u017ei ir rami vieta poilsiui \u0161alia nuostabaus Vajuonio e\u017eero.","og_url":"https:\/\/www.namude.lt\/objektas\/parduodama-autentiska-sodyba-su-zemes-ukio-paskirties-sklypu-besiribojanciu-su-dideliu-ir-zuvingu-vajuonio-ezeru-ignalinos-rajone-meskenu-kaimelyje-aukstaitijos-nacionaliniam-parke\/","og_site_name":"Namud\u0117","article_modified_time":"2026-03-24T09:18:16+00:00","og_image":[{"width":800,"height":531,"url":"https:\/\/www.namude.lt\/wp-content\/uploads\/2025\/06\/1-9.jpg","type":"image\/jpeg"}],"twitter_card":"summary_large_image","schema":{"@context":"https:\/\/schema.org","@graph":[{"@type":"WebPage","@id":"https:\/\/www.namude.lt\/objektas\/parduodama-autentiska-sodyba-su-zemes-ukio-paskirties-sklypu-besiribojanciu-su-dideliu-ir-zuvingu-vajuonio-ezeru-ignalinos-rajone-meskenu-kaimelyje-aukstaitijos-nacionaliniam-parke\/","url":"https:\/\/www.namude.lt\/objektas\/parduodama-autentiska-sodyba-su-zemes-ukio-paskirties-sklypu-besiribojanciu-su-dideliu-ir-zuvingu-vajuonio-ezeru-ignalinos-rajone-meskenu-kaimelyje-aukstaitijos-nacionaliniam-parke\/","name":"Parduodama autenti\u0161ka sodyba \u0161alia didelio ir \u017euvingo Vajuonio ezero, Ignalinos rajone, Me\u0161k\u0117n\u0173 kaimelio pakra\u0161tyje, Auk\u0161taitijos nacionaliniam parke. - Namud\u0117","isPartOf":{"@id":"https:\/\/www.namude.lt\/#website"},"primaryImageOfPage":{"@id":"https:\/\/www.namude.lt\/objektas\/parduodama-autentiska-sodyba-su-zemes-ukio-paskirties-sklypu-besiribojanciu-su-dideliu-ir-zuvingu-vajuonio-ezeru-ignalinos-rajone-meskenu-kaimelyje-aukstaitijos-nacionaliniam-parke\/#primaryimage"},"image":{"@id":"https:\/\/www.namude.lt\/objektas\/parduodama-autentiska-sodyba-su-zemes-ukio-paskirties-sklypu-besiribojanciu-su-dideliu-ir-zuvingu-vajuonio-ezeru-ignalinos-rajone-meskenu-kaimelyje-aukstaitijos-nacionaliniam-parke\/#primaryimage"},"thumbnailUrl":"https:\/\/www.namude.lt\/wp-content\/uploads\/2025\/06\/1-9.jpg","datePublished":"2025-06-19T06:42:52+00:00","dateModified":"2026-03-24T09:18:16+00:00","breadcrumb":{"@id":"https:\/\/www.namude.lt\/objektas\/parduodama-autentiska-sodyba-su-zemes-ukio-paskirties-sklypu-besiribojanciu-su-dideliu-ir-zuvingu-vajuonio-ezeru-ignalinos-rajone-meskenu-kaimelyje-aukstaitijos-nacionaliniam-parke\/#breadcrumb"},"inLanguage":"en-US","potentialAction":[{"@type":"ReadAction","target":["https:\/\/www.namude.lt\/objektas\/parduodama-autentiska-sodyba-su-zemes-ukio-paskirties-sklypu-besiribojanciu-su-dideliu-ir-zuvingu-vajuonio-ezeru-ignalinos-rajone-meskenu-kaimelyje-aukstaitijos-nacionaliniam-parke\/"]}]},{"@type":"ImageObject","inLanguage":"en-US","@id":"https:\/\/www.namude.lt\/objektas\/parduodama-autentiska-sodyba-su-zemes-ukio-paskirties-sklypu-besiribojanciu-su-dideliu-ir-zuvingu-vajuonio-ezeru-ignalinos-rajone-meskenu-kaimelyje-aukstaitijos-nacionaliniam-parke\/#primaryimage","url":"https:\/\/www.namude.lt\/wp-content\/uploads\/2025\/06\/1-9.jpg","contentUrl":"https:\/\/www.namude.lt\/wp-content\/uploads\/2025\/06\/1-9.jpg","width":800,"height":531},{"@type":"BreadcrumbList","@id":"https:\/\/www.namude.lt\/objektas\/parduodama-autentiska-sodyba-su-zemes-ukio-paskirties-sklypu-besiribojanciu-su-dideliu-ir-zuvingu-vajuonio-ezeru-ignalinos-rajone-meskenu-kaimelyje-aukstaitijos-nacionaliniam-parke\/#breadcrumb","itemListElement":[{"@type":"ListItem","position":1,"name":"Home","item":"https:\/\/www.namude.lt\/en\/"},{"@type":"ListItem","position":2,"name":"Real estate","item":"https:\/\/www.namude.lt\/en\/real-estate\/"},{"@type":"ListItem","position":3,"name":"Parduodama autenti\u0161ka sodyba \u0161alia didelio ir \u017euvingo Vajuonio ezero, Ignalinos rajone, Me\u0161k\u0117n\u0173 kaimelio pakra\u0161tyje, Auk\u0161taitijos nacionaliniam parke."}]},{"@type":"WebSite","@id":"https:\/\/www.namude.lt\/#website","url":"https:\/\/www.namude.lt\/","name":"Namud\u0117","description":"\u201eNamud\u0117\u201c \u2013 agent\u016bra, pardavin\u0117janti Auk\u0161taitijos NT grynuolius.","publisher":{"@id":"https:\/\/www.namude.lt\/#organization"},"potentialAction":[{"@type":"SearchAction","target":{"@type":"EntryPoint","urlTemplate":"https:\/\/www.namude.lt\/?s={search_term_string}"},"query-input":{"@type":"PropertyValueSpecification","valueRequired":true,"valueName":"search_term_string"}}],"inLanguage":"en-US"},{"@type":"Organization","@id":"https:\/\/www.namude.lt\/#organization","name":"Namud\u0117","url":"https:\/\/www.namude.lt\/","logo":{"@type":"ImageObject","inLanguage":"en-US","@id":"https:\/\/www.namude.lt\/#\/schema\/logo\/image\/","url":"https:\/\/www.namude.lt\/wp-content\/uploads\/2023\/11\/logo-symbol.svg","contentUrl":"https:\/\/www.namude.lt\/wp-content\/uploads\/2023\/11\/logo-symbol.svg","width":1,"height":1,"caption":"Namud\u0117"},"image":{"@id":"https:\/\/www.namude.lt\/#\/schema\/logo\/image\/"}}]}},"_links":{"self":[{"href":"https:\/\/www.namude.lt\/en\/wp-json\/wp\/v2\/product\/19367","targetHints":{"allow":["GET"]}}],"collection":[{"href":"https:\/\/www.namude.lt\/en\/wp-json\/wp\/v2\/product"}],"about":[{"href":"https:\/\/www.namude.lt\/en\/wp-json\/wp\/v2\/types\/product"}],"wp:featuredmedia":[{"embeddable":true,"href":"https:\/\/www.namude.lt\/en\/wp-json\/wp\/v2\/media\/19368"}],"wp:attachment":[{"href":"https:\/\/www.namude.lt\/en\/wp-json\/wp\/v2\/media?parent=19367"}],"wp:term":[{"taxonomy":"product_brand","embeddable":true,"href":"https:\/\/www.namude.lt\/en\/wp-json\/wp\/v2\/product_brand?post=19367"},{"taxonomy":"product_cat","embeddable":true,"href":"https:\/\/www.namude.lt\/en\/wp-json\/wp\/v2\/product_cat?post=19367"},{"taxonomy":"product_tag","embeddable":true,"href":"https:\/\/www.namude.lt\/en\/wp-json\/wp\/v2\/product_tag?post=19367"}],"curies":[{"name":"wp","href":"https:\/\/api.w.org\/{rel}","templated":true}]}}