{"id":18927,"date":"2025-06-04T14:55:21","date_gmt":"2025-06-04T11:55:21","guid":{"rendered":"https:\/\/www.namude.lt\/?post_type=product&#038;p=18927"},"modified":"2026-02-11T16:41:31","modified_gmt":"2026-02-11T14:41:31","slug":"parduodamos-patalpos-su-9a-zemes-sklypu-salako-miestelyje-zarasu-rajone","status":"publish","type":"product","link":"https:\/\/www.namude.lt\/en\/object\/parduodamos-patalpos-su-9a-zemes-sklypu-salako-miestelyje-zarasu-rajone\/","title":{"rendered":"PARDUODAMOS PATALPOS SU 9A \u017dEM\u0116S SKLYPU SALAKO MIESTELYJE, ZARAS\u0172 RAJONE"},"content":{"rendered":"","protected":false},"excerpt":{"rendered":"<p>Salako miestelis \u012fsik\u016br\u0119s Gra\u017eut\u0117s nacionaliniame parke netoliese Luod\u017eio e\u017eero, apsuptas  Salako, Alaun\u0117s, Giteni\u0161k\u0117s, Grudi\u0161ki\u0173, Kr\u016bmeli\u0173 mi\u0161kais .  Miestelyje veikia pagrindin\u0117 mokykla, Zaras\u0173 meno mokykla, biblioteka, bendruomen\u0117s centras, Gra\u017eut\u0117s RP lankytoj\u0173 centras, \u201eJ\u016br\u0173 muziejus\u201c. Gamtos myl\u0117tojams tai puiki vieta ne tik verslui, hobiui, poilsiui, bet ir nuolatiniam gyvenimui.<br \/>\nPRIVALUMAI:<br \/>\n\u2013 Tvarkingas 219kv.m. r\u0105stinis pastatas;<br \/>\n\u2013 Sklypo plotas \u2013 9a;<br \/>\n\u2013 \u0160ildymas centrinis;<br \/>\n\u2013 Patogus ir geras priva\u017eiavimas visais met\u0173 laikais, atstumai iki Degu\u010diai 12km, Daugailiai 20 km, Zaras\u0173 ir Visagino 27km, Ignalinos 30km, Utenos 38km, Vilniaus 134km, Panev\u0117\u017eys 135km.<\/p>\n<p>Koordinat\u0117s :<br \/>\nmaps.lt \u2013 55.578750, 26.126148<br \/>\nKvie\u010diame ap\u017ei\u016br\u0117ti ir \u012fvertinti \u0161i\u0105 vieta patiems! Lauksime atvykstant ir savaitgaliais!<\/p>\n","protected":false},"featured_media":18928,"template":"","meta":{"_acf_changed":false},"product_brand":[],"product_cat":[28],"product_tag":[],"class_list":{"0":"post-18927","1":"product","2":"type-product","3":"status-publish","4":"has-post-thumbnail","6":"product_cat-patalpos","7":"pa_rajonas-zarasu-rajonas","8":"description-off","10":"first","11":"instock","12":"sale","13":"shipping-taxable","14":"purchasable","15":"product-type-simple"},"acf":[],"yoast_head":"<!-- This site is optimized with the Yoast SEO plugin v27.0 - https:\/\/yoast.com\/product\/yoast-seo-wordpress\/ -->\n<title>PARDUODAMOS PATALPOS SU 9A \u017dEM\u0116S SKLYPU SALAKO MIESTELYJE, ZARAS\u0172 RAJONE - Namud\u0117<\/title>\n<meta name=\"robots\" content=\"index, follow, max-snippet:-1, max-image-preview:large, max-video-preview:-1\" \/>\n<link rel=\"canonical\" href=\"https:\/\/www.namude.lt\/objektas\/parduodamos-patalpos-su-9a-zemes-sklypu-salako-miestelyje-zarasu-rajone\/\" \/>\n<meta property=\"og:locale\" content=\"en_US\" \/>\n<meta property=\"og:type\" content=\"article\" \/>\n<meta property=\"og:title\" content=\"PARDUODAMOS PATALPOS SU 9A \u017dEM\u0116S SKLYPU SALAKO MIESTELYJE, ZARAS\u0172 RAJONE - Namud\u0117\" \/>\n<meta property=\"og:description\" content=\"Salako miestelis \u012fsik\u016br\u0119s Gra\u017eut\u0117s nacionaliniame parke netoliese Luod\u017eio e\u017eero, apsuptas Salako, Alaun\u0117s, Giteni\u0161k\u0117s, Grudi\u0161ki\u0173, Kr\u016bmeli\u0173 mi\u0161kais . Miestelyje veikia pagrindin\u0117 mokykla, Zaras\u0173 meno mokykla, biblioteka, bendruomen\u0117s centras, Gra\u017eut\u0117s RP lankytoj\u0173 centras, \u201eJ\u016br\u0173 muziejus\u201c. Gamtos myl\u0117tojams tai puiki vieta ne tik verslui, hobiui, poilsiui, bet ir nuolatiniam gyvenimui.  PRIVALUMAI: \u2013 Tvarkingas 219kv.m. r\u0105stinis pastatas; \u2013 Sklypo plotas \u2013 9a; \u2013 \u0160ildymas centrinis; \u2013 Patogus ir geras priva\u017eiavimas visais met\u0173 laikais, atstumai iki Degu\u010diai 12km, Daugailiai 20 km, Zaras\u0173 ir Visagino 27km, Ignalinos 30km, Utenos 38km, Vilniaus 134km, Panev\u0117\u017eys 135km.  Koordinat\u0117s : maps.lt \u2013 55.578750, 26.126148 Kvie\u010diame ap\u017ei\u016br\u0117ti ir \u012fvertinti \u0161i\u0105 vieta patiems! Lauksime atvykstant ir savaitgaliais!\" \/>\n<meta property=\"og:url\" content=\"https:\/\/www.namude.lt\/objektas\/parduodamos-patalpos-su-9a-zemes-sklypu-salako-miestelyje-zarasu-rajone\/\" \/>\n<meta property=\"og:site_name\" content=\"Namud\u0117\" \/>\n<meta property=\"article:modified_time\" content=\"2026-02-11T14:41:31+00:00\" \/>\n<meta property=\"og:image\" content=\"https:\/\/www.namude.lt\/wp-content\/uploads\/2025\/06\/1-2.jpg\" \/>\n\t<meta property=\"og:image:width\" content=\"2400\" \/>\n\t<meta property=\"og:image:height\" content=\"1800\" \/>\n\t<meta property=\"og:image:type\" content=\"image\/jpeg\" \/>\n<meta name=\"twitter:card\" content=\"summary_large_image\" \/>\n<script type=\"application\/ld+json\" class=\"yoast-schema-graph\">{\"@context\":\"https:\/\/schema.org\",\"@graph\":[{\"@type\":\"WebPage\",\"@id\":\"https:\/\/www.namude.lt\/objektas\/parduodamos-patalpos-su-9a-zemes-sklypu-salako-miestelyje-zarasu-rajone\/\",\"url\":\"https:\/\/www.namude.lt\/objektas\/parduodamos-patalpos-su-9a-zemes-sklypu-salako-miestelyje-zarasu-rajone\/\",\"name\":\"PARDUODAMOS PATALPOS SU 9A \u017dEM\u0116S SKLYPU SALAKO MIESTELYJE, ZARAS\u0172 RAJONE - Namud\u0117\",\"isPartOf\":{\"@id\":\"https:\/\/www.namude.lt\/#website\"},\"primaryImageOfPage\":{\"@id\":\"https:\/\/www.namude.lt\/objektas\/parduodamos-patalpos-su-9a-zemes-sklypu-salako-miestelyje-zarasu-rajone\/#primaryimage\"},\"image\":{\"@id\":\"https:\/\/www.namude.lt\/objektas\/parduodamos-patalpos-su-9a-zemes-sklypu-salako-miestelyje-zarasu-rajone\/#primaryimage\"},\"thumbnailUrl\":\"https:\/\/www.namude.lt\/wp-content\/uploads\/2025\/06\/1-2.jpg\",\"datePublished\":\"2025-06-04T11:55:21+00:00\",\"dateModified\":\"2026-02-11T14:41:31+00:00\",\"breadcrumb\":{\"@id\":\"https:\/\/www.namude.lt\/objektas\/parduodamos-patalpos-su-9a-zemes-sklypu-salako-miestelyje-zarasu-rajone\/#breadcrumb\"},\"inLanguage\":\"en-US\",\"potentialAction\":[{\"@type\":\"ReadAction\",\"target\":[\"https:\/\/www.namude.lt\/objektas\/parduodamos-patalpos-su-9a-zemes-sklypu-salako-miestelyje-zarasu-rajone\/\"]}]},{\"@type\":\"ImageObject\",\"inLanguage\":\"en-US\",\"@id\":\"https:\/\/www.namude.lt\/objektas\/parduodamos-patalpos-su-9a-zemes-sklypu-salako-miestelyje-zarasu-rajone\/#primaryimage\",\"url\":\"https:\/\/www.namude.lt\/wp-content\/uploads\/2025\/06\/1-2.jpg\",\"contentUrl\":\"https:\/\/www.namude.lt\/wp-content\/uploads\/2025\/06\/1-2.jpg\",\"width\":2400,\"height\":1800},{\"@type\":\"BreadcrumbList\",\"@id\":\"https:\/\/www.namude.lt\/objektas\/parduodamos-patalpos-su-9a-zemes-sklypu-salako-miestelyje-zarasu-rajone\/#breadcrumb\",\"itemListElement\":[{\"@type\":\"ListItem\",\"position\":1,\"name\":\"Home\",\"item\":\"https:\/\/www.namude.lt\/en\/\"},{\"@type\":\"ListItem\",\"position\":2,\"name\":\"Real estate\",\"item\":\"https:\/\/www.namude.lt\/en\/real-estate\/\"},{\"@type\":\"ListItem\",\"position\":3,\"name\":\"PARDUODAMOS PATALPOS SU 9A \u017dEM\u0116S SKLYPU SALAKO MIESTELYJE, ZARAS\u0172 RAJONE\"}]},{\"@type\":\"WebSite\",\"@id\":\"https:\/\/www.namude.lt\/#website\",\"url\":\"https:\/\/www.namude.lt\/\",\"name\":\"Namud\u0117\",\"description\":\"\u201eNamud\u0117\u201c \u2013 agent\u016bra, pardavin\u0117janti Auk\u0161taitijos NT grynuolius.\",\"publisher\":{\"@id\":\"https:\/\/www.namude.lt\/#organization\"},\"potentialAction\":[{\"@type\":\"SearchAction\",\"target\":{\"@type\":\"EntryPoint\",\"urlTemplate\":\"https:\/\/www.namude.lt\/?s={search_term_string}\"},\"query-input\":{\"@type\":\"PropertyValueSpecification\",\"valueRequired\":true,\"valueName\":\"search_term_string\"}}],\"inLanguage\":\"en-US\"},{\"@type\":\"Organization\",\"@id\":\"https:\/\/www.namude.lt\/#organization\",\"name\":\"Namud\u0117\",\"url\":\"https:\/\/www.namude.lt\/\",\"logo\":{\"@type\":\"ImageObject\",\"inLanguage\":\"en-US\",\"@id\":\"https:\/\/www.namude.lt\/#\/schema\/logo\/image\/\",\"url\":\"https:\/\/www.namude.lt\/wp-content\/uploads\/2023\/11\/logo-symbol.svg\",\"contentUrl\":\"https:\/\/www.namude.lt\/wp-content\/uploads\/2023\/11\/logo-symbol.svg\",\"width\":1,\"height\":1,\"caption\":\"Namud\u0117\"},\"image\":{\"@id\":\"https:\/\/www.namude.lt\/#\/schema\/logo\/image\/\"}}]}<\/script>\n<!-- \/ Yoast SEO plugin. -->","yoast_head_json":{"title":"PARDUODAMOS PATALPOS SU 9A \u017dEM\u0116S SKLYPU SALAKO MIESTELYJE, ZARAS\u0172 RAJONE - Namud\u0117","robots":{"index":"index","follow":"follow","max-snippet":"max-snippet:-1","max-image-preview":"max-image-preview:large","max-video-preview":"max-video-preview:-1"},"canonical":"https:\/\/www.namude.lt\/objektas\/parduodamos-patalpos-su-9a-zemes-sklypu-salako-miestelyje-zarasu-rajone\/","og_locale":"en_US","og_type":"article","og_title":"PARDUODAMOS PATALPOS SU 9A \u017dEM\u0116S SKLYPU SALAKO MIESTELYJE, ZARAS\u0172 RAJONE - Namud\u0117","og_description":"Salako miestelis \u012fsik\u016br\u0119s Gra\u017eut\u0117s nacionaliniame parke netoliese Luod\u017eio e\u017eero, apsuptas Salako, Alaun\u0117s, Giteni\u0161k\u0117s, Grudi\u0161ki\u0173, Kr\u016bmeli\u0173 mi\u0161kais . Miestelyje veikia pagrindin\u0117 mokykla, Zaras\u0173 meno mokykla, biblioteka, bendruomen\u0117s centras, Gra\u017eut\u0117s RP lankytoj\u0173 centras, \u201eJ\u016br\u0173 muziejus\u201c. Gamtos myl\u0117tojams tai puiki vieta ne tik verslui, hobiui, poilsiui, bet ir nuolatiniam gyvenimui.  PRIVALUMAI: \u2013 Tvarkingas 219kv.m. r\u0105stinis pastatas; \u2013 Sklypo plotas \u2013 9a; \u2013 \u0160ildymas centrinis; \u2013 Patogus ir geras priva\u017eiavimas visais met\u0173 laikais, atstumai iki Degu\u010diai 12km, Daugailiai 20 km, Zaras\u0173 ir Visagino 27km, Ignalinos 30km, Utenos 38km, Vilniaus 134km, Panev\u0117\u017eys 135km.  Koordinat\u0117s : maps.lt \u2013 55.578750, 26.126148 Kvie\u010diame ap\u017ei\u016br\u0117ti ir \u012fvertinti \u0161i\u0105 vieta patiems! Lauksime atvykstant ir savaitgaliais!","og_url":"https:\/\/www.namude.lt\/objektas\/parduodamos-patalpos-su-9a-zemes-sklypu-salako-miestelyje-zarasu-rajone\/","og_site_name":"Namud\u0117","article_modified_time":"2026-02-11T14:41:31+00:00","og_image":[{"width":2400,"height":1800,"url":"https:\/\/www.namude.lt\/wp-content\/uploads\/2025\/06\/1-2.jpg","type":"image\/jpeg"}],"twitter_card":"summary_large_image","schema":{"@context":"https:\/\/schema.org","@graph":[{"@type":"WebPage","@id":"https:\/\/www.namude.lt\/objektas\/parduodamos-patalpos-su-9a-zemes-sklypu-salako-miestelyje-zarasu-rajone\/","url":"https:\/\/www.namude.lt\/objektas\/parduodamos-patalpos-su-9a-zemes-sklypu-salako-miestelyje-zarasu-rajone\/","name":"PARDUODAMOS PATALPOS SU 9A \u017dEM\u0116S SKLYPU SALAKO MIESTELYJE, ZARAS\u0172 RAJONE - Namud\u0117","isPartOf":{"@id":"https:\/\/www.namude.lt\/#website"},"primaryImageOfPage":{"@id":"https:\/\/www.namude.lt\/objektas\/parduodamos-patalpos-su-9a-zemes-sklypu-salako-miestelyje-zarasu-rajone\/#primaryimage"},"image":{"@id":"https:\/\/www.namude.lt\/objektas\/parduodamos-patalpos-su-9a-zemes-sklypu-salako-miestelyje-zarasu-rajone\/#primaryimage"},"thumbnailUrl":"https:\/\/www.namude.lt\/wp-content\/uploads\/2025\/06\/1-2.jpg","datePublished":"2025-06-04T11:55:21+00:00","dateModified":"2026-02-11T14:41:31+00:00","breadcrumb":{"@id":"https:\/\/www.namude.lt\/objektas\/parduodamos-patalpos-su-9a-zemes-sklypu-salako-miestelyje-zarasu-rajone\/#breadcrumb"},"inLanguage":"en-US","potentialAction":[{"@type":"ReadAction","target":["https:\/\/www.namude.lt\/objektas\/parduodamos-patalpos-su-9a-zemes-sklypu-salako-miestelyje-zarasu-rajone\/"]}]},{"@type":"ImageObject","inLanguage":"en-US","@id":"https:\/\/www.namude.lt\/objektas\/parduodamos-patalpos-su-9a-zemes-sklypu-salako-miestelyje-zarasu-rajone\/#primaryimage","url":"https:\/\/www.namude.lt\/wp-content\/uploads\/2025\/06\/1-2.jpg","contentUrl":"https:\/\/www.namude.lt\/wp-content\/uploads\/2025\/06\/1-2.jpg","width":2400,"height":1800},{"@type":"BreadcrumbList","@id":"https:\/\/www.namude.lt\/objektas\/parduodamos-patalpos-su-9a-zemes-sklypu-salako-miestelyje-zarasu-rajone\/#breadcrumb","itemListElement":[{"@type":"ListItem","position":1,"name":"Home","item":"https:\/\/www.namude.lt\/en\/"},{"@type":"ListItem","position":2,"name":"Real estate","item":"https:\/\/www.namude.lt\/en\/real-estate\/"},{"@type":"ListItem","position":3,"name":"PARDUODAMOS PATALPOS SU 9A \u017dEM\u0116S SKLYPU SALAKO MIESTELYJE, ZARAS\u0172 RAJONE"}]},{"@type":"WebSite","@id":"https:\/\/www.namude.lt\/#website","url":"https:\/\/www.namude.lt\/","name":"Namud\u0117","description":"\u201eNamud\u0117\u201c \u2013 agent\u016bra, pardavin\u0117janti Auk\u0161taitijos NT grynuolius.","publisher":{"@id":"https:\/\/www.namude.lt\/#organization"},"potentialAction":[{"@type":"SearchAction","target":{"@type":"EntryPoint","urlTemplate":"https:\/\/www.namude.lt\/?s={search_term_string}"},"query-input":{"@type":"PropertyValueSpecification","valueRequired":true,"valueName":"search_term_string"}}],"inLanguage":"en-US"},{"@type":"Organization","@id":"https:\/\/www.namude.lt\/#organization","name":"Namud\u0117","url":"https:\/\/www.namude.lt\/","logo":{"@type":"ImageObject","inLanguage":"en-US","@id":"https:\/\/www.namude.lt\/#\/schema\/logo\/image\/","url":"https:\/\/www.namude.lt\/wp-content\/uploads\/2023\/11\/logo-symbol.svg","contentUrl":"https:\/\/www.namude.lt\/wp-content\/uploads\/2023\/11\/logo-symbol.svg","width":1,"height":1,"caption":"Namud\u0117"},"image":{"@id":"https:\/\/www.namude.lt\/#\/schema\/logo\/image\/"}}]}},"_links":{"self":[{"href":"https:\/\/www.namude.lt\/en\/wp-json\/wp\/v2\/product\/18927","targetHints":{"allow":["GET"]}}],"collection":[{"href":"https:\/\/www.namude.lt\/en\/wp-json\/wp\/v2\/product"}],"about":[{"href":"https:\/\/www.namude.lt\/en\/wp-json\/wp\/v2\/types\/product"}],"wp:featuredmedia":[{"embeddable":true,"href":"https:\/\/www.namude.lt\/en\/wp-json\/wp\/v2\/media\/18928"}],"wp:attachment":[{"href":"https:\/\/www.namude.lt\/en\/wp-json\/wp\/v2\/media?parent=18927"}],"wp:term":[{"taxonomy":"product_brand","embeddable":true,"href":"https:\/\/www.namude.lt\/en\/wp-json\/wp\/v2\/product_brand?post=18927"},{"taxonomy":"product_cat","embeddable":true,"href":"https:\/\/www.namude.lt\/en\/wp-json\/wp\/v2\/product_cat?post=18927"},{"taxonomy":"product_tag","embeddable":true,"href":"https:\/\/www.namude.lt\/en\/wp-json\/wp\/v2\/product_tag?post=18927"}],"curies":[{"name":"wp","href":"https:\/\/api.w.org\/{rel}","templated":true}]}}