{"id":18114,"date":"2025-05-16T15:57:37","date_gmt":"2025-05-16T12:57:37","guid":{"rendered":"https:\/\/www.namude.lt\/?post_type=product&#038;p=18114"},"modified":"2026-01-30T09:19:15","modified_gmt":"2026-01-30T07:19:15","slug":"isskirtine-sodyba-pusyne-tikras-labanoro-deimantas-pacioje-labanoro-girios-sirdyje-utenos-moletu-ir-svencioniu-rajonu-sanduroje","status":"publish","type":"product","link":"https:\/\/www.namude.lt\/en\/object\/isskirtine-sodyba-pusyne-tikras-labanoro-deimantas-pacioje-labanoro-girios-sirdyje-utenos-moletu-ir-svencioniu-rajonu-sanduroje\/","title":{"rendered":"I\u0160SKIRTIN\u0116 SODYBA PU\u0160YNE \u2013 TIKRAS LABANORO DEIMANTAS \u2013 PA\u010cIOJE LABANORO GIRIOS \u0160IRDYJE"},"content":{"rendered":"","protected":false},"excerpt":{"rendered":"<p><strong>Parduodama ilgus metus puosel\u0117ta ir myl\u0117ta etnografin\u0117 sodyba \u2013 vienkiemis Labanoro pu\u0161yn\u0173 apsuptyje, vos 3 km nuo Labanoro miestelio.<\/strong><a href=\"https:\/\/www.namude.lt\/kategorija\/sodybos\/?filter_rajonas=moletu-rajonas&#038;query_type_rajonas=or\"><\/a> Sodyba tvirt\u0173 r\u0105st\u0173, 87 kv.m. bendro ploto, 1954 m statybos, tradicinio auk\u0161taiti\u0161ko stiliaus, i\u0161laikiusi fasado ir interjero autenti\u0161kum\u0105. Viduje \u0161viesu ir tvarkinga, auk\u0161tos lubos, dideli langai. Name yra virtuv\u0117 su puikiai veikian\u010dia kaimi\u0161ka krosnimi, erdvi svetain\u0117, 2 kambariai, veranda. Pirmame auk\u0161te u\u017etektinai vietos \u012fsirengti ir vonios kambar\u012f o mansardoje \u2013 papildomus miegamuosius kambarius su puikiu vaizdu \u012f mi\u0161k\u0105. Sodyboje yra ir daugiau registruot\u0173 \u016bkio pastat\u0173: r\u0105stinis tvartas, dar\u017ein\u0117, viralin\u0117, \u0161ulinys bei prad\u0117tas statyti m\u016brinis namas \u0161alia pu\u0161yno. Po pastatais priklauso net 6,21 ha nuosavas \u017eem\u0117s sklypas, kurio tre\u010ddal\u012f (apie 2,5 ha) sudaro brandus pu\u0161ynas. Sodyba \u012fsik\u016brusi i\u0161skirtin\u0117je vietoje &#8211;  brand\u017ei\u0173 Labanoro girios pu\u0161yn\u0173 apsuptyje, \u0161alia, ma\u017edaug u\u017e 130 m, tik viena kaimynin\u0117 sodyba, kitos sodybos tol\u0117liau u\u017e mi\u0161ko, tad galima nevar\u017eomai m\u0117gautis mi\u0161ko teikiama ramybe ir atgaiva, steb\u0117ti \u012fvairius laukinius gyv\u016bnus ir pauk\u0161\u010dius, tiesiog savo kieme rinkti baravykus! Vieta idealiai tinka ramiam poilsiui kaime, taip pat poilsio stovykloms rengti, kitai alternatyviai veiklai. Keli\u0173 kilometr\u0173 spinduliu aplink sodyb\u0105 t\u0119siasi grybing\u0173 mi\u0161k\u0173 masyvas, o \u010dia pat, vos u\u017e 1 km tyvuliuoja vienas ilgiausi\u0173 ( ilgis siekia 15 km) Lietuvos e\u017eer\u0173 \u2013 gra\u017euolis Aiseto e\u017eeras, gars\u0117jantis savo vandens skaidrumu ir stulbinama \u017euv\u0173 gausa,  gausu ma\u017eesni\u0173 ir didesni\u0173 Mol\u0117t\u0173 e\u017eeryno e\u017eer\u0173. \u010cia pat u\u017e 3 km ir gra\u017eus Labanoro miestelis, kuriame yra pagrindin\u0117 infrastrukt\u016bra. Iki Labanoro patogus asfaltuotas priva\u017eiavimas Vilniaus, Mol\u0117t\u0173, \u0160ven\u010dioni\u0173 ir Utenos kryptimis, iki vienkiemio tik 3 km geru sausu mi\u0161ko keliuku. Iki Mol\u0117t\u0173 \u2013 30 km, iki Vilniaus \u2013 90 km. \u0160i vieta \u017emon\u0117ms, vertinantiems autenti\u0161k\u0105 sodybos aplink\u0105 ir unikali\u0105 mi\u0161ko teikiam\u0105 atgaiv\u0105.<\/p>\n<p>Sodybos koordinat\u0117s:<br \/>\nGoogle maps   55.297222, 25.763568<br \/>\nMaps.lt    611996, 6130510 (LKS)<\/p>\n","protected":false},"featured_media":18707,"template":"","meta":{"_acf_changed":false},"product_brand":[],"product_cat":[23],"product_tag":[],"class_list":{"0":"post-18114","1":"product","2":"type-product","3":"status-publish","4":"has-post-thumbnail","6":"product_cat-sodybos","7":"pa_rajonas-moletu-rajonas","8":"description-off","10":"first","11":"instock","12":"shipping-taxable","13":"purchasable","14":"product-type-simple"},"acf":[],"yoast_head":"<!-- This site is optimized with the Yoast SEO plugin v27.4 - https:\/\/yoast.com\/product\/yoast-seo-wordpress\/ -->\n<title>I\u0160SKIRTIN\u0116 SODYBA PU\u0160YNE \u2013 TIKRAS LABANORO DEIMANTAS \u2013 PA\u010cIOJE LABANORO GIRIOS \u0160IRDYJE - Namud\u0117<\/title>\n<meta name=\"robots\" content=\"index, follow, max-snippet:-1, max-image-preview:large, max-video-preview:-1\" \/>\n<link rel=\"canonical\" href=\"https:\/\/www.namude.lt\/objektas\/isskirtine-sodyba-pusyne-tikras-labanoro-deimantas-pacioje-labanoro-girios-sirdyje-utenos-moletu-ir-svencioniu-rajonu-sanduroje\/\" \/>\n<meta property=\"og:locale\" content=\"en_US\" \/>\n<meta property=\"og:type\" content=\"article\" \/>\n<meta property=\"og:title\" content=\"I\u0160SKIRTIN\u0116 SODYBA PU\u0160YNE \u2013 TIKRAS LABANORO DEIMANTAS \u2013 PA\u010cIOJE LABANORO GIRIOS \u0160IRDYJE - Namud\u0117\" \/>\n<meta property=\"og:description\" content=\"Parduodama ilgus metus puosel\u0117ta ir myl\u0117ta etnografin\u0117 sodyba \u2013 vienkiemis Labanoro pu\u0161yn\u0173 apsuptyje, vos 3 km nuo Labanoro miestelio. Sodyba tvirt\u0173 r\u0105st\u0173, 87 kv.m. bendro ploto, 1954 m statybos, tradicinio auk\u0161taiti\u0161ko stiliaus, i\u0161laikiusi fasado ir interjero autenti\u0161kum\u0105. Viduje \u0161viesu ir tvarkinga, auk\u0161tos lubos, dideli langai. Name yra virtuv\u0117 su puikiai veikian\u010dia kaimi\u0161ka krosnimi, erdvi svetain\u0117, 2 kambariai, veranda. Pirmame auk\u0161te u\u017etektinai vietos \u012fsirengti ir vonios kambar\u012f o mansardoje \u2013 papildomus miegamuosius kambarius su puikiu vaizdu \u012f mi\u0161k\u0105. Sodyboje yra ir daugiau registruot\u0173 \u016bkio pastat\u0173: r\u0105stinis tvartas, dar\u017ein\u0117, viralin\u0117, \u0161ulinys bei prad\u0117tas statyti m\u016brinis namas \u0161alia pu\u0161yno. Po pastatais priklauso net 6,21 ha nuosavas \u017eem\u0117s sklypas, kurio tre\u010ddal\u012f (apie 2,5 ha) sudaro brandus pu\u0161ynas. Sodyba \u012fsik\u016brusi i\u0161skirtin\u0117je vietoje - brand\u017ei\u0173 Labanoro girios pu\u0161yn\u0173 apsuptyje, \u0161alia, ma\u017edaug u\u017e 130 m, tik viena kaimynin\u0117 sodyba, kitos sodybos tol\u0117liau u\u017e mi\u0161ko, tad galima nevar\u017eomai m\u0117gautis mi\u0161ko teikiama ramybe ir atgaiva, steb\u0117ti \u012fvairius laukinius gyv\u016bnus ir pauk\u0161\u010dius, tiesiog savo kieme rinkti baravykus! Vieta idealiai tinka ramiam poilsiui kaime, taip pat poilsio stovykloms rengti, kitai alternatyviai veiklai. Keli\u0173 kilometr\u0173 spinduliu aplink sodyb\u0105 t\u0119siasi grybing\u0173 mi\u0161k\u0173 masyvas, o \u010dia pat, vos u\u017e 1 km tyvuliuoja vienas ilgiausi\u0173 ( ilgis siekia 15 km) Lietuvos e\u017eer\u0173 \u2013 gra\u017euolis Aiseto e\u017eeras, gars\u0117jantis savo vandens skaidrumu ir stulbinama \u017euv\u0173 gausa, gausu ma\u017eesni\u0173 ir didesni\u0173 Mol\u0117t\u0173 e\u017eeryno e\u017eer\u0173. \u010cia pat u\u017e 3 km ir gra\u017eus Labanoro miestelis, kuriame yra pagrindin\u0117 infrastrukt\u016bra. Iki Labanoro patogus asfaltuotas priva\u017eiavimas Vilniaus, Mol\u0117t\u0173, \u0160ven\u010dioni\u0173 ir Utenos kryptimis, iki vienkiemio tik 3 km geru sausu mi\u0161ko keliuku. Iki Mol\u0117t\u0173 \u2013 30 km, iki Vilniaus \u2013 90 km. \u0160i vieta \u017emon\u0117ms, vertinantiems autenti\u0161k\u0105 sodybos aplink\u0105 ir unikali\u0105 mi\u0161ko teikiam\u0105 atgaiv\u0105.  Sodybos koordinat\u0117s: Google maps  55.297222, 25.763568 Maps.lt  611996, 6130510 (LKS)\" \/>\n<meta property=\"og:url\" content=\"https:\/\/www.namude.lt\/objektas\/isskirtine-sodyba-pusyne-tikras-labanoro-deimantas-pacioje-labanoro-girios-sirdyje-utenos-moletu-ir-svencioniu-rajonu-sanduroje\/\" \/>\n<meta property=\"og:site_name\" content=\"Namud\u0117\" \/>\n<meta property=\"article:modified_time\" content=\"2026-01-30T07:19:15+00:00\" \/>\n<meta property=\"og:image\" content=\"https:\/\/www.namude.lt\/wp-content\/uploads\/2025\/05\/1-11.jpg\" \/>\n\t<meta property=\"og:image:width\" content=\"840\" \/>\n\t<meta property=\"og:image:height\" content=\"492\" \/>\n\t<meta property=\"og:image:type\" content=\"image\/jpeg\" \/>\n<meta name=\"twitter:card\" content=\"summary_large_image\" \/>\n<script type=\"application\/ld+json\" class=\"yoast-schema-graph\">{\"@context\":\"https:\\\/\\\/schema.org\",\"@graph\":[{\"@type\":\"WebPage\",\"@id\":\"https:\\\/\\\/www.namude.lt\\\/objektas\\\/isskirtine-sodyba-pusyne-tikras-labanoro-deimantas-pacioje-labanoro-girios-sirdyje-utenos-moletu-ir-svencioniu-rajonu-sanduroje\\\/\",\"url\":\"https:\\\/\\\/www.namude.lt\\\/objektas\\\/isskirtine-sodyba-pusyne-tikras-labanoro-deimantas-pacioje-labanoro-girios-sirdyje-utenos-moletu-ir-svencioniu-rajonu-sanduroje\\\/\",\"name\":\"I\u0160SKIRTIN\u0116 SODYBA PU\u0160YNE \u2013 TIKRAS LABANORO DEIMANTAS \u2013 PA\u010cIOJE LABANORO GIRIOS \u0160IRDYJE - Namud\u0117\",\"isPartOf\":{\"@id\":\"https:\\\/\\\/www.namude.lt\\\/#website\"},\"primaryImageOfPage\":{\"@id\":\"https:\\\/\\\/www.namude.lt\\\/objektas\\\/isskirtine-sodyba-pusyne-tikras-labanoro-deimantas-pacioje-labanoro-girios-sirdyje-utenos-moletu-ir-svencioniu-rajonu-sanduroje\\\/#primaryimage\"},\"image\":{\"@id\":\"https:\\\/\\\/www.namude.lt\\\/objektas\\\/isskirtine-sodyba-pusyne-tikras-labanoro-deimantas-pacioje-labanoro-girios-sirdyje-utenos-moletu-ir-svencioniu-rajonu-sanduroje\\\/#primaryimage\"},\"thumbnailUrl\":\"https:\\\/\\\/www.namude.lt\\\/wp-content\\\/uploads\\\/2025\\\/05\\\/1-11.jpg\",\"datePublished\":\"2025-05-16T12:57:37+00:00\",\"dateModified\":\"2026-01-30T07:19:15+00:00\",\"breadcrumb\":{\"@id\":\"https:\\\/\\\/www.namude.lt\\\/objektas\\\/isskirtine-sodyba-pusyne-tikras-labanoro-deimantas-pacioje-labanoro-girios-sirdyje-utenos-moletu-ir-svencioniu-rajonu-sanduroje\\\/#breadcrumb\"},\"inLanguage\":\"en-US\",\"potentialAction\":[{\"@type\":\"ReadAction\",\"target\":[\"https:\\\/\\\/www.namude.lt\\\/objektas\\\/isskirtine-sodyba-pusyne-tikras-labanoro-deimantas-pacioje-labanoro-girios-sirdyje-utenos-moletu-ir-svencioniu-rajonu-sanduroje\\\/\"]}]},{\"@type\":\"ImageObject\",\"inLanguage\":\"en-US\",\"@id\":\"https:\\\/\\\/www.namude.lt\\\/objektas\\\/isskirtine-sodyba-pusyne-tikras-labanoro-deimantas-pacioje-labanoro-girios-sirdyje-utenos-moletu-ir-svencioniu-rajonu-sanduroje\\\/#primaryimage\",\"url\":\"https:\\\/\\\/www.namude.lt\\\/wp-content\\\/uploads\\\/2025\\\/05\\\/1-11.jpg\",\"contentUrl\":\"https:\\\/\\\/www.namude.lt\\\/wp-content\\\/uploads\\\/2025\\\/05\\\/1-11.jpg\",\"width\":840,\"height\":492,\"caption\":\"default\"},{\"@type\":\"BreadcrumbList\",\"@id\":\"https:\\\/\\\/www.namude.lt\\\/objektas\\\/isskirtine-sodyba-pusyne-tikras-labanoro-deimantas-pacioje-labanoro-girios-sirdyje-utenos-moletu-ir-svencioniu-rajonu-sanduroje\\\/#breadcrumb\",\"itemListElement\":[{\"@type\":\"ListItem\",\"position\":1,\"name\":\"Home\",\"item\":\"https:\\\/\\\/www.namude.lt\\\/en\\\/\"},{\"@type\":\"ListItem\",\"position\":2,\"name\":\"Real estate\",\"item\":\"https:\\\/\\\/www.namude.lt\\\/en\\\/real-estate\\\/\"},{\"@type\":\"ListItem\",\"position\":3,\"name\":\"I\u0160SKIRTIN\u0116 SODYBA PU\u0160YNE \u2013 TIKRAS LABANORO DEIMANTAS \u2013 PA\u010cIOJE LABANORO GIRIOS \u0160IRDYJE\"}]},{\"@type\":\"WebSite\",\"@id\":\"https:\\\/\\\/www.namude.lt\\\/#website\",\"url\":\"https:\\\/\\\/www.namude.lt\\\/\",\"name\":\"Namud\u0117\",\"description\":\"\u201eNamud\u0117\u201c \u2013 agent\u016bra, pardavin\u0117janti Auk\u0161taitijos NT grynuolius.\",\"publisher\":{\"@id\":\"https:\\\/\\\/www.namude.lt\\\/#organization\"},\"potentialAction\":[{\"@type\":\"SearchAction\",\"target\":{\"@type\":\"EntryPoint\",\"urlTemplate\":\"https:\\\/\\\/www.namude.lt\\\/?s={search_term_string}\"},\"query-input\":{\"@type\":\"PropertyValueSpecification\",\"valueRequired\":true,\"valueName\":\"search_term_string\"}}],\"inLanguage\":\"en-US\"},{\"@type\":\"Organization\",\"@id\":\"https:\\\/\\\/www.namude.lt\\\/#organization\",\"name\":\"Namud\u0117\",\"url\":\"https:\\\/\\\/www.namude.lt\\\/\",\"logo\":{\"@type\":\"ImageObject\",\"inLanguage\":\"en-US\",\"@id\":\"https:\\\/\\\/www.namude.lt\\\/#\\\/schema\\\/logo\\\/image\\\/\",\"url\":\"https:\\\/\\\/www.namude.lt\\\/wp-content\\\/uploads\\\/2023\\\/11\\\/logo-symbol.svg\",\"contentUrl\":\"https:\\\/\\\/www.namude.lt\\\/wp-content\\\/uploads\\\/2023\\\/11\\\/logo-symbol.svg\",\"width\":1,\"height\":1,\"caption\":\"Namud\u0117\"},\"image\":{\"@id\":\"https:\\\/\\\/www.namude.lt\\\/#\\\/schema\\\/logo\\\/image\\\/\"}}]}<\/script>\n<!-- \/ Yoast SEO plugin. -->","yoast_head_json":{"title":"I\u0160SKIRTIN\u0116 SODYBA PU\u0160YNE \u2013 TIKRAS LABANORO DEIMANTAS \u2013 PA\u010cIOJE LABANORO GIRIOS \u0160IRDYJE - Namud\u0117","robots":{"index":"index","follow":"follow","max-snippet":"max-snippet:-1","max-image-preview":"max-image-preview:large","max-video-preview":"max-video-preview:-1"},"canonical":"https:\/\/www.namude.lt\/objektas\/isskirtine-sodyba-pusyne-tikras-labanoro-deimantas-pacioje-labanoro-girios-sirdyje-utenos-moletu-ir-svencioniu-rajonu-sanduroje\/","og_locale":"en_US","og_type":"article","og_title":"I\u0160SKIRTIN\u0116 SODYBA PU\u0160YNE \u2013 TIKRAS LABANORO DEIMANTAS \u2013 PA\u010cIOJE LABANORO GIRIOS \u0160IRDYJE - Namud\u0117","og_description":"Parduodama ilgus metus puosel\u0117ta ir myl\u0117ta etnografin\u0117 sodyba \u2013 vienkiemis Labanoro pu\u0161yn\u0173 apsuptyje, vos 3 km nuo Labanoro miestelio. Sodyba tvirt\u0173 r\u0105st\u0173, 87 kv.m. bendro ploto, 1954 m statybos, tradicinio auk\u0161taiti\u0161ko stiliaus, i\u0161laikiusi fasado ir interjero autenti\u0161kum\u0105. Viduje \u0161viesu ir tvarkinga, auk\u0161tos lubos, dideli langai. Name yra virtuv\u0117 su puikiai veikian\u010dia kaimi\u0161ka krosnimi, erdvi svetain\u0117, 2 kambariai, veranda. Pirmame auk\u0161te u\u017etektinai vietos \u012fsirengti ir vonios kambar\u012f o mansardoje \u2013 papildomus miegamuosius kambarius su puikiu vaizdu \u012f mi\u0161k\u0105. Sodyboje yra ir daugiau registruot\u0173 \u016bkio pastat\u0173: r\u0105stinis tvartas, dar\u017ein\u0117, viralin\u0117, \u0161ulinys bei prad\u0117tas statyti m\u016brinis namas \u0161alia pu\u0161yno. Po pastatais priklauso net 6,21 ha nuosavas \u017eem\u0117s sklypas, kurio tre\u010ddal\u012f (apie 2,5 ha) sudaro brandus pu\u0161ynas. Sodyba \u012fsik\u016brusi i\u0161skirtin\u0117je vietoje - brand\u017ei\u0173 Labanoro girios pu\u0161yn\u0173 apsuptyje, \u0161alia, ma\u017edaug u\u017e 130 m, tik viena kaimynin\u0117 sodyba, kitos sodybos tol\u0117liau u\u017e mi\u0161ko, tad galima nevar\u017eomai m\u0117gautis mi\u0161ko teikiama ramybe ir atgaiva, steb\u0117ti \u012fvairius laukinius gyv\u016bnus ir pauk\u0161\u010dius, tiesiog savo kieme rinkti baravykus! Vieta idealiai tinka ramiam poilsiui kaime, taip pat poilsio stovykloms rengti, kitai alternatyviai veiklai. Keli\u0173 kilometr\u0173 spinduliu aplink sodyb\u0105 t\u0119siasi grybing\u0173 mi\u0161k\u0173 masyvas, o \u010dia pat, vos u\u017e 1 km tyvuliuoja vienas ilgiausi\u0173 ( ilgis siekia 15 km) Lietuvos e\u017eer\u0173 \u2013 gra\u017euolis Aiseto e\u017eeras, gars\u0117jantis savo vandens skaidrumu ir stulbinama \u017euv\u0173 gausa, gausu ma\u017eesni\u0173 ir didesni\u0173 Mol\u0117t\u0173 e\u017eeryno e\u017eer\u0173. \u010cia pat u\u017e 3 km ir gra\u017eus Labanoro miestelis, kuriame yra pagrindin\u0117 infrastrukt\u016bra. Iki Labanoro patogus asfaltuotas priva\u017eiavimas Vilniaus, Mol\u0117t\u0173, \u0160ven\u010dioni\u0173 ir Utenos kryptimis, iki vienkiemio tik 3 km geru sausu mi\u0161ko keliuku. Iki Mol\u0117t\u0173 \u2013 30 km, iki Vilniaus \u2013 90 km. \u0160i vieta \u017emon\u0117ms, vertinantiems autenti\u0161k\u0105 sodybos aplink\u0105 ir unikali\u0105 mi\u0161ko teikiam\u0105 atgaiv\u0105.  Sodybos koordinat\u0117s: Google maps  55.297222, 25.763568 Maps.lt  611996, 6130510 (LKS)","og_url":"https:\/\/www.namude.lt\/objektas\/isskirtine-sodyba-pusyne-tikras-labanoro-deimantas-pacioje-labanoro-girios-sirdyje-utenos-moletu-ir-svencioniu-rajonu-sanduroje\/","og_site_name":"Namud\u0117","article_modified_time":"2026-01-30T07:19:15+00:00","og_image":[{"width":840,"height":492,"url":"https:\/\/www.namude.lt\/wp-content\/uploads\/2025\/05\/1-11.jpg","type":"image\/jpeg"}],"twitter_card":"summary_large_image","schema":{"@context":"https:\/\/schema.org","@graph":[{"@type":"WebPage","@id":"https:\/\/www.namude.lt\/objektas\/isskirtine-sodyba-pusyne-tikras-labanoro-deimantas-pacioje-labanoro-girios-sirdyje-utenos-moletu-ir-svencioniu-rajonu-sanduroje\/","url":"https:\/\/www.namude.lt\/objektas\/isskirtine-sodyba-pusyne-tikras-labanoro-deimantas-pacioje-labanoro-girios-sirdyje-utenos-moletu-ir-svencioniu-rajonu-sanduroje\/","name":"I\u0160SKIRTIN\u0116 SODYBA PU\u0160YNE \u2013 TIKRAS LABANORO DEIMANTAS \u2013 PA\u010cIOJE LABANORO GIRIOS \u0160IRDYJE - Namud\u0117","isPartOf":{"@id":"https:\/\/www.namude.lt\/#website"},"primaryImageOfPage":{"@id":"https:\/\/www.namude.lt\/objektas\/isskirtine-sodyba-pusyne-tikras-labanoro-deimantas-pacioje-labanoro-girios-sirdyje-utenos-moletu-ir-svencioniu-rajonu-sanduroje\/#primaryimage"},"image":{"@id":"https:\/\/www.namude.lt\/objektas\/isskirtine-sodyba-pusyne-tikras-labanoro-deimantas-pacioje-labanoro-girios-sirdyje-utenos-moletu-ir-svencioniu-rajonu-sanduroje\/#primaryimage"},"thumbnailUrl":"https:\/\/www.namude.lt\/wp-content\/uploads\/2025\/05\/1-11.jpg","datePublished":"2025-05-16T12:57:37+00:00","dateModified":"2026-01-30T07:19:15+00:00","breadcrumb":{"@id":"https:\/\/www.namude.lt\/objektas\/isskirtine-sodyba-pusyne-tikras-labanoro-deimantas-pacioje-labanoro-girios-sirdyje-utenos-moletu-ir-svencioniu-rajonu-sanduroje\/#breadcrumb"},"inLanguage":"en-US","potentialAction":[{"@type":"ReadAction","target":["https:\/\/www.namude.lt\/objektas\/isskirtine-sodyba-pusyne-tikras-labanoro-deimantas-pacioje-labanoro-girios-sirdyje-utenos-moletu-ir-svencioniu-rajonu-sanduroje\/"]}]},{"@type":"ImageObject","inLanguage":"en-US","@id":"https:\/\/www.namude.lt\/objektas\/isskirtine-sodyba-pusyne-tikras-labanoro-deimantas-pacioje-labanoro-girios-sirdyje-utenos-moletu-ir-svencioniu-rajonu-sanduroje\/#primaryimage","url":"https:\/\/www.namude.lt\/wp-content\/uploads\/2025\/05\/1-11.jpg","contentUrl":"https:\/\/www.namude.lt\/wp-content\/uploads\/2025\/05\/1-11.jpg","width":840,"height":492,"caption":"default"},{"@type":"BreadcrumbList","@id":"https:\/\/www.namude.lt\/objektas\/isskirtine-sodyba-pusyne-tikras-labanoro-deimantas-pacioje-labanoro-girios-sirdyje-utenos-moletu-ir-svencioniu-rajonu-sanduroje\/#breadcrumb","itemListElement":[{"@type":"ListItem","position":1,"name":"Home","item":"https:\/\/www.namude.lt\/en\/"},{"@type":"ListItem","position":2,"name":"Real estate","item":"https:\/\/www.namude.lt\/en\/real-estate\/"},{"@type":"ListItem","position":3,"name":"I\u0160SKIRTIN\u0116 SODYBA PU\u0160YNE \u2013 TIKRAS LABANORO DEIMANTAS \u2013 PA\u010cIOJE LABANORO GIRIOS \u0160IRDYJE"}]},{"@type":"WebSite","@id":"https:\/\/www.namude.lt\/#website","url":"https:\/\/www.namude.lt\/","name":"Namud\u0117","description":"\u201eNamud\u0117\u201c \u2013 agent\u016bra, pardavin\u0117janti Auk\u0161taitijos NT grynuolius.","publisher":{"@id":"https:\/\/www.namude.lt\/#organization"},"potentialAction":[{"@type":"SearchAction","target":{"@type":"EntryPoint","urlTemplate":"https:\/\/www.namude.lt\/?s={search_term_string}"},"query-input":{"@type":"PropertyValueSpecification","valueRequired":true,"valueName":"search_term_string"}}],"inLanguage":"en-US"},{"@type":"Organization","@id":"https:\/\/www.namude.lt\/#organization","name":"Namud\u0117","url":"https:\/\/www.namude.lt\/","logo":{"@type":"ImageObject","inLanguage":"en-US","@id":"https:\/\/www.namude.lt\/#\/schema\/logo\/image\/","url":"https:\/\/www.namude.lt\/wp-content\/uploads\/2023\/11\/logo-symbol.svg","contentUrl":"https:\/\/www.namude.lt\/wp-content\/uploads\/2023\/11\/logo-symbol.svg","width":1,"height":1,"caption":"Namud\u0117"},"image":{"@id":"https:\/\/www.namude.lt\/#\/schema\/logo\/image\/"}}]}},"_links":{"self":[{"href":"https:\/\/www.namude.lt\/en\/wp-json\/wp\/v2\/product\/18114","targetHints":{"allow":["GET"]}}],"collection":[{"href":"https:\/\/www.namude.lt\/en\/wp-json\/wp\/v2\/product"}],"about":[{"href":"https:\/\/www.namude.lt\/en\/wp-json\/wp\/v2\/types\/product"}],"wp:featuredmedia":[{"embeddable":true,"href":"https:\/\/www.namude.lt\/en\/wp-json\/wp\/v2\/media\/18707"}],"wp:attachment":[{"href":"https:\/\/www.namude.lt\/en\/wp-json\/wp\/v2\/media?parent=18114"}],"wp:term":[{"taxonomy":"product_brand","embeddable":true,"href":"https:\/\/www.namude.lt\/en\/wp-json\/wp\/v2\/product_brand?post=18114"},{"taxonomy":"product_cat","embeddable":true,"href":"https:\/\/www.namude.lt\/en\/wp-json\/wp\/v2\/product_cat?post=18114"},{"taxonomy":"product_tag","embeddable":true,"href":"https:\/\/www.namude.lt\/en\/wp-json\/wp\/v2\/product_tag?post=18114"}],"curies":[{"name":"wp","href":"https:\/\/api.w.org\/{rel}","templated":true}]}}