{"id":18018,"date":"2025-05-12T14:42:03","date_gmt":"2025-05-12T11:42:03","guid":{"rendered":"https:\/\/www.namude.lt\/?post_type=product&#038;p=18018"},"modified":"2025-10-27T10:28:10","modified_gmt":"2025-10-27T08:28:10","slug":"ignalinos-rajone-rimses-miestelyje-parduodamas-ispuoseletas-namas","status":"publish","type":"product","link":"https:\/\/www.namude.lt\/en\/object\/ignalinos-rajone-rimses-miestelyje-parduodamas-ispuoseletas-namas\/","title":{"rendered":"Ignalinos rajone, Rim\u0161\u0117s miestelyje parduodamas i\u0161puosel\u0117tas namas"},"content":{"rendered":"","protected":false},"excerpt":{"rendered":"<p>Rim\u0161\u0117s miestelyje parduodamas rekonstruotas r\u0105stinis namas. I\u0161puosel\u0117ta privati aplinka su dvejais \u012f\u017euvintais tvenkiniais, o \u0161alia esantis Ilgio e\u017eeras puikiai tiks maudyn\u0117ms, \u017evejybai ar leisti laik\u0105 su \u0161eima ir draugais.<br \/>\nPRIVALUMAI:<br \/>\n\u2013 R\u0105stinio namo plotas 130kv.m., ( 2 auk\u0161t\u0173 namas ap\u0161iltintas ir pakeistas stogas, langai. Pirmame auk\u0161te prie\u0161kambaris, virtuv\u0117, svetain\u0117 su \u017eidiniu, koridorius, miegamasis, WC ir vonia; antrame auk\u0161te bendras kambarys su balkonu, miegamasis, WC su du\u0161o kabina. Namas parduodamas su visais baldais ir buitin\u0117 technika. Dujinis \u0161ildymas);<br \/>\n\u2013 Pirtis (nebaigta statyti, 24kv.m., galimyb\u0117 \u012fsirengti antr\u0105 auk\u0161t\u0105);<br \/>\n\u2013 Lauko r\u016bsys (42kv.m., sausas ir \u0161altas);<br \/>\n\u2013 \u016akinis pastatas (\u012frengtos sand\u0117liavimo patalpos)<br \/>\n\u2013 Erdvus sklypas, kurio plotas \u2013 55a. Sklypas apsodintas dekoratyviniais augalais, vaismed\u017eiais, du \u012f\u017euvinti tvenkiniai. Visas sklypas aptvertas.;<br \/>\n\u2013 Draugi\u0161ka ir saugi kaimynyst\u0117.<br \/>\n\u2013 Ilgio e\u017eeras apie 200m.<br \/>\n\u2013 Patogus priva\u017eiavimas, atstumai iki Visagino 12km, Zarasai 29km, Ignalina 34km, Utena 62km, Vilnius 151km.<br \/>\nKoordinat\u0117s :<br \/>\nmaps.lt \u2013 55.525159, 26.436734<\/p>\n","protected":false},"featured_media":18019,"template":"","meta":{"_acf_changed":false},"product_brand":[],"product_cat":[26],"product_tag":[],"class_list":{"0":"post-18018","1":"product","2":"type-product","3":"status-publish","4":"has-post-thumbnail","6":"product_cat-namai","7":"pa_rajonas-ignalinos-rajonas","8":"description-off","10":"first","11":"instock","12":"shipping-taxable","13":"purchasable","14":"product-type-simple"},"acf":[],"yoast_head":"<!-- This site is optimized with the Yoast SEO plugin v27.4 - https:\/\/yoast.com\/product\/yoast-seo-wordpress\/ -->\n<title>Ignalinos rajone, Rim\u0161\u0117s miestelyje parduodamas i\u0161puosel\u0117tas namas - Namud\u0117<\/title>\n<meta name=\"robots\" content=\"index, follow, max-snippet:-1, max-image-preview:large, max-video-preview:-1\" \/>\n<link rel=\"canonical\" href=\"https:\/\/www.namude.lt\/objektas\/ignalinos-rajone-rimses-miestelyje-parduodamas-ispuoseletas-namas\/\" \/>\n<meta property=\"og:locale\" content=\"en_US\" \/>\n<meta property=\"og:type\" content=\"article\" \/>\n<meta property=\"og:title\" content=\"Ignalinos rajone, Rim\u0161\u0117s miestelyje parduodamas i\u0161puosel\u0117tas namas - Namud\u0117\" \/>\n<meta property=\"og:description\" content=\"Rim\u0161\u0117s miestelyje parduodamas rekonstruotas r\u0105stinis namas. I\u0161puosel\u0117ta privati aplinka su dvejais \u012f\u017euvintais tvenkiniais, o \u0161alia esantis Ilgio e\u017eeras puikiai tiks maudyn\u0117ms, \u017evejybai ar leisti laik\u0105 su \u0161eima ir draugais. PRIVALUMAI: \u2013 R\u0105stinio namo plotas 130kv.m., ( 2 auk\u0161t\u0173 namas ap\u0161iltintas ir pakeistas stogas, langai. Pirmame auk\u0161te prie\u0161kambaris, virtuv\u0117, svetain\u0117 su \u017eidiniu, koridorius, miegamasis, WC ir vonia; antrame auk\u0161te bendras kambarys su balkonu, miegamasis, WC su du\u0161o kabina. Namas parduodamas su visais baldais ir buitin\u0117 technika. Dujinis \u0161ildymas); \u2013 Pirtis (nebaigta statyti, 24kv.m., galimyb\u0117 \u012fsirengti antr\u0105 auk\u0161t\u0105); \u2013 Lauko r\u016bsys (42kv.m., sausas ir \u0161altas); \u2013 \u016akinis pastatas (\u012frengtos sand\u0117liavimo patalpos) \u2013 Erdvus sklypas, kurio plotas \u2013 55a. Sklypas apsodintas dekoratyviniais augalais, vaismed\u017eiais, du \u012f\u017euvinti tvenkiniai. Visas sklypas aptvertas.; \u2013 Draugi\u0161ka ir saugi kaimynyst\u0117. \u2013 Ilgio e\u017eeras apie 200m. \u2013 Patogus priva\u017eiavimas, atstumai iki Visagino 12km, Zarasai 29km, Ignalina 34km, Utena 62km, Vilnius 151km. Koordinat\u0117s : maps.lt \u2013 55.525159, 26.436734\" \/>\n<meta property=\"og:url\" content=\"https:\/\/www.namude.lt\/objektas\/ignalinos-rajone-rimses-miestelyje-parduodamas-ispuoseletas-namas\/\" \/>\n<meta property=\"og:site_name\" content=\"Namud\u0117\" \/>\n<meta property=\"article:modified_time\" content=\"2025-10-27T08:28:10+00:00\" \/>\n<meta property=\"og:image\" content=\"https:\/\/www.namude.lt\/wp-content\/uploads\/2025\/05\/1-5.jpg\" \/>\n\t<meta property=\"og:image:width\" content=\"2400\" \/>\n\t<meta property=\"og:image:height\" content=\"1800\" \/>\n\t<meta property=\"og:image:type\" content=\"image\/jpeg\" \/>\n<meta name=\"twitter:card\" content=\"summary_large_image\" \/>\n<script type=\"application\/ld+json\" class=\"yoast-schema-graph\">{\"@context\":\"https:\\\/\\\/schema.org\",\"@graph\":[{\"@type\":\"WebPage\",\"@id\":\"https:\\\/\\\/www.namude.lt\\\/objektas\\\/ignalinos-rajone-rimses-miestelyje-parduodamas-ispuoseletas-namas\\\/\",\"url\":\"https:\\\/\\\/www.namude.lt\\\/objektas\\\/ignalinos-rajone-rimses-miestelyje-parduodamas-ispuoseletas-namas\\\/\",\"name\":\"Ignalinos rajone, Rim\u0161\u0117s miestelyje parduodamas i\u0161puosel\u0117tas namas - Namud\u0117\",\"isPartOf\":{\"@id\":\"https:\\\/\\\/www.namude.lt\\\/#website\"},\"primaryImageOfPage\":{\"@id\":\"https:\\\/\\\/www.namude.lt\\\/objektas\\\/ignalinos-rajone-rimses-miestelyje-parduodamas-ispuoseletas-namas\\\/#primaryimage\"},\"image\":{\"@id\":\"https:\\\/\\\/www.namude.lt\\\/objektas\\\/ignalinos-rajone-rimses-miestelyje-parduodamas-ispuoseletas-namas\\\/#primaryimage\"},\"thumbnailUrl\":\"https:\\\/\\\/www.namude.lt\\\/wp-content\\\/uploads\\\/2025\\\/05\\\/1-5.jpg\",\"datePublished\":\"2025-05-12T11:42:03+00:00\",\"dateModified\":\"2025-10-27T08:28:10+00:00\",\"breadcrumb\":{\"@id\":\"https:\\\/\\\/www.namude.lt\\\/objektas\\\/ignalinos-rajone-rimses-miestelyje-parduodamas-ispuoseletas-namas\\\/#breadcrumb\"},\"inLanguage\":\"en-US\",\"potentialAction\":[{\"@type\":\"ReadAction\",\"target\":[\"https:\\\/\\\/www.namude.lt\\\/objektas\\\/ignalinos-rajone-rimses-miestelyje-parduodamas-ispuoseletas-namas\\\/\"]}]},{\"@type\":\"ImageObject\",\"inLanguage\":\"en-US\",\"@id\":\"https:\\\/\\\/www.namude.lt\\\/objektas\\\/ignalinos-rajone-rimses-miestelyje-parduodamas-ispuoseletas-namas\\\/#primaryimage\",\"url\":\"https:\\\/\\\/www.namude.lt\\\/wp-content\\\/uploads\\\/2025\\\/05\\\/1-5.jpg\",\"contentUrl\":\"https:\\\/\\\/www.namude.lt\\\/wp-content\\\/uploads\\\/2025\\\/05\\\/1-5.jpg\",\"width\":2400,\"height\":1800},{\"@type\":\"BreadcrumbList\",\"@id\":\"https:\\\/\\\/www.namude.lt\\\/objektas\\\/ignalinos-rajone-rimses-miestelyje-parduodamas-ispuoseletas-namas\\\/#breadcrumb\",\"itemListElement\":[{\"@type\":\"ListItem\",\"position\":1,\"name\":\"Home\",\"item\":\"https:\\\/\\\/www.namude.lt\\\/en\\\/\"},{\"@type\":\"ListItem\",\"position\":2,\"name\":\"Real estate\",\"item\":\"https:\\\/\\\/www.namude.lt\\\/en\\\/real-estate\\\/\"},{\"@type\":\"ListItem\",\"position\":3,\"name\":\"Ignalinos rajone, Rim\u0161\u0117s miestelyje parduodamas i\u0161puosel\u0117tas namas\"}]},{\"@type\":\"WebSite\",\"@id\":\"https:\\\/\\\/www.namude.lt\\\/#website\",\"url\":\"https:\\\/\\\/www.namude.lt\\\/\",\"name\":\"Namud\u0117\",\"description\":\"\u201eNamud\u0117\u201c \u2013 agent\u016bra, pardavin\u0117janti Auk\u0161taitijos NT grynuolius.\",\"publisher\":{\"@id\":\"https:\\\/\\\/www.namude.lt\\\/#organization\"},\"potentialAction\":[{\"@type\":\"SearchAction\",\"target\":{\"@type\":\"EntryPoint\",\"urlTemplate\":\"https:\\\/\\\/www.namude.lt\\\/?s={search_term_string}\"},\"query-input\":{\"@type\":\"PropertyValueSpecification\",\"valueRequired\":true,\"valueName\":\"search_term_string\"}}],\"inLanguage\":\"en-US\"},{\"@type\":\"Organization\",\"@id\":\"https:\\\/\\\/www.namude.lt\\\/#organization\",\"name\":\"Namud\u0117\",\"url\":\"https:\\\/\\\/www.namude.lt\\\/\",\"logo\":{\"@type\":\"ImageObject\",\"inLanguage\":\"en-US\",\"@id\":\"https:\\\/\\\/www.namude.lt\\\/#\\\/schema\\\/logo\\\/image\\\/\",\"url\":\"https:\\\/\\\/www.namude.lt\\\/wp-content\\\/uploads\\\/2023\\\/11\\\/logo-symbol.svg\",\"contentUrl\":\"https:\\\/\\\/www.namude.lt\\\/wp-content\\\/uploads\\\/2023\\\/11\\\/logo-symbol.svg\",\"width\":1,\"height\":1,\"caption\":\"Namud\u0117\"},\"image\":{\"@id\":\"https:\\\/\\\/www.namude.lt\\\/#\\\/schema\\\/logo\\\/image\\\/\"}}]}<\/script>\n<!-- \/ Yoast SEO plugin. -->","yoast_head_json":{"title":"Ignalinos rajone, Rim\u0161\u0117s miestelyje parduodamas i\u0161puosel\u0117tas namas - Namud\u0117","robots":{"index":"index","follow":"follow","max-snippet":"max-snippet:-1","max-image-preview":"max-image-preview:large","max-video-preview":"max-video-preview:-1"},"canonical":"https:\/\/www.namude.lt\/objektas\/ignalinos-rajone-rimses-miestelyje-parduodamas-ispuoseletas-namas\/","og_locale":"en_US","og_type":"article","og_title":"Ignalinos rajone, Rim\u0161\u0117s miestelyje parduodamas i\u0161puosel\u0117tas namas - Namud\u0117","og_description":"Rim\u0161\u0117s miestelyje parduodamas rekonstruotas r\u0105stinis namas. I\u0161puosel\u0117ta privati aplinka su dvejais \u012f\u017euvintais tvenkiniais, o \u0161alia esantis Ilgio e\u017eeras puikiai tiks maudyn\u0117ms, \u017evejybai ar leisti laik\u0105 su \u0161eima ir draugais. PRIVALUMAI: \u2013 R\u0105stinio namo plotas 130kv.m., ( 2 auk\u0161t\u0173 namas ap\u0161iltintas ir pakeistas stogas, langai. Pirmame auk\u0161te prie\u0161kambaris, virtuv\u0117, svetain\u0117 su \u017eidiniu, koridorius, miegamasis, WC ir vonia; antrame auk\u0161te bendras kambarys su balkonu, miegamasis, WC su du\u0161o kabina. Namas parduodamas su visais baldais ir buitin\u0117 technika. Dujinis \u0161ildymas); \u2013 Pirtis (nebaigta statyti, 24kv.m., galimyb\u0117 \u012fsirengti antr\u0105 auk\u0161t\u0105); \u2013 Lauko r\u016bsys (42kv.m., sausas ir \u0161altas); \u2013 \u016akinis pastatas (\u012frengtos sand\u0117liavimo patalpos) \u2013 Erdvus sklypas, kurio plotas \u2013 55a. Sklypas apsodintas dekoratyviniais augalais, vaismed\u017eiais, du \u012f\u017euvinti tvenkiniai. Visas sklypas aptvertas.; \u2013 Draugi\u0161ka ir saugi kaimynyst\u0117. \u2013 Ilgio e\u017eeras apie 200m. \u2013 Patogus priva\u017eiavimas, atstumai iki Visagino 12km, Zarasai 29km, Ignalina 34km, Utena 62km, Vilnius 151km. Koordinat\u0117s : maps.lt \u2013 55.525159, 26.436734","og_url":"https:\/\/www.namude.lt\/objektas\/ignalinos-rajone-rimses-miestelyje-parduodamas-ispuoseletas-namas\/","og_site_name":"Namud\u0117","article_modified_time":"2025-10-27T08:28:10+00:00","og_image":[{"width":2400,"height":1800,"url":"https:\/\/www.namude.lt\/wp-content\/uploads\/2025\/05\/1-5.jpg","type":"image\/jpeg"}],"twitter_card":"summary_large_image","schema":{"@context":"https:\/\/schema.org","@graph":[{"@type":"WebPage","@id":"https:\/\/www.namude.lt\/objektas\/ignalinos-rajone-rimses-miestelyje-parduodamas-ispuoseletas-namas\/","url":"https:\/\/www.namude.lt\/objektas\/ignalinos-rajone-rimses-miestelyje-parduodamas-ispuoseletas-namas\/","name":"Ignalinos rajone, Rim\u0161\u0117s miestelyje parduodamas i\u0161puosel\u0117tas namas - Namud\u0117","isPartOf":{"@id":"https:\/\/www.namude.lt\/#website"},"primaryImageOfPage":{"@id":"https:\/\/www.namude.lt\/objektas\/ignalinos-rajone-rimses-miestelyje-parduodamas-ispuoseletas-namas\/#primaryimage"},"image":{"@id":"https:\/\/www.namude.lt\/objektas\/ignalinos-rajone-rimses-miestelyje-parduodamas-ispuoseletas-namas\/#primaryimage"},"thumbnailUrl":"https:\/\/www.namude.lt\/wp-content\/uploads\/2025\/05\/1-5.jpg","datePublished":"2025-05-12T11:42:03+00:00","dateModified":"2025-10-27T08:28:10+00:00","breadcrumb":{"@id":"https:\/\/www.namude.lt\/objektas\/ignalinos-rajone-rimses-miestelyje-parduodamas-ispuoseletas-namas\/#breadcrumb"},"inLanguage":"en-US","potentialAction":[{"@type":"ReadAction","target":["https:\/\/www.namude.lt\/objektas\/ignalinos-rajone-rimses-miestelyje-parduodamas-ispuoseletas-namas\/"]}]},{"@type":"ImageObject","inLanguage":"en-US","@id":"https:\/\/www.namude.lt\/objektas\/ignalinos-rajone-rimses-miestelyje-parduodamas-ispuoseletas-namas\/#primaryimage","url":"https:\/\/www.namude.lt\/wp-content\/uploads\/2025\/05\/1-5.jpg","contentUrl":"https:\/\/www.namude.lt\/wp-content\/uploads\/2025\/05\/1-5.jpg","width":2400,"height":1800},{"@type":"BreadcrumbList","@id":"https:\/\/www.namude.lt\/objektas\/ignalinos-rajone-rimses-miestelyje-parduodamas-ispuoseletas-namas\/#breadcrumb","itemListElement":[{"@type":"ListItem","position":1,"name":"Home","item":"https:\/\/www.namude.lt\/en\/"},{"@type":"ListItem","position":2,"name":"Real estate","item":"https:\/\/www.namude.lt\/en\/real-estate\/"},{"@type":"ListItem","position":3,"name":"Ignalinos rajone, Rim\u0161\u0117s miestelyje parduodamas i\u0161puosel\u0117tas namas"}]},{"@type":"WebSite","@id":"https:\/\/www.namude.lt\/#website","url":"https:\/\/www.namude.lt\/","name":"Namud\u0117","description":"\u201eNamud\u0117\u201c \u2013 agent\u016bra, pardavin\u0117janti Auk\u0161taitijos NT grynuolius.","publisher":{"@id":"https:\/\/www.namude.lt\/#organization"},"potentialAction":[{"@type":"SearchAction","target":{"@type":"EntryPoint","urlTemplate":"https:\/\/www.namude.lt\/?s={search_term_string}"},"query-input":{"@type":"PropertyValueSpecification","valueRequired":true,"valueName":"search_term_string"}}],"inLanguage":"en-US"},{"@type":"Organization","@id":"https:\/\/www.namude.lt\/#organization","name":"Namud\u0117","url":"https:\/\/www.namude.lt\/","logo":{"@type":"ImageObject","inLanguage":"en-US","@id":"https:\/\/www.namude.lt\/#\/schema\/logo\/image\/","url":"https:\/\/www.namude.lt\/wp-content\/uploads\/2023\/11\/logo-symbol.svg","contentUrl":"https:\/\/www.namude.lt\/wp-content\/uploads\/2023\/11\/logo-symbol.svg","width":1,"height":1,"caption":"Namud\u0117"},"image":{"@id":"https:\/\/www.namude.lt\/#\/schema\/logo\/image\/"}}]}},"_links":{"self":[{"href":"https:\/\/www.namude.lt\/en\/wp-json\/wp\/v2\/product\/18018","targetHints":{"allow":["GET"]}}],"collection":[{"href":"https:\/\/www.namude.lt\/en\/wp-json\/wp\/v2\/product"}],"about":[{"href":"https:\/\/www.namude.lt\/en\/wp-json\/wp\/v2\/types\/product"}],"wp:featuredmedia":[{"embeddable":true,"href":"https:\/\/www.namude.lt\/en\/wp-json\/wp\/v2\/media\/18019"}],"wp:attachment":[{"href":"https:\/\/www.namude.lt\/en\/wp-json\/wp\/v2\/media?parent=18018"}],"wp:term":[{"taxonomy":"product_brand","embeddable":true,"href":"https:\/\/www.namude.lt\/en\/wp-json\/wp\/v2\/product_brand?post=18018"},{"taxonomy":"product_cat","embeddable":true,"href":"https:\/\/www.namude.lt\/en\/wp-json\/wp\/v2\/product_cat?post=18018"},{"taxonomy":"product_tag","embeddable":true,"href":"https:\/\/www.namude.lt\/en\/wp-json\/wp\/v2\/product_tag?post=18018"}],"curies":[{"name":"wp","href":"https:\/\/api.w.org\/{rel}","templated":true}]}}