{"id":17619,"date":"2025-05-06T13:20:49","date_gmt":"2025-05-06T10:20:49","guid":{"rendered":"https:\/\/www.namude.lt\/?post_type=product&#038;p=17619"},"modified":"2025-07-24T09:04:35","modified_gmt":"2025-07-24T06:04:35","slug":"parduodama-jauki-ir-priziureta-sodyba-ignalinos-rajone-mielagenu-seniunijoje-reketiskes-kaime-atokiau-nuo-kaimynu","status":"publish","type":"product","link":"https:\/\/www.namude.lt\/en\/object\/parduodama-jauki-ir-priziureta-sodyba-ignalinos-rajone-mielagenu-seniunijoje-reketiskes-kaime-atokiau-nuo-kaimynu\/","title":{"rendered":"Parduodama jauki ir pri\u017ei\u016br\u0117ta sodyba Ignalinos rajone, Mielag\u0117n\u0173 seni\u016bnijoje, Reketi\u0161k\u0117s kaime, atokiau nuo kaimyn\u0173."},"content":{"rendered":"","protected":false},"excerpt":{"rendered":"<p><strong>R\u0105stinio gyvenamojo namo bendras plotas \u2013 102.73 kv. m. \u0160ildymas krosnimis<\/strong><a href=\"https:\/\/www.namude.lt\/kategorija\/sodybos\/?filter_rajonas=ignalinos-rajonas&amp;query_type_rajonas=or\"><\/a>. Vanduo i\u0161 \u0161ulinio. Taip pat prie  namo yra tvartas su dar\u017eine, lauko viralin\u0117, gara\u017eas, \u0161ulinys, k\u016bdra, tvora. Po pastatais priklauso taisyklingos formos 0.4315 ha nam\u0173 valdos sklypas, kuriame yra vaismed\u017ei\u0173 ir dekoratyvini\u0173 augal\u0173 ir kuris ribojasi su upeliu. Atlikti sklypo geodeziniai matavimai. Saugumas ir privatumas. Artimiausias kaimynas \u2013 apie 100 m. Artimiausias Ring\u0117s e\u017eeras \u2013 apie 5 km. Geras priva\u017eiavimas \u2013 tik apie 0.5 km \u017evyrkelio. Po to asfaltuotu keliu iki Vilniaus apie 110 km. Ignalina apie 18 km. Iki Mielag\u0117n\u0173 apie 8 km. Tiems, kas ie\u0161ko sodybos su gera aura, tiems \u0161i sodyba patiks.<br \/>\nPastaba: Papildomai, u\u017e atskir\u0105 kain\u0105, kitoje kelio pus\u0117je, galima nusipirkti 2.3526 ha \u017eem\u0117s \u016bkio paskirties sklyp\u0105, kurio \u017eem\u0117s \u016bkio naudmen\u0173 na\u0161umo balas yra 40.4.<\/p>\n","protected":false},"featured_media":17620,"template":"","meta":{"_acf_changed":false},"product_brand":[],"product_cat":[23],"product_tag":[],"class_list":{"0":"post-17619","1":"product","2":"type-product","3":"status-publish","4":"has-post-thumbnail","6":"product_cat-sodybos","7":"pa_rajonas-ignalinos-rajonas","8":"description-off","10":"first","11":"instock","12":"sale","13":"shipping-taxable","14":"purchasable","15":"product-type-simple"},"acf":[],"yoast_head":"<!-- This site is optimized with the Yoast SEO plugin v27.0 - https:\/\/yoast.com\/product\/yoast-seo-wordpress\/ -->\n<title>Parduodama jauki ir pri\u017ei\u016br\u0117ta sodyba Ignalinos rajone, Mielag\u0117n\u0173 seni\u016bnijoje, Reketi\u0161k\u0117s kaime, atokiau nuo kaimyn\u0173. - Namud\u0117<\/title>\n<meta name=\"robots\" content=\"index, follow, max-snippet:-1, max-image-preview:large, max-video-preview:-1\" \/>\n<link rel=\"canonical\" href=\"https:\/\/www.namude.lt\/objektas\/parduodama-jauki-ir-priziureta-sodyba-ignalinos-rajone-mielagenu-seniunijoje-reketiskes-kaime-atokiau-nuo-kaimynu\/\" \/>\n<meta property=\"og:locale\" content=\"en_US\" \/>\n<meta property=\"og:type\" content=\"article\" \/>\n<meta property=\"og:title\" content=\"Parduodama jauki ir pri\u017ei\u016br\u0117ta sodyba Ignalinos rajone, Mielag\u0117n\u0173 seni\u016bnijoje, Reketi\u0161k\u0117s kaime, atokiau nuo kaimyn\u0173. - Namud\u0117\" \/>\n<meta property=\"og:description\" content=\"R\u0105stinio gyvenamojo namo bendras plotas \u2013 102.73 kv. m. \u0160ildymas krosnimis. Vanduo i\u0161 \u0161ulinio. Taip pat prie namo yra tvartas su dar\u017eine, lauko viralin\u0117, gara\u017eas, \u0161ulinys, k\u016bdra, tvora. Po pastatais priklauso taisyklingos formos 0.4315 ha nam\u0173 valdos sklypas, kuriame yra vaismed\u017ei\u0173 ir dekoratyvini\u0173 augal\u0173 ir kuris ribojasi su upeliu. Atlikti sklypo geodeziniai matavimai. Saugumas ir privatumas. Artimiausias kaimynas \u2013 apie 100 m. Artimiausias Ring\u0117s e\u017eeras \u2013 apie 5 km. Geras priva\u017eiavimas \u2013 tik apie 0.5 km \u017evyrkelio. Po to asfaltuotu keliu iki Vilniaus apie 110 km. Ignalina apie 18 km. Iki Mielag\u0117n\u0173 apie 8 km. Tiems, kas ie\u0161ko sodybos su gera aura, tiems \u0161i sodyba patiks. Pastaba: Papildomai, u\u017e atskir\u0105 kain\u0105, kitoje kelio pus\u0117je, galima nusipirkti 2.3526 ha \u017eem\u0117s \u016bkio paskirties sklyp\u0105, kurio \u017eem\u0117s \u016bkio naudmen\u0173 na\u0161umo balas yra 40.4.\" \/>\n<meta property=\"og:url\" content=\"https:\/\/www.namude.lt\/objektas\/parduodama-jauki-ir-priziureta-sodyba-ignalinos-rajone-mielagenu-seniunijoje-reketiskes-kaime-atokiau-nuo-kaimynu\/\" \/>\n<meta property=\"og:site_name\" content=\"Namud\u0117\" \/>\n<meta property=\"article:modified_time\" content=\"2025-07-24T06:04:35+00:00\" \/>\n<meta property=\"og:image\" content=\"https:\/\/www.namude.lt\/wp-content\/uploads\/2025\/05\/1-2.jpg\" \/>\n\t<meta property=\"og:image:width\" content=\"800\" \/>\n\t<meta property=\"og:image:height\" content=\"531\" \/>\n\t<meta property=\"og:image:type\" content=\"image\/jpeg\" \/>\n<meta name=\"twitter:card\" content=\"summary_large_image\" \/>\n<script type=\"application\/ld+json\" class=\"yoast-schema-graph\">{\"@context\":\"https:\/\/schema.org\",\"@graph\":[{\"@type\":\"WebPage\",\"@id\":\"https:\/\/www.namude.lt\/objektas\/parduodama-jauki-ir-priziureta-sodyba-ignalinos-rajone-mielagenu-seniunijoje-reketiskes-kaime-atokiau-nuo-kaimynu\/\",\"url\":\"https:\/\/www.namude.lt\/objektas\/parduodama-jauki-ir-priziureta-sodyba-ignalinos-rajone-mielagenu-seniunijoje-reketiskes-kaime-atokiau-nuo-kaimynu\/\",\"name\":\"Parduodama jauki ir pri\u017ei\u016br\u0117ta sodyba Ignalinos rajone, Mielag\u0117n\u0173 seni\u016bnijoje, Reketi\u0161k\u0117s kaime, atokiau nuo kaimyn\u0173. - Namud\u0117\",\"isPartOf\":{\"@id\":\"https:\/\/www.namude.lt\/#website\"},\"primaryImageOfPage\":{\"@id\":\"https:\/\/www.namude.lt\/objektas\/parduodama-jauki-ir-priziureta-sodyba-ignalinos-rajone-mielagenu-seniunijoje-reketiskes-kaime-atokiau-nuo-kaimynu\/#primaryimage\"},\"image\":{\"@id\":\"https:\/\/www.namude.lt\/objektas\/parduodama-jauki-ir-priziureta-sodyba-ignalinos-rajone-mielagenu-seniunijoje-reketiskes-kaime-atokiau-nuo-kaimynu\/#primaryimage\"},\"thumbnailUrl\":\"https:\/\/www.namude.lt\/wp-content\/uploads\/2025\/05\/1-2.jpg\",\"datePublished\":\"2025-05-06T10:20:49+00:00\",\"dateModified\":\"2025-07-24T06:04:35+00:00\",\"breadcrumb\":{\"@id\":\"https:\/\/www.namude.lt\/objektas\/parduodama-jauki-ir-priziureta-sodyba-ignalinos-rajone-mielagenu-seniunijoje-reketiskes-kaime-atokiau-nuo-kaimynu\/#breadcrumb\"},\"inLanguage\":\"en-US\",\"potentialAction\":[{\"@type\":\"ReadAction\",\"target\":[\"https:\/\/www.namude.lt\/objektas\/parduodama-jauki-ir-priziureta-sodyba-ignalinos-rajone-mielagenu-seniunijoje-reketiskes-kaime-atokiau-nuo-kaimynu\/\"]}]},{\"@type\":\"ImageObject\",\"inLanguage\":\"en-US\",\"@id\":\"https:\/\/www.namude.lt\/objektas\/parduodama-jauki-ir-priziureta-sodyba-ignalinos-rajone-mielagenu-seniunijoje-reketiskes-kaime-atokiau-nuo-kaimynu\/#primaryimage\",\"url\":\"https:\/\/www.namude.lt\/wp-content\/uploads\/2025\/05\/1-2.jpg\",\"contentUrl\":\"https:\/\/www.namude.lt\/wp-content\/uploads\/2025\/05\/1-2.jpg\",\"width\":800,\"height\":531},{\"@type\":\"BreadcrumbList\",\"@id\":\"https:\/\/www.namude.lt\/objektas\/parduodama-jauki-ir-priziureta-sodyba-ignalinos-rajone-mielagenu-seniunijoje-reketiskes-kaime-atokiau-nuo-kaimynu\/#breadcrumb\",\"itemListElement\":[{\"@type\":\"ListItem\",\"position\":1,\"name\":\"Home\",\"item\":\"https:\/\/www.namude.lt\/en\/\"},{\"@type\":\"ListItem\",\"position\":2,\"name\":\"Real estate\",\"item\":\"https:\/\/www.namude.lt\/en\/real-estate\/\"},{\"@type\":\"ListItem\",\"position\":3,\"name\":\"Parduodama jauki ir pri\u017ei\u016br\u0117ta sodyba Ignalinos rajone, Mielag\u0117n\u0173 seni\u016bnijoje, Reketi\u0161k\u0117s kaime, atokiau nuo kaimyn\u0173.\"}]},{\"@type\":\"WebSite\",\"@id\":\"https:\/\/www.namude.lt\/#website\",\"url\":\"https:\/\/www.namude.lt\/\",\"name\":\"Namud\u0117\",\"description\":\"\u201eNamud\u0117\u201c \u2013 agent\u016bra, pardavin\u0117janti Auk\u0161taitijos NT grynuolius.\",\"publisher\":{\"@id\":\"https:\/\/www.namude.lt\/#organization\"},\"potentialAction\":[{\"@type\":\"SearchAction\",\"target\":{\"@type\":\"EntryPoint\",\"urlTemplate\":\"https:\/\/www.namude.lt\/?s={search_term_string}\"},\"query-input\":{\"@type\":\"PropertyValueSpecification\",\"valueRequired\":true,\"valueName\":\"search_term_string\"}}],\"inLanguage\":\"en-US\"},{\"@type\":\"Organization\",\"@id\":\"https:\/\/www.namude.lt\/#organization\",\"name\":\"Namud\u0117\",\"url\":\"https:\/\/www.namude.lt\/\",\"logo\":{\"@type\":\"ImageObject\",\"inLanguage\":\"en-US\",\"@id\":\"https:\/\/www.namude.lt\/#\/schema\/logo\/image\/\",\"url\":\"https:\/\/www.namude.lt\/wp-content\/uploads\/2023\/11\/logo-symbol.svg\",\"contentUrl\":\"https:\/\/www.namude.lt\/wp-content\/uploads\/2023\/11\/logo-symbol.svg\",\"width\":1,\"height\":1,\"caption\":\"Namud\u0117\"},\"image\":{\"@id\":\"https:\/\/www.namude.lt\/#\/schema\/logo\/image\/\"}}]}<\/script>\n<!-- \/ Yoast SEO plugin. -->","yoast_head_json":{"title":"Parduodama jauki ir pri\u017ei\u016br\u0117ta sodyba Ignalinos rajone, Mielag\u0117n\u0173 seni\u016bnijoje, Reketi\u0161k\u0117s kaime, atokiau nuo kaimyn\u0173. - Namud\u0117","robots":{"index":"index","follow":"follow","max-snippet":"max-snippet:-1","max-image-preview":"max-image-preview:large","max-video-preview":"max-video-preview:-1"},"canonical":"https:\/\/www.namude.lt\/objektas\/parduodama-jauki-ir-priziureta-sodyba-ignalinos-rajone-mielagenu-seniunijoje-reketiskes-kaime-atokiau-nuo-kaimynu\/","og_locale":"en_US","og_type":"article","og_title":"Parduodama jauki ir pri\u017ei\u016br\u0117ta sodyba Ignalinos rajone, Mielag\u0117n\u0173 seni\u016bnijoje, Reketi\u0161k\u0117s kaime, atokiau nuo kaimyn\u0173. - Namud\u0117","og_description":"R\u0105stinio gyvenamojo namo bendras plotas \u2013 102.73 kv. m. \u0160ildymas krosnimis. Vanduo i\u0161 \u0161ulinio. Taip pat prie namo yra tvartas su dar\u017eine, lauko viralin\u0117, gara\u017eas, \u0161ulinys, k\u016bdra, tvora. Po pastatais priklauso taisyklingos formos 0.4315 ha nam\u0173 valdos sklypas, kuriame yra vaismed\u017ei\u0173 ir dekoratyvini\u0173 augal\u0173 ir kuris ribojasi su upeliu. Atlikti sklypo geodeziniai matavimai. Saugumas ir privatumas. Artimiausias kaimynas \u2013 apie 100 m. Artimiausias Ring\u0117s e\u017eeras \u2013 apie 5 km. Geras priva\u017eiavimas \u2013 tik apie 0.5 km \u017evyrkelio. Po to asfaltuotu keliu iki Vilniaus apie 110 km. Ignalina apie 18 km. Iki Mielag\u0117n\u0173 apie 8 km. Tiems, kas ie\u0161ko sodybos su gera aura, tiems \u0161i sodyba patiks. Pastaba: Papildomai, u\u017e atskir\u0105 kain\u0105, kitoje kelio pus\u0117je, galima nusipirkti 2.3526 ha \u017eem\u0117s \u016bkio paskirties sklyp\u0105, kurio \u017eem\u0117s \u016bkio naudmen\u0173 na\u0161umo balas yra 40.4.","og_url":"https:\/\/www.namude.lt\/objektas\/parduodama-jauki-ir-priziureta-sodyba-ignalinos-rajone-mielagenu-seniunijoje-reketiskes-kaime-atokiau-nuo-kaimynu\/","og_site_name":"Namud\u0117","article_modified_time":"2025-07-24T06:04:35+00:00","og_image":[{"width":800,"height":531,"url":"https:\/\/www.namude.lt\/wp-content\/uploads\/2025\/05\/1-2.jpg","type":"image\/jpeg"}],"twitter_card":"summary_large_image","schema":{"@context":"https:\/\/schema.org","@graph":[{"@type":"WebPage","@id":"https:\/\/www.namude.lt\/objektas\/parduodama-jauki-ir-priziureta-sodyba-ignalinos-rajone-mielagenu-seniunijoje-reketiskes-kaime-atokiau-nuo-kaimynu\/","url":"https:\/\/www.namude.lt\/objektas\/parduodama-jauki-ir-priziureta-sodyba-ignalinos-rajone-mielagenu-seniunijoje-reketiskes-kaime-atokiau-nuo-kaimynu\/","name":"Parduodama jauki ir pri\u017ei\u016br\u0117ta sodyba Ignalinos rajone, Mielag\u0117n\u0173 seni\u016bnijoje, Reketi\u0161k\u0117s kaime, atokiau nuo kaimyn\u0173. - Namud\u0117","isPartOf":{"@id":"https:\/\/www.namude.lt\/#website"},"primaryImageOfPage":{"@id":"https:\/\/www.namude.lt\/objektas\/parduodama-jauki-ir-priziureta-sodyba-ignalinos-rajone-mielagenu-seniunijoje-reketiskes-kaime-atokiau-nuo-kaimynu\/#primaryimage"},"image":{"@id":"https:\/\/www.namude.lt\/objektas\/parduodama-jauki-ir-priziureta-sodyba-ignalinos-rajone-mielagenu-seniunijoje-reketiskes-kaime-atokiau-nuo-kaimynu\/#primaryimage"},"thumbnailUrl":"https:\/\/www.namude.lt\/wp-content\/uploads\/2025\/05\/1-2.jpg","datePublished":"2025-05-06T10:20:49+00:00","dateModified":"2025-07-24T06:04:35+00:00","breadcrumb":{"@id":"https:\/\/www.namude.lt\/objektas\/parduodama-jauki-ir-priziureta-sodyba-ignalinos-rajone-mielagenu-seniunijoje-reketiskes-kaime-atokiau-nuo-kaimynu\/#breadcrumb"},"inLanguage":"en-US","potentialAction":[{"@type":"ReadAction","target":["https:\/\/www.namude.lt\/objektas\/parduodama-jauki-ir-priziureta-sodyba-ignalinos-rajone-mielagenu-seniunijoje-reketiskes-kaime-atokiau-nuo-kaimynu\/"]}]},{"@type":"ImageObject","inLanguage":"en-US","@id":"https:\/\/www.namude.lt\/objektas\/parduodama-jauki-ir-priziureta-sodyba-ignalinos-rajone-mielagenu-seniunijoje-reketiskes-kaime-atokiau-nuo-kaimynu\/#primaryimage","url":"https:\/\/www.namude.lt\/wp-content\/uploads\/2025\/05\/1-2.jpg","contentUrl":"https:\/\/www.namude.lt\/wp-content\/uploads\/2025\/05\/1-2.jpg","width":800,"height":531},{"@type":"BreadcrumbList","@id":"https:\/\/www.namude.lt\/objektas\/parduodama-jauki-ir-priziureta-sodyba-ignalinos-rajone-mielagenu-seniunijoje-reketiskes-kaime-atokiau-nuo-kaimynu\/#breadcrumb","itemListElement":[{"@type":"ListItem","position":1,"name":"Home","item":"https:\/\/www.namude.lt\/en\/"},{"@type":"ListItem","position":2,"name":"Real estate","item":"https:\/\/www.namude.lt\/en\/real-estate\/"},{"@type":"ListItem","position":3,"name":"Parduodama jauki ir pri\u017ei\u016br\u0117ta sodyba Ignalinos rajone, Mielag\u0117n\u0173 seni\u016bnijoje, Reketi\u0161k\u0117s kaime, atokiau nuo kaimyn\u0173."}]},{"@type":"WebSite","@id":"https:\/\/www.namude.lt\/#website","url":"https:\/\/www.namude.lt\/","name":"Namud\u0117","description":"\u201eNamud\u0117\u201c \u2013 agent\u016bra, pardavin\u0117janti Auk\u0161taitijos NT grynuolius.","publisher":{"@id":"https:\/\/www.namude.lt\/#organization"},"potentialAction":[{"@type":"SearchAction","target":{"@type":"EntryPoint","urlTemplate":"https:\/\/www.namude.lt\/?s={search_term_string}"},"query-input":{"@type":"PropertyValueSpecification","valueRequired":true,"valueName":"search_term_string"}}],"inLanguage":"en-US"},{"@type":"Organization","@id":"https:\/\/www.namude.lt\/#organization","name":"Namud\u0117","url":"https:\/\/www.namude.lt\/","logo":{"@type":"ImageObject","inLanguage":"en-US","@id":"https:\/\/www.namude.lt\/#\/schema\/logo\/image\/","url":"https:\/\/www.namude.lt\/wp-content\/uploads\/2023\/11\/logo-symbol.svg","contentUrl":"https:\/\/www.namude.lt\/wp-content\/uploads\/2023\/11\/logo-symbol.svg","width":1,"height":1,"caption":"Namud\u0117"},"image":{"@id":"https:\/\/www.namude.lt\/#\/schema\/logo\/image\/"}}]}},"_links":{"self":[{"href":"https:\/\/www.namude.lt\/en\/wp-json\/wp\/v2\/product\/17619","targetHints":{"allow":["GET"]}}],"collection":[{"href":"https:\/\/www.namude.lt\/en\/wp-json\/wp\/v2\/product"}],"about":[{"href":"https:\/\/www.namude.lt\/en\/wp-json\/wp\/v2\/types\/product"}],"wp:featuredmedia":[{"embeddable":true,"href":"https:\/\/www.namude.lt\/en\/wp-json\/wp\/v2\/media\/17620"}],"wp:attachment":[{"href":"https:\/\/www.namude.lt\/en\/wp-json\/wp\/v2\/media?parent=17619"}],"wp:term":[{"taxonomy":"product_brand","embeddable":true,"href":"https:\/\/www.namude.lt\/en\/wp-json\/wp\/v2\/product_brand?post=17619"},{"taxonomy":"product_cat","embeddable":true,"href":"https:\/\/www.namude.lt\/en\/wp-json\/wp\/v2\/product_cat?post=17619"},{"taxonomy":"product_tag","embeddable":true,"href":"https:\/\/www.namude.lt\/en\/wp-json\/wp\/v2\/product_tag?post=17619"}],"curies":[{"name":"wp","href":"https:\/\/api.w.org\/{rel}","templated":true}]}}