{"id":17562,"date":"2025-05-05T11:39:07","date_gmt":"2025-05-05T08:39:07","guid":{"rendered":"https:\/\/www.namude.lt\/?post_type=product&#038;p=17562"},"modified":"2025-10-17T13:09:44","modified_gmt":"2025-10-17T10:09:44","slug":"parduodamas-erdvus-ir-lygus-113-ha-zemes-ukio-paskirties-sklypas-ant-staskuniskio-tvenkinio-kranto-anyksciu-rajone","status":"publish","type":"product","link":"https:\/\/www.namude.lt\/en\/object\/parduodamas-erdvus-ir-lygus-113-ha-zemes-ukio-paskirties-sklypas-ant-staskuniskio-tvenkinio-kranto-anyksciu-rajone\/","title":{"rendered":"Parduodamas erdvus ir lygus 1,13 ha \u017eem\u0117s \u016bkio paskirties sklypas ant Sta\u0161k\u016bni\u0161kio tvenkinio  kranto Anyk\u0161\u010di\u0173 rajone."},"content":{"rendered":"","protected":false},"excerpt":{"rendered":"<p><strong>Sklypas ribojasi su tvenkiniu, tai suteikia galimyb\u0119 m\u0117gautis ramybe \u0161alia vandens, \u017evejoti, maudytis ar tiesiog poilsiauti.<\/strong><a href=\"https:\/\/www.namude.lt\/kategorija\/sklypai\/?filter_rajonas=anyksciu-rajonas&amp;query_type_rajonas=or\"><\/a> Sklypui priklauso apie 210 metr\u0173 pakrant\u0117s. Aplinkui gausu \u012fvairi\u0173 mi\u0161k\u0173, toki\u0173 kaip Gojus, U\u017eulanka, \u0160iaudin\u0117, Salaraistis ir daug kit\u0173. I\u0161 \u0161ios unikalios vietos patogus priva\u017eiavimas iki kit\u0173 miest\u0173:  Ukmerg\u0117s \u2013 20km; Mol\u0117t\u0173 \u2013 apie 40 km., i Utenos \u2013 40km., i Vilniaus &#8211; 90km, Kauno &#8211; 90km.<\/p>\n<p>Sklypo koordinat\u0117s:<br \/>\nGoogle Maps: 55.37327472826744, 25.039563723824745<\/p>\n","protected":false},"featured_media":18355,"template":"","meta":{"_acf_changed":false},"product_brand":[],"product_cat":[24],"product_tag":[],"class_list":{"0":"post-17562","1":"product","2":"type-product","3":"status-publish","4":"has-post-thumbnail","6":"product_cat-sklypai","7":"pa_rajonas-anyksciu-rajonas","8":"description-off","10":"first","11":"instock","12":"sale","13":"shipping-taxable","14":"purchasable","15":"product-type-simple"},"acf":[],"yoast_head":"<!-- This site is optimized with the Yoast SEO plugin v27.0 - https:\/\/yoast.com\/product\/yoast-seo-wordpress\/ -->\n<title>Parduodamas erdvus ir lygus 1,13 ha \u017eem\u0117s \u016bkio paskirties sklypas ant Sta\u0161k\u016bni\u0161kio tvenkinio kranto Anyk\u0161\u010di\u0173 rajone. - Namud\u0117<\/title>\n<meta name=\"robots\" content=\"index, follow, max-snippet:-1, max-image-preview:large, max-video-preview:-1\" \/>\n<link rel=\"canonical\" href=\"https:\/\/www.namude.lt\/objektas\/parduodamas-erdvus-ir-lygus-113-ha-zemes-ukio-paskirties-sklypas-ant-staskuniskio-tvenkinio-kranto-anyksciu-rajone\/\" \/>\n<meta property=\"og:locale\" content=\"en_US\" \/>\n<meta property=\"og:type\" content=\"article\" \/>\n<meta property=\"og:title\" content=\"Parduodamas erdvus ir lygus 1,13 ha \u017eem\u0117s \u016bkio paskirties sklypas ant Sta\u0161k\u016bni\u0161kio tvenkinio kranto Anyk\u0161\u010di\u0173 rajone. - Namud\u0117\" \/>\n<meta property=\"og:description\" content=\"Sklypas ribojasi su tvenkiniu, tai suteikia galimyb\u0119 m\u0117gautis ramybe \u0161alia vandens, \u017evejoti, maudytis ar tiesiog poilsiauti. Sklypui priklauso apie 210 metr\u0173 pakrant\u0117s. Aplinkui gausu \u012fvairi\u0173 mi\u0161k\u0173, toki\u0173 kaip Gojus, U\u017eulanka, \u0160iaudin\u0117, Salaraistis ir daug kit\u0173. I\u0161 \u0161ios unikalios vietos patogus priva\u017eiavimas iki kit\u0173 miest\u0173: Ukmerg\u0117s \u2013 20km; Mol\u0117t\u0173 \u2013 apie 40 km., i Utenos \u2013 40km., i Vilniaus - 90km, Kauno - 90km.  Sklypo koordinat\u0117s: Google Maps: 55.37327472826744, 25.039563723824745\" \/>\n<meta property=\"og:url\" content=\"https:\/\/www.namude.lt\/objektas\/parduodamas-erdvus-ir-lygus-113-ha-zemes-ukio-paskirties-sklypas-ant-staskuniskio-tvenkinio-kranto-anyksciu-rajone\/\" \/>\n<meta property=\"og:site_name\" content=\"Namud\u0117\" \/>\n<meta property=\"article:modified_time\" content=\"2025-10-17T10:09:44+00:00\" \/>\n<meta property=\"og:image\" content=\"https:\/\/www.namude.lt\/wp-content\/uploads\/2025\/05\/1-9.jpg\" \/>\n\t<meta property=\"og:image:width\" content=\"1600\" \/>\n\t<meta property=\"og:image:height\" content=\"1200\" \/>\n\t<meta property=\"og:image:type\" content=\"image\/jpeg\" \/>\n<meta name=\"twitter:card\" content=\"summary_large_image\" \/>\n<script type=\"application\/ld+json\" class=\"yoast-schema-graph\">{\"@context\":\"https:\/\/schema.org\",\"@graph\":[{\"@type\":\"WebPage\",\"@id\":\"https:\/\/www.namude.lt\/objektas\/parduodamas-erdvus-ir-lygus-113-ha-zemes-ukio-paskirties-sklypas-ant-staskuniskio-tvenkinio-kranto-anyksciu-rajone\/\",\"url\":\"https:\/\/www.namude.lt\/objektas\/parduodamas-erdvus-ir-lygus-113-ha-zemes-ukio-paskirties-sklypas-ant-staskuniskio-tvenkinio-kranto-anyksciu-rajone\/\",\"name\":\"Parduodamas erdvus ir lygus 1,13 ha \u017eem\u0117s \u016bkio paskirties sklypas ant Sta\u0161k\u016bni\u0161kio tvenkinio kranto Anyk\u0161\u010di\u0173 rajone. - Namud\u0117\",\"isPartOf\":{\"@id\":\"https:\/\/www.namude.lt\/#website\"},\"primaryImageOfPage\":{\"@id\":\"https:\/\/www.namude.lt\/objektas\/parduodamas-erdvus-ir-lygus-113-ha-zemes-ukio-paskirties-sklypas-ant-staskuniskio-tvenkinio-kranto-anyksciu-rajone\/#primaryimage\"},\"image\":{\"@id\":\"https:\/\/www.namude.lt\/objektas\/parduodamas-erdvus-ir-lygus-113-ha-zemes-ukio-paskirties-sklypas-ant-staskuniskio-tvenkinio-kranto-anyksciu-rajone\/#primaryimage\"},\"thumbnailUrl\":\"https:\/\/www.namude.lt\/wp-content\/uploads\/2025\/05\/1-9.jpg\",\"datePublished\":\"2025-05-05T08:39:07+00:00\",\"dateModified\":\"2025-10-17T10:09:44+00:00\",\"breadcrumb\":{\"@id\":\"https:\/\/www.namude.lt\/objektas\/parduodamas-erdvus-ir-lygus-113-ha-zemes-ukio-paskirties-sklypas-ant-staskuniskio-tvenkinio-kranto-anyksciu-rajone\/#breadcrumb\"},\"inLanguage\":\"en-US\",\"potentialAction\":[{\"@type\":\"ReadAction\",\"target\":[\"https:\/\/www.namude.lt\/objektas\/parduodamas-erdvus-ir-lygus-113-ha-zemes-ukio-paskirties-sklypas-ant-staskuniskio-tvenkinio-kranto-anyksciu-rajone\/\"]}]},{\"@type\":\"ImageObject\",\"inLanguage\":\"en-US\",\"@id\":\"https:\/\/www.namude.lt\/objektas\/parduodamas-erdvus-ir-lygus-113-ha-zemes-ukio-paskirties-sklypas-ant-staskuniskio-tvenkinio-kranto-anyksciu-rajone\/#primaryimage\",\"url\":\"https:\/\/www.namude.lt\/wp-content\/uploads\/2025\/05\/1-9.jpg\",\"contentUrl\":\"https:\/\/www.namude.lt\/wp-content\/uploads\/2025\/05\/1-9.jpg\",\"width\":1600,\"height\":1200},{\"@type\":\"BreadcrumbList\",\"@id\":\"https:\/\/www.namude.lt\/objektas\/parduodamas-erdvus-ir-lygus-113-ha-zemes-ukio-paskirties-sklypas-ant-staskuniskio-tvenkinio-kranto-anyksciu-rajone\/#breadcrumb\",\"itemListElement\":[{\"@type\":\"ListItem\",\"position\":1,\"name\":\"Home\",\"item\":\"https:\/\/www.namude.lt\/en\/\"},{\"@type\":\"ListItem\",\"position\":2,\"name\":\"Real estate\",\"item\":\"https:\/\/www.namude.lt\/en\/real-estate\/\"},{\"@type\":\"ListItem\",\"position\":3,\"name\":\"Parduodamas erdvus ir lygus 1,13 ha \u017eem\u0117s \u016bkio paskirties sklypas ant Sta\u0161k\u016bni\u0161kio tvenkinio kranto Anyk\u0161\u010di\u0173 rajone.\"}]},{\"@type\":\"WebSite\",\"@id\":\"https:\/\/www.namude.lt\/#website\",\"url\":\"https:\/\/www.namude.lt\/\",\"name\":\"Namud\u0117\",\"description\":\"\u201eNamud\u0117\u201c \u2013 agent\u016bra, pardavin\u0117janti Auk\u0161taitijos NT grynuolius.\",\"publisher\":{\"@id\":\"https:\/\/www.namude.lt\/#organization\"},\"potentialAction\":[{\"@type\":\"SearchAction\",\"target\":{\"@type\":\"EntryPoint\",\"urlTemplate\":\"https:\/\/www.namude.lt\/?s={search_term_string}\"},\"query-input\":{\"@type\":\"PropertyValueSpecification\",\"valueRequired\":true,\"valueName\":\"search_term_string\"}}],\"inLanguage\":\"en-US\"},{\"@type\":\"Organization\",\"@id\":\"https:\/\/www.namude.lt\/#organization\",\"name\":\"Namud\u0117\",\"url\":\"https:\/\/www.namude.lt\/\",\"logo\":{\"@type\":\"ImageObject\",\"inLanguage\":\"en-US\",\"@id\":\"https:\/\/www.namude.lt\/#\/schema\/logo\/image\/\",\"url\":\"https:\/\/www.namude.lt\/wp-content\/uploads\/2023\/11\/logo-symbol.svg\",\"contentUrl\":\"https:\/\/www.namude.lt\/wp-content\/uploads\/2023\/11\/logo-symbol.svg\",\"width\":1,\"height\":1,\"caption\":\"Namud\u0117\"},\"image\":{\"@id\":\"https:\/\/www.namude.lt\/#\/schema\/logo\/image\/\"}}]}<\/script>\n<!-- \/ Yoast SEO plugin. -->","yoast_head_json":{"title":"Parduodamas erdvus ir lygus 1,13 ha \u017eem\u0117s \u016bkio paskirties sklypas ant Sta\u0161k\u016bni\u0161kio tvenkinio kranto Anyk\u0161\u010di\u0173 rajone. - Namud\u0117","robots":{"index":"index","follow":"follow","max-snippet":"max-snippet:-1","max-image-preview":"max-image-preview:large","max-video-preview":"max-video-preview:-1"},"canonical":"https:\/\/www.namude.lt\/objektas\/parduodamas-erdvus-ir-lygus-113-ha-zemes-ukio-paskirties-sklypas-ant-staskuniskio-tvenkinio-kranto-anyksciu-rajone\/","og_locale":"en_US","og_type":"article","og_title":"Parduodamas erdvus ir lygus 1,13 ha \u017eem\u0117s \u016bkio paskirties sklypas ant Sta\u0161k\u016bni\u0161kio tvenkinio kranto Anyk\u0161\u010di\u0173 rajone. - Namud\u0117","og_description":"Sklypas ribojasi su tvenkiniu, tai suteikia galimyb\u0119 m\u0117gautis ramybe \u0161alia vandens, \u017evejoti, maudytis ar tiesiog poilsiauti. Sklypui priklauso apie 210 metr\u0173 pakrant\u0117s. Aplinkui gausu \u012fvairi\u0173 mi\u0161k\u0173, toki\u0173 kaip Gojus, U\u017eulanka, \u0160iaudin\u0117, Salaraistis ir daug kit\u0173. I\u0161 \u0161ios unikalios vietos patogus priva\u017eiavimas iki kit\u0173 miest\u0173: Ukmerg\u0117s \u2013 20km; Mol\u0117t\u0173 \u2013 apie 40 km., i Utenos \u2013 40km., i Vilniaus - 90km, Kauno - 90km.  Sklypo koordinat\u0117s: Google Maps: 55.37327472826744, 25.039563723824745","og_url":"https:\/\/www.namude.lt\/objektas\/parduodamas-erdvus-ir-lygus-113-ha-zemes-ukio-paskirties-sklypas-ant-staskuniskio-tvenkinio-kranto-anyksciu-rajone\/","og_site_name":"Namud\u0117","article_modified_time":"2025-10-17T10:09:44+00:00","og_image":[{"width":1600,"height":1200,"url":"https:\/\/www.namude.lt\/wp-content\/uploads\/2025\/05\/1-9.jpg","type":"image\/jpeg"}],"twitter_card":"summary_large_image","schema":{"@context":"https:\/\/schema.org","@graph":[{"@type":"WebPage","@id":"https:\/\/www.namude.lt\/objektas\/parduodamas-erdvus-ir-lygus-113-ha-zemes-ukio-paskirties-sklypas-ant-staskuniskio-tvenkinio-kranto-anyksciu-rajone\/","url":"https:\/\/www.namude.lt\/objektas\/parduodamas-erdvus-ir-lygus-113-ha-zemes-ukio-paskirties-sklypas-ant-staskuniskio-tvenkinio-kranto-anyksciu-rajone\/","name":"Parduodamas erdvus ir lygus 1,13 ha \u017eem\u0117s \u016bkio paskirties sklypas ant Sta\u0161k\u016bni\u0161kio tvenkinio kranto Anyk\u0161\u010di\u0173 rajone. - Namud\u0117","isPartOf":{"@id":"https:\/\/www.namude.lt\/#website"},"primaryImageOfPage":{"@id":"https:\/\/www.namude.lt\/objektas\/parduodamas-erdvus-ir-lygus-113-ha-zemes-ukio-paskirties-sklypas-ant-staskuniskio-tvenkinio-kranto-anyksciu-rajone\/#primaryimage"},"image":{"@id":"https:\/\/www.namude.lt\/objektas\/parduodamas-erdvus-ir-lygus-113-ha-zemes-ukio-paskirties-sklypas-ant-staskuniskio-tvenkinio-kranto-anyksciu-rajone\/#primaryimage"},"thumbnailUrl":"https:\/\/www.namude.lt\/wp-content\/uploads\/2025\/05\/1-9.jpg","datePublished":"2025-05-05T08:39:07+00:00","dateModified":"2025-10-17T10:09:44+00:00","breadcrumb":{"@id":"https:\/\/www.namude.lt\/objektas\/parduodamas-erdvus-ir-lygus-113-ha-zemes-ukio-paskirties-sklypas-ant-staskuniskio-tvenkinio-kranto-anyksciu-rajone\/#breadcrumb"},"inLanguage":"en-US","potentialAction":[{"@type":"ReadAction","target":["https:\/\/www.namude.lt\/objektas\/parduodamas-erdvus-ir-lygus-113-ha-zemes-ukio-paskirties-sklypas-ant-staskuniskio-tvenkinio-kranto-anyksciu-rajone\/"]}]},{"@type":"ImageObject","inLanguage":"en-US","@id":"https:\/\/www.namude.lt\/objektas\/parduodamas-erdvus-ir-lygus-113-ha-zemes-ukio-paskirties-sklypas-ant-staskuniskio-tvenkinio-kranto-anyksciu-rajone\/#primaryimage","url":"https:\/\/www.namude.lt\/wp-content\/uploads\/2025\/05\/1-9.jpg","contentUrl":"https:\/\/www.namude.lt\/wp-content\/uploads\/2025\/05\/1-9.jpg","width":1600,"height":1200},{"@type":"BreadcrumbList","@id":"https:\/\/www.namude.lt\/objektas\/parduodamas-erdvus-ir-lygus-113-ha-zemes-ukio-paskirties-sklypas-ant-staskuniskio-tvenkinio-kranto-anyksciu-rajone\/#breadcrumb","itemListElement":[{"@type":"ListItem","position":1,"name":"Home","item":"https:\/\/www.namude.lt\/en\/"},{"@type":"ListItem","position":2,"name":"Real estate","item":"https:\/\/www.namude.lt\/en\/real-estate\/"},{"@type":"ListItem","position":3,"name":"Parduodamas erdvus ir lygus 1,13 ha \u017eem\u0117s \u016bkio paskirties sklypas ant Sta\u0161k\u016bni\u0161kio tvenkinio kranto Anyk\u0161\u010di\u0173 rajone."}]},{"@type":"WebSite","@id":"https:\/\/www.namude.lt\/#website","url":"https:\/\/www.namude.lt\/","name":"Namud\u0117","description":"\u201eNamud\u0117\u201c \u2013 agent\u016bra, pardavin\u0117janti Auk\u0161taitijos NT grynuolius.","publisher":{"@id":"https:\/\/www.namude.lt\/#organization"},"potentialAction":[{"@type":"SearchAction","target":{"@type":"EntryPoint","urlTemplate":"https:\/\/www.namude.lt\/?s={search_term_string}"},"query-input":{"@type":"PropertyValueSpecification","valueRequired":true,"valueName":"search_term_string"}}],"inLanguage":"en-US"},{"@type":"Organization","@id":"https:\/\/www.namude.lt\/#organization","name":"Namud\u0117","url":"https:\/\/www.namude.lt\/","logo":{"@type":"ImageObject","inLanguage":"en-US","@id":"https:\/\/www.namude.lt\/#\/schema\/logo\/image\/","url":"https:\/\/www.namude.lt\/wp-content\/uploads\/2023\/11\/logo-symbol.svg","contentUrl":"https:\/\/www.namude.lt\/wp-content\/uploads\/2023\/11\/logo-symbol.svg","width":1,"height":1,"caption":"Namud\u0117"},"image":{"@id":"https:\/\/www.namude.lt\/#\/schema\/logo\/image\/"}}]}},"_links":{"self":[{"href":"https:\/\/www.namude.lt\/en\/wp-json\/wp\/v2\/product\/17562","targetHints":{"allow":["GET"]}}],"collection":[{"href":"https:\/\/www.namude.lt\/en\/wp-json\/wp\/v2\/product"}],"about":[{"href":"https:\/\/www.namude.lt\/en\/wp-json\/wp\/v2\/types\/product"}],"wp:featuredmedia":[{"embeddable":true,"href":"https:\/\/www.namude.lt\/en\/wp-json\/wp\/v2\/media\/18355"}],"wp:attachment":[{"href":"https:\/\/www.namude.lt\/en\/wp-json\/wp\/v2\/media?parent=17562"}],"wp:term":[{"taxonomy":"product_brand","embeddable":true,"href":"https:\/\/www.namude.lt\/en\/wp-json\/wp\/v2\/product_brand?post=17562"},{"taxonomy":"product_cat","embeddable":true,"href":"https:\/\/www.namude.lt\/en\/wp-json\/wp\/v2\/product_cat?post=17562"},{"taxonomy":"product_tag","embeddable":true,"href":"https:\/\/www.namude.lt\/en\/wp-json\/wp\/v2\/product_tag?post=17562"}],"curies":[{"name":"wp","href":"https:\/\/api.w.org\/{rel}","templated":true}]}}