{"id":17383,"date":"2025-04-29T10:49:52","date_gmt":"2025-04-29T07:49:52","guid":{"rendered":"https:\/\/www.namude.lt\/?post_type=product&#038;p=17383"},"modified":"2025-07-25T09:10:18","modified_gmt":"2025-07-25T06:10:18","slug":"parduodama-sodyba-salimais-balninku-miestelio-moletu-rajone","status":"publish","type":"product","link":"https:\/\/www.namude.lt\/en\/object\/parduodama-sodyba-salimais-balninku-miestelio-moletu-rajone\/","title":{"rendered":"PARDUODAMA SODYBA \u0160ALIMAIS BALNINK\u0172 MIESTELIO MOL\u0116T\u0172 RAJONE"},"content":{"rendered":"","protected":false},"excerpt":{"rendered":"<p>Mi\u0161k\u0173 ir e\u017eer\u0173 kra\u0161te Mol\u0117t\u0173 rajone, \u010cere\u0161k\u0173 kaime sodyba laukia nauj\u0173 \u0161eiminink\u0173. Gamtos myl\u0117tojams ir \u017evejams ar ie\u0161kantiems privatumo tai puiki vieta poilsiui, hobiui ir nuolatiniam gyvenimui. Sodyba \u012fsik\u016brusi Petruvkos mi\u0161ko apsuptyje, teritorijoje auga brandus med\u017eiai yra du tvenkiniai, 2 namai ir pirtis. Mi\u0161ko kaimynyst\u0117je gausu ne tik mi\u0161ko g\u0117rybi\u0173 bet ir ak\u012f d\u017eiuginan\u010di\u0173 gyv\u016bn\u0173, pauk\u0161\u010di\u0173. Vos keli\u0173 kilometr\u0173 atstumu yra Balnink\u0173 miestelis, kuriame puikuojasi Alau\u0161o e\u017eeras. Miestelyje yra \u012fsik\u016brusios parduotuv\u0117s, pradin\u0117 mokykla, vaistin\u0117, ambulatorija.<br \/>\nPRIVALUMAI:<br \/>\n\u2013 Pri\u017ei\u016br\u0117tas 2 auk\u0161t\u0173 gyvenamasis  r\u0105stinis namas 150kv.m. ( gyvenamojo namo pirmame auk\u0161te yra  erdvi svetain\u0117 su \u017eidiniu, virtuv\u0117, patalpa WC patalpai \u012fsirengti ir holas; antrame namo auk\u0161te yra 2 miegamieji ir bendra svetain\u0117s erdv\u0117 su panoraminiais langais)<br \/>\n\u2013 Pri\u017ei\u016br\u0117tas 2 auk\u0161t\u0173 poilsio namas (namo pirmame auk\u0161te yra holas, svetain\u0117s erdv\u0117, virtuv\u0117, WC patalpa; antrame auk\u0161te erdvus miegamasis)<br \/>\n\u2013 \u017dem\u0117s sklypo plotas \u2013 4,5 ha;<br \/>\n\u2013 Pirtis 37kv.;<br \/>\n\u2013 Lauko r\u016bsys, malkin\u0117, \u0161ulinys, lauko \u017eidinys;<br \/>\n\u2013 Didelis kiemas su 2 tvenkiniais, brand\u017eiais med\u017eiais;<br \/>\n\u2013 \u0160alimais yra G\u0117li\u0173 e\u017eeras, iki Alau\u0161o e\u017eero 2,5 km;<br \/>\n\u2013 Patogus priva\u017eiavimas visais met\u0173 laikais, atstumai iki Balnink\u0173 2,5 km, Girsteiti\u0161kio 9 km, Mol\u0117t\u0173 20 km, Ukmerg\u0117s 33 km, Anyk\u0161\u010d\u0173 34 km,  Utenos 50 km, \u0160irvintos 53 km,  Jonavos 70 km, Panev\u0117\u017eys 95 km, Vilniaus 97 km, Kauno 102 km.<\/p>\n<p>Kvie\u010diame ap\u017ei\u016br\u0117ti ir \u012fvertinti \u0161i\u0105 vieta patiems! Lauksime atvykstant ir savaitgaliais!<\/p>\n","protected":false},"featured_media":20691,"template":"","meta":{"_acf_changed":false},"product_brand":[],"product_cat":[23],"product_tag":[],"class_list":{"0":"post-17383","1":"product","2":"type-product","3":"status-publish","4":"has-post-thumbnail","6":"product_cat-sodybos","7":"pa_rajonas-moletu-rajonas","8":"description-off","10":"first","11":"instock","12":"shipping-taxable","13":"purchasable","14":"product-type-simple"},"acf":[],"yoast_head":"<!-- This site is optimized with the Yoast SEO plugin v27.4 - https:\/\/yoast.com\/product\/yoast-seo-wordpress\/ -->\n<title>PARDUODAMA SODYBA \u0160ALIMAIS BALNINK\u0172 MIESTELIO MOL\u0116T\u0172 RAJONE - Namud\u0117<\/title>\n<meta name=\"robots\" content=\"index, follow, max-snippet:-1, max-image-preview:large, max-video-preview:-1\" \/>\n<link rel=\"canonical\" href=\"https:\/\/www.namude.lt\/objektas\/parduodama-sodyba-salimais-balninku-miestelio-moletu-rajone\/\" \/>\n<meta property=\"og:locale\" content=\"en_US\" \/>\n<meta property=\"og:type\" content=\"article\" \/>\n<meta property=\"og:title\" content=\"PARDUODAMA SODYBA \u0160ALIMAIS BALNINK\u0172 MIESTELIO MOL\u0116T\u0172 RAJONE - Namud\u0117\" \/>\n<meta property=\"og:description\" content=\"Mi\u0161k\u0173 ir e\u017eer\u0173 kra\u0161te Mol\u0117t\u0173 rajone, \u010cere\u0161k\u0173 kaime sodyba laukia nauj\u0173 \u0161eiminink\u0173. Gamtos myl\u0117tojams ir \u017evejams ar ie\u0161kantiems privatumo tai puiki vieta poilsiui, hobiui ir nuolatiniam gyvenimui. Sodyba \u012fsik\u016brusi Petruvkos mi\u0161ko apsuptyje, teritorijoje auga brandus med\u017eiai yra du tvenkiniai, 2 namai ir pirtis. Mi\u0161ko kaimynyst\u0117je gausu ne tik mi\u0161ko g\u0117rybi\u0173 bet ir ak\u012f d\u017eiuginan\u010di\u0173 gyv\u016bn\u0173, pauk\u0161\u010di\u0173. Vos keli\u0173 kilometr\u0173 atstumu yra Balnink\u0173 miestelis, kuriame puikuojasi Alau\u0161o e\u017eeras. Miestelyje yra \u012fsik\u016brusios parduotuv\u0117s, pradin\u0117 mokykla, vaistin\u0117, ambulatorija. PRIVALUMAI: \u2013 Pri\u017ei\u016br\u0117tas 2 auk\u0161t\u0173 gyvenamasis r\u0105stinis namas 150kv.m. ( gyvenamojo namo pirmame auk\u0161te yra erdvi svetain\u0117 su \u017eidiniu, virtuv\u0117, patalpa WC patalpai \u012fsirengti ir holas; antrame namo auk\u0161te yra 2 miegamieji ir bendra svetain\u0117s erdv\u0117 su panoraminiais langais) \u2013 Pri\u017ei\u016br\u0117tas 2 auk\u0161t\u0173 poilsio namas (namo pirmame auk\u0161te yra holas, svetain\u0117s erdv\u0117, virtuv\u0117, WC patalpa; antrame auk\u0161te erdvus miegamasis) \u2013 \u017dem\u0117s sklypo plotas \u2013 4,5 ha; \u2013 Pirtis 37kv.; \u2013 Lauko r\u016bsys, malkin\u0117, \u0161ulinys, lauko \u017eidinys; \u2013 Didelis kiemas su 2 tvenkiniais, brand\u017eiais med\u017eiais; \u2013 \u0160alimais yra G\u0117li\u0173 e\u017eeras, iki Alau\u0161o e\u017eero 2,5 km; \u2013 Patogus priva\u017eiavimas visais met\u0173 laikais, atstumai iki Balnink\u0173 2,5 km, Girsteiti\u0161kio 9 km, Mol\u0117t\u0173 20 km, Ukmerg\u0117s 33 km, Anyk\u0161\u010d\u0173 34 km, Utenos 50 km, \u0160irvintos 53 km, Jonavos 70 km, Panev\u0117\u017eys 95 km, Vilniaus 97 km, Kauno 102 km.  Kvie\u010diame ap\u017ei\u016br\u0117ti ir \u012fvertinti \u0161i\u0105 vieta patiems! Lauksime atvykstant ir savaitgaliais!\" \/>\n<meta property=\"og:url\" content=\"https:\/\/www.namude.lt\/objektas\/parduodama-sodyba-salimais-balninku-miestelio-moletu-rajone\/\" \/>\n<meta property=\"og:site_name\" content=\"Namud\u0117\" \/>\n<meta property=\"article:modified_time\" content=\"2025-07-25T06:10:18+00:00\" \/>\n<meta property=\"og:image\" content=\"https:\/\/www.namude.lt\/wp-content\/uploads\/2025\/04\/1-28.jpg\" \/>\n\t<meta property=\"og:image:width\" content=\"2400\" \/>\n\t<meta property=\"og:image:height\" content=\"1800\" \/>\n\t<meta property=\"og:image:type\" content=\"image\/jpeg\" \/>\n<meta name=\"twitter:card\" content=\"summary_large_image\" \/>\n<script type=\"application\/ld+json\" class=\"yoast-schema-graph\">{\"@context\":\"https:\\\/\\\/schema.org\",\"@graph\":[{\"@type\":\"WebPage\",\"@id\":\"https:\\\/\\\/www.namude.lt\\\/objektas\\\/parduodama-sodyba-salimais-balninku-miestelio-moletu-rajone\\\/\",\"url\":\"https:\\\/\\\/www.namude.lt\\\/objektas\\\/parduodama-sodyba-salimais-balninku-miestelio-moletu-rajone\\\/\",\"name\":\"PARDUODAMA SODYBA \u0160ALIMAIS BALNINK\u0172 MIESTELIO MOL\u0116T\u0172 RAJONE - Namud\u0117\",\"isPartOf\":{\"@id\":\"https:\\\/\\\/www.namude.lt\\\/#website\"},\"primaryImageOfPage\":{\"@id\":\"https:\\\/\\\/www.namude.lt\\\/objektas\\\/parduodama-sodyba-salimais-balninku-miestelio-moletu-rajone\\\/#primaryimage\"},\"image\":{\"@id\":\"https:\\\/\\\/www.namude.lt\\\/objektas\\\/parduodama-sodyba-salimais-balninku-miestelio-moletu-rajone\\\/#primaryimage\"},\"thumbnailUrl\":\"https:\\\/\\\/www.namude.lt\\\/wp-content\\\/uploads\\\/2025\\\/04\\\/1-28.jpg\",\"datePublished\":\"2025-04-29T07:49:52+00:00\",\"dateModified\":\"2025-07-25T06:10:18+00:00\",\"breadcrumb\":{\"@id\":\"https:\\\/\\\/www.namude.lt\\\/objektas\\\/parduodama-sodyba-salimais-balninku-miestelio-moletu-rajone\\\/#breadcrumb\"},\"inLanguage\":\"en-US\",\"potentialAction\":[{\"@type\":\"ReadAction\",\"target\":[\"https:\\\/\\\/www.namude.lt\\\/objektas\\\/parduodama-sodyba-salimais-balninku-miestelio-moletu-rajone\\\/\"]}]},{\"@type\":\"ImageObject\",\"inLanguage\":\"en-US\",\"@id\":\"https:\\\/\\\/www.namude.lt\\\/objektas\\\/parduodama-sodyba-salimais-balninku-miestelio-moletu-rajone\\\/#primaryimage\",\"url\":\"https:\\\/\\\/www.namude.lt\\\/wp-content\\\/uploads\\\/2025\\\/04\\\/1-28.jpg\",\"contentUrl\":\"https:\\\/\\\/www.namude.lt\\\/wp-content\\\/uploads\\\/2025\\\/04\\\/1-28.jpg\",\"width\":2400,\"height\":1800},{\"@type\":\"BreadcrumbList\",\"@id\":\"https:\\\/\\\/www.namude.lt\\\/objektas\\\/parduodama-sodyba-salimais-balninku-miestelio-moletu-rajone\\\/#breadcrumb\",\"itemListElement\":[{\"@type\":\"ListItem\",\"position\":1,\"name\":\"Home\",\"item\":\"https:\\\/\\\/www.namude.lt\\\/en\\\/\"},{\"@type\":\"ListItem\",\"position\":2,\"name\":\"Real estate\",\"item\":\"https:\\\/\\\/www.namude.lt\\\/en\\\/real-estate\\\/\"},{\"@type\":\"ListItem\",\"position\":3,\"name\":\"PARDUODAMA SODYBA \u0160ALIMAIS BALNINK\u0172 MIESTELIO MOL\u0116T\u0172 RAJONE\"}]},{\"@type\":\"WebSite\",\"@id\":\"https:\\\/\\\/www.namude.lt\\\/#website\",\"url\":\"https:\\\/\\\/www.namude.lt\\\/\",\"name\":\"Namud\u0117\",\"description\":\"\u201eNamud\u0117\u201c \u2013 agent\u016bra, pardavin\u0117janti Auk\u0161taitijos NT grynuolius.\",\"publisher\":{\"@id\":\"https:\\\/\\\/www.namude.lt\\\/#organization\"},\"potentialAction\":[{\"@type\":\"SearchAction\",\"target\":{\"@type\":\"EntryPoint\",\"urlTemplate\":\"https:\\\/\\\/www.namude.lt\\\/?s={search_term_string}\"},\"query-input\":{\"@type\":\"PropertyValueSpecification\",\"valueRequired\":true,\"valueName\":\"search_term_string\"}}],\"inLanguage\":\"en-US\"},{\"@type\":\"Organization\",\"@id\":\"https:\\\/\\\/www.namude.lt\\\/#organization\",\"name\":\"Namud\u0117\",\"url\":\"https:\\\/\\\/www.namude.lt\\\/\",\"logo\":{\"@type\":\"ImageObject\",\"inLanguage\":\"en-US\",\"@id\":\"https:\\\/\\\/www.namude.lt\\\/#\\\/schema\\\/logo\\\/image\\\/\",\"url\":\"https:\\\/\\\/www.namude.lt\\\/wp-content\\\/uploads\\\/2023\\\/11\\\/logo-symbol.svg\",\"contentUrl\":\"https:\\\/\\\/www.namude.lt\\\/wp-content\\\/uploads\\\/2023\\\/11\\\/logo-symbol.svg\",\"width\":1,\"height\":1,\"caption\":\"Namud\u0117\"},\"image\":{\"@id\":\"https:\\\/\\\/www.namude.lt\\\/#\\\/schema\\\/logo\\\/image\\\/\"}}]}<\/script>\n<!-- \/ Yoast SEO plugin. -->","yoast_head_json":{"title":"PARDUODAMA SODYBA \u0160ALIMAIS BALNINK\u0172 MIESTELIO MOL\u0116T\u0172 RAJONE - Namud\u0117","robots":{"index":"index","follow":"follow","max-snippet":"max-snippet:-1","max-image-preview":"max-image-preview:large","max-video-preview":"max-video-preview:-1"},"canonical":"https:\/\/www.namude.lt\/objektas\/parduodama-sodyba-salimais-balninku-miestelio-moletu-rajone\/","og_locale":"en_US","og_type":"article","og_title":"PARDUODAMA SODYBA \u0160ALIMAIS BALNINK\u0172 MIESTELIO MOL\u0116T\u0172 RAJONE - Namud\u0117","og_description":"Mi\u0161k\u0173 ir e\u017eer\u0173 kra\u0161te Mol\u0117t\u0173 rajone, \u010cere\u0161k\u0173 kaime sodyba laukia nauj\u0173 \u0161eiminink\u0173. Gamtos myl\u0117tojams ir \u017evejams ar ie\u0161kantiems privatumo tai puiki vieta poilsiui, hobiui ir nuolatiniam gyvenimui. Sodyba \u012fsik\u016brusi Petruvkos mi\u0161ko apsuptyje, teritorijoje auga brandus med\u017eiai yra du tvenkiniai, 2 namai ir pirtis. Mi\u0161ko kaimynyst\u0117je gausu ne tik mi\u0161ko g\u0117rybi\u0173 bet ir ak\u012f d\u017eiuginan\u010di\u0173 gyv\u016bn\u0173, pauk\u0161\u010di\u0173. Vos keli\u0173 kilometr\u0173 atstumu yra Balnink\u0173 miestelis, kuriame puikuojasi Alau\u0161o e\u017eeras. Miestelyje yra \u012fsik\u016brusios parduotuv\u0117s, pradin\u0117 mokykla, vaistin\u0117, ambulatorija. PRIVALUMAI: \u2013 Pri\u017ei\u016br\u0117tas 2 auk\u0161t\u0173 gyvenamasis r\u0105stinis namas 150kv.m. ( gyvenamojo namo pirmame auk\u0161te yra erdvi svetain\u0117 su \u017eidiniu, virtuv\u0117, patalpa WC patalpai \u012fsirengti ir holas; antrame namo auk\u0161te yra 2 miegamieji ir bendra svetain\u0117s erdv\u0117 su panoraminiais langais) \u2013 Pri\u017ei\u016br\u0117tas 2 auk\u0161t\u0173 poilsio namas (namo pirmame auk\u0161te yra holas, svetain\u0117s erdv\u0117, virtuv\u0117, WC patalpa; antrame auk\u0161te erdvus miegamasis) \u2013 \u017dem\u0117s sklypo plotas \u2013 4,5 ha; \u2013 Pirtis 37kv.; \u2013 Lauko r\u016bsys, malkin\u0117, \u0161ulinys, lauko \u017eidinys; \u2013 Didelis kiemas su 2 tvenkiniais, brand\u017eiais med\u017eiais; \u2013 \u0160alimais yra G\u0117li\u0173 e\u017eeras, iki Alau\u0161o e\u017eero 2,5 km; \u2013 Patogus priva\u017eiavimas visais met\u0173 laikais, atstumai iki Balnink\u0173 2,5 km, Girsteiti\u0161kio 9 km, Mol\u0117t\u0173 20 km, Ukmerg\u0117s 33 km, Anyk\u0161\u010d\u0173 34 km, Utenos 50 km, \u0160irvintos 53 km, Jonavos 70 km, Panev\u0117\u017eys 95 km, Vilniaus 97 km, Kauno 102 km.  Kvie\u010diame ap\u017ei\u016br\u0117ti ir \u012fvertinti \u0161i\u0105 vieta patiems! Lauksime atvykstant ir savaitgaliais!","og_url":"https:\/\/www.namude.lt\/objektas\/parduodama-sodyba-salimais-balninku-miestelio-moletu-rajone\/","og_site_name":"Namud\u0117","article_modified_time":"2025-07-25T06:10:18+00:00","og_image":[{"width":2400,"height":1800,"url":"https:\/\/www.namude.lt\/wp-content\/uploads\/2025\/04\/1-28.jpg","type":"image\/jpeg"}],"twitter_card":"summary_large_image","schema":{"@context":"https:\/\/schema.org","@graph":[{"@type":"WebPage","@id":"https:\/\/www.namude.lt\/objektas\/parduodama-sodyba-salimais-balninku-miestelio-moletu-rajone\/","url":"https:\/\/www.namude.lt\/objektas\/parduodama-sodyba-salimais-balninku-miestelio-moletu-rajone\/","name":"PARDUODAMA SODYBA \u0160ALIMAIS BALNINK\u0172 MIESTELIO MOL\u0116T\u0172 RAJONE - Namud\u0117","isPartOf":{"@id":"https:\/\/www.namude.lt\/#website"},"primaryImageOfPage":{"@id":"https:\/\/www.namude.lt\/objektas\/parduodama-sodyba-salimais-balninku-miestelio-moletu-rajone\/#primaryimage"},"image":{"@id":"https:\/\/www.namude.lt\/objektas\/parduodama-sodyba-salimais-balninku-miestelio-moletu-rajone\/#primaryimage"},"thumbnailUrl":"https:\/\/www.namude.lt\/wp-content\/uploads\/2025\/04\/1-28.jpg","datePublished":"2025-04-29T07:49:52+00:00","dateModified":"2025-07-25T06:10:18+00:00","breadcrumb":{"@id":"https:\/\/www.namude.lt\/objektas\/parduodama-sodyba-salimais-balninku-miestelio-moletu-rajone\/#breadcrumb"},"inLanguage":"en-US","potentialAction":[{"@type":"ReadAction","target":["https:\/\/www.namude.lt\/objektas\/parduodama-sodyba-salimais-balninku-miestelio-moletu-rajone\/"]}]},{"@type":"ImageObject","inLanguage":"en-US","@id":"https:\/\/www.namude.lt\/objektas\/parduodama-sodyba-salimais-balninku-miestelio-moletu-rajone\/#primaryimage","url":"https:\/\/www.namude.lt\/wp-content\/uploads\/2025\/04\/1-28.jpg","contentUrl":"https:\/\/www.namude.lt\/wp-content\/uploads\/2025\/04\/1-28.jpg","width":2400,"height":1800},{"@type":"BreadcrumbList","@id":"https:\/\/www.namude.lt\/objektas\/parduodama-sodyba-salimais-balninku-miestelio-moletu-rajone\/#breadcrumb","itemListElement":[{"@type":"ListItem","position":1,"name":"Home","item":"https:\/\/www.namude.lt\/en\/"},{"@type":"ListItem","position":2,"name":"Real estate","item":"https:\/\/www.namude.lt\/en\/real-estate\/"},{"@type":"ListItem","position":3,"name":"PARDUODAMA SODYBA \u0160ALIMAIS BALNINK\u0172 MIESTELIO MOL\u0116T\u0172 RAJONE"}]},{"@type":"WebSite","@id":"https:\/\/www.namude.lt\/#website","url":"https:\/\/www.namude.lt\/","name":"Namud\u0117","description":"\u201eNamud\u0117\u201c \u2013 agent\u016bra, pardavin\u0117janti Auk\u0161taitijos NT grynuolius.","publisher":{"@id":"https:\/\/www.namude.lt\/#organization"},"potentialAction":[{"@type":"SearchAction","target":{"@type":"EntryPoint","urlTemplate":"https:\/\/www.namude.lt\/?s={search_term_string}"},"query-input":{"@type":"PropertyValueSpecification","valueRequired":true,"valueName":"search_term_string"}}],"inLanguage":"en-US"},{"@type":"Organization","@id":"https:\/\/www.namude.lt\/#organization","name":"Namud\u0117","url":"https:\/\/www.namude.lt\/","logo":{"@type":"ImageObject","inLanguage":"en-US","@id":"https:\/\/www.namude.lt\/#\/schema\/logo\/image\/","url":"https:\/\/www.namude.lt\/wp-content\/uploads\/2023\/11\/logo-symbol.svg","contentUrl":"https:\/\/www.namude.lt\/wp-content\/uploads\/2023\/11\/logo-symbol.svg","width":1,"height":1,"caption":"Namud\u0117"},"image":{"@id":"https:\/\/www.namude.lt\/#\/schema\/logo\/image\/"}}]}},"_links":{"self":[{"href":"https:\/\/www.namude.lt\/en\/wp-json\/wp\/v2\/product\/17383","targetHints":{"allow":["GET"]}}],"collection":[{"href":"https:\/\/www.namude.lt\/en\/wp-json\/wp\/v2\/product"}],"about":[{"href":"https:\/\/www.namude.lt\/en\/wp-json\/wp\/v2\/types\/product"}],"wp:featuredmedia":[{"embeddable":true,"href":"https:\/\/www.namude.lt\/en\/wp-json\/wp\/v2\/media\/20691"}],"wp:attachment":[{"href":"https:\/\/www.namude.lt\/en\/wp-json\/wp\/v2\/media?parent=17383"}],"wp:term":[{"taxonomy":"product_brand","embeddable":true,"href":"https:\/\/www.namude.lt\/en\/wp-json\/wp\/v2\/product_brand?post=17383"},{"taxonomy":"product_cat","embeddable":true,"href":"https:\/\/www.namude.lt\/en\/wp-json\/wp\/v2\/product_cat?post=17383"},{"taxonomy":"product_tag","embeddable":true,"href":"https:\/\/www.namude.lt\/en\/wp-json\/wp\/v2\/product_tag?post=17383"}],"curies":[{"name":"wp","href":"https:\/\/api.w.org\/{rel}","templated":true}]}}