{"id":17171,"date":"2025-04-28T15:35:17","date_gmt":"2025-04-28T12:35:17","guid":{"rendered":"https:\/\/www.namude.lt\/?post_type=product&#038;p=17171"},"modified":"2026-04-03T11:54:21","modified_gmt":"2026-04-03T08:54:21","slug":"parduodama-dalis-namo-utenos-rajone","status":"publish","type":"product","link":"https:\/\/www.namude.lt\/en\/object\/parduodama-dalis-namo-utenos-rajone\/","title":{"rendered":"PARDUODAMA DALIS NAMO UTENOS RAJONE"},"content":{"rendered":"","protected":false},"excerpt":{"rendered":"<p>Dr\u0105s\u0117n\u0173 \u0161irdyje parduodama r\u0105stinio namo dalis su \u016bkiniais. Dr\u0105s\u0117nai jaukus kaimelis \u0161alia kelio Daugailiai-Dusetos. Kaimelis \u012fsik\u016br\u0119s \u0161alimais \u017dirg\u0117s mi\u0161ko, netoliese puikuojasi Indrajo e\u017eeras ir Gra\u017eut\u0117s regionis parkas.<br \/>\nPRIVALUMAI:<br \/>\n\u2013 Pri\u017ei\u016br\u0117ta 1 auk\u0161to namo dalis 80kv.m. (2 kambariai, bei virtuv\u0117  yra pe\u010dius-duonkep\u0117, sand\u0117liavimo patalpa);<br \/>\n\u2013 \u016akiniai pastatai (lauko virtuv\u0117, \u016bkinis pastatas, lauko r\u016bsys, \u0161ulinys);<br \/>\n\u2013 Sklypo plotas \u2013 30a;<br \/>\n\u2013Krosninis \u0161ildymas;<br \/>\n\u2013 Brandus sodas, pri\u017ei\u016br\u0117ta aplinka;<br \/>\n\u2013 Patogus priva\u017eiavimas visais met\u0173 laikais: iki Utenos 18km, Zaras\u0173 28km, Visagino 50km, Vilnius 117km, Panev\u0117\u017eys 119km.<br \/>\nKoordinat\u0117s :<br \/>\nmaps.lt \u2013 55.620342, 25.823495<br \/>\nKvie\u010diame ap\u017ei\u016br\u0117ti ir \u012fvertinti \u0161i\u0105 viet\u0105 patiems! Lauksime atvykstant ir savaitgaliais!<\/p>\n","protected":false},"featured_media":17172,"template":"","meta":{"_acf_changed":false},"product_brand":[],"product_cat":[26],"product_tag":[],"class_list":{"0":"post-17171","1":"product","2":"type-product","3":"status-publish","4":"has-post-thumbnail","6":"product_cat-namai","7":"pa_rajonas-utenos-rajonas","8":"description-off","10":"first","11":"instock","12":"shipping-taxable","13":"purchasable","14":"product-type-simple"},"acf":[],"yoast_head":"<!-- This site is optimized with the Yoast SEO plugin v27.0 - https:\/\/yoast.com\/product\/yoast-seo-wordpress\/ -->\n<title>PARDUODAMA DALIS NAMO UTENOS RAJONE - Namud\u0117<\/title>\n<meta name=\"robots\" content=\"index, follow, max-snippet:-1, max-image-preview:large, max-video-preview:-1\" \/>\n<link rel=\"canonical\" href=\"https:\/\/www.namude.lt\/objektas\/parduodama-dalis-namo-utenos-rajone\/\" \/>\n<meta property=\"og:locale\" content=\"en_US\" \/>\n<meta property=\"og:type\" content=\"article\" \/>\n<meta property=\"og:title\" content=\"PARDUODAMA DALIS NAMO UTENOS RAJONE - Namud\u0117\" \/>\n<meta property=\"og:description\" content=\"Dr\u0105s\u0117n\u0173 \u0161irdyje parduodama r\u0105stinio namo dalis su \u016bkiniais. Dr\u0105s\u0117nai jaukus kaimelis \u0161alia kelio Daugailiai-Dusetos. Kaimelis \u012fsik\u016br\u0119s \u0161alimais \u017dirg\u0117s mi\u0161ko, netoliese puikuojasi Indrajo e\u017eeras ir Gra\u017eut\u0117s regionis parkas. PRIVALUMAI: \u2013 Pri\u017ei\u016br\u0117ta 1 auk\u0161to namo dalis 80kv.m. (2 kambariai, bei virtuv\u0117 yra pe\u010dius-duonkep\u0117, sand\u0117liavimo patalpa); \u2013 \u016akiniai pastatai (lauko virtuv\u0117, \u016bkinis pastatas, lauko r\u016bsys, \u0161ulinys); \u2013 Sklypo plotas \u2013 30a; \u2013Krosninis \u0161ildymas; \u2013 Brandus sodas, pri\u017ei\u016br\u0117ta aplinka; \u2013 Patogus priva\u017eiavimas visais met\u0173 laikais: iki Utenos 18km, Zaras\u0173 28km, Visagino 50km, Vilnius 117km, Panev\u0117\u017eys 119km. Koordinat\u0117s : maps.lt \u2013 55.620342, 25.823495 Kvie\u010diame ap\u017ei\u016br\u0117ti ir \u012fvertinti \u0161i\u0105 viet\u0105 patiems! Lauksime atvykstant ir savaitgaliais!\" \/>\n<meta property=\"og:url\" content=\"https:\/\/www.namude.lt\/objektas\/parduodama-dalis-namo-utenos-rajone\/\" \/>\n<meta property=\"og:site_name\" content=\"Namud\u0117\" \/>\n<meta property=\"article:modified_time\" content=\"2026-04-03T08:54:21+00:00\" \/>\n<meta property=\"og:image\" content=\"https:\/\/www.namude.lt\/wp-content\/uploads\/2025\/04\/1-19.jpg\" \/>\n\t<meta property=\"og:image:width\" content=\"2400\" \/>\n\t<meta property=\"og:image:height\" content=\"1800\" \/>\n\t<meta property=\"og:image:type\" content=\"image\/jpeg\" \/>\n<meta name=\"twitter:card\" content=\"summary_large_image\" \/>\n<script type=\"application\/ld+json\" class=\"yoast-schema-graph\">{\"@context\":\"https:\/\/schema.org\",\"@graph\":[{\"@type\":\"WebPage\",\"@id\":\"https:\/\/www.namude.lt\/objektas\/parduodama-dalis-namo-utenos-rajone\/\",\"url\":\"https:\/\/www.namude.lt\/objektas\/parduodama-dalis-namo-utenos-rajone\/\",\"name\":\"PARDUODAMA DALIS NAMO UTENOS RAJONE - Namud\u0117\",\"isPartOf\":{\"@id\":\"https:\/\/www.namude.lt\/#website\"},\"primaryImageOfPage\":{\"@id\":\"https:\/\/www.namude.lt\/objektas\/parduodama-dalis-namo-utenos-rajone\/#primaryimage\"},\"image\":{\"@id\":\"https:\/\/www.namude.lt\/objektas\/parduodama-dalis-namo-utenos-rajone\/#primaryimage\"},\"thumbnailUrl\":\"https:\/\/www.namude.lt\/wp-content\/uploads\/2025\/04\/1-19.jpg\",\"datePublished\":\"2025-04-28T12:35:17+00:00\",\"dateModified\":\"2026-04-03T08:54:21+00:00\",\"breadcrumb\":{\"@id\":\"https:\/\/www.namude.lt\/objektas\/parduodama-dalis-namo-utenos-rajone\/#breadcrumb\"},\"inLanguage\":\"en-US\",\"potentialAction\":[{\"@type\":\"ReadAction\",\"target\":[\"https:\/\/www.namude.lt\/objektas\/parduodama-dalis-namo-utenos-rajone\/\"]}]},{\"@type\":\"ImageObject\",\"inLanguage\":\"en-US\",\"@id\":\"https:\/\/www.namude.lt\/objektas\/parduodama-dalis-namo-utenos-rajone\/#primaryimage\",\"url\":\"https:\/\/www.namude.lt\/wp-content\/uploads\/2025\/04\/1-19.jpg\",\"contentUrl\":\"https:\/\/www.namude.lt\/wp-content\/uploads\/2025\/04\/1-19.jpg\",\"width\":2400,\"height\":1800},{\"@type\":\"BreadcrumbList\",\"@id\":\"https:\/\/www.namude.lt\/objektas\/parduodama-dalis-namo-utenos-rajone\/#breadcrumb\",\"itemListElement\":[{\"@type\":\"ListItem\",\"position\":1,\"name\":\"Home\",\"item\":\"https:\/\/www.namude.lt\/en\/\"},{\"@type\":\"ListItem\",\"position\":2,\"name\":\"Real estate\",\"item\":\"https:\/\/www.namude.lt\/en\/real-estate\/\"},{\"@type\":\"ListItem\",\"position\":3,\"name\":\"PARDUODAMA DALIS NAMO UTENOS RAJONE\"}]},{\"@type\":\"WebSite\",\"@id\":\"https:\/\/www.namude.lt\/#website\",\"url\":\"https:\/\/www.namude.lt\/\",\"name\":\"Namud\u0117\",\"description\":\"\u201eNamud\u0117\u201c \u2013 agent\u016bra, pardavin\u0117janti Auk\u0161taitijos NT grynuolius.\",\"publisher\":{\"@id\":\"https:\/\/www.namude.lt\/#organization\"},\"potentialAction\":[{\"@type\":\"SearchAction\",\"target\":{\"@type\":\"EntryPoint\",\"urlTemplate\":\"https:\/\/www.namude.lt\/?s={search_term_string}\"},\"query-input\":{\"@type\":\"PropertyValueSpecification\",\"valueRequired\":true,\"valueName\":\"search_term_string\"}}],\"inLanguage\":\"en-US\"},{\"@type\":\"Organization\",\"@id\":\"https:\/\/www.namude.lt\/#organization\",\"name\":\"Namud\u0117\",\"url\":\"https:\/\/www.namude.lt\/\",\"logo\":{\"@type\":\"ImageObject\",\"inLanguage\":\"en-US\",\"@id\":\"https:\/\/www.namude.lt\/#\/schema\/logo\/image\/\",\"url\":\"https:\/\/www.namude.lt\/wp-content\/uploads\/2023\/11\/logo-symbol.svg\",\"contentUrl\":\"https:\/\/www.namude.lt\/wp-content\/uploads\/2023\/11\/logo-symbol.svg\",\"width\":1,\"height\":1,\"caption\":\"Namud\u0117\"},\"image\":{\"@id\":\"https:\/\/www.namude.lt\/#\/schema\/logo\/image\/\"}}]}<\/script>\n<!-- \/ Yoast SEO plugin. -->","yoast_head_json":{"title":"PARDUODAMA DALIS NAMO UTENOS RAJONE - Namud\u0117","robots":{"index":"index","follow":"follow","max-snippet":"max-snippet:-1","max-image-preview":"max-image-preview:large","max-video-preview":"max-video-preview:-1"},"canonical":"https:\/\/www.namude.lt\/objektas\/parduodama-dalis-namo-utenos-rajone\/","og_locale":"en_US","og_type":"article","og_title":"PARDUODAMA DALIS NAMO UTENOS RAJONE - Namud\u0117","og_description":"Dr\u0105s\u0117n\u0173 \u0161irdyje parduodama r\u0105stinio namo dalis su \u016bkiniais. Dr\u0105s\u0117nai jaukus kaimelis \u0161alia kelio Daugailiai-Dusetos. Kaimelis \u012fsik\u016br\u0119s \u0161alimais \u017dirg\u0117s mi\u0161ko, netoliese puikuojasi Indrajo e\u017eeras ir Gra\u017eut\u0117s regionis parkas. PRIVALUMAI: \u2013 Pri\u017ei\u016br\u0117ta 1 auk\u0161to namo dalis 80kv.m. (2 kambariai, bei virtuv\u0117 yra pe\u010dius-duonkep\u0117, sand\u0117liavimo patalpa); \u2013 \u016akiniai pastatai (lauko virtuv\u0117, \u016bkinis pastatas, lauko r\u016bsys, \u0161ulinys); \u2013 Sklypo plotas \u2013 30a; \u2013Krosninis \u0161ildymas; \u2013 Brandus sodas, pri\u017ei\u016br\u0117ta aplinka; \u2013 Patogus priva\u017eiavimas visais met\u0173 laikais: iki Utenos 18km, Zaras\u0173 28km, Visagino 50km, Vilnius 117km, Panev\u0117\u017eys 119km. Koordinat\u0117s : maps.lt \u2013 55.620342, 25.823495 Kvie\u010diame ap\u017ei\u016br\u0117ti ir \u012fvertinti \u0161i\u0105 viet\u0105 patiems! Lauksime atvykstant ir savaitgaliais!","og_url":"https:\/\/www.namude.lt\/objektas\/parduodama-dalis-namo-utenos-rajone\/","og_site_name":"Namud\u0117","article_modified_time":"2026-04-03T08:54:21+00:00","og_image":[{"width":2400,"height":1800,"url":"https:\/\/www.namude.lt\/wp-content\/uploads\/2025\/04\/1-19.jpg","type":"image\/jpeg"}],"twitter_card":"summary_large_image","schema":{"@context":"https:\/\/schema.org","@graph":[{"@type":"WebPage","@id":"https:\/\/www.namude.lt\/objektas\/parduodama-dalis-namo-utenos-rajone\/","url":"https:\/\/www.namude.lt\/objektas\/parduodama-dalis-namo-utenos-rajone\/","name":"PARDUODAMA DALIS NAMO UTENOS RAJONE - Namud\u0117","isPartOf":{"@id":"https:\/\/www.namude.lt\/#website"},"primaryImageOfPage":{"@id":"https:\/\/www.namude.lt\/objektas\/parduodama-dalis-namo-utenos-rajone\/#primaryimage"},"image":{"@id":"https:\/\/www.namude.lt\/objektas\/parduodama-dalis-namo-utenos-rajone\/#primaryimage"},"thumbnailUrl":"https:\/\/www.namude.lt\/wp-content\/uploads\/2025\/04\/1-19.jpg","datePublished":"2025-04-28T12:35:17+00:00","dateModified":"2026-04-03T08:54:21+00:00","breadcrumb":{"@id":"https:\/\/www.namude.lt\/objektas\/parduodama-dalis-namo-utenos-rajone\/#breadcrumb"},"inLanguage":"en-US","potentialAction":[{"@type":"ReadAction","target":["https:\/\/www.namude.lt\/objektas\/parduodama-dalis-namo-utenos-rajone\/"]}]},{"@type":"ImageObject","inLanguage":"en-US","@id":"https:\/\/www.namude.lt\/objektas\/parduodama-dalis-namo-utenos-rajone\/#primaryimage","url":"https:\/\/www.namude.lt\/wp-content\/uploads\/2025\/04\/1-19.jpg","contentUrl":"https:\/\/www.namude.lt\/wp-content\/uploads\/2025\/04\/1-19.jpg","width":2400,"height":1800},{"@type":"BreadcrumbList","@id":"https:\/\/www.namude.lt\/objektas\/parduodama-dalis-namo-utenos-rajone\/#breadcrumb","itemListElement":[{"@type":"ListItem","position":1,"name":"Home","item":"https:\/\/www.namude.lt\/en\/"},{"@type":"ListItem","position":2,"name":"Real estate","item":"https:\/\/www.namude.lt\/en\/real-estate\/"},{"@type":"ListItem","position":3,"name":"PARDUODAMA DALIS NAMO UTENOS RAJONE"}]},{"@type":"WebSite","@id":"https:\/\/www.namude.lt\/#website","url":"https:\/\/www.namude.lt\/","name":"Namud\u0117","description":"\u201eNamud\u0117\u201c \u2013 agent\u016bra, pardavin\u0117janti Auk\u0161taitijos NT grynuolius.","publisher":{"@id":"https:\/\/www.namude.lt\/#organization"},"potentialAction":[{"@type":"SearchAction","target":{"@type":"EntryPoint","urlTemplate":"https:\/\/www.namude.lt\/?s={search_term_string}"},"query-input":{"@type":"PropertyValueSpecification","valueRequired":true,"valueName":"search_term_string"}}],"inLanguage":"en-US"},{"@type":"Organization","@id":"https:\/\/www.namude.lt\/#organization","name":"Namud\u0117","url":"https:\/\/www.namude.lt\/","logo":{"@type":"ImageObject","inLanguage":"en-US","@id":"https:\/\/www.namude.lt\/#\/schema\/logo\/image\/","url":"https:\/\/www.namude.lt\/wp-content\/uploads\/2023\/11\/logo-symbol.svg","contentUrl":"https:\/\/www.namude.lt\/wp-content\/uploads\/2023\/11\/logo-symbol.svg","width":1,"height":1,"caption":"Namud\u0117"},"image":{"@id":"https:\/\/www.namude.lt\/#\/schema\/logo\/image\/"}}]}},"_links":{"self":[{"href":"https:\/\/www.namude.lt\/en\/wp-json\/wp\/v2\/product\/17171","targetHints":{"allow":["GET"]}}],"collection":[{"href":"https:\/\/www.namude.lt\/en\/wp-json\/wp\/v2\/product"}],"about":[{"href":"https:\/\/www.namude.lt\/en\/wp-json\/wp\/v2\/types\/product"}],"wp:featuredmedia":[{"embeddable":true,"href":"https:\/\/www.namude.lt\/en\/wp-json\/wp\/v2\/media\/17172"}],"wp:attachment":[{"href":"https:\/\/www.namude.lt\/en\/wp-json\/wp\/v2\/media?parent=17171"}],"wp:term":[{"taxonomy":"product_brand","embeddable":true,"href":"https:\/\/www.namude.lt\/en\/wp-json\/wp\/v2\/product_brand?post=17171"},{"taxonomy":"product_cat","embeddable":true,"href":"https:\/\/www.namude.lt\/en\/wp-json\/wp\/v2\/product_cat?post=17171"},{"taxonomy":"product_tag","embeddable":true,"href":"https:\/\/www.namude.lt\/en\/wp-json\/wp\/v2\/product_tag?post=17171"}],"curies":[{"name":"wp","href":"https:\/\/api.w.org\/{rel}","templated":true}]}}