{"id":16874,"date":"2025-04-22T10:01:46","date_gmt":"2025-04-22T07:01:46","guid":{"rendered":"https:\/\/www.namude.lt\/?post_type=product&#038;p=16874"},"modified":"2026-01-27T11:56:49","modified_gmt":"2026-01-27T09:56:49","slug":"parduodama-sodyba-su-gyvenamojo-namo-pamatais-ignalinos-rajone-mielagenu-seniunijoje-salomenkos-kaime-liepu-g-20","status":"publish","type":"product","link":"https:\/\/www.namude.lt\/en\/object\/parduodama-sodyba-su-gyvenamojo-namo-pamatais-ignalinos-rajone-mielagenu-seniunijoje-salomenkos-kaime-liepu-g-20\/","title":{"rendered":"Parduodama sodyba su gyvenamojo namo pamatais Ignalinos rajone, Mielag\u0117n\u0173 seni\u016bnijoje, Salomenkos kaime, Liep\u0173 g. 20."},"content":{"rendered":"","protected":false},"excerpt":{"rendered":"<p><strong>Parduodama sodyba su gyvenamojo namo pamatais Ignalinos rajone, Mielag\u0117n\u0173 seni\u016bnijoje, Salomenkos kaime, Liep\u0173 g. 20.<\/strong><a href=\"https:\/\/www.namude.lt\/kategorija\/sodybos\/?filter_rajonas=ignalinos-rajonas&amp;query_type_rajonas=or\"><\/a> Nam\u0173 valdos 0.6029 ha sklype yra i\u0161lik\u0119 \u012fregistruoti, 1970 m statybos, gyvenamojo namo pamatai (110 kv. m u\u017estatymo ploto), tvartas, m\u016brinis kiemo r\u016bsys, \u0161ulinys, lauko tualetas ir vaismed\u017eiai. Sklypo riba praeina trij\u0173 fazi\u0173 elektros oro linija, o artimiausia elektros pastot\u0117 apie 150 m. Artimiausia maisto preki\u0173 parduotuv\u0117 Mielag\u0117nuose, apie 2 km. Geras priva\u017eiavimas visais met\u0173 laikais asfaltuotu keliu. Artimiausi miestai \u2013 Ignalina (apie 27 km) ir \u0160ven\u010dionys (apie 22 km). Iki Vilniaus apie 107 km. Iki artimiausio prie Mila\u0161ai\u010dio e\u017eero \u012frengto plia\u017eo apie 2 km. Netoliese, apie 3 km, randasi did\u017eiausias Ignalinos rajono kult\u016bros \u017eidinys \u2013 Paliesiaus dvaras, kuriame vyksta garsi\u0173 atlik\u0117j\u0173 koncertai. Taip pat ten yra kavin\u0117, kepykl\u0117l\u0117, pa\u017eintinis takas ir t.t. Puiki vieta tiems, kas ie\u0161ko nam\u0173 valdos sklypo su esama infrastrukt\u016bra ir su galimybe pasistatyti gyvenam\u0105j\u012f nam\u0105.<\/p>\n","protected":false},"featured_media":16875,"template":"","meta":{"_acf_changed":false},"product_brand":[],"product_cat":[23],"product_tag":[],"class_list":{"0":"post-16874","1":"product","2":"type-product","3":"status-publish","4":"has-post-thumbnail","6":"product_cat-sodybos","7":"pa_rajonas-ignalinos-rajonas","8":"description-off","10":"first","11":"instock","12":"sale","13":"shipping-taxable","14":"purchasable","15":"product-type-simple"},"acf":[],"yoast_head":"<!-- This site is optimized with the Yoast SEO plugin v27.4 - https:\/\/yoast.com\/product\/yoast-seo-wordpress\/ -->\n<title>Parduodama sodyba su gyvenamojo namo pamatais Ignalinos rajone, Mielag\u0117n\u0173 seni\u016bnijoje, Salomenkos kaime, Liep\u0173 g. 20. - Namud\u0117<\/title>\n<meta name=\"robots\" content=\"index, follow, max-snippet:-1, max-image-preview:large, max-video-preview:-1\" \/>\n<link rel=\"canonical\" href=\"https:\/\/www.namude.lt\/objektas\/parduodama-sodyba-su-gyvenamojo-namo-pamatais-ignalinos-rajone-mielagenu-seniunijoje-salomenkos-kaime-liepu-g-20\/\" \/>\n<meta property=\"og:locale\" content=\"en_US\" \/>\n<meta property=\"og:type\" content=\"article\" \/>\n<meta property=\"og:title\" content=\"Parduodama sodyba su gyvenamojo namo pamatais Ignalinos rajone, Mielag\u0117n\u0173 seni\u016bnijoje, Salomenkos kaime, Liep\u0173 g. 20. - Namud\u0117\" \/>\n<meta property=\"og:description\" content=\"Parduodama sodyba su gyvenamojo namo pamatais Ignalinos rajone, Mielag\u0117n\u0173 seni\u016bnijoje, Salomenkos kaime, Liep\u0173 g. 20. Nam\u0173 valdos 0.6029 ha sklype yra i\u0161lik\u0119 \u012fregistruoti, 1970 m statybos, gyvenamojo namo pamatai (110 kv. m u\u017estatymo ploto), tvartas, m\u016brinis kiemo r\u016bsys, \u0161ulinys, lauko tualetas ir vaismed\u017eiai. Sklypo riba praeina trij\u0173 fazi\u0173 elektros oro linija, o artimiausia elektros pastot\u0117 apie 150 m. Artimiausia maisto preki\u0173 parduotuv\u0117 Mielag\u0117nuose, apie 2 km. Geras priva\u017eiavimas visais met\u0173 laikais asfaltuotu keliu. Artimiausi miestai \u2013 Ignalina (apie 27 km) ir \u0160ven\u010dionys (apie 22 km). Iki Vilniaus apie 107 km. Iki artimiausio prie Mila\u0161ai\u010dio e\u017eero \u012frengto plia\u017eo apie 2 km. Netoliese, apie 3 km, randasi did\u017eiausias Ignalinos rajono kult\u016bros \u017eidinys \u2013 Paliesiaus dvaras, kuriame vyksta garsi\u0173 atlik\u0117j\u0173 koncertai. Taip pat ten yra kavin\u0117, kepykl\u0117l\u0117, pa\u017eintinis takas ir t.t. Puiki vieta tiems, kas ie\u0161ko nam\u0173 valdos sklypo su esama infrastrukt\u016bra ir su galimybe pasistatyti gyvenam\u0105j\u012f nam\u0105.\" \/>\n<meta property=\"og:url\" content=\"https:\/\/www.namude.lt\/objektas\/parduodama-sodyba-su-gyvenamojo-namo-pamatais-ignalinos-rajone-mielagenu-seniunijoje-salomenkos-kaime-liepu-g-20\/\" \/>\n<meta property=\"og:site_name\" content=\"Namud\u0117\" \/>\n<meta property=\"article:modified_time\" content=\"2026-01-27T09:56:49+00:00\" \/>\n<meta property=\"og:image\" content=\"https:\/\/www.namude.lt\/wp-content\/uploads\/2025\/04\/1-14.jpg\" \/>\n\t<meta property=\"og:image:width\" content=\"800\" \/>\n\t<meta property=\"og:image:height\" content=\"531\" \/>\n\t<meta property=\"og:image:type\" content=\"image\/jpeg\" \/>\n<meta name=\"twitter:card\" content=\"summary_large_image\" \/>\n<script type=\"application\/ld+json\" class=\"yoast-schema-graph\">{\"@context\":\"https:\\\/\\\/schema.org\",\"@graph\":[{\"@type\":\"WebPage\",\"@id\":\"https:\\\/\\\/www.namude.lt\\\/objektas\\\/parduodama-sodyba-su-gyvenamojo-namo-pamatais-ignalinos-rajone-mielagenu-seniunijoje-salomenkos-kaime-liepu-g-20\\\/\",\"url\":\"https:\\\/\\\/www.namude.lt\\\/objektas\\\/parduodama-sodyba-su-gyvenamojo-namo-pamatais-ignalinos-rajone-mielagenu-seniunijoje-salomenkos-kaime-liepu-g-20\\\/\",\"name\":\"Parduodama sodyba su gyvenamojo namo pamatais Ignalinos rajone, Mielag\u0117n\u0173 seni\u016bnijoje, Salomenkos kaime, Liep\u0173 g. 20. - Namud\u0117\",\"isPartOf\":{\"@id\":\"https:\\\/\\\/www.namude.lt\\\/#website\"},\"primaryImageOfPage\":{\"@id\":\"https:\\\/\\\/www.namude.lt\\\/objektas\\\/parduodama-sodyba-su-gyvenamojo-namo-pamatais-ignalinos-rajone-mielagenu-seniunijoje-salomenkos-kaime-liepu-g-20\\\/#primaryimage\"},\"image\":{\"@id\":\"https:\\\/\\\/www.namude.lt\\\/objektas\\\/parduodama-sodyba-su-gyvenamojo-namo-pamatais-ignalinos-rajone-mielagenu-seniunijoje-salomenkos-kaime-liepu-g-20\\\/#primaryimage\"},\"thumbnailUrl\":\"https:\\\/\\\/www.namude.lt\\\/wp-content\\\/uploads\\\/2025\\\/04\\\/1-14.jpg\",\"datePublished\":\"2025-04-22T07:01:46+00:00\",\"dateModified\":\"2026-01-27T09:56:49+00:00\",\"breadcrumb\":{\"@id\":\"https:\\\/\\\/www.namude.lt\\\/objektas\\\/parduodama-sodyba-su-gyvenamojo-namo-pamatais-ignalinos-rajone-mielagenu-seniunijoje-salomenkos-kaime-liepu-g-20\\\/#breadcrumb\"},\"inLanguage\":\"en-US\",\"potentialAction\":[{\"@type\":\"ReadAction\",\"target\":[\"https:\\\/\\\/www.namude.lt\\\/objektas\\\/parduodama-sodyba-su-gyvenamojo-namo-pamatais-ignalinos-rajone-mielagenu-seniunijoje-salomenkos-kaime-liepu-g-20\\\/\"]}]},{\"@type\":\"ImageObject\",\"inLanguage\":\"en-US\",\"@id\":\"https:\\\/\\\/www.namude.lt\\\/objektas\\\/parduodama-sodyba-su-gyvenamojo-namo-pamatais-ignalinos-rajone-mielagenu-seniunijoje-salomenkos-kaime-liepu-g-20\\\/#primaryimage\",\"url\":\"https:\\\/\\\/www.namude.lt\\\/wp-content\\\/uploads\\\/2025\\\/04\\\/1-14.jpg\",\"contentUrl\":\"https:\\\/\\\/www.namude.lt\\\/wp-content\\\/uploads\\\/2025\\\/04\\\/1-14.jpg\",\"width\":800,\"height\":531},{\"@type\":\"BreadcrumbList\",\"@id\":\"https:\\\/\\\/www.namude.lt\\\/objektas\\\/parduodama-sodyba-su-gyvenamojo-namo-pamatais-ignalinos-rajone-mielagenu-seniunijoje-salomenkos-kaime-liepu-g-20\\\/#breadcrumb\",\"itemListElement\":[{\"@type\":\"ListItem\",\"position\":1,\"name\":\"Home\",\"item\":\"https:\\\/\\\/www.namude.lt\\\/en\\\/\"},{\"@type\":\"ListItem\",\"position\":2,\"name\":\"Real estate\",\"item\":\"https:\\\/\\\/www.namude.lt\\\/en\\\/real-estate\\\/\"},{\"@type\":\"ListItem\",\"position\":3,\"name\":\"Parduodama sodyba su gyvenamojo namo pamatais Ignalinos rajone, Mielag\u0117n\u0173 seni\u016bnijoje, Salomenkos kaime, Liep\u0173 g. 20.\"}]},{\"@type\":\"WebSite\",\"@id\":\"https:\\\/\\\/www.namude.lt\\\/#website\",\"url\":\"https:\\\/\\\/www.namude.lt\\\/\",\"name\":\"Namud\u0117\",\"description\":\"\u201eNamud\u0117\u201c \u2013 agent\u016bra, pardavin\u0117janti Auk\u0161taitijos NT grynuolius.\",\"publisher\":{\"@id\":\"https:\\\/\\\/www.namude.lt\\\/#organization\"},\"potentialAction\":[{\"@type\":\"SearchAction\",\"target\":{\"@type\":\"EntryPoint\",\"urlTemplate\":\"https:\\\/\\\/www.namude.lt\\\/?s={search_term_string}\"},\"query-input\":{\"@type\":\"PropertyValueSpecification\",\"valueRequired\":true,\"valueName\":\"search_term_string\"}}],\"inLanguage\":\"en-US\"},{\"@type\":\"Organization\",\"@id\":\"https:\\\/\\\/www.namude.lt\\\/#organization\",\"name\":\"Namud\u0117\",\"url\":\"https:\\\/\\\/www.namude.lt\\\/\",\"logo\":{\"@type\":\"ImageObject\",\"inLanguage\":\"en-US\",\"@id\":\"https:\\\/\\\/www.namude.lt\\\/#\\\/schema\\\/logo\\\/image\\\/\",\"url\":\"https:\\\/\\\/www.namude.lt\\\/wp-content\\\/uploads\\\/2023\\\/11\\\/logo-symbol.svg\",\"contentUrl\":\"https:\\\/\\\/www.namude.lt\\\/wp-content\\\/uploads\\\/2023\\\/11\\\/logo-symbol.svg\",\"width\":1,\"height\":1,\"caption\":\"Namud\u0117\"},\"image\":{\"@id\":\"https:\\\/\\\/www.namude.lt\\\/#\\\/schema\\\/logo\\\/image\\\/\"}}]}<\/script>\n<!-- \/ Yoast SEO plugin. -->","yoast_head_json":{"title":"Parduodama sodyba su gyvenamojo namo pamatais Ignalinos rajone, Mielag\u0117n\u0173 seni\u016bnijoje, Salomenkos kaime, Liep\u0173 g. 20. - Namud\u0117","robots":{"index":"index","follow":"follow","max-snippet":"max-snippet:-1","max-image-preview":"max-image-preview:large","max-video-preview":"max-video-preview:-1"},"canonical":"https:\/\/www.namude.lt\/objektas\/parduodama-sodyba-su-gyvenamojo-namo-pamatais-ignalinos-rajone-mielagenu-seniunijoje-salomenkos-kaime-liepu-g-20\/","og_locale":"en_US","og_type":"article","og_title":"Parduodama sodyba su gyvenamojo namo pamatais Ignalinos rajone, Mielag\u0117n\u0173 seni\u016bnijoje, Salomenkos kaime, Liep\u0173 g. 20. - Namud\u0117","og_description":"Parduodama sodyba su gyvenamojo namo pamatais Ignalinos rajone, Mielag\u0117n\u0173 seni\u016bnijoje, Salomenkos kaime, Liep\u0173 g. 20. Nam\u0173 valdos 0.6029 ha sklype yra i\u0161lik\u0119 \u012fregistruoti, 1970 m statybos, gyvenamojo namo pamatai (110 kv. m u\u017estatymo ploto), tvartas, m\u016brinis kiemo r\u016bsys, \u0161ulinys, lauko tualetas ir vaismed\u017eiai. Sklypo riba praeina trij\u0173 fazi\u0173 elektros oro linija, o artimiausia elektros pastot\u0117 apie 150 m. Artimiausia maisto preki\u0173 parduotuv\u0117 Mielag\u0117nuose, apie 2 km. Geras priva\u017eiavimas visais met\u0173 laikais asfaltuotu keliu. Artimiausi miestai \u2013 Ignalina (apie 27 km) ir \u0160ven\u010dionys (apie 22 km). Iki Vilniaus apie 107 km. Iki artimiausio prie Mila\u0161ai\u010dio e\u017eero \u012frengto plia\u017eo apie 2 km. Netoliese, apie 3 km, randasi did\u017eiausias Ignalinos rajono kult\u016bros \u017eidinys \u2013 Paliesiaus dvaras, kuriame vyksta garsi\u0173 atlik\u0117j\u0173 koncertai. Taip pat ten yra kavin\u0117, kepykl\u0117l\u0117, pa\u017eintinis takas ir t.t. Puiki vieta tiems, kas ie\u0161ko nam\u0173 valdos sklypo su esama infrastrukt\u016bra ir su galimybe pasistatyti gyvenam\u0105j\u012f nam\u0105.","og_url":"https:\/\/www.namude.lt\/objektas\/parduodama-sodyba-su-gyvenamojo-namo-pamatais-ignalinos-rajone-mielagenu-seniunijoje-salomenkos-kaime-liepu-g-20\/","og_site_name":"Namud\u0117","article_modified_time":"2026-01-27T09:56:49+00:00","og_image":[{"width":800,"height":531,"url":"https:\/\/www.namude.lt\/wp-content\/uploads\/2025\/04\/1-14.jpg","type":"image\/jpeg"}],"twitter_card":"summary_large_image","schema":{"@context":"https:\/\/schema.org","@graph":[{"@type":"WebPage","@id":"https:\/\/www.namude.lt\/objektas\/parduodama-sodyba-su-gyvenamojo-namo-pamatais-ignalinos-rajone-mielagenu-seniunijoje-salomenkos-kaime-liepu-g-20\/","url":"https:\/\/www.namude.lt\/objektas\/parduodama-sodyba-su-gyvenamojo-namo-pamatais-ignalinos-rajone-mielagenu-seniunijoje-salomenkos-kaime-liepu-g-20\/","name":"Parduodama sodyba su gyvenamojo namo pamatais Ignalinos rajone, Mielag\u0117n\u0173 seni\u016bnijoje, Salomenkos kaime, Liep\u0173 g. 20. - Namud\u0117","isPartOf":{"@id":"https:\/\/www.namude.lt\/#website"},"primaryImageOfPage":{"@id":"https:\/\/www.namude.lt\/objektas\/parduodama-sodyba-su-gyvenamojo-namo-pamatais-ignalinos-rajone-mielagenu-seniunijoje-salomenkos-kaime-liepu-g-20\/#primaryimage"},"image":{"@id":"https:\/\/www.namude.lt\/objektas\/parduodama-sodyba-su-gyvenamojo-namo-pamatais-ignalinos-rajone-mielagenu-seniunijoje-salomenkos-kaime-liepu-g-20\/#primaryimage"},"thumbnailUrl":"https:\/\/www.namude.lt\/wp-content\/uploads\/2025\/04\/1-14.jpg","datePublished":"2025-04-22T07:01:46+00:00","dateModified":"2026-01-27T09:56:49+00:00","breadcrumb":{"@id":"https:\/\/www.namude.lt\/objektas\/parduodama-sodyba-su-gyvenamojo-namo-pamatais-ignalinos-rajone-mielagenu-seniunijoje-salomenkos-kaime-liepu-g-20\/#breadcrumb"},"inLanguage":"en-US","potentialAction":[{"@type":"ReadAction","target":["https:\/\/www.namude.lt\/objektas\/parduodama-sodyba-su-gyvenamojo-namo-pamatais-ignalinos-rajone-mielagenu-seniunijoje-salomenkos-kaime-liepu-g-20\/"]}]},{"@type":"ImageObject","inLanguage":"en-US","@id":"https:\/\/www.namude.lt\/objektas\/parduodama-sodyba-su-gyvenamojo-namo-pamatais-ignalinos-rajone-mielagenu-seniunijoje-salomenkos-kaime-liepu-g-20\/#primaryimage","url":"https:\/\/www.namude.lt\/wp-content\/uploads\/2025\/04\/1-14.jpg","contentUrl":"https:\/\/www.namude.lt\/wp-content\/uploads\/2025\/04\/1-14.jpg","width":800,"height":531},{"@type":"BreadcrumbList","@id":"https:\/\/www.namude.lt\/objektas\/parduodama-sodyba-su-gyvenamojo-namo-pamatais-ignalinos-rajone-mielagenu-seniunijoje-salomenkos-kaime-liepu-g-20\/#breadcrumb","itemListElement":[{"@type":"ListItem","position":1,"name":"Home","item":"https:\/\/www.namude.lt\/en\/"},{"@type":"ListItem","position":2,"name":"Real estate","item":"https:\/\/www.namude.lt\/en\/real-estate\/"},{"@type":"ListItem","position":3,"name":"Parduodama sodyba su gyvenamojo namo pamatais Ignalinos rajone, Mielag\u0117n\u0173 seni\u016bnijoje, Salomenkos kaime, Liep\u0173 g. 20."}]},{"@type":"WebSite","@id":"https:\/\/www.namude.lt\/#website","url":"https:\/\/www.namude.lt\/","name":"Namud\u0117","description":"\u201eNamud\u0117\u201c \u2013 agent\u016bra, pardavin\u0117janti Auk\u0161taitijos NT grynuolius.","publisher":{"@id":"https:\/\/www.namude.lt\/#organization"},"potentialAction":[{"@type":"SearchAction","target":{"@type":"EntryPoint","urlTemplate":"https:\/\/www.namude.lt\/?s={search_term_string}"},"query-input":{"@type":"PropertyValueSpecification","valueRequired":true,"valueName":"search_term_string"}}],"inLanguage":"en-US"},{"@type":"Organization","@id":"https:\/\/www.namude.lt\/#organization","name":"Namud\u0117","url":"https:\/\/www.namude.lt\/","logo":{"@type":"ImageObject","inLanguage":"en-US","@id":"https:\/\/www.namude.lt\/#\/schema\/logo\/image\/","url":"https:\/\/www.namude.lt\/wp-content\/uploads\/2023\/11\/logo-symbol.svg","contentUrl":"https:\/\/www.namude.lt\/wp-content\/uploads\/2023\/11\/logo-symbol.svg","width":1,"height":1,"caption":"Namud\u0117"},"image":{"@id":"https:\/\/www.namude.lt\/#\/schema\/logo\/image\/"}}]}},"_links":{"self":[{"href":"https:\/\/www.namude.lt\/en\/wp-json\/wp\/v2\/product\/16874","targetHints":{"allow":["GET"]}}],"collection":[{"href":"https:\/\/www.namude.lt\/en\/wp-json\/wp\/v2\/product"}],"about":[{"href":"https:\/\/www.namude.lt\/en\/wp-json\/wp\/v2\/types\/product"}],"wp:featuredmedia":[{"embeddable":true,"href":"https:\/\/www.namude.lt\/en\/wp-json\/wp\/v2\/media\/16875"}],"wp:attachment":[{"href":"https:\/\/www.namude.lt\/en\/wp-json\/wp\/v2\/media?parent=16874"}],"wp:term":[{"taxonomy":"product_brand","embeddable":true,"href":"https:\/\/www.namude.lt\/en\/wp-json\/wp\/v2\/product_brand?post=16874"},{"taxonomy":"product_cat","embeddable":true,"href":"https:\/\/www.namude.lt\/en\/wp-json\/wp\/v2\/product_cat?post=16874"},{"taxonomy":"product_tag","embeddable":true,"href":"https:\/\/www.namude.lt\/en\/wp-json\/wp\/v2\/product_tag?post=16874"}],"curies":[{"name":"wp","href":"https:\/\/api.w.org\/{rel}","templated":true}]}}