{"id":16749,"date":"2025-04-18T10:14:31","date_gmt":"2025-04-18T07:14:31","guid":{"rendered":"https:\/\/www.namude.lt\/?post_type=product&#038;p=16749"},"modified":"2026-02-27T12:28:51","modified_gmt":"2026-02-27T10:28:51","slug":"parduodamas-isskirtinis-6ha-sklypas-prie-arino-ezero-pusyne-su-namo-pamatais-moletu-rajone","status":"publish","type":"product","link":"https:\/\/www.namude.lt\/en\/object\/parduodamas-isskirtinis-6ha-sklypas-prie-arino-ezero-pusyne-su-namo-pamatais-moletu-rajone\/","title":{"rendered":"Parduodamas i\u0161skirtinis 6ha sklypas prie Arino e\u017eero:  pu\u0161yne, su namo pamatais, Mol\u0117t\u0173 rajone!"},"content":{"rendered":"","protected":false},"excerpt":{"rendered":"<p><strong>Ie\u0161kote privatumo ir gamtos prieglobs\u010dio? \u0160is 6 hektar\u0173 sklypas pu\u0161yne \u2013 unikali galimyb\u0117 \u012fsikurti vienoje gra\u017eiausi\u0173 viet\u0173 \u0161alia Arino e\u017eero.<\/strong><a href=\"https:\/\/www.namude.lt\/kategorija\/sklypai\/?filter_rajonas=moletu-rajonas&amp;query_type_rajonas=or&amp;filter_ypatumai=prie-vandens&amp;query_type_ypatumai=or\"><\/a> Sklypas ribojasi su e\u017eero krantu, tad tur\u0117site tiesiogin\u0119 prieig\u0105 prie vandens \u2013 puikiai tiks tiek poilsiui, tiek nuolatiniam gyvenimui ar investicijai \u012f poilsio sodyb\u0105 ir kokybi\u0161k\u0105 gyvenim\u0105.<br \/>\nPagrindiniai privalumai:<br \/>\n\u2022\tDidelis 6ha plotas \u2013 u\u017etikrina privatum\u0105 ir daug erdv\u0117s j\u016bs\u0173 projektams \u012fgyvendinti.<br \/>\n\u2022\tBrandus pu\u0161ynas \u2013 sklypas apsuptas brand\u017ei\u0173 pu\u0161\u0173, \u0161varus oras ir nat\u016brali bei jauki aplinka i\u0161tisus metus.<br \/>\n\u2022\tArino e\u017eeras \u2013 sklypas ribojasi su e\u017eeru apie 65m., pakrant\u0117 sm\u0117l\u0117ta ir tolygiai gil\u0117janti.  Ideali vieta \u017evejybai, maudyn\u0117ms ir ramiam poilsiui prie vandens.<br \/>\n\u2022\tJau yra namo pamatai \u2013 sutaupysite laiko ir i\u0161laid\u0173 pradiniams statybos darbams ir leidimams. Atvesta 20 kw elektros linija, atlikti geodeziniai matavimai.<br \/>\n\u2022\tGeras priva\u017eiavimas \u2013 patogus priva\u017eiavimas visais met\u0173 laikais. Atstumai iki Mol\u0117t\u0173 \u2013 30km. Utenos \u2013 60 km, Vilniaus \u2013 70km.<br \/>\nSklypo koordinat\u0117s:<br \/>\nGoogle maps : 55.07282896977481, 25.682512881200637<\/p>\n","protected":false},"featured_media":22809,"template":"","meta":{"_acf_changed":false},"product_brand":[],"product_cat":[24],"product_tag":[],"class_list":{"0":"post-16749","1":"product","2":"type-product","3":"status-publish","4":"has-post-thumbnail","6":"product_cat-sklypai","7":"pa_rajonas-moletu-rajonas","8":"description-off","10":"first","11":"instock","12":"shipping-taxable","13":"purchasable","14":"product-type-simple"},"acf":[],"yoast_head":"<!-- This site is optimized with the Yoast SEO plugin v27.0 - https:\/\/yoast.com\/product\/yoast-seo-wordpress\/ -->\n<title>Parduodamas i\u0161skirtinis 6ha sklypas prie Arino e\u017eero: pu\u0161yne, su namo pamatais, Mol\u0117t\u0173 rajone! - Namud\u0117<\/title>\n<meta name=\"robots\" content=\"index, follow, max-snippet:-1, max-image-preview:large, max-video-preview:-1\" \/>\n<link rel=\"canonical\" href=\"https:\/\/www.namude.lt\/objektas\/parduodamas-isskirtinis-6ha-sklypas-prie-arino-ezero-pusyne-su-namo-pamatais-moletu-rajone\/\" \/>\n<meta property=\"og:locale\" content=\"en_US\" \/>\n<meta property=\"og:type\" content=\"article\" \/>\n<meta property=\"og:title\" content=\"Parduodamas i\u0161skirtinis 6ha sklypas prie Arino e\u017eero: pu\u0161yne, su namo pamatais, Mol\u0117t\u0173 rajone! - Namud\u0117\" \/>\n<meta property=\"og:description\" content=\"Ie\u0161kote privatumo ir gamtos prieglobs\u010dio? \u0160is 6 hektar\u0173 sklypas pu\u0161yne \u2013 unikali galimyb\u0117 \u012fsikurti vienoje gra\u017eiausi\u0173 viet\u0173 \u0161alia Arino e\u017eero. Sklypas ribojasi su e\u017eero krantu, tad tur\u0117site tiesiogin\u0119 prieig\u0105 prie vandens \u2013 puikiai tiks tiek poilsiui, tiek nuolatiniam gyvenimui ar investicijai \u012f poilsio sodyb\u0105 ir kokybi\u0161k\u0105 gyvenim\u0105. Pagrindiniai privalumai: \u2022 Didelis 6ha plotas \u2013 u\u017etikrina privatum\u0105 ir daug erdv\u0117s j\u016bs\u0173 projektams \u012fgyvendinti. \u2022 Brandus pu\u0161ynas \u2013 sklypas apsuptas brand\u017ei\u0173 pu\u0161\u0173, \u0161varus oras ir nat\u016brali bei jauki aplinka i\u0161tisus metus.  \u2022 Arino e\u017eeras \u2013 sklypas ribojasi su e\u017eeru apie 65m., pakrant\u0117 sm\u0117l\u0117ta ir tolygiai gil\u0117janti. Ideali vieta \u017evejybai, maudyn\u0117ms ir ramiam poilsiui prie vandens. \u2022 Jau yra namo pamatai \u2013 sutaupysite laiko ir i\u0161laid\u0173 pradiniams statybos darbams ir leidimams. Atvesta 20 kw elektros linija, atlikti geodeziniai matavimai. \u2022 Geras priva\u017eiavimas \u2013 patogus priva\u017eiavimas visais met\u0173 laikais. Atstumai iki Mol\u0117t\u0173 \u2013 30km. Utenos \u2013 60 km, Vilniaus \u2013 70km. Sklypo koordinat\u0117s: Google maps : 55.07282896977481, 25.682512881200637\" \/>\n<meta property=\"og:url\" content=\"https:\/\/www.namude.lt\/objektas\/parduodamas-isskirtinis-6ha-sklypas-prie-arino-ezero-pusyne-su-namo-pamatais-moletu-rajone\/\" \/>\n<meta property=\"og:site_name\" content=\"Namud\u0117\" \/>\n<meta property=\"article:modified_time\" content=\"2026-02-27T10:28:51+00:00\" \/>\n<meta property=\"og:image\" content=\"https:\/\/www.namude.lt\/wp-content\/uploads\/2025\/04\/12-21.jpg\" \/>\n\t<meta property=\"og:image:width\" content=\"800\" \/>\n\t<meta property=\"og:image:height\" content=\"600\" \/>\n\t<meta property=\"og:image:type\" content=\"image\/jpeg\" \/>\n<meta name=\"twitter:card\" content=\"summary_large_image\" \/>\n<script type=\"application\/ld+json\" class=\"yoast-schema-graph\">{\"@context\":\"https:\/\/schema.org\",\"@graph\":[{\"@type\":\"WebPage\",\"@id\":\"https:\/\/www.namude.lt\/objektas\/parduodamas-isskirtinis-6ha-sklypas-prie-arino-ezero-pusyne-su-namo-pamatais-moletu-rajone\/\",\"url\":\"https:\/\/www.namude.lt\/objektas\/parduodamas-isskirtinis-6ha-sklypas-prie-arino-ezero-pusyne-su-namo-pamatais-moletu-rajone\/\",\"name\":\"Parduodamas i\u0161skirtinis 6ha sklypas prie Arino e\u017eero: pu\u0161yne, su namo pamatais, Mol\u0117t\u0173 rajone! - Namud\u0117\",\"isPartOf\":{\"@id\":\"https:\/\/www.namude.lt\/#website\"},\"primaryImageOfPage\":{\"@id\":\"https:\/\/www.namude.lt\/objektas\/parduodamas-isskirtinis-6ha-sklypas-prie-arino-ezero-pusyne-su-namo-pamatais-moletu-rajone\/#primaryimage\"},\"image\":{\"@id\":\"https:\/\/www.namude.lt\/objektas\/parduodamas-isskirtinis-6ha-sklypas-prie-arino-ezero-pusyne-su-namo-pamatais-moletu-rajone\/#primaryimage\"},\"thumbnailUrl\":\"https:\/\/www.namude.lt\/wp-content\/uploads\/2025\/04\/12-21.jpg\",\"datePublished\":\"2025-04-18T07:14:31+00:00\",\"dateModified\":\"2026-02-27T10:28:51+00:00\",\"breadcrumb\":{\"@id\":\"https:\/\/www.namude.lt\/objektas\/parduodamas-isskirtinis-6ha-sklypas-prie-arino-ezero-pusyne-su-namo-pamatais-moletu-rajone\/#breadcrumb\"},\"inLanguage\":\"en-US\",\"potentialAction\":[{\"@type\":\"ReadAction\",\"target\":[\"https:\/\/www.namude.lt\/objektas\/parduodamas-isskirtinis-6ha-sklypas-prie-arino-ezero-pusyne-su-namo-pamatais-moletu-rajone\/\"]}]},{\"@type\":\"ImageObject\",\"inLanguage\":\"en-US\",\"@id\":\"https:\/\/www.namude.lt\/objektas\/parduodamas-isskirtinis-6ha-sklypas-prie-arino-ezero-pusyne-su-namo-pamatais-moletu-rajone\/#primaryimage\",\"url\":\"https:\/\/www.namude.lt\/wp-content\/uploads\/2025\/04\/12-21.jpg\",\"contentUrl\":\"https:\/\/www.namude.lt\/wp-content\/uploads\/2025\/04\/12-21.jpg\",\"width\":800,\"height\":600,\"caption\":\"DCIM100MEDIADJI_0054.JPG\"},{\"@type\":\"BreadcrumbList\",\"@id\":\"https:\/\/www.namude.lt\/objektas\/parduodamas-isskirtinis-6ha-sklypas-prie-arino-ezero-pusyne-su-namo-pamatais-moletu-rajone\/#breadcrumb\",\"itemListElement\":[{\"@type\":\"ListItem\",\"position\":1,\"name\":\"Home\",\"item\":\"https:\/\/www.namude.lt\/en\/\"},{\"@type\":\"ListItem\",\"position\":2,\"name\":\"Real estate\",\"item\":\"https:\/\/www.namude.lt\/en\/real-estate\/\"},{\"@type\":\"ListItem\",\"position\":3,\"name\":\"Parduodamas i\u0161skirtinis 6ha sklypas prie Arino e\u017eero: pu\u0161yne, su namo pamatais, Mol\u0117t\u0173 rajone!\"}]},{\"@type\":\"WebSite\",\"@id\":\"https:\/\/www.namude.lt\/#website\",\"url\":\"https:\/\/www.namude.lt\/\",\"name\":\"Namud\u0117\",\"description\":\"\u201eNamud\u0117\u201c \u2013 agent\u016bra, pardavin\u0117janti Auk\u0161taitijos NT grynuolius.\",\"publisher\":{\"@id\":\"https:\/\/www.namude.lt\/#organization\"},\"potentialAction\":[{\"@type\":\"SearchAction\",\"target\":{\"@type\":\"EntryPoint\",\"urlTemplate\":\"https:\/\/www.namude.lt\/?s={search_term_string}\"},\"query-input\":{\"@type\":\"PropertyValueSpecification\",\"valueRequired\":true,\"valueName\":\"search_term_string\"}}],\"inLanguage\":\"en-US\"},{\"@type\":\"Organization\",\"@id\":\"https:\/\/www.namude.lt\/#organization\",\"name\":\"Namud\u0117\",\"url\":\"https:\/\/www.namude.lt\/\",\"logo\":{\"@type\":\"ImageObject\",\"inLanguage\":\"en-US\",\"@id\":\"https:\/\/www.namude.lt\/#\/schema\/logo\/image\/\",\"url\":\"https:\/\/www.namude.lt\/wp-content\/uploads\/2023\/11\/logo-symbol.svg\",\"contentUrl\":\"https:\/\/www.namude.lt\/wp-content\/uploads\/2023\/11\/logo-symbol.svg\",\"width\":1,\"height\":1,\"caption\":\"Namud\u0117\"},\"image\":{\"@id\":\"https:\/\/www.namude.lt\/#\/schema\/logo\/image\/\"}}]}<\/script>\n<!-- \/ Yoast SEO plugin. -->","yoast_head_json":{"title":"Parduodamas i\u0161skirtinis 6ha sklypas prie Arino e\u017eero: pu\u0161yne, su namo pamatais, Mol\u0117t\u0173 rajone! - Namud\u0117","robots":{"index":"index","follow":"follow","max-snippet":"max-snippet:-1","max-image-preview":"max-image-preview:large","max-video-preview":"max-video-preview:-1"},"canonical":"https:\/\/www.namude.lt\/objektas\/parduodamas-isskirtinis-6ha-sklypas-prie-arino-ezero-pusyne-su-namo-pamatais-moletu-rajone\/","og_locale":"en_US","og_type":"article","og_title":"Parduodamas i\u0161skirtinis 6ha sklypas prie Arino e\u017eero: pu\u0161yne, su namo pamatais, Mol\u0117t\u0173 rajone! - Namud\u0117","og_description":"Ie\u0161kote privatumo ir gamtos prieglobs\u010dio? \u0160is 6 hektar\u0173 sklypas pu\u0161yne \u2013 unikali galimyb\u0117 \u012fsikurti vienoje gra\u017eiausi\u0173 viet\u0173 \u0161alia Arino e\u017eero. Sklypas ribojasi su e\u017eero krantu, tad tur\u0117site tiesiogin\u0119 prieig\u0105 prie vandens \u2013 puikiai tiks tiek poilsiui, tiek nuolatiniam gyvenimui ar investicijai \u012f poilsio sodyb\u0105 ir kokybi\u0161k\u0105 gyvenim\u0105. Pagrindiniai privalumai: \u2022 Didelis 6ha plotas \u2013 u\u017etikrina privatum\u0105 ir daug erdv\u0117s j\u016bs\u0173 projektams \u012fgyvendinti. \u2022 Brandus pu\u0161ynas \u2013 sklypas apsuptas brand\u017ei\u0173 pu\u0161\u0173, \u0161varus oras ir nat\u016brali bei jauki aplinka i\u0161tisus metus.  \u2022 Arino e\u017eeras \u2013 sklypas ribojasi su e\u017eeru apie 65m., pakrant\u0117 sm\u0117l\u0117ta ir tolygiai gil\u0117janti. Ideali vieta \u017evejybai, maudyn\u0117ms ir ramiam poilsiui prie vandens. \u2022 Jau yra namo pamatai \u2013 sutaupysite laiko ir i\u0161laid\u0173 pradiniams statybos darbams ir leidimams. Atvesta 20 kw elektros linija, atlikti geodeziniai matavimai. \u2022 Geras priva\u017eiavimas \u2013 patogus priva\u017eiavimas visais met\u0173 laikais. Atstumai iki Mol\u0117t\u0173 \u2013 30km. Utenos \u2013 60 km, Vilniaus \u2013 70km. Sklypo koordinat\u0117s: Google maps : 55.07282896977481, 25.682512881200637","og_url":"https:\/\/www.namude.lt\/objektas\/parduodamas-isskirtinis-6ha-sklypas-prie-arino-ezero-pusyne-su-namo-pamatais-moletu-rajone\/","og_site_name":"Namud\u0117","article_modified_time":"2026-02-27T10:28:51+00:00","og_image":[{"width":800,"height":600,"url":"https:\/\/www.namude.lt\/wp-content\/uploads\/2025\/04\/12-21.jpg","type":"image\/jpeg"}],"twitter_card":"summary_large_image","schema":{"@context":"https:\/\/schema.org","@graph":[{"@type":"WebPage","@id":"https:\/\/www.namude.lt\/objektas\/parduodamas-isskirtinis-6ha-sklypas-prie-arino-ezero-pusyne-su-namo-pamatais-moletu-rajone\/","url":"https:\/\/www.namude.lt\/objektas\/parduodamas-isskirtinis-6ha-sklypas-prie-arino-ezero-pusyne-su-namo-pamatais-moletu-rajone\/","name":"Parduodamas i\u0161skirtinis 6ha sklypas prie Arino e\u017eero: pu\u0161yne, su namo pamatais, Mol\u0117t\u0173 rajone! - Namud\u0117","isPartOf":{"@id":"https:\/\/www.namude.lt\/#website"},"primaryImageOfPage":{"@id":"https:\/\/www.namude.lt\/objektas\/parduodamas-isskirtinis-6ha-sklypas-prie-arino-ezero-pusyne-su-namo-pamatais-moletu-rajone\/#primaryimage"},"image":{"@id":"https:\/\/www.namude.lt\/objektas\/parduodamas-isskirtinis-6ha-sklypas-prie-arino-ezero-pusyne-su-namo-pamatais-moletu-rajone\/#primaryimage"},"thumbnailUrl":"https:\/\/www.namude.lt\/wp-content\/uploads\/2025\/04\/12-21.jpg","datePublished":"2025-04-18T07:14:31+00:00","dateModified":"2026-02-27T10:28:51+00:00","breadcrumb":{"@id":"https:\/\/www.namude.lt\/objektas\/parduodamas-isskirtinis-6ha-sklypas-prie-arino-ezero-pusyne-su-namo-pamatais-moletu-rajone\/#breadcrumb"},"inLanguage":"en-US","potentialAction":[{"@type":"ReadAction","target":["https:\/\/www.namude.lt\/objektas\/parduodamas-isskirtinis-6ha-sklypas-prie-arino-ezero-pusyne-su-namo-pamatais-moletu-rajone\/"]}]},{"@type":"ImageObject","inLanguage":"en-US","@id":"https:\/\/www.namude.lt\/objektas\/parduodamas-isskirtinis-6ha-sklypas-prie-arino-ezero-pusyne-su-namo-pamatais-moletu-rajone\/#primaryimage","url":"https:\/\/www.namude.lt\/wp-content\/uploads\/2025\/04\/12-21.jpg","contentUrl":"https:\/\/www.namude.lt\/wp-content\/uploads\/2025\/04\/12-21.jpg","width":800,"height":600,"caption":"DCIM100MEDIADJI_0054.JPG"},{"@type":"BreadcrumbList","@id":"https:\/\/www.namude.lt\/objektas\/parduodamas-isskirtinis-6ha-sklypas-prie-arino-ezero-pusyne-su-namo-pamatais-moletu-rajone\/#breadcrumb","itemListElement":[{"@type":"ListItem","position":1,"name":"Home","item":"https:\/\/www.namude.lt\/en\/"},{"@type":"ListItem","position":2,"name":"Real estate","item":"https:\/\/www.namude.lt\/en\/real-estate\/"},{"@type":"ListItem","position":3,"name":"Parduodamas i\u0161skirtinis 6ha sklypas prie Arino e\u017eero: pu\u0161yne, su namo pamatais, Mol\u0117t\u0173 rajone!"}]},{"@type":"WebSite","@id":"https:\/\/www.namude.lt\/#website","url":"https:\/\/www.namude.lt\/","name":"Namud\u0117","description":"\u201eNamud\u0117\u201c \u2013 agent\u016bra, pardavin\u0117janti Auk\u0161taitijos NT grynuolius.","publisher":{"@id":"https:\/\/www.namude.lt\/#organization"},"potentialAction":[{"@type":"SearchAction","target":{"@type":"EntryPoint","urlTemplate":"https:\/\/www.namude.lt\/?s={search_term_string}"},"query-input":{"@type":"PropertyValueSpecification","valueRequired":true,"valueName":"search_term_string"}}],"inLanguage":"en-US"},{"@type":"Organization","@id":"https:\/\/www.namude.lt\/#organization","name":"Namud\u0117","url":"https:\/\/www.namude.lt\/","logo":{"@type":"ImageObject","inLanguage":"en-US","@id":"https:\/\/www.namude.lt\/#\/schema\/logo\/image\/","url":"https:\/\/www.namude.lt\/wp-content\/uploads\/2023\/11\/logo-symbol.svg","contentUrl":"https:\/\/www.namude.lt\/wp-content\/uploads\/2023\/11\/logo-symbol.svg","width":1,"height":1,"caption":"Namud\u0117"},"image":{"@id":"https:\/\/www.namude.lt\/#\/schema\/logo\/image\/"}}]}},"_links":{"self":[{"href":"https:\/\/www.namude.lt\/en\/wp-json\/wp\/v2\/product\/16749","targetHints":{"allow":["GET"]}}],"collection":[{"href":"https:\/\/www.namude.lt\/en\/wp-json\/wp\/v2\/product"}],"about":[{"href":"https:\/\/www.namude.lt\/en\/wp-json\/wp\/v2\/types\/product"}],"wp:featuredmedia":[{"embeddable":true,"href":"https:\/\/www.namude.lt\/en\/wp-json\/wp\/v2\/media\/22809"}],"wp:attachment":[{"href":"https:\/\/www.namude.lt\/en\/wp-json\/wp\/v2\/media?parent=16749"}],"wp:term":[{"taxonomy":"product_brand","embeddable":true,"href":"https:\/\/www.namude.lt\/en\/wp-json\/wp\/v2\/product_brand?post=16749"},{"taxonomy":"product_cat","embeddable":true,"href":"https:\/\/www.namude.lt\/en\/wp-json\/wp\/v2\/product_cat?post=16749"},{"taxonomy":"product_tag","embeddable":true,"href":"https:\/\/www.namude.lt\/en\/wp-json\/wp\/v2\/product_tag?post=16749"}],"curies":[{"name":"wp","href":"https:\/\/api.w.org\/{rel}","templated":true}]}}