{"id":16690,"date":"2025-04-16T13:33:53","date_gmt":"2025-04-16T10:33:53","guid":{"rendered":"https:\/\/www.namude.lt\/?post_type=product&#038;p=16690"},"modified":"2025-06-13T16:11:01","modified_gmt":"2025-06-13T13:11:01","slug":"parduodama-sodyba-su-21ha-zemes-sklypu-salia-grazutes-misko-zarasu-rajone","status":"publish","type":"product","link":"https:\/\/www.namude.lt\/en\/object\/parduodama-sodyba-su-21ha-zemes-sklypu-salia-grazutes-misko-zarasu-rajone\/","title":{"rendered":"PARDUODAMA SODYBA SU 21HA \u017dEM\u0116S SKLYPU \u0160ALIA GRA\u017dUT\u0116S MI\u0160KO, ZARAS\u0172 RAJONE"},"content":{"rendered":"","protected":false},"excerpt":{"rendered":"<p>\u0160alia Gra\u017eut\u0117s mi\u0161ko, Liminas\u0117lio kaime, tvarkinga sodyba laukia nauj\u0173 \u0161eiminink\u0173. Parduodama kartu su 21ha \u017eem\u0117s \u016bkio sklyp\u0173. Gamtos myl\u0117tojams tai puiki vieta ne tik poilsiui, hobiui, bet ir nuolatiniam gyvenimui, verslo prad\u017eiai ar pl\u0117trai. Liminas\u0117lio kaimas \u012fsik\u016br\u0119s prie kelio Utena \u2013 Zarasai \u0161alimais Gra\u017eut\u0117s mi\u0161ko ir Gra\u017eut\u0117s regioninio parko, kur gal\u0117site m\u0117gautis nuostabia gamta ir aktyviu laisvalaikiu gamtoje. PRIVALUMAI:<br \/>\n\u2013 Tvarkingas gyvenamasis namas 76kv.m. (3 kambariai, virtuv\u0117)<br \/>\n\u2013 Tvirti \u016bkiniai pastatai (kiemo r\u016bsys, \u016bkinis, pirtis, tvartas, \u0161iltnamis, viralin\u0117, 2 malkin\u0117s);<br \/>\n\u2013 Sklypo plotas \u2013 21ha, kuriame yra 2 tvenkiniai;<br \/>\n\u2013 \u0160ildymas kieto kuro krosnimi;<br \/>\n\u2013 Didelis brandus sodas;<br \/>\n\u2013 Patogus ir geras priva\u017eiavimas visais met\u0173 laikais, atstumai iki Zaras\u0173 12km, Utenos 37km, Vilniaus 133km, Panev\u0117\u017eys 135km.<br \/>\nKoordinat\u0117s :<br \/>\nmaps.lt \u2013 55.672832, 26.103542<br \/>\nKvie\u010diame ap\u017ei\u016br\u0117ti ir \u012fvertinti \u0161i\u0105 vieta patiems! Lauksime atvykstant ir savaitgaliais!<\/p>\n","protected":false},"featured_media":18251,"template":"","meta":{"_acf_changed":false},"product_brand":[],"product_cat":[23],"product_tag":[],"class_list":{"0":"post-16690","1":"product","2":"type-product","3":"status-publish","4":"has-post-thumbnail","6":"product_cat-sodybos","7":"pa_rajonas-zarasu-rajonas","8":"description-off","10":"first","11":"instock","12":"shipping-taxable","13":"purchasable","14":"product-type-simple"},"acf":[],"yoast_head":"<!-- This site is optimized with the Yoast SEO plugin v27.4 - https:\/\/yoast.com\/product\/yoast-seo-wordpress\/ -->\n<title>PARDUODAMA SODYBA SU 21HA \u017dEM\u0116S SKLYPU \u0160ALIA GRA\u017dUT\u0116S MI\u0160KO, ZARAS\u0172 RAJONE - Namud\u0117<\/title>\n<meta name=\"robots\" content=\"index, follow, max-snippet:-1, max-image-preview:large, max-video-preview:-1\" \/>\n<link rel=\"canonical\" href=\"https:\/\/www.namude.lt\/objektas\/parduodama-sodyba-su-21ha-zemes-sklypu-salia-grazutes-misko-zarasu-rajone\/\" \/>\n<meta property=\"og:locale\" content=\"en_US\" \/>\n<meta property=\"og:type\" content=\"article\" \/>\n<meta property=\"og:title\" content=\"PARDUODAMA SODYBA SU 21HA \u017dEM\u0116S SKLYPU \u0160ALIA GRA\u017dUT\u0116S MI\u0160KO, ZARAS\u0172 RAJONE - Namud\u0117\" \/>\n<meta property=\"og:description\" content=\"\u0160alia Gra\u017eut\u0117s mi\u0161ko, Liminas\u0117lio kaime, tvarkinga sodyba laukia nauj\u0173 \u0161eiminink\u0173. Parduodama kartu su 21ha \u017eem\u0117s \u016bkio sklyp\u0173. Gamtos myl\u0117tojams tai puiki vieta ne tik poilsiui, hobiui, bet ir nuolatiniam gyvenimui, verslo prad\u017eiai ar pl\u0117trai. Liminas\u0117lio kaimas \u012fsik\u016br\u0119s prie kelio Utena \u2013 Zarasai \u0161alimais Gra\u017eut\u0117s mi\u0161ko ir Gra\u017eut\u0117s regioninio parko, kur gal\u0117site m\u0117gautis nuostabia gamta ir aktyviu laisvalaikiu gamtoje. PRIVALUMAI: \u2013 Tvarkingas gyvenamasis namas 76kv.m. (3 kambariai, virtuv\u0117) \u2013 Tvirti \u016bkiniai pastatai (kiemo r\u016bsys, \u016bkinis, pirtis, tvartas, \u0161iltnamis, viralin\u0117, 2 malkin\u0117s); \u2013 Sklypo plotas \u2013 21ha, kuriame yra 2 tvenkiniai; \u2013 \u0160ildymas kieto kuro krosnimi; \u2013 Didelis brandus sodas; \u2013 Patogus ir geras priva\u017eiavimas visais met\u0173 laikais, atstumai iki Zaras\u0173 12km, Utenos 37km, Vilniaus 133km, Panev\u0117\u017eys 135km. Koordinat\u0117s : maps.lt \u2013 55.672832, 26.103542 Kvie\u010diame ap\u017ei\u016br\u0117ti ir \u012fvertinti \u0161i\u0105 vieta patiems! Lauksime atvykstant ir savaitgaliais!\" \/>\n<meta property=\"og:url\" content=\"https:\/\/www.namude.lt\/objektas\/parduodama-sodyba-su-21ha-zemes-sklypu-salia-grazutes-misko-zarasu-rajone\/\" \/>\n<meta property=\"og:site_name\" content=\"Namud\u0117\" \/>\n<meta property=\"article:modified_time\" content=\"2025-06-13T13:11:01+00:00\" \/>\n<meta property=\"og:image\" content=\"https:\/\/www.namude.lt\/wp-content\/uploads\/2025\/04\/2-24.jpg\" \/>\n\t<meta property=\"og:image:width\" content=\"2400\" \/>\n\t<meta property=\"og:image:height\" content=\"1800\" \/>\n\t<meta property=\"og:image:type\" content=\"image\/jpeg\" \/>\n<meta name=\"twitter:card\" content=\"summary_large_image\" \/>\n<script type=\"application\/ld+json\" class=\"yoast-schema-graph\">{\"@context\":\"https:\\\/\\\/schema.org\",\"@graph\":[{\"@type\":\"WebPage\",\"@id\":\"https:\\\/\\\/www.namude.lt\\\/objektas\\\/parduodama-sodyba-su-21ha-zemes-sklypu-salia-grazutes-misko-zarasu-rajone\\\/\",\"url\":\"https:\\\/\\\/www.namude.lt\\\/objektas\\\/parduodama-sodyba-su-21ha-zemes-sklypu-salia-grazutes-misko-zarasu-rajone\\\/\",\"name\":\"PARDUODAMA SODYBA SU 21HA \u017dEM\u0116S SKLYPU \u0160ALIA GRA\u017dUT\u0116S MI\u0160KO, ZARAS\u0172 RAJONE - Namud\u0117\",\"isPartOf\":{\"@id\":\"https:\\\/\\\/www.namude.lt\\\/#website\"},\"primaryImageOfPage\":{\"@id\":\"https:\\\/\\\/www.namude.lt\\\/objektas\\\/parduodama-sodyba-su-21ha-zemes-sklypu-salia-grazutes-misko-zarasu-rajone\\\/#primaryimage\"},\"image\":{\"@id\":\"https:\\\/\\\/www.namude.lt\\\/objektas\\\/parduodama-sodyba-su-21ha-zemes-sklypu-salia-grazutes-misko-zarasu-rajone\\\/#primaryimage\"},\"thumbnailUrl\":\"https:\\\/\\\/www.namude.lt\\\/wp-content\\\/uploads\\\/2025\\\/04\\\/2-24.jpg\",\"datePublished\":\"2025-04-16T10:33:53+00:00\",\"dateModified\":\"2025-06-13T13:11:01+00:00\",\"breadcrumb\":{\"@id\":\"https:\\\/\\\/www.namude.lt\\\/objektas\\\/parduodama-sodyba-su-21ha-zemes-sklypu-salia-grazutes-misko-zarasu-rajone\\\/#breadcrumb\"},\"inLanguage\":\"en-US\",\"potentialAction\":[{\"@type\":\"ReadAction\",\"target\":[\"https:\\\/\\\/www.namude.lt\\\/objektas\\\/parduodama-sodyba-su-21ha-zemes-sklypu-salia-grazutes-misko-zarasu-rajone\\\/\"]}]},{\"@type\":\"ImageObject\",\"inLanguage\":\"en-US\",\"@id\":\"https:\\\/\\\/www.namude.lt\\\/objektas\\\/parduodama-sodyba-su-21ha-zemes-sklypu-salia-grazutes-misko-zarasu-rajone\\\/#primaryimage\",\"url\":\"https:\\\/\\\/www.namude.lt\\\/wp-content\\\/uploads\\\/2025\\\/04\\\/2-24.jpg\",\"contentUrl\":\"https:\\\/\\\/www.namude.lt\\\/wp-content\\\/uploads\\\/2025\\\/04\\\/2-24.jpg\",\"width\":2400,\"height\":1800},{\"@type\":\"BreadcrumbList\",\"@id\":\"https:\\\/\\\/www.namude.lt\\\/objektas\\\/parduodama-sodyba-su-21ha-zemes-sklypu-salia-grazutes-misko-zarasu-rajone\\\/#breadcrumb\",\"itemListElement\":[{\"@type\":\"ListItem\",\"position\":1,\"name\":\"Home\",\"item\":\"https:\\\/\\\/www.namude.lt\\\/en\\\/\"},{\"@type\":\"ListItem\",\"position\":2,\"name\":\"Real estate\",\"item\":\"https:\\\/\\\/www.namude.lt\\\/en\\\/real-estate\\\/\"},{\"@type\":\"ListItem\",\"position\":3,\"name\":\"PARDUODAMA SODYBA SU 21HA \u017dEM\u0116S SKLYPU \u0160ALIA GRA\u017dUT\u0116S MI\u0160KO, ZARAS\u0172 RAJONE\"}]},{\"@type\":\"WebSite\",\"@id\":\"https:\\\/\\\/www.namude.lt\\\/#website\",\"url\":\"https:\\\/\\\/www.namude.lt\\\/\",\"name\":\"Namud\u0117\",\"description\":\"\u201eNamud\u0117\u201c \u2013 agent\u016bra, pardavin\u0117janti Auk\u0161taitijos NT grynuolius.\",\"publisher\":{\"@id\":\"https:\\\/\\\/www.namude.lt\\\/#organization\"},\"potentialAction\":[{\"@type\":\"SearchAction\",\"target\":{\"@type\":\"EntryPoint\",\"urlTemplate\":\"https:\\\/\\\/www.namude.lt\\\/?s={search_term_string}\"},\"query-input\":{\"@type\":\"PropertyValueSpecification\",\"valueRequired\":true,\"valueName\":\"search_term_string\"}}],\"inLanguage\":\"en-US\"},{\"@type\":\"Organization\",\"@id\":\"https:\\\/\\\/www.namude.lt\\\/#organization\",\"name\":\"Namud\u0117\",\"url\":\"https:\\\/\\\/www.namude.lt\\\/\",\"logo\":{\"@type\":\"ImageObject\",\"inLanguage\":\"en-US\",\"@id\":\"https:\\\/\\\/www.namude.lt\\\/#\\\/schema\\\/logo\\\/image\\\/\",\"url\":\"https:\\\/\\\/www.namude.lt\\\/wp-content\\\/uploads\\\/2023\\\/11\\\/logo-symbol.svg\",\"contentUrl\":\"https:\\\/\\\/www.namude.lt\\\/wp-content\\\/uploads\\\/2023\\\/11\\\/logo-symbol.svg\",\"width\":1,\"height\":1,\"caption\":\"Namud\u0117\"},\"image\":{\"@id\":\"https:\\\/\\\/www.namude.lt\\\/#\\\/schema\\\/logo\\\/image\\\/\"}}]}<\/script>\n<!-- \/ Yoast SEO plugin. -->","yoast_head_json":{"title":"PARDUODAMA SODYBA SU 21HA \u017dEM\u0116S SKLYPU \u0160ALIA GRA\u017dUT\u0116S MI\u0160KO, ZARAS\u0172 RAJONE - Namud\u0117","robots":{"index":"index","follow":"follow","max-snippet":"max-snippet:-1","max-image-preview":"max-image-preview:large","max-video-preview":"max-video-preview:-1"},"canonical":"https:\/\/www.namude.lt\/objektas\/parduodama-sodyba-su-21ha-zemes-sklypu-salia-grazutes-misko-zarasu-rajone\/","og_locale":"en_US","og_type":"article","og_title":"PARDUODAMA SODYBA SU 21HA \u017dEM\u0116S SKLYPU \u0160ALIA GRA\u017dUT\u0116S MI\u0160KO, ZARAS\u0172 RAJONE - Namud\u0117","og_description":"\u0160alia Gra\u017eut\u0117s mi\u0161ko, Liminas\u0117lio kaime, tvarkinga sodyba laukia nauj\u0173 \u0161eiminink\u0173. Parduodama kartu su 21ha \u017eem\u0117s \u016bkio sklyp\u0173. Gamtos myl\u0117tojams tai puiki vieta ne tik poilsiui, hobiui, bet ir nuolatiniam gyvenimui, verslo prad\u017eiai ar pl\u0117trai. Liminas\u0117lio kaimas \u012fsik\u016br\u0119s prie kelio Utena \u2013 Zarasai \u0161alimais Gra\u017eut\u0117s mi\u0161ko ir Gra\u017eut\u0117s regioninio parko, kur gal\u0117site m\u0117gautis nuostabia gamta ir aktyviu laisvalaikiu gamtoje. PRIVALUMAI: \u2013 Tvarkingas gyvenamasis namas 76kv.m. (3 kambariai, virtuv\u0117) \u2013 Tvirti \u016bkiniai pastatai (kiemo r\u016bsys, \u016bkinis, pirtis, tvartas, \u0161iltnamis, viralin\u0117, 2 malkin\u0117s); \u2013 Sklypo plotas \u2013 21ha, kuriame yra 2 tvenkiniai; \u2013 \u0160ildymas kieto kuro krosnimi; \u2013 Didelis brandus sodas; \u2013 Patogus ir geras priva\u017eiavimas visais met\u0173 laikais, atstumai iki Zaras\u0173 12km, Utenos 37km, Vilniaus 133km, Panev\u0117\u017eys 135km. Koordinat\u0117s : maps.lt \u2013 55.672832, 26.103542 Kvie\u010diame ap\u017ei\u016br\u0117ti ir \u012fvertinti \u0161i\u0105 vieta patiems! Lauksime atvykstant ir savaitgaliais!","og_url":"https:\/\/www.namude.lt\/objektas\/parduodama-sodyba-su-21ha-zemes-sklypu-salia-grazutes-misko-zarasu-rajone\/","og_site_name":"Namud\u0117","article_modified_time":"2025-06-13T13:11:01+00:00","og_image":[{"width":2400,"height":1800,"url":"https:\/\/www.namude.lt\/wp-content\/uploads\/2025\/04\/2-24.jpg","type":"image\/jpeg"}],"twitter_card":"summary_large_image","schema":{"@context":"https:\/\/schema.org","@graph":[{"@type":"WebPage","@id":"https:\/\/www.namude.lt\/objektas\/parduodama-sodyba-su-21ha-zemes-sklypu-salia-grazutes-misko-zarasu-rajone\/","url":"https:\/\/www.namude.lt\/objektas\/parduodama-sodyba-su-21ha-zemes-sklypu-salia-grazutes-misko-zarasu-rajone\/","name":"PARDUODAMA SODYBA SU 21HA \u017dEM\u0116S SKLYPU \u0160ALIA GRA\u017dUT\u0116S MI\u0160KO, ZARAS\u0172 RAJONE - Namud\u0117","isPartOf":{"@id":"https:\/\/www.namude.lt\/#website"},"primaryImageOfPage":{"@id":"https:\/\/www.namude.lt\/objektas\/parduodama-sodyba-su-21ha-zemes-sklypu-salia-grazutes-misko-zarasu-rajone\/#primaryimage"},"image":{"@id":"https:\/\/www.namude.lt\/objektas\/parduodama-sodyba-su-21ha-zemes-sklypu-salia-grazutes-misko-zarasu-rajone\/#primaryimage"},"thumbnailUrl":"https:\/\/www.namude.lt\/wp-content\/uploads\/2025\/04\/2-24.jpg","datePublished":"2025-04-16T10:33:53+00:00","dateModified":"2025-06-13T13:11:01+00:00","breadcrumb":{"@id":"https:\/\/www.namude.lt\/objektas\/parduodama-sodyba-su-21ha-zemes-sklypu-salia-grazutes-misko-zarasu-rajone\/#breadcrumb"},"inLanguage":"en-US","potentialAction":[{"@type":"ReadAction","target":["https:\/\/www.namude.lt\/objektas\/parduodama-sodyba-su-21ha-zemes-sklypu-salia-grazutes-misko-zarasu-rajone\/"]}]},{"@type":"ImageObject","inLanguage":"en-US","@id":"https:\/\/www.namude.lt\/objektas\/parduodama-sodyba-su-21ha-zemes-sklypu-salia-grazutes-misko-zarasu-rajone\/#primaryimage","url":"https:\/\/www.namude.lt\/wp-content\/uploads\/2025\/04\/2-24.jpg","contentUrl":"https:\/\/www.namude.lt\/wp-content\/uploads\/2025\/04\/2-24.jpg","width":2400,"height":1800},{"@type":"BreadcrumbList","@id":"https:\/\/www.namude.lt\/objektas\/parduodama-sodyba-su-21ha-zemes-sklypu-salia-grazutes-misko-zarasu-rajone\/#breadcrumb","itemListElement":[{"@type":"ListItem","position":1,"name":"Home","item":"https:\/\/www.namude.lt\/en\/"},{"@type":"ListItem","position":2,"name":"Real estate","item":"https:\/\/www.namude.lt\/en\/real-estate\/"},{"@type":"ListItem","position":3,"name":"PARDUODAMA SODYBA SU 21HA \u017dEM\u0116S SKLYPU \u0160ALIA GRA\u017dUT\u0116S MI\u0160KO, ZARAS\u0172 RAJONE"}]},{"@type":"WebSite","@id":"https:\/\/www.namude.lt\/#website","url":"https:\/\/www.namude.lt\/","name":"Namud\u0117","description":"\u201eNamud\u0117\u201c \u2013 agent\u016bra, pardavin\u0117janti Auk\u0161taitijos NT grynuolius.","publisher":{"@id":"https:\/\/www.namude.lt\/#organization"},"potentialAction":[{"@type":"SearchAction","target":{"@type":"EntryPoint","urlTemplate":"https:\/\/www.namude.lt\/?s={search_term_string}"},"query-input":{"@type":"PropertyValueSpecification","valueRequired":true,"valueName":"search_term_string"}}],"inLanguage":"en-US"},{"@type":"Organization","@id":"https:\/\/www.namude.lt\/#organization","name":"Namud\u0117","url":"https:\/\/www.namude.lt\/","logo":{"@type":"ImageObject","inLanguage":"en-US","@id":"https:\/\/www.namude.lt\/#\/schema\/logo\/image\/","url":"https:\/\/www.namude.lt\/wp-content\/uploads\/2023\/11\/logo-symbol.svg","contentUrl":"https:\/\/www.namude.lt\/wp-content\/uploads\/2023\/11\/logo-symbol.svg","width":1,"height":1,"caption":"Namud\u0117"},"image":{"@id":"https:\/\/www.namude.lt\/#\/schema\/logo\/image\/"}}]}},"_links":{"self":[{"href":"https:\/\/www.namude.lt\/en\/wp-json\/wp\/v2\/product\/16690","targetHints":{"allow":["GET"]}}],"collection":[{"href":"https:\/\/www.namude.lt\/en\/wp-json\/wp\/v2\/product"}],"about":[{"href":"https:\/\/www.namude.lt\/en\/wp-json\/wp\/v2\/types\/product"}],"wp:featuredmedia":[{"embeddable":true,"href":"https:\/\/www.namude.lt\/en\/wp-json\/wp\/v2\/media\/18251"}],"wp:attachment":[{"href":"https:\/\/www.namude.lt\/en\/wp-json\/wp\/v2\/media?parent=16690"}],"wp:term":[{"taxonomy":"product_brand","embeddable":true,"href":"https:\/\/www.namude.lt\/en\/wp-json\/wp\/v2\/product_brand?post=16690"},{"taxonomy":"product_cat","embeddable":true,"href":"https:\/\/www.namude.lt\/en\/wp-json\/wp\/v2\/product_cat?post=16690"},{"taxonomy":"product_tag","embeddable":true,"href":"https:\/\/www.namude.lt\/en\/wp-json\/wp\/v2\/product_tag?post=16690"}],"curies":[{"name":"wp","href":"https:\/\/api.w.org\/{rel}","templated":true}]}}