{"id":16430,"date":"2025-04-10T12:29:19","date_gmt":"2025-04-10T09:29:19","guid":{"rendered":"https:\/\/www.namude.lt\/?post_type=product&#038;p=16430"},"modified":"2026-01-20T14:57:28","modified_gmt":"2026-01-20T12:57:28","slug":"parduodamas-su-patogumais-be-skolu-tvarkingas-2-kambario-butas-pirmame-aukste-is-keturiu-ignalinos-rajone-didziasalio-miestelyje-agarinio-gatveje","status":"publish","type":"product","link":"https:\/\/www.namude.lt\/en\/object\/parduodamas-su-patogumais-be-skolu-tvarkingas-2-kambario-butas-pirmame-aukste-is-keturiu-ignalinos-rajone-didziasalio-miestelyje-agarinio-gatveje\/","title":{"rendered":"Parduodamas su patogumais, be skol\u0173, tvarkingas 2 kambari\u0173 butas pirmame auk\u0161te i\u0161 keturi\u0173 Ignalinos rajone, Did\u017eiasalio miestelyje, Agarinio gatv\u0117je."},"content":{"rendered":"","protected":false},"excerpt":{"rendered":"<p><strong>Bendras plotas \u2013 46.67 kv. m. Butas gero i\u0161planavimo: erdvus prie\u0161kambaris, tualetas ir vonia atskirai. Yra balkonas.<\/strong><a href=\"https:\/\/www.namude.lt\/kategorija\/butai\/?filter_rajonas=ignalinos-rajonas&amp;query_type_rajonas=or\"><\/a> Buto \u012f\u0117jimo durys pakeistos \u012f naujas. Visa nauja grind\u0173 apdaila: kambariuose naujas linoleumas, o virtuv\u0117je grind\u0173 ir sien\u0173 naujos plytel\u0117s. Dar reikia nauj\u0173 sien\u0173 tapet\u0173, o vonioj ir tualete santechnikos \u012frenginius pakeisti. Parduodama su dalimi bald\u0173. Po butu priklauso r\u016bsys (3.78 kv. m). Draugi\u0161ki kaimynai. Sutvarkyta aplinka. \u0160alia, automobili\u0173 stov\u0117jimo aik\u0161tel\u0117, renovuota mokykla ir vaik\u0173 dar\u017eelis, maisto preki\u0173 parduotuv\u0117, poliklinika, vaistin\u0117, seni\u016bnija, rekonstruotas stadionas ir sporto aik\u0161tynas, nauja vaik\u0173 \u017eaidimo aik\u0161tel\u0117, turgelis ir kt. Gra\u017ei gamta. U\u017e 0.3 km tyvuliuoja Agarinio e\u017eeriukas, o u\u017e 1.0 km dar vienas e\u017eeras ir prateka Birv\u0117tos ir Dysnos up\u0117s. Puikus susisiekimas. Kasdien, po kelet\u0105 kart\u0173, kursuoja autobusas \u012f Ignalin\u0105. Gera butas, geroje vietoje, patogiam gyvenimui.<\/p>\n","protected":false},"featured_media":16431,"template":"","meta":{"_acf_changed":false},"product_brand":[],"product_cat":[27],"product_tag":[],"class_list":{"0":"post-16430","1":"product","2":"type-product","3":"status-publish","4":"has-post-thumbnail","6":"product_cat-butai","7":"pa_rajonas-ignalinos-rajonas","8":"description-off","10":"first","11":"instock","12":"shipping-taxable","13":"purchasable","14":"product-type-simple"},"acf":[],"yoast_head":"<!-- This site is optimized with the Yoast SEO plugin v27.0 - https:\/\/yoast.com\/product\/yoast-seo-wordpress\/ -->\n<title>Parduodamas su patogumais, be skol\u0173, tvarkingas 2 kambari\u0173 butas pirmame auk\u0161te i\u0161 keturi\u0173 Ignalinos rajone, Did\u017eiasalio miestelyje, Agarinio gatv\u0117je. - Namud\u0117<\/title>\n<meta name=\"robots\" content=\"index, follow, max-snippet:-1, max-image-preview:large, max-video-preview:-1\" \/>\n<link rel=\"canonical\" href=\"https:\/\/www.namude.lt\/objektas\/parduodamas-su-patogumais-be-skolu-tvarkingas-2-kambario-butas-pirmame-aukste-is-keturiu-ignalinos-rajone-didziasalio-miestelyje-agarinio-gatveje\/\" \/>\n<meta property=\"og:locale\" content=\"en_US\" \/>\n<meta property=\"og:type\" content=\"article\" \/>\n<meta property=\"og:title\" content=\"Parduodamas su patogumais, be skol\u0173, tvarkingas 2 kambari\u0173 butas pirmame auk\u0161te i\u0161 keturi\u0173 Ignalinos rajone, Did\u017eiasalio miestelyje, Agarinio gatv\u0117je. - Namud\u0117\" \/>\n<meta property=\"og:description\" content=\"Bendras plotas \u2013 46.67 kv. m. Butas gero i\u0161planavimo: erdvus prie\u0161kambaris, tualetas ir vonia atskirai. Yra balkonas. Buto \u012f\u0117jimo durys pakeistos \u012f naujas. Visa nauja grind\u0173 apdaila: kambariuose naujas linoleumas, o virtuv\u0117je grind\u0173 ir sien\u0173 naujos plytel\u0117s. Dar reikia nauj\u0173 sien\u0173 tapet\u0173, o vonioj ir tualete santechnikos \u012frenginius pakeisti. Parduodama su dalimi bald\u0173. Po butu priklauso r\u016bsys (3.78 kv. m). Draugi\u0161ki kaimynai. Sutvarkyta aplinka. \u0160alia, automobili\u0173 stov\u0117jimo aik\u0161tel\u0117, renovuota mokykla ir vaik\u0173 dar\u017eelis, maisto preki\u0173 parduotuv\u0117, poliklinika, vaistin\u0117, seni\u016bnija, rekonstruotas stadionas ir sporto aik\u0161tynas, nauja vaik\u0173 \u017eaidimo aik\u0161tel\u0117, turgelis ir kt. Gra\u017ei gamta. U\u017e 0.3 km tyvuliuoja Agarinio e\u017eeriukas, o u\u017e 1.0 km dar vienas e\u017eeras ir prateka Birv\u0117tos ir Dysnos up\u0117s. Puikus susisiekimas. Kasdien, po kelet\u0105 kart\u0173, kursuoja autobusas \u012f Ignalin\u0105. Gera butas, geroje vietoje, patogiam gyvenimui.\" \/>\n<meta property=\"og:url\" content=\"https:\/\/www.namude.lt\/objektas\/parduodamas-su-patogumais-be-skolu-tvarkingas-2-kambario-butas-pirmame-aukste-is-keturiu-ignalinos-rajone-didziasalio-miestelyje-agarinio-gatveje\/\" \/>\n<meta property=\"og:site_name\" content=\"Namud\u0117\" \/>\n<meta property=\"article:modified_time\" content=\"2026-01-20T12:57:28+00:00\" \/>\n<meta property=\"og:image\" content=\"https:\/\/www.namude.lt\/wp-content\/uploads\/2025\/04\/1-6.jpg\" \/>\n\t<meta property=\"og:image:width\" content=\"800\" \/>\n\t<meta property=\"og:image:height\" content=\"531\" \/>\n\t<meta property=\"og:image:type\" content=\"image\/jpeg\" \/>\n<meta name=\"twitter:card\" content=\"summary_large_image\" \/>\n<script type=\"application\/ld+json\" class=\"yoast-schema-graph\">{\"@context\":\"https:\/\/schema.org\",\"@graph\":[{\"@type\":\"WebPage\",\"@id\":\"https:\/\/www.namude.lt\/objektas\/parduodamas-su-patogumais-be-skolu-tvarkingas-2-kambario-butas-pirmame-aukste-is-keturiu-ignalinos-rajone-didziasalio-miestelyje-agarinio-gatveje\/\",\"url\":\"https:\/\/www.namude.lt\/objektas\/parduodamas-su-patogumais-be-skolu-tvarkingas-2-kambario-butas-pirmame-aukste-is-keturiu-ignalinos-rajone-didziasalio-miestelyje-agarinio-gatveje\/\",\"name\":\"Parduodamas su patogumais, be skol\u0173, tvarkingas 2 kambari\u0173 butas pirmame auk\u0161te i\u0161 keturi\u0173 Ignalinos rajone, Did\u017eiasalio miestelyje, Agarinio gatv\u0117je. - Namud\u0117\",\"isPartOf\":{\"@id\":\"https:\/\/www.namude.lt\/#website\"},\"primaryImageOfPage\":{\"@id\":\"https:\/\/www.namude.lt\/objektas\/parduodamas-su-patogumais-be-skolu-tvarkingas-2-kambario-butas-pirmame-aukste-is-keturiu-ignalinos-rajone-didziasalio-miestelyje-agarinio-gatveje\/#primaryimage\"},\"image\":{\"@id\":\"https:\/\/www.namude.lt\/objektas\/parduodamas-su-patogumais-be-skolu-tvarkingas-2-kambario-butas-pirmame-aukste-is-keturiu-ignalinos-rajone-didziasalio-miestelyje-agarinio-gatveje\/#primaryimage\"},\"thumbnailUrl\":\"https:\/\/www.namude.lt\/wp-content\/uploads\/2025\/04\/1-6.jpg\",\"datePublished\":\"2025-04-10T09:29:19+00:00\",\"dateModified\":\"2026-01-20T12:57:28+00:00\",\"breadcrumb\":{\"@id\":\"https:\/\/www.namude.lt\/objektas\/parduodamas-su-patogumais-be-skolu-tvarkingas-2-kambario-butas-pirmame-aukste-is-keturiu-ignalinos-rajone-didziasalio-miestelyje-agarinio-gatveje\/#breadcrumb\"},\"inLanguage\":\"en-US\",\"potentialAction\":[{\"@type\":\"ReadAction\",\"target\":[\"https:\/\/www.namude.lt\/objektas\/parduodamas-su-patogumais-be-skolu-tvarkingas-2-kambario-butas-pirmame-aukste-is-keturiu-ignalinos-rajone-didziasalio-miestelyje-agarinio-gatveje\/\"]}]},{\"@type\":\"ImageObject\",\"inLanguage\":\"en-US\",\"@id\":\"https:\/\/www.namude.lt\/objektas\/parduodamas-su-patogumais-be-skolu-tvarkingas-2-kambario-butas-pirmame-aukste-is-keturiu-ignalinos-rajone-didziasalio-miestelyje-agarinio-gatveje\/#primaryimage\",\"url\":\"https:\/\/www.namude.lt\/wp-content\/uploads\/2025\/04\/1-6.jpg\",\"contentUrl\":\"https:\/\/www.namude.lt\/wp-content\/uploads\/2025\/04\/1-6.jpg\",\"width\":800,\"height\":531},{\"@type\":\"BreadcrumbList\",\"@id\":\"https:\/\/www.namude.lt\/objektas\/parduodamas-su-patogumais-be-skolu-tvarkingas-2-kambario-butas-pirmame-aukste-is-keturiu-ignalinos-rajone-didziasalio-miestelyje-agarinio-gatveje\/#breadcrumb\",\"itemListElement\":[{\"@type\":\"ListItem\",\"position\":1,\"name\":\"Home\",\"item\":\"https:\/\/www.namude.lt\/en\/\"},{\"@type\":\"ListItem\",\"position\":2,\"name\":\"Real estate\",\"item\":\"https:\/\/www.namude.lt\/en\/real-estate\/\"},{\"@type\":\"ListItem\",\"position\":3,\"name\":\"Parduodamas su patogumais, be skol\u0173, tvarkingas 2 kambari\u0173 butas pirmame auk\u0161te i\u0161 keturi\u0173 Ignalinos rajone, Did\u017eiasalio miestelyje, Agarinio gatv\u0117je.\"}]},{\"@type\":\"WebSite\",\"@id\":\"https:\/\/www.namude.lt\/#website\",\"url\":\"https:\/\/www.namude.lt\/\",\"name\":\"Namud\u0117\",\"description\":\"\u201eNamud\u0117\u201c \u2013 agent\u016bra, pardavin\u0117janti Auk\u0161taitijos NT grynuolius.\",\"publisher\":{\"@id\":\"https:\/\/www.namude.lt\/#organization\"},\"potentialAction\":[{\"@type\":\"SearchAction\",\"target\":{\"@type\":\"EntryPoint\",\"urlTemplate\":\"https:\/\/www.namude.lt\/?s={search_term_string}\"},\"query-input\":{\"@type\":\"PropertyValueSpecification\",\"valueRequired\":true,\"valueName\":\"search_term_string\"}}],\"inLanguage\":\"en-US\"},{\"@type\":\"Organization\",\"@id\":\"https:\/\/www.namude.lt\/#organization\",\"name\":\"Namud\u0117\",\"url\":\"https:\/\/www.namude.lt\/\",\"logo\":{\"@type\":\"ImageObject\",\"inLanguage\":\"en-US\",\"@id\":\"https:\/\/www.namude.lt\/#\/schema\/logo\/image\/\",\"url\":\"https:\/\/www.namude.lt\/wp-content\/uploads\/2023\/11\/logo-symbol.svg\",\"contentUrl\":\"https:\/\/www.namude.lt\/wp-content\/uploads\/2023\/11\/logo-symbol.svg\",\"width\":1,\"height\":1,\"caption\":\"Namud\u0117\"},\"image\":{\"@id\":\"https:\/\/www.namude.lt\/#\/schema\/logo\/image\/\"}}]}<\/script>\n<!-- \/ Yoast SEO plugin. -->","yoast_head_json":{"title":"Parduodamas su patogumais, be skol\u0173, tvarkingas 2 kambari\u0173 butas pirmame auk\u0161te i\u0161 keturi\u0173 Ignalinos rajone, Did\u017eiasalio miestelyje, Agarinio gatv\u0117je. - Namud\u0117","robots":{"index":"index","follow":"follow","max-snippet":"max-snippet:-1","max-image-preview":"max-image-preview:large","max-video-preview":"max-video-preview:-1"},"canonical":"https:\/\/www.namude.lt\/objektas\/parduodamas-su-patogumais-be-skolu-tvarkingas-2-kambario-butas-pirmame-aukste-is-keturiu-ignalinos-rajone-didziasalio-miestelyje-agarinio-gatveje\/","og_locale":"en_US","og_type":"article","og_title":"Parduodamas su patogumais, be skol\u0173, tvarkingas 2 kambari\u0173 butas pirmame auk\u0161te i\u0161 keturi\u0173 Ignalinos rajone, Did\u017eiasalio miestelyje, Agarinio gatv\u0117je. - Namud\u0117","og_description":"Bendras plotas \u2013 46.67 kv. m. Butas gero i\u0161planavimo: erdvus prie\u0161kambaris, tualetas ir vonia atskirai. Yra balkonas. Buto \u012f\u0117jimo durys pakeistos \u012f naujas. Visa nauja grind\u0173 apdaila: kambariuose naujas linoleumas, o virtuv\u0117je grind\u0173 ir sien\u0173 naujos plytel\u0117s. Dar reikia nauj\u0173 sien\u0173 tapet\u0173, o vonioj ir tualete santechnikos \u012frenginius pakeisti. Parduodama su dalimi bald\u0173. Po butu priklauso r\u016bsys (3.78 kv. m). Draugi\u0161ki kaimynai. Sutvarkyta aplinka. \u0160alia, automobili\u0173 stov\u0117jimo aik\u0161tel\u0117, renovuota mokykla ir vaik\u0173 dar\u017eelis, maisto preki\u0173 parduotuv\u0117, poliklinika, vaistin\u0117, seni\u016bnija, rekonstruotas stadionas ir sporto aik\u0161tynas, nauja vaik\u0173 \u017eaidimo aik\u0161tel\u0117, turgelis ir kt. Gra\u017ei gamta. U\u017e 0.3 km tyvuliuoja Agarinio e\u017eeriukas, o u\u017e 1.0 km dar vienas e\u017eeras ir prateka Birv\u0117tos ir Dysnos up\u0117s. Puikus susisiekimas. Kasdien, po kelet\u0105 kart\u0173, kursuoja autobusas \u012f Ignalin\u0105. Gera butas, geroje vietoje, patogiam gyvenimui.","og_url":"https:\/\/www.namude.lt\/objektas\/parduodamas-su-patogumais-be-skolu-tvarkingas-2-kambario-butas-pirmame-aukste-is-keturiu-ignalinos-rajone-didziasalio-miestelyje-agarinio-gatveje\/","og_site_name":"Namud\u0117","article_modified_time":"2026-01-20T12:57:28+00:00","og_image":[{"width":800,"height":531,"url":"https:\/\/www.namude.lt\/wp-content\/uploads\/2025\/04\/1-6.jpg","type":"image\/jpeg"}],"twitter_card":"summary_large_image","schema":{"@context":"https:\/\/schema.org","@graph":[{"@type":"WebPage","@id":"https:\/\/www.namude.lt\/objektas\/parduodamas-su-patogumais-be-skolu-tvarkingas-2-kambario-butas-pirmame-aukste-is-keturiu-ignalinos-rajone-didziasalio-miestelyje-agarinio-gatveje\/","url":"https:\/\/www.namude.lt\/objektas\/parduodamas-su-patogumais-be-skolu-tvarkingas-2-kambario-butas-pirmame-aukste-is-keturiu-ignalinos-rajone-didziasalio-miestelyje-agarinio-gatveje\/","name":"Parduodamas su patogumais, be skol\u0173, tvarkingas 2 kambari\u0173 butas pirmame auk\u0161te i\u0161 keturi\u0173 Ignalinos rajone, Did\u017eiasalio miestelyje, Agarinio gatv\u0117je. - Namud\u0117","isPartOf":{"@id":"https:\/\/www.namude.lt\/#website"},"primaryImageOfPage":{"@id":"https:\/\/www.namude.lt\/objektas\/parduodamas-su-patogumais-be-skolu-tvarkingas-2-kambario-butas-pirmame-aukste-is-keturiu-ignalinos-rajone-didziasalio-miestelyje-agarinio-gatveje\/#primaryimage"},"image":{"@id":"https:\/\/www.namude.lt\/objektas\/parduodamas-su-patogumais-be-skolu-tvarkingas-2-kambario-butas-pirmame-aukste-is-keturiu-ignalinos-rajone-didziasalio-miestelyje-agarinio-gatveje\/#primaryimage"},"thumbnailUrl":"https:\/\/www.namude.lt\/wp-content\/uploads\/2025\/04\/1-6.jpg","datePublished":"2025-04-10T09:29:19+00:00","dateModified":"2026-01-20T12:57:28+00:00","breadcrumb":{"@id":"https:\/\/www.namude.lt\/objektas\/parduodamas-su-patogumais-be-skolu-tvarkingas-2-kambario-butas-pirmame-aukste-is-keturiu-ignalinos-rajone-didziasalio-miestelyje-agarinio-gatveje\/#breadcrumb"},"inLanguage":"en-US","potentialAction":[{"@type":"ReadAction","target":["https:\/\/www.namude.lt\/objektas\/parduodamas-su-patogumais-be-skolu-tvarkingas-2-kambario-butas-pirmame-aukste-is-keturiu-ignalinos-rajone-didziasalio-miestelyje-agarinio-gatveje\/"]}]},{"@type":"ImageObject","inLanguage":"en-US","@id":"https:\/\/www.namude.lt\/objektas\/parduodamas-su-patogumais-be-skolu-tvarkingas-2-kambario-butas-pirmame-aukste-is-keturiu-ignalinos-rajone-didziasalio-miestelyje-agarinio-gatveje\/#primaryimage","url":"https:\/\/www.namude.lt\/wp-content\/uploads\/2025\/04\/1-6.jpg","contentUrl":"https:\/\/www.namude.lt\/wp-content\/uploads\/2025\/04\/1-6.jpg","width":800,"height":531},{"@type":"BreadcrumbList","@id":"https:\/\/www.namude.lt\/objektas\/parduodamas-su-patogumais-be-skolu-tvarkingas-2-kambario-butas-pirmame-aukste-is-keturiu-ignalinos-rajone-didziasalio-miestelyje-agarinio-gatveje\/#breadcrumb","itemListElement":[{"@type":"ListItem","position":1,"name":"Home","item":"https:\/\/www.namude.lt\/en\/"},{"@type":"ListItem","position":2,"name":"Real estate","item":"https:\/\/www.namude.lt\/en\/real-estate\/"},{"@type":"ListItem","position":3,"name":"Parduodamas su patogumais, be skol\u0173, tvarkingas 2 kambari\u0173 butas pirmame auk\u0161te i\u0161 keturi\u0173 Ignalinos rajone, Did\u017eiasalio miestelyje, Agarinio gatv\u0117je."}]},{"@type":"WebSite","@id":"https:\/\/www.namude.lt\/#website","url":"https:\/\/www.namude.lt\/","name":"Namud\u0117","description":"\u201eNamud\u0117\u201c \u2013 agent\u016bra, pardavin\u0117janti Auk\u0161taitijos NT grynuolius.","publisher":{"@id":"https:\/\/www.namude.lt\/#organization"},"potentialAction":[{"@type":"SearchAction","target":{"@type":"EntryPoint","urlTemplate":"https:\/\/www.namude.lt\/?s={search_term_string}"},"query-input":{"@type":"PropertyValueSpecification","valueRequired":true,"valueName":"search_term_string"}}],"inLanguage":"en-US"},{"@type":"Organization","@id":"https:\/\/www.namude.lt\/#organization","name":"Namud\u0117","url":"https:\/\/www.namude.lt\/","logo":{"@type":"ImageObject","inLanguage":"en-US","@id":"https:\/\/www.namude.lt\/#\/schema\/logo\/image\/","url":"https:\/\/www.namude.lt\/wp-content\/uploads\/2023\/11\/logo-symbol.svg","contentUrl":"https:\/\/www.namude.lt\/wp-content\/uploads\/2023\/11\/logo-symbol.svg","width":1,"height":1,"caption":"Namud\u0117"},"image":{"@id":"https:\/\/www.namude.lt\/#\/schema\/logo\/image\/"}}]}},"_links":{"self":[{"href":"https:\/\/www.namude.lt\/en\/wp-json\/wp\/v2\/product\/16430","targetHints":{"allow":["GET"]}}],"collection":[{"href":"https:\/\/www.namude.lt\/en\/wp-json\/wp\/v2\/product"}],"about":[{"href":"https:\/\/www.namude.lt\/en\/wp-json\/wp\/v2\/types\/product"}],"wp:featuredmedia":[{"embeddable":true,"href":"https:\/\/www.namude.lt\/en\/wp-json\/wp\/v2\/media\/16431"}],"wp:attachment":[{"href":"https:\/\/www.namude.lt\/en\/wp-json\/wp\/v2\/media?parent=16430"}],"wp:term":[{"taxonomy":"product_brand","embeddable":true,"href":"https:\/\/www.namude.lt\/en\/wp-json\/wp\/v2\/product_brand?post=16430"},{"taxonomy":"product_cat","embeddable":true,"href":"https:\/\/www.namude.lt\/en\/wp-json\/wp\/v2\/product_cat?post=16430"},{"taxonomy":"product_tag","embeddable":true,"href":"https:\/\/www.namude.lt\/en\/wp-json\/wp\/v2\/product_tag?post=16430"}],"curies":[{"name":"wp","href":"https:\/\/api.w.org\/{rel}","templated":true}]}}