{"id":1634,"date":"2024-01-22T14:17:43","date_gmt":"2024-01-22T12:17:43","guid":{"rendered":"https:\/\/www.namude.lt\/?post_type=product&#038;p=1634"},"modified":"2024-05-24T12:42:27","modified_gmt":"2024-05-24T09:42:27","slug":"sodyba-ignalinos-rajone-daubariskeles-kaimelio-pakrastyje-atokiau-nuo-kaimynu","status":"publish","type":"product","link":"https:\/\/www.namude.lt\/en\/object\/sodyba-ignalinos-rajone-daubariskeles-kaimelio-pakrastyje-atokiau-nuo-kaimynu\/","title":{"rendered":"SODYBA IGNALINOS RAJONE, DAUBARI\u0160K\u0116L\u0116S KAIMELIO PAKRA\u0160TYJE, ATOKIAU NUO KAIMYN\u0172."},"content":{"rendered":"","protected":false},"excerpt":{"rendered":"<p><strong>Parduodama <a href=\"https:\/\/www.namude.lt\/kategorija\/sodybos\/?filter_rajonas=ignalinos-rajonas&amp;query_type_rajonas=or\">sodyba<\/a> <a href=\"https:\/\/www.namude.lt\/parduodami-nt-objektai\/?filter_rajonas=ignalinos-rajonas&amp;query_type_rajonas=or\">Ignalinos rajone<\/a>, Daubari\u0161k\u0117l\u0117s kaimelio pakra\u0161tyje, atokiau nuo kaimyn\u0173.<\/strong>\u00a0Artimiausias kaimynas \u2013 u\u017e\u00a0<strong>250<\/strong>\u00a0m. Gero stovio r\u0105stinio gyvenamojo namo dalis, langai su dro\u017ein\u0117tais puo\u0161ybos elementais. Bendras plotas apie\u00a0<strong>100<\/strong>\u00a0kv. m. \u00a0\u016akiniai\u00a0 pastatai sugriuv\u0119. Yra lik\u0119s sodas, senas \u0161ulinys. Priklauso\u00a0<strong>0.47<\/strong>\u00a0ha nam\u0173 valdos sklypas. Iki artimiausio e\u017eero ma\u017eiau nei\u00a0<strong>1<\/strong>\u00a0km. Moliakalnio mi\u0161kas\u00a0 &#8211; ma\u017eiau nei<strong>\u00a00.5<\/strong>\u00a0km. Artimiausias miestas Ignalina \u2013 apie\u00a0<strong>20\u00a0<\/strong>km. Iki Vilniaus \u2013 apie\u00a0<strong>130<\/strong>\u00a0 km. Tvirtas namas su nam\u0173 valdos sklypu u\u017e ma\u017e\u0105 kain\u0105.<\/p>\n<p>Maps ta\u0161ko koordinat\u0117s:<\/p>\n<p><strong>650581, 6139970 (LKS)<br \/>\n55.371856, 26.375768 (WGS)<br \/>\n55\u00b0 22&#8242; 18.68&#8243;, 26\u00b0 22&#8242; 32.77&#8243; (WGS)<\/strong><\/p>\n","protected":false},"featured_media":1635,"template":"","meta":{"_acf_changed":false},"product_brand":[],"product_cat":[23],"product_tag":[],"class_list":{"0":"post-1634","1":"product","2":"type-product","3":"status-publish","4":"has-post-thumbnail","6":"product_cat-sodybos","7":"pa_rajonas-ignalinos-rajonas","8":"description-off","10":"first","11":"instock","12":"shipping-taxable","13":"purchasable","14":"product-type-simple"},"acf":[],"yoast_head":"<!-- This site is optimized with the Yoast SEO plugin v27.0 - https:\/\/yoast.com\/product\/yoast-seo-wordpress\/ -->\n<title>SODYBA IGNALINOS RAJONE, DAUBARI\u0160K\u0116L\u0116S KAIMELIO PAKRA\u0160TYJE, ATOKIAU NUO KAIMYN\u0172. - Namud\u0117<\/title>\n<meta name=\"robots\" content=\"index, follow, max-snippet:-1, max-image-preview:large, max-video-preview:-1\" \/>\n<link rel=\"canonical\" href=\"https:\/\/www.namude.lt\/objektas\/sodyba-ignalinos-rajone-daubariskeles-kaimelio-pakrastyje-atokiau-nuo-kaimynu\/\" \/>\n<meta property=\"og:locale\" content=\"en_US\" \/>\n<meta property=\"og:type\" content=\"article\" \/>\n<meta property=\"og:title\" content=\"SODYBA IGNALINOS RAJONE, DAUBARI\u0160K\u0116L\u0116S KAIMELIO PAKRA\u0160TYJE, ATOKIAU NUO KAIMYN\u0172. - Namud\u0117\" \/>\n<meta property=\"og:description\" content=\"Parduodama sodyba Ignalinos rajone, Daubari\u0161k\u0117l\u0117s kaimelio pakra\u0161tyje, atokiau nuo kaimyn\u0173.\u00a0Artimiausias kaimynas \u2013 u\u017e\u00a0250\u00a0m. Gero stovio r\u0105stinio gyvenamojo namo dalis, langai su dro\u017ein\u0117tais puo\u0161ybos elementais. Bendras plotas apie\u00a0100\u00a0kv. m. \u00a0\u016akiniai\u00a0 pastatai sugriuv\u0119. Yra lik\u0119s sodas, senas \u0161ulinys. Priklauso\u00a00.47\u00a0ha nam\u0173 valdos sklypas. Iki artimiausio e\u017eero ma\u017eiau nei\u00a01\u00a0km. Moliakalnio mi\u0161kas\u00a0 - ma\u017eiau nei\u00a00.5\u00a0km. Artimiausias miestas Ignalina \u2013 apie\u00a020\u00a0km. Iki Vilniaus \u2013 apie\u00a0130\u00a0 km. Tvirtas namas su nam\u0173 valdos sklypu u\u017e ma\u017e\u0105 kain\u0105.  Maps ta\u0161ko koordinat\u0117s:  650581, 6139970 (LKS) 55.371856, 26.375768 (WGS) 55\u00b0 22&#039; 18.68&quot;, 26\u00b0 22&#039; 32.77&quot; (WGS)\" \/>\n<meta property=\"og:url\" content=\"https:\/\/www.namude.lt\/objektas\/sodyba-ignalinos-rajone-daubariskeles-kaimelio-pakrastyje-atokiau-nuo-kaimynu\/\" \/>\n<meta property=\"og:site_name\" content=\"Namud\u0117\" \/>\n<meta property=\"article:modified_time\" content=\"2024-05-24T09:42:27+00:00\" \/>\n<meta property=\"og:image\" content=\"https:\/\/www.namude.lt\/wp-content\/uploads\/2024\/01\/1-24.jpg\" \/>\n\t<meta property=\"og:image:width\" content=\"800\" \/>\n\t<meta property=\"og:image:height\" content=\"531\" \/>\n\t<meta property=\"og:image:type\" content=\"image\/jpeg\" \/>\n<meta name=\"twitter:card\" content=\"summary_large_image\" \/>\n<script type=\"application\/ld+json\" class=\"yoast-schema-graph\">{\"@context\":\"https:\/\/schema.org\",\"@graph\":[{\"@type\":\"WebPage\",\"@id\":\"https:\/\/www.namude.lt\/objektas\/sodyba-ignalinos-rajone-daubariskeles-kaimelio-pakrastyje-atokiau-nuo-kaimynu\/\",\"url\":\"https:\/\/www.namude.lt\/objektas\/sodyba-ignalinos-rajone-daubariskeles-kaimelio-pakrastyje-atokiau-nuo-kaimynu\/\",\"name\":\"SODYBA IGNALINOS RAJONE, DAUBARI\u0160K\u0116L\u0116S KAIMELIO PAKRA\u0160TYJE, ATOKIAU NUO KAIMYN\u0172. - Namud\u0117\",\"isPartOf\":{\"@id\":\"https:\/\/www.namude.lt\/#website\"},\"primaryImageOfPage\":{\"@id\":\"https:\/\/www.namude.lt\/objektas\/sodyba-ignalinos-rajone-daubariskeles-kaimelio-pakrastyje-atokiau-nuo-kaimynu\/#primaryimage\"},\"image\":{\"@id\":\"https:\/\/www.namude.lt\/objektas\/sodyba-ignalinos-rajone-daubariskeles-kaimelio-pakrastyje-atokiau-nuo-kaimynu\/#primaryimage\"},\"thumbnailUrl\":\"https:\/\/www.namude.lt\/wp-content\/uploads\/2024\/01\/1-24.jpg\",\"datePublished\":\"2024-01-22T12:17:43+00:00\",\"dateModified\":\"2024-05-24T09:42:27+00:00\",\"breadcrumb\":{\"@id\":\"https:\/\/www.namude.lt\/objektas\/sodyba-ignalinos-rajone-daubariskeles-kaimelio-pakrastyje-atokiau-nuo-kaimynu\/#breadcrumb\"},\"inLanguage\":\"en-US\",\"potentialAction\":[{\"@type\":\"ReadAction\",\"target\":[\"https:\/\/www.namude.lt\/objektas\/sodyba-ignalinos-rajone-daubariskeles-kaimelio-pakrastyje-atokiau-nuo-kaimynu\/\"]}]},{\"@type\":\"ImageObject\",\"inLanguage\":\"en-US\",\"@id\":\"https:\/\/www.namude.lt\/objektas\/sodyba-ignalinos-rajone-daubariskeles-kaimelio-pakrastyje-atokiau-nuo-kaimynu\/#primaryimage\",\"url\":\"https:\/\/www.namude.lt\/wp-content\/uploads\/2024\/01\/1-24.jpg\",\"contentUrl\":\"https:\/\/www.namude.lt\/wp-content\/uploads\/2024\/01\/1-24.jpg\",\"width\":800,\"height\":531},{\"@type\":\"BreadcrumbList\",\"@id\":\"https:\/\/www.namude.lt\/objektas\/sodyba-ignalinos-rajone-daubariskeles-kaimelio-pakrastyje-atokiau-nuo-kaimynu\/#breadcrumb\",\"itemListElement\":[{\"@type\":\"ListItem\",\"position\":1,\"name\":\"Home\",\"item\":\"https:\/\/www.namude.lt\/en\/\"},{\"@type\":\"ListItem\",\"position\":2,\"name\":\"Real estate\",\"item\":\"https:\/\/www.namude.lt\/en\/real-estate\/\"},{\"@type\":\"ListItem\",\"position\":3,\"name\":\"SODYBA IGNALINOS RAJONE, DAUBARI\u0160K\u0116L\u0116S KAIMELIO PAKRA\u0160TYJE, ATOKIAU NUO KAIMYN\u0172.\"}]},{\"@type\":\"WebSite\",\"@id\":\"https:\/\/www.namude.lt\/#website\",\"url\":\"https:\/\/www.namude.lt\/\",\"name\":\"Namud\u0117\",\"description\":\"\u201eNamud\u0117\u201c \u2013 agent\u016bra, pardavin\u0117janti Auk\u0161taitijos NT grynuolius.\",\"publisher\":{\"@id\":\"https:\/\/www.namude.lt\/#organization\"},\"potentialAction\":[{\"@type\":\"SearchAction\",\"target\":{\"@type\":\"EntryPoint\",\"urlTemplate\":\"https:\/\/www.namude.lt\/?s={search_term_string}\"},\"query-input\":{\"@type\":\"PropertyValueSpecification\",\"valueRequired\":true,\"valueName\":\"search_term_string\"}}],\"inLanguage\":\"en-US\"},{\"@type\":\"Organization\",\"@id\":\"https:\/\/www.namude.lt\/#organization\",\"name\":\"Namud\u0117\",\"url\":\"https:\/\/www.namude.lt\/\",\"logo\":{\"@type\":\"ImageObject\",\"inLanguage\":\"en-US\",\"@id\":\"https:\/\/www.namude.lt\/#\/schema\/logo\/image\/\",\"url\":\"https:\/\/www.namude.lt\/wp-content\/uploads\/2023\/11\/logo-symbol.svg\",\"contentUrl\":\"https:\/\/www.namude.lt\/wp-content\/uploads\/2023\/11\/logo-symbol.svg\",\"width\":1,\"height\":1,\"caption\":\"Namud\u0117\"},\"image\":{\"@id\":\"https:\/\/www.namude.lt\/#\/schema\/logo\/image\/\"}}]}<\/script>\n<!-- \/ Yoast SEO plugin. -->","yoast_head_json":{"title":"SODYBA IGNALINOS RAJONE, DAUBARI\u0160K\u0116L\u0116S KAIMELIO PAKRA\u0160TYJE, ATOKIAU NUO KAIMYN\u0172. - Namud\u0117","robots":{"index":"index","follow":"follow","max-snippet":"max-snippet:-1","max-image-preview":"max-image-preview:large","max-video-preview":"max-video-preview:-1"},"canonical":"https:\/\/www.namude.lt\/objektas\/sodyba-ignalinos-rajone-daubariskeles-kaimelio-pakrastyje-atokiau-nuo-kaimynu\/","og_locale":"en_US","og_type":"article","og_title":"SODYBA IGNALINOS RAJONE, DAUBARI\u0160K\u0116L\u0116S KAIMELIO PAKRA\u0160TYJE, ATOKIAU NUO KAIMYN\u0172. - Namud\u0117","og_description":"Parduodama sodyba Ignalinos rajone, Daubari\u0161k\u0117l\u0117s kaimelio pakra\u0161tyje, atokiau nuo kaimyn\u0173.\u00a0Artimiausias kaimynas \u2013 u\u017e\u00a0250\u00a0m. Gero stovio r\u0105stinio gyvenamojo namo dalis, langai su dro\u017ein\u0117tais puo\u0161ybos elementais. Bendras plotas apie\u00a0100\u00a0kv. m. \u00a0\u016akiniai\u00a0 pastatai sugriuv\u0119. Yra lik\u0119s sodas, senas \u0161ulinys. Priklauso\u00a00.47\u00a0ha nam\u0173 valdos sklypas. Iki artimiausio e\u017eero ma\u017eiau nei\u00a01\u00a0km. Moliakalnio mi\u0161kas\u00a0 - ma\u017eiau nei\u00a00.5\u00a0km. Artimiausias miestas Ignalina \u2013 apie\u00a020\u00a0km. Iki Vilniaus \u2013 apie\u00a0130\u00a0 km. Tvirtas namas su nam\u0173 valdos sklypu u\u017e ma\u017e\u0105 kain\u0105.  Maps ta\u0161ko koordinat\u0117s:  650581, 6139970 (LKS) 55.371856, 26.375768 (WGS) 55\u00b0 22' 18.68\", 26\u00b0 22' 32.77\" (WGS)","og_url":"https:\/\/www.namude.lt\/objektas\/sodyba-ignalinos-rajone-daubariskeles-kaimelio-pakrastyje-atokiau-nuo-kaimynu\/","og_site_name":"Namud\u0117","article_modified_time":"2024-05-24T09:42:27+00:00","og_image":[{"width":800,"height":531,"url":"https:\/\/www.namude.lt\/wp-content\/uploads\/2024\/01\/1-24.jpg","type":"image\/jpeg"}],"twitter_card":"summary_large_image","schema":{"@context":"https:\/\/schema.org","@graph":[{"@type":"WebPage","@id":"https:\/\/www.namude.lt\/objektas\/sodyba-ignalinos-rajone-daubariskeles-kaimelio-pakrastyje-atokiau-nuo-kaimynu\/","url":"https:\/\/www.namude.lt\/objektas\/sodyba-ignalinos-rajone-daubariskeles-kaimelio-pakrastyje-atokiau-nuo-kaimynu\/","name":"SODYBA IGNALINOS RAJONE, DAUBARI\u0160K\u0116L\u0116S KAIMELIO PAKRA\u0160TYJE, ATOKIAU NUO KAIMYN\u0172. - Namud\u0117","isPartOf":{"@id":"https:\/\/www.namude.lt\/#website"},"primaryImageOfPage":{"@id":"https:\/\/www.namude.lt\/objektas\/sodyba-ignalinos-rajone-daubariskeles-kaimelio-pakrastyje-atokiau-nuo-kaimynu\/#primaryimage"},"image":{"@id":"https:\/\/www.namude.lt\/objektas\/sodyba-ignalinos-rajone-daubariskeles-kaimelio-pakrastyje-atokiau-nuo-kaimynu\/#primaryimage"},"thumbnailUrl":"https:\/\/www.namude.lt\/wp-content\/uploads\/2024\/01\/1-24.jpg","datePublished":"2024-01-22T12:17:43+00:00","dateModified":"2024-05-24T09:42:27+00:00","breadcrumb":{"@id":"https:\/\/www.namude.lt\/objektas\/sodyba-ignalinos-rajone-daubariskeles-kaimelio-pakrastyje-atokiau-nuo-kaimynu\/#breadcrumb"},"inLanguage":"en-US","potentialAction":[{"@type":"ReadAction","target":["https:\/\/www.namude.lt\/objektas\/sodyba-ignalinos-rajone-daubariskeles-kaimelio-pakrastyje-atokiau-nuo-kaimynu\/"]}]},{"@type":"ImageObject","inLanguage":"en-US","@id":"https:\/\/www.namude.lt\/objektas\/sodyba-ignalinos-rajone-daubariskeles-kaimelio-pakrastyje-atokiau-nuo-kaimynu\/#primaryimage","url":"https:\/\/www.namude.lt\/wp-content\/uploads\/2024\/01\/1-24.jpg","contentUrl":"https:\/\/www.namude.lt\/wp-content\/uploads\/2024\/01\/1-24.jpg","width":800,"height":531},{"@type":"BreadcrumbList","@id":"https:\/\/www.namude.lt\/objektas\/sodyba-ignalinos-rajone-daubariskeles-kaimelio-pakrastyje-atokiau-nuo-kaimynu\/#breadcrumb","itemListElement":[{"@type":"ListItem","position":1,"name":"Home","item":"https:\/\/www.namude.lt\/en\/"},{"@type":"ListItem","position":2,"name":"Real estate","item":"https:\/\/www.namude.lt\/en\/real-estate\/"},{"@type":"ListItem","position":3,"name":"SODYBA IGNALINOS RAJONE, DAUBARI\u0160K\u0116L\u0116S KAIMELIO PAKRA\u0160TYJE, ATOKIAU NUO KAIMYN\u0172."}]},{"@type":"WebSite","@id":"https:\/\/www.namude.lt\/#website","url":"https:\/\/www.namude.lt\/","name":"Namud\u0117","description":"\u201eNamud\u0117\u201c \u2013 agent\u016bra, pardavin\u0117janti Auk\u0161taitijos NT grynuolius.","publisher":{"@id":"https:\/\/www.namude.lt\/#organization"},"potentialAction":[{"@type":"SearchAction","target":{"@type":"EntryPoint","urlTemplate":"https:\/\/www.namude.lt\/?s={search_term_string}"},"query-input":{"@type":"PropertyValueSpecification","valueRequired":true,"valueName":"search_term_string"}}],"inLanguage":"en-US"},{"@type":"Organization","@id":"https:\/\/www.namude.lt\/#organization","name":"Namud\u0117","url":"https:\/\/www.namude.lt\/","logo":{"@type":"ImageObject","inLanguage":"en-US","@id":"https:\/\/www.namude.lt\/#\/schema\/logo\/image\/","url":"https:\/\/www.namude.lt\/wp-content\/uploads\/2023\/11\/logo-symbol.svg","contentUrl":"https:\/\/www.namude.lt\/wp-content\/uploads\/2023\/11\/logo-symbol.svg","width":1,"height":1,"caption":"Namud\u0117"},"image":{"@id":"https:\/\/www.namude.lt\/#\/schema\/logo\/image\/"}}]}},"_links":{"self":[{"href":"https:\/\/www.namude.lt\/en\/wp-json\/wp\/v2\/product\/1634","targetHints":{"allow":["GET"]}}],"collection":[{"href":"https:\/\/www.namude.lt\/en\/wp-json\/wp\/v2\/product"}],"about":[{"href":"https:\/\/www.namude.lt\/en\/wp-json\/wp\/v2\/types\/product"}],"wp:featuredmedia":[{"embeddable":true,"href":"https:\/\/www.namude.lt\/en\/wp-json\/wp\/v2\/media\/1635"}],"wp:attachment":[{"href":"https:\/\/www.namude.lt\/en\/wp-json\/wp\/v2\/media?parent=1634"}],"wp:term":[{"taxonomy":"product_brand","embeddable":true,"href":"https:\/\/www.namude.lt\/en\/wp-json\/wp\/v2\/product_brand?post=1634"},{"taxonomy":"product_cat","embeddable":true,"href":"https:\/\/www.namude.lt\/en\/wp-json\/wp\/v2\/product_cat?post=1634"},{"taxonomy":"product_tag","embeddable":true,"href":"https:\/\/www.namude.lt\/en\/wp-json\/wp\/v2\/product_tag?post=1634"}],"curies":[{"name":"wp","href":"https:\/\/api.w.org\/{rel}","templated":true}]}}