{"id":16129,"date":"2025-04-02T16:07:03","date_gmt":"2025-04-02T13:07:03","guid":{"rendered":"https:\/\/www.namude.lt\/?post_type=product&#038;p=16129"},"modified":"2025-09-17T09:41:05","modified_gmt":"2025-09-17T06:41:05","slug":"parduodamas-namas-taujenu-seniunijoje-ukmerges-rajone","status":"publish","type":"product","link":"https:\/\/www.namude.lt\/en\/object\/parduodamas-namas-taujenu-seniunijoje-ukmerges-rajone\/","title":{"rendered":"PARDUODAMAS NAMAS TAUJ\u0116N\u0172 SENI\u016aNIJOJE UKMERG\u0116S RAJONE"},"content":{"rendered":"","protected":false},"excerpt":{"rendered":"<p><strong>U\u017eul\u0117nio kaime, Antano Smetonos gatv\u0117je, L\u0117no e\u017eero pietrytin\u0117je pus\u0117je parduodamas r\u0105stinis namas su \u016bkiniu pastatu.<\/strong><a href=\"https:\/\/www.namude.lt\/kategorija\/namai\/?filter_rajonas=kiti-rajonai&amp;query_type_rajonas=or\"><\/a> Ukmerg\u0117s rajonas vienas i\u0161 gra\u017eiausi\u0173 viet\u0173 Lietuvoje, o U\u017eul\u0117nio kaimo autentika ir i\u0161lik\u0119 kult\u016briniai objektai sukuria ypating\u0105 aplink\u0105 \u0161iame kaime. Veikia Tauj\u0117n\u0173 mokyklos U\u017eugirio A. Smetonos pradinio ugdymo skyrius, biblioteka, U\u017eugirio kra\u0161to muziejus. Kaime i\u0161lik\u0119s U\u017eugirio dvaras ir parkas, gimtoji Lietuvos Prezidento A. Smetonos sodyba.[3] Pietvakariuose plyti L\u0117no mi\u0161kas.<br \/>\nPRIVALUMAI:<br \/>\n\u2013 Pri\u017ei\u016br\u0117tas, kokybi\u0161kai pastatytas 2 auk\u0161t\u0173 namas 98kv.m. (1 kambarys pirmame auk\u0161te, bei virtuv\u0117 su sand\u0117liuku , antrame 2 kambariai);<br \/>\n\u2013 \u016akinis pastatas ( sal\u0117 ir pirtis);<br \/>\n\u2013 Nam\u0173 valdos plotas \u2013 14a, viso bendras plotas 95a;<br \/>\n\u2013 Vandentiekis \u2013 \u0161ulinys, vietinis vandentiekis;<br \/>\n\u2013 Krosninis \u0161ildymas;<br \/>\n\u2013 Sutvarkyta aplinka;<br \/>\n\u2013 Patogus priva\u017eiavimas: iki L\u0117no kaimo 1,80km; Ukmerg\u0117s 28km;  Panev\u0117\u017eio 55km; Anyk\u0161\u010di\u0173 41km; Jonavos 64km; K\u0117daini\u0173 60km; Vilniaus 97km; Utenos 84km.<\/p>\n<p>Koordinat\u0117s :<br \/>\nmaps.lt \u2013 55.417195, 24.583997<\/p>\n<p>Kvie\u010diame ap\u017ei\u016br\u0117ti ir \u012fvertinti \u0161i\u0105 viet\u0105 patiems! Lauksime atvykstant ir savaitgaliais!<\/p>\n","protected":false},"featured_media":17495,"template":"","meta":{"_acf_changed":false},"product_brand":[],"product_cat":[75],"product_tag":[],"class_list":{"0":"post-16129","1":"product","2":"type-product","3":"status-publish","4":"has-post-thumbnail","6":"product_cat-parduota","7":"description-off","9":"first","10":"instock","11":"shipping-taxable","12":"purchasable","13":"product-type-simple"},"acf":[],"yoast_head":"<!-- This site is optimized with the Yoast SEO plugin v27.4 - https:\/\/yoast.com\/product\/yoast-seo-wordpress\/ -->\n<title>PARDUODAMAS NAMAS TAUJ\u0116N\u0172 SENI\u016aNIJOJE UKMERG\u0116S RAJONE - Namud\u0117<\/title>\n<meta name=\"robots\" content=\"index, follow, max-snippet:-1, max-image-preview:large, max-video-preview:-1\" \/>\n<link rel=\"canonical\" href=\"https:\/\/www.namude.lt\/objektas\/parduodamas-namas-taujenu-seniunijoje-ukmerges-rajone\/\" \/>\n<meta property=\"og:locale\" content=\"en_US\" \/>\n<meta property=\"og:type\" content=\"article\" \/>\n<meta property=\"og:title\" content=\"PARDUODAMAS NAMAS TAUJ\u0116N\u0172 SENI\u016aNIJOJE UKMERG\u0116S RAJONE - Namud\u0117\" \/>\n<meta property=\"og:description\" content=\"U\u017eul\u0117nio kaime, Antano Smetonos gatv\u0117je, L\u0117no e\u017eero pietrytin\u0117je pus\u0117je parduodamas r\u0105stinis namas su \u016bkiniu pastatu. Ukmerg\u0117s rajonas vienas i\u0161 gra\u017eiausi\u0173 viet\u0173 Lietuvoje, o U\u017eul\u0117nio kaimo autentika ir i\u0161lik\u0119 kult\u016briniai objektai sukuria ypating\u0105 aplink\u0105 \u0161iame kaime. Veikia Tauj\u0117n\u0173 mokyklos U\u017eugirio A. Smetonos pradinio ugdymo skyrius, biblioteka, U\u017eugirio kra\u0161to muziejus. Kaime i\u0161lik\u0119s U\u017eugirio dvaras ir parkas, gimtoji Lietuvos Prezidento A. Smetonos sodyba.[3] Pietvakariuose plyti L\u0117no mi\u0161kas.  PRIVALUMAI: \u2013 Pri\u017ei\u016br\u0117tas, kokybi\u0161kai pastatytas 2 auk\u0161t\u0173 namas 98kv.m. (1 kambarys pirmame auk\u0161te, bei virtuv\u0117 su sand\u0117liuku , antrame 2 kambariai); \u2013 \u016akinis pastatas ( sal\u0117 ir pirtis); \u2013 Nam\u0173 valdos plotas \u2013 14a, viso bendras plotas 95a; \u2013 Vandentiekis \u2013 \u0161ulinys, vietinis vandentiekis; \u2013 Krosninis \u0161ildymas; \u2013 Sutvarkyta aplinka; \u2013 Patogus priva\u017eiavimas: iki L\u0117no kaimo 1,80km; Ukmerg\u0117s 28km; Panev\u0117\u017eio 55km; Anyk\u0161\u010di\u0173 41km; Jonavos 64km; K\u0117daini\u0173 60km; Vilniaus 97km; Utenos 84km.  Koordinat\u0117s : maps.lt \u2013 55.417195, 24.583997  Kvie\u010diame ap\u017ei\u016br\u0117ti ir \u012fvertinti \u0161i\u0105 viet\u0105 patiems! Lauksime atvykstant ir savaitgaliais!\" \/>\n<meta property=\"og:url\" content=\"https:\/\/www.namude.lt\/objektas\/parduodamas-namas-taujenu-seniunijoje-ukmerges-rajone\/\" \/>\n<meta property=\"og:site_name\" content=\"Namud\u0117\" \/>\n<meta property=\"article:modified_time\" content=\"2025-09-17T06:41:05+00:00\" \/>\n<meta property=\"og:image\" content=\"https:\/\/www.namude.lt\/wp-content\/uploads\/2025\/04\/1-21.jpg\" \/>\n\t<meta property=\"og:image:width\" content=\"2400\" \/>\n\t<meta property=\"og:image:height\" content=\"1800\" \/>\n\t<meta property=\"og:image:type\" content=\"image\/jpeg\" \/>\n<meta name=\"twitter:card\" content=\"summary_large_image\" \/>\n<script type=\"application\/ld+json\" class=\"yoast-schema-graph\">{\"@context\":\"https:\\\/\\\/schema.org\",\"@graph\":[{\"@type\":\"WebPage\",\"@id\":\"https:\\\/\\\/www.namude.lt\\\/objektas\\\/parduodamas-namas-taujenu-seniunijoje-ukmerges-rajone\\\/\",\"url\":\"https:\\\/\\\/www.namude.lt\\\/objektas\\\/parduodamas-namas-taujenu-seniunijoje-ukmerges-rajone\\\/\",\"name\":\"PARDUODAMAS NAMAS TAUJ\u0116N\u0172 SENI\u016aNIJOJE UKMERG\u0116S RAJONE - Namud\u0117\",\"isPartOf\":{\"@id\":\"https:\\\/\\\/www.namude.lt\\\/#website\"},\"primaryImageOfPage\":{\"@id\":\"https:\\\/\\\/www.namude.lt\\\/objektas\\\/parduodamas-namas-taujenu-seniunijoje-ukmerges-rajone\\\/#primaryimage\"},\"image\":{\"@id\":\"https:\\\/\\\/www.namude.lt\\\/objektas\\\/parduodamas-namas-taujenu-seniunijoje-ukmerges-rajone\\\/#primaryimage\"},\"thumbnailUrl\":\"https:\\\/\\\/www.namude.lt\\\/wp-content\\\/uploads\\\/2025\\\/04\\\/1-21.jpg\",\"datePublished\":\"2025-04-02T13:07:03+00:00\",\"dateModified\":\"2025-09-17T06:41:05+00:00\",\"breadcrumb\":{\"@id\":\"https:\\\/\\\/www.namude.lt\\\/objektas\\\/parduodamas-namas-taujenu-seniunijoje-ukmerges-rajone\\\/#breadcrumb\"},\"inLanguage\":\"en-US\",\"potentialAction\":[{\"@type\":\"ReadAction\",\"target\":[\"https:\\\/\\\/www.namude.lt\\\/objektas\\\/parduodamas-namas-taujenu-seniunijoje-ukmerges-rajone\\\/\"]}]},{\"@type\":\"ImageObject\",\"inLanguage\":\"en-US\",\"@id\":\"https:\\\/\\\/www.namude.lt\\\/objektas\\\/parduodamas-namas-taujenu-seniunijoje-ukmerges-rajone\\\/#primaryimage\",\"url\":\"https:\\\/\\\/www.namude.lt\\\/wp-content\\\/uploads\\\/2025\\\/04\\\/1-21.jpg\",\"contentUrl\":\"https:\\\/\\\/www.namude.lt\\\/wp-content\\\/uploads\\\/2025\\\/04\\\/1-21.jpg\",\"width\":2400,\"height\":1800},{\"@type\":\"BreadcrumbList\",\"@id\":\"https:\\\/\\\/www.namude.lt\\\/objektas\\\/parduodamas-namas-taujenu-seniunijoje-ukmerges-rajone\\\/#breadcrumb\",\"itemListElement\":[{\"@type\":\"ListItem\",\"position\":1,\"name\":\"Home\",\"item\":\"https:\\\/\\\/www.namude.lt\\\/en\\\/\"},{\"@type\":\"ListItem\",\"position\":2,\"name\":\"Real estate\",\"item\":\"https:\\\/\\\/www.namude.lt\\\/en\\\/real-estate\\\/\"},{\"@type\":\"ListItem\",\"position\":3,\"name\":\"PARDUODAMAS NAMAS TAUJ\u0116N\u0172 SENI\u016aNIJOJE UKMERG\u0116S RAJONE\"}]},{\"@type\":\"WebSite\",\"@id\":\"https:\\\/\\\/www.namude.lt\\\/#website\",\"url\":\"https:\\\/\\\/www.namude.lt\\\/\",\"name\":\"Namud\u0117\",\"description\":\"\u201eNamud\u0117\u201c \u2013 agent\u016bra, pardavin\u0117janti Auk\u0161taitijos NT grynuolius.\",\"publisher\":{\"@id\":\"https:\\\/\\\/www.namude.lt\\\/#organization\"},\"potentialAction\":[{\"@type\":\"SearchAction\",\"target\":{\"@type\":\"EntryPoint\",\"urlTemplate\":\"https:\\\/\\\/www.namude.lt\\\/?s={search_term_string}\"},\"query-input\":{\"@type\":\"PropertyValueSpecification\",\"valueRequired\":true,\"valueName\":\"search_term_string\"}}],\"inLanguage\":\"en-US\"},{\"@type\":\"Organization\",\"@id\":\"https:\\\/\\\/www.namude.lt\\\/#organization\",\"name\":\"Namud\u0117\",\"url\":\"https:\\\/\\\/www.namude.lt\\\/\",\"logo\":{\"@type\":\"ImageObject\",\"inLanguage\":\"en-US\",\"@id\":\"https:\\\/\\\/www.namude.lt\\\/#\\\/schema\\\/logo\\\/image\\\/\",\"url\":\"https:\\\/\\\/www.namude.lt\\\/wp-content\\\/uploads\\\/2023\\\/11\\\/logo-symbol.svg\",\"contentUrl\":\"https:\\\/\\\/www.namude.lt\\\/wp-content\\\/uploads\\\/2023\\\/11\\\/logo-symbol.svg\",\"width\":1,\"height\":1,\"caption\":\"Namud\u0117\"},\"image\":{\"@id\":\"https:\\\/\\\/www.namude.lt\\\/#\\\/schema\\\/logo\\\/image\\\/\"}}]}<\/script>\n<!-- \/ Yoast SEO plugin. -->","yoast_head_json":{"title":"PARDUODAMAS NAMAS TAUJ\u0116N\u0172 SENI\u016aNIJOJE UKMERG\u0116S RAJONE - Namud\u0117","robots":{"index":"index","follow":"follow","max-snippet":"max-snippet:-1","max-image-preview":"max-image-preview:large","max-video-preview":"max-video-preview:-1"},"canonical":"https:\/\/www.namude.lt\/objektas\/parduodamas-namas-taujenu-seniunijoje-ukmerges-rajone\/","og_locale":"en_US","og_type":"article","og_title":"PARDUODAMAS NAMAS TAUJ\u0116N\u0172 SENI\u016aNIJOJE UKMERG\u0116S RAJONE - Namud\u0117","og_description":"U\u017eul\u0117nio kaime, Antano Smetonos gatv\u0117je, L\u0117no e\u017eero pietrytin\u0117je pus\u0117je parduodamas r\u0105stinis namas su \u016bkiniu pastatu. Ukmerg\u0117s rajonas vienas i\u0161 gra\u017eiausi\u0173 viet\u0173 Lietuvoje, o U\u017eul\u0117nio kaimo autentika ir i\u0161lik\u0119 kult\u016briniai objektai sukuria ypating\u0105 aplink\u0105 \u0161iame kaime. Veikia Tauj\u0117n\u0173 mokyklos U\u017eugirio A. Smetonos pradinio ugdymo skyrius, biblioteka, U\u017eugirio kra\u0161to muziejus. Kaime i\u0161lik\u0119s U\u017eugirio dvaras ir parkas, gimtoji Lietuvos Prezidento A. Smetonos sodyba.[3] Pietvakariuose plyti L\u0117no mi\u0161kas.  PRIVALUMAI: \u2013 Pri\u017ei\u016br\u0117tas, kokybi\u0161kai pastatytas 2 auk\u0161t\u0173 namas 98kv.m. (1 kambarys pirmame auk\u0161te, bei virtuv\u0117 su sand\u0117liuku , antrame 2 kambariai); \u2013 \u016akinis pastatas ( sal\u0117 ir pirtis); \u2013 Nam\u0173 valdos plotas \u2013 14a, viso bendras plotas 95a; \u2013 Vandentiekis \u2013 \u0161ulinys, vietinis vandentiekis; \u2013 Krosninis \u0161ildymas; \u2013 Sutvarkyta aplinka; \u2013 Patogus priva\u017eiavimas: iki L\u0117no kaimo 1,80km; Ukmerg\u0117s 28km; Panev\u0117\u017eio 55km; Anyk\u0161\u010di\u0173 41km; Jonavos 64km; K\u0117daini\u0173 60km; Vilniaus 97km; Utenos 84km.  Koordinat\u0117s : maps.lt \u2013 55.417195, 24.583997  Kvie\u010diame ap\u017ei\u016br\u0117ti ir \u012fvertinti \u0161i\u0105 viet\u0105 patiems! Lauksime atvykstant ir savaitgaliais!","og_url":"https:\/\/www.namude.lt\/objektas\/parduodamas-namas-taujenu-seniunijoje-ukmerges-rajone\/","og_site_name":"Namud\u0117","article_modified_time":"2025-09-17T06:41:05+00:00","og_image":[{"width":2400,"height":1800,"url":"https:\/\/www.namude.lt\/wp-content\/uploads\/2025\/04\/1-21.jpg","type":"image\/jpeg"}],"twitter_card":"summary_large_image","schema":{"@context":"https:\/\/schema.org","@graph":[{"@type":"WebPage","@id":"https:\/\/www.namude.lt\/objektas\/parduodamas-namas-taujenu-seniunijoje-ukmerges-rajone\/","url":"https:\/\/www.namude.lt\/objektas\/parduodamas-namas-taujenu-seniunijoje-ukmerges-rajone\/","name":"PARDUODAMAS NAMAS TAUJ\u0116N\u0172 SENI\u016aNIJOJE UKMERG\u0116S RAJONE - Namud\u0117","isPartOf":{"@id":"https:\/\/www.namude.lt\/#website"},"primaryImageOfPage":{"@id":"https:\/\/www.namude.lt\/objektas\/parduodamas-namas-taujenu-seniunijoje-ukmerges-rajone\/#primaryimage"},"image":{"@id":"https:\/\/www.namude.lt\/objektas\/parduodamas-namas-taujenu-seniunijoje-ukmerges-rajone\/#primaryimage"},"thumbnailUrl":"https:\/\/www.namude.lt\/wp-content\/uploads\/2025\/04\/1-21.jpg","datePublished":"2025-04-02T13:07:03+00:00","dateModified":"2025-09-17T06:41:05+00:00","breadcrumb":{"@id":"https:\/\/www.namude.lt\/objektas\/parduodamas-namas-taujenu-seniunijoje-ukmerges-rajone\/#breadcrumb"},"inLanguage":"en-US","potentialAction":[{"@type":"ReadAction","target":["https:\/\/www.namude.lt\/objektas\/parduodamas-namas-taujenu-seniunijoje-ukmerges-rajone\/"]}]},{"@type":"ImageObject","inLanguage":"en-US","@id":"https:\/\/www.namude.lt\/objektas\/parduodamas-namas-taujenu-seniunijoje-ukmerges-rajone\/#primaryimage","url":"https:\/\/www.namude.lt\/wp-content\/uploads\/2025\/04\/1-21.jpg","contentUrl":"https:\/\/www.namude.lt\/wp-content\/uploads\/2025\/04\/1-21.jpg","width":2400,"height":1800},{"@type":"BreadcrumbList","@id":"https:\/\/www.namude.lt\/objektas\/parduodamas-namas-taujenu-seniunijoje-ukmerges-rajone\/#breadcrumb","itemListElement":[{"@type":"ListItem","position":1,"name":"Home","item":"https:\/\/www.namude.lt\/en\/"},{"@type":"ListItem","position":2,"name":"Real estate","item":"https:\/\/www.namude.lt\/en\/real-estate\/"},{"@type":"ListItem","position":3,"name":"PARDUODAMAS NAMAS TAUJ\u0116N\u0172 SENI\u016aNIJOJE UKMERG\u0116S RAJONE"}]},{"@type":"WebSite","@id":"https:\/\/www.namude.lt\/#website","url":"https:\/\/www.namude.lt\/","name":"Namud\u0117","description":"\u201eNamud\u0117\u201c \u2013 agent\u016bra, pardavin\u0117janti Auk\u0161taitijos NT grynuolius.","publisher":{"@id":"https:\/\/www.namude.lt\/#organization"},"potentialAction":[{"@type":"SearchAction","target":{"@type":"EntryPoint","urlTemplate":"https:\/\/www.namude.lt\/?s={search_term_string}"},"query-input":{"@type":"PropertyValueSpecification","valueRequired":true,"valueName":"search_term_string"}}],"inLanguage":"en-US"},{"@type":"Organization","@id":"https:\/\/www.namude.lt\/#organization","name":"Namud\u0117","url":"https:\/\/www.namude.lt\/","logo":{"@type":"ImageObject","inLanguage":"en-US","@id":"https:\/\/www.namude.lt\/#\/schema\/logo\/image\/","url":"https:\/\/www.namude.lt\/wp-content\/uploads\/2023\/11\/logo-symbol.svg","contentUrl":"https:\/\/www.namude.lt\/wp-content\/uploads\/2023\/11\/logo-symbol.svg","width":1,"height":1,"caption":"Namud\u0117"},"image":{"@id":"https:\/\/www.namude.lt\/#\/schema\/logo\/image\/"}}]}},"_links":{"self":[{"href":"https:\/\/www.namude.lt\/en\/wp-json\/wp\/v2\/product\/16129","targetHints":{"allow":["GET"]}}],"collection":[{"href":"https:\/\/www.namude.lt\/en\/wp-json\/wp\/v2\/product"}],"about":[{"href":"https:\/\/www.namude.lt\/en\/wp-json\/wp\/v2\/types\/product"}],"wp:featuredmedia":[{"embeddable":true,"href":"https:\/\/www.namude.lt\/en\/wp-json\/wp\/v2\/media\/17495"}],"wp:attachment":[{"href":"https:\/\/www.namude.lt\/en\/wp-json\/wp\/v2\/media?parent=16129"}],"wp:term":[{"taxonomy":"product_brand","embeddable":true,"href":"https:\/\/www.namude.lt\/en\/wp-json\/wp\/v2\/product_brand?post=16129"},{"taxonomy":"product_cat","embeddable":true,"href":"https:\/\/www.namude.lt\/en\/wp-json\/wp\/v2\/product_cat?post=16129"},{"taxonomy":"product_tag","embeddable":true,"href":"https:\/\/www.namude.lt\/en\/wp-json\/wp\/v2\/product_tag?post=16129"}],"curies":[{"name":"wp","href":"https:\/\/api.w.org\/{rel}","templated":true}]}}