{"id":15990,"date":"2025-04-01T11:37:39","date_gmt":"2025-04-01T08:37:39","guid":{"rendered":"https:\/\/www.namude.lt\/?post_type=product&#038;p=15990"},"modified":"2025-06-09T08:51:38","modified_gmt":"2025-06-09T05:51:38","slug":"parduodamas-namas-dusetu-miestelyje","status":"publish","type":"product","link":"https:\/\/www.namude.lt\/en\/object\/parduodamas-namas-dusetu-miestelyje\/","title":{"rendered":"PARDUODAMAS NAMAS DUSET\u0172 MIESTELYJE"},"content":{"rendered":"","protected":false},"excerpt":{"rendered":"<p>E\u017eer\u0173 kra\u0161te Duset\u0173 miestelyje, Kalno g. erdvus namas laukia nauj\u0173 \u0161eiminink\u0173. \u0160alimais Sart\u0173 e\u017eeras, kuris patiks ne tik \u017evejams, bet ir gamtos myl\u0117tojams. Duset\u0173 miestelis &#8211; tai puiki vieta poilsiui, hobiui ir nuolatiniam gyvenimui.  Miestelyje yra muziejus, kult\u016bros centras, dail\u0117s galerija, biblioteka, gimnazija, jachtklubas, skulpt\u016br\u0173 parkas ir net keletas papl\u016bdimi\u0173.<br \/>\nPRIVALUMAI:<br \/>\n\u2013 Pri\u017ei\u016br\u0117tas, r\u0105stinis gyvenamasis namas 162kv.m., \u016bkinis pastatas; ( gyvenamojo namo pirmame auk\u0161te yra 3 kambariai, virtuv\u0117, tualetas, antrame namo auk\u0161te yra 2 kambariai ir balkonas. Po visu namu yra didelis r\u016bsys, kuriame ne tik kietu kuro katilas, boileris, bet ir senovin\u0117 krosnis- duonkep\u0117.<br \/>\n\u2013 \u016akiniame pastate \u012frengta gara\u017eas, sand\u0117liavimo patalpos, lauko virtuv\u0117 ir r\u016bsys;<br \/>\n\u2013 \u017dem\u0117s sklypo plotas \u2013 67a, i\u0161 j\u0173 27a \u2013 nam\u0173 valdos;<br \/>\n\u2013 Vandentiekis \u2013 \u012fvestas<br \/>\n\u2013 \u0160ildymas kieto kuro katilu &#8211; centrinis;<br \/>\n\u2013 Didelis ir brandus sodas;<br \/>\n\u2013 Netoliese yra  \u017diego, Vasakno, Plavio e\u017eerai, \u0160ventosios up\u0117;<br \/>\n\u2013 Patogus priva\u017eiavimas, atstumai, Zarasai 32km, Utenos 38km, Roki\u0161kis 43km, Visaginas 58km, Panev\u0117\u017eys 123km, Vilniaus 133km, Kaunas 172km.<br \/>\nKoordinat\u0117s :<br \/>\nmaps.lt \u2013 55.758097, 25.850065<br \/>\nKvie\u010diame ap\u017ei\u016br\u0117ti ir \u012fvertinti \u0161i\u0105 vieta patiems! Lauksime atvykstant ir savaitgaliais!<\/p>\n","protected":false},"featured_media":19121,"template":"","meta":{"_acf_changed":false},"product_brand":[],"product_cat":[26],"product_tag":[],"class_list":{"0":"post-15990","1":"product","2":"type-product","3":"status-publish","4":"has-post-thumbnail","6":"product_cat-namai","7":"pa_rajonas-zarasu-rajonas","8":"description-off","10":"first","11":"instock","12":"shipping-taxable","13":"purchasable","14":"product-type-simple"},"acf":[],"yoast_head":"<!-- This site is optimized with the Yoast SEO plugin v27.4 - https:\/\/yoast.com\/product\/yoast-seo-wordpress\/ -->\n<title>PARDUODAMAS NAMAS DUSET\u0172 MIESTELYJE - Namud\u0117<\/title>\n<meta name=\"robots\" content=\"index, follow, max-snippet:-1, max-image-preview:large, max-video-preview:-1\" \/>\n<link rel=\"canonical\" href=\"https:\/\/www.namude.lt\/objektas\/parduodamas-namas-dusetu-miestelyje\/\" \/>\n<meta property=\"og:locale\" content=\"en_US\" \/>\n<meta property=\"og:type\" content=\"article\" \/>\n<meta property=\"og:title\" content=\"PARDUODAMAS NAMAS DUSET\u0172 MIESTELYJE - Namud\u0117\" \/>\n<meta property=\"og:description\" content=\"E\u017eer\u0173 kra\u0161te Duset\u0173 miestelyje, Kalno g. erdvus namas laukia nauj\u0173 \u0161eiminink\u0173. \u0160alimais Sart\u0173 e\u017eeras, kuris patiks ne tik \u017evejams, bet ir gamtos myl\u0117tojams. Duset\u0173 miestelis - tai puiki vieta poilsiui, hobiui ir nuolatiniam gyvenimui. Miestelyje yra muziejus, kult\u016bros centras, dail\u0117s galerija, biblioteka, gimnazija, jachtklubas, skulpt\u016br\u0173 parkas ir net keletas papl\u016bdimi\u0173. PRIVALUMAI: \u2013 Pri\u017ei\u016br\u0117tas, r\u0105stinis gyvenamasis namas 162kv.m., \u016bkinis pastatas; ( gyvenamojo namo pirmame auk\u0161te yra 3 kambariai, virtuv\u0117, tualetas, antrame namo auk\u0161te yra 2 kambariai ir balkonas. Po visu namu yra didelis r\u016bsys, kuriame ne tik kietu kuro katilas, boileris, bet ir senovin\u0117 krosnis- duonkep\u0117. \u2013 \u016akiniame pastate \u012frengta gara\u017eas, sand\u0117liavimo patalpos, lauko virtuv\u0117 ir r\u016bsys; \u2013 \u017dem\u0117s sklypo plotas \u2013 67a, i\u0161 j\u0173 27a \u2013 nam\u0173 valdos; \u2013 Vandentiekis \u2013 \u012fvestas \u2013 \u0160ildymas kieto kuro katilu - centrinis; \u2013 Didelis ir brandus sodas; \u2013 Netoliese yra \u017diego, Vasakno, Plavio e\u017eerai, \u0160ventosios up\u0117; \u2013 Patogus priva\u017eiavimas, atstumai, Zarasai 32km, Utenos 38km, Roki\u0161kis 43km, Visaginas 58km, Panev\u0117\u017eys 123km, Vilniaus 133km, Kaunas 172km. Koordinat\u0117s : maps.lt \u2013 55.758097, 25.850065 Kvie\u010diame ap\u017ei\u016br\u0117ti ir \u012fvertinti \u0161i\u0105 vieta patiems! Lauksime atvykstant ir savaitgaliais!\" \/>\n<meta property=\"og:url\" content=\"https:\/\/www.namude.lt\/objektas\/parduodamas-namas-dusetu-miestelyje\/\" \/>\n<meta property=\"og:site_name\" content=\"Namud\u0117\" \/>\n<meta property=\"article:modified_time\" content=\"2025-06-09T05:51:38+00:00\" \/>\n<meta property=\"og:image\" content=\"https:\/\/www.namude.lt\/wp-content\/uploads\/2025\/04\/IMG_20250607_154726.jpg\" \/>\n\t<meta property=\"og:image:width\" content=\"2400\" \/>\n\t<meta property=\"og:image:height\" content=\"1800\" \/>\n\t<meta property=\"og:image:type\" content=\"image\/jpeg\" \/>\n<meta name=\"twitter:card\" content=\"summary_large_image\" \/>\n<script type=\"application\/ld+json\" class=\"yoast-schema-graph\">{\"@context\":\"https:\\\/\\\/schema.org\",\"@graph\":[{\"@type\":\"WebPage\",\"@id\":\"https:\\\/\\\/www.namude.lt\\\/objektas\\\/parduodamas-namas-dusetu-miestelyje\\\/\",\"url\":\"https:\\\/\\\/www.namude.lt\\\/objektas\\\/parduodamas-namas-dusetu-miestelyje\\\/\",\"name\":\"PARDUODAMAS NAMAS DUSET\u0172 MIESTELYJE - Namud\u0117\",\"isPartOf\":{\"@id\":\"https:\\\/\\\/www.namude.lt\\\/#website\"},\"primaryImageOfPage\":{\"@id\":\"https:\\\/\\\/www.namude.lt\\\/objektas\\\/parduodamas-namas-dusetu-miestelyje\\\/#primaryimage\"},\"image\":{\"@id\":\"https:\\\/\\\/www.namude.lt\\\/objektas\\\/parduodamas-namas-dusetu-miestelyje\\\/#primaryimage\"},\"thumbnailUrl\":\"https:\\\/\\\/www.namude.lt\\\/wp-content\\\/uploads\\\/2025\\\/04\\\/IMG_20250607_154726.jpg\",\"datePublished\":\"2025-04-01T08:37:39+00:00\",\"dateModified\":\"2025-06-09T05:51:38+00:00\",\"breadcrumb\":{\"@id\":\"https:\\\/\\\/www.namude.lt\\\/objektas\\\/parduodamas-namas-dusetu-miestelyje\\\/#breadcrumb\"},\"inLanguage\":\"en-US\",\"potentialAction\":[{\"@type\":\"ReadAction\",\"target\":[\"https:\\\/\\\/www.namude.lt\\\/objektas\\\/parduodamas-namas-dusetu-miestelyje\\\/\"]}]},{\"@type\":\"ImageObject\",\"inLanguage\":\"en-US\",\"@id\":\"https:\\\/\\\/www.namude.lt\\\/objektas\\\/parduodamas-namas-dusetu-miestelyje\\\/#primaryimage\",\"url\":\"https:\\\/\\\/www.namude.lt\\\/wp-content\\\/uploads\\\/2025\\\/04\\\/IMG_20250607_154726.jpg\",\"contentUrl\":\"https:\\\/\\\/www.namude.lt\\\/wp-content\\\/uploads\\\/2025\\\/04\\\/IMG_20250607_154726.jpg\",\"width\":2400,\"height\":1800},{\"@type\":\"BreadcrumbList\",\"@id\":\"https:\\\/\\\/www.namude.lt\\\/objektas\\\/parduodamas-namas-dusetu-miestelyje\\\/#breadcrumb\",\"itemListElement\":[{\"@type\":\"ListItem\",\"position\":1,\"name\":\"Home\",\"item\":\"https:\\\/\\\/www.namude.lt\\\/en\\\/\"},{\"@type\":\"ListItem\",\"position\":2,\"name\":\"Real estate\",\"item\":\"https:\\\/\\\/www.namude.lt\\\/en\\\/real-estate\\\/\"},{\"@type\":\"ListItem\",\"position\":3,\"name\":\"PARDUODAMAS NAMAS DUSET\u0172 MIESTELYJE\"}]},{\"@type\":\"WebSite\",\"@id\":\"https:\\\/\\\/www.namude.lt\\\/#website\",\"url\":\"https:\\\/\\\/www.namude.lt\\\/\",\"name\":\"Namud\u0117\",\"description\":\"\u201eNamud\u0117\u201c \u2013 agent\u016bra, pardavin\u0117janti Auk\u0161taitijos NT grynuolius.\",\"publisher\":{\"@id\":\"https:\\\/\\\/www.namude.lt\\\/#organization\"},\"potentialAction\":[{\"@type\":\"SearchAction\",\"target\":{\"@type\":\"EntryPoint\",\"urlTemplate\":\"https:\\\/\\\/www.namude.lt\\\/?s={search_term_string}\"},\"query-input\":{\"@type\":\"PropertyValueSpecification\",\"valueRequired\":true,\"valueName\":\"search_term_string\"}}],\"inLanguage\":\"en-US\"},{\"@type\":\"Organization\",\"@id\":\"https:\\\/\\\/www.namude.lt\\\/#organization\",\"name\":\"Namud\u0117\",\"url\":\"https:\\\/\\\/www.namude.lt\\\/\",\"logo\":{\"@type\":\"ImageObject\",\"inLanguage\":\"en-US\",\"@id\":\"https:\\\/\\\/www.namude.lt\\\/#\\\/schema\\\/logo\\\/image\\\/\",\"url\":\"https:\\\/\\\/www.namude.lt\\\/wp-content\\\/uploads\\\/2023\\\/11\\\/logo-symbol.svg\",\"contentUrl\":\"https:\\\/\\\/www.namude.lt\\\/wp-content\\\/uploads\\\/2023\\\/11\\\/logo-symbol.svg\",\"width\":1,\"height\":1,\"caption\":\"Namud\u0117\"},\"image\":{\"@id\":\"https:\\\/\\\/www.namude.lt\\\/#\\\/schema\\\/logo\\\/image\\\/\"}}]}<\/script>\n<!-- \/ Yoast SEO plugin. -->","yoast_head_json":{"title":"PARDUODAMAS NAMAS DUSET\u0172 MIESTELYJE - Namud\u0117","robots":{"index":"index","follow":"follow","max-snippet":"max-snippet:-1","max-image-preview":"max-image-preview:large","max-video-preview":"max-video-preview:-1"},"canonical":"https:\/\/www.namude.lt\/objektas\/parduodamas-namas-dusetu-miestelyje\/","og_locale":"en_US","og_type":"article","og_title":"PARDUODAMAS NAMAS DUSET\u0172 MIESTELYJE - Namud\u0117","og_description":"E\u017eer\u0173 kra\u0161te Duset\u0173 miestelyje, Kalno g. erdvus namas laukia nauj\u0173 \u0161eiminink\u0173. \u0160alimais Sart\u0173 e\u017eeras, kuris patiks ne tik \u017evejams, bet ir gamtos myl\u0117tojams. Duset\u0173 miestelis - tai puiki vieta poilsiui, hobiui ir nuolatiniam gyvenimui. Miestelyje yra muziejus, kult\u016bros centras, dail\u0117s galerija, biblioteka, gimnazija, jachtklubas, skulpt\u016br\u0173 parkas ir net keletas papl\u016bdimi\u0173. PRIVALUMAI: \u2013 Pri\u017ei\u016br\u0117tas, r\u0105stinis gyvenamasis namas 162kv.m., \u016bkinis pastatas; ( gyvenamojo namo pirmame auk\u0161te yra 3 kambariai, virtuv\u0117, tualetas, antrame namo auk\u0161te yra 2 kambariai ir balkonas. Po visu namu yra didelis r\u016bsys, kuriame ne tik kietu kuro katilas, boileris, bet ir senovin\u0117 krosnis- duonkep\u0117. \u2013 \u016akiniame pastate \u012frengta gara\u017eas, sand\u0117liavimo patalpos, lauko virtuv\u0117 ir r\u016bsys; \u2013 \u017dem\u0117s sklypo plotas \u2013 67a, i\u0161 j\u0173 27a \u2013 nam\u0173 valdos; \u2013 Vandentiekis \u2013 \u012fvestas \u2013 \u0160ildymas kieto kuro katilu - centrinis; \u2013 Didelis ir brandus sodas; \u2013 Netoliese yra \u017diego, Vasakno, Plavio e\u017eerai, \u0160ventosios up\u0117; \u2013 Patogus priva\u017eiavimas, atstumai, Zarasai 32km, Utenos 38km, Roki\u0161kis 43km, Visaginas 58km, Panev\u0117\u017eys 123km, Vilniaus 133km, Kaunas 172km. Koordinat\u0117s : maps.lt \u2013 55.758097, 25.850065 Kvie\u010diame ap\u017ei\u016br\u0117ti ir \u012fvertinti \u0161i\u0105 vieta patiems! Lauksime atvykstant ir savaitgaliais!","og_url":"https:\/\/www.namude.lt\/objektas\/parduodamas-namas-dusetu-miestelyje\/","og_site_name":"Namud\u0117","article_modified_time":"2025-06-09T05:51:38+00:00","og_image":[{"width":2400,"height":1800,"url":"https:\/\/www.namude.lt\/wp-content\/uploads\/2025\/04\/IMG_20250607_154726.jpg","type":"image\/jpeg"}],"twitter_card":"summary_large_image","schema":{"@context":"https:\/\/schema.org","@graph":[{"@type":"WebPage","@id":"https:\/\/www.namude.lt\/objektas\/parduodamas-namas-dusetu-miestelyje\/","url":"https:\/\/www.namude.lt\/objektas\/parduodamas-namas-dusetu-miestelyje\/","name":"PARDUODAMAS NAMAS DUSET\u0172 MIESTELYJE - Namud\u0117","isPartOf":{"@id":"https:\/\/www.namude.lt\/#website"},"primaryImageOfPage":{"@id":"https:\/\/www.namude.lt\/objektas\/parduodamas-namas-dusetu-miestelyje\/#primaryimage"},"image":{"@id":"https:\/\/www.namude.lt\/objektas\/parduodamas-namas-dusetu-miestelyje\/#primaryimage"},"thumbnailUrl":"https:\/\/www.namude.lt\/wp-content\/uploads\/2025\/04\/IMG_20250607_154726.jpg","datePublished":"2025-04-01T08:37:39+00:00","dateModified":"2025-06-09T05:51:38+00:00","breadcrumb":{"@id":"https:\/\/www.namude.lt\/objektas\/parduodamas-namas-dusetu-miestelyje\/#breadcrumb"},"inLanguage":"en-US","potentialAction":[{"@type":"ReadAction","target":["https:\/\/www.namude.lt\/objektas\/parduodamas-namas-dusetu-miestelyje\/"]}]},{"@type":"ImageObject","inLanguage":"en-US","@id":"https:\/\/www.namude.lt\/objektas\/parduodamas-namas-dusetu-miestelyje\/#primaryimage","url":"https:\/\/www.namude.lt\/wp-content\/uploads\/2025\/04\/IMG_20250607_154726.jpg","contentUrl":"https:\/\/www.namude.lt\/wp-content\/uploads\/2025\/04\/IMG_20250607_154726.jpg","width":2400,"height":1800},{"@type":"BreadcrumbList","@id":"https:\/\/www.namude.lt\/objektas\/parduodamas-namas-dusetu-miestelyje\/#breadcrumb","itemListElement":[{"@type":"ListItem","position":1,"name":"Home","item":"https:\/\/www.namude.lt\/en\/"},{"@type":"ListItem","position":2,"name":"Real estate","item":"https:\/\/www.namude.lt\/en\/real-estate\/"},{"@type":"ListItem","position":3,"name":"PARDUODAMAS NAMAS DUSET\u0172 MIESTELYJE"}]},{"@type":"WebSite","@id":"https:\/\/www.namude.lt\/#website","url":"https:\/\/www.namude.lt\/","name":"Namud\u0117","description":"\u201eNamud\u0117\u201c \u2013 agent\u016bra, pardavin\u0117janti Auk\u0161taitijos NT grynuolius.","publisher":{"@id":"https:\/\/www.namude.lt\/#organization"},"potentialAction":[{"@type":"SearchAction","target":{"@type":"EntryPoint","urlTemplate":"https:\/\/www.namude.lt\/?s={search_term_string}"},"query-input":{"@type":"PropertyValueSpecification","valueRequired":true,"valueName":"search_term_string"}}],"inLanguage":"en-US"},{"@type":"Organization","@id":"https:\/\/www.namude.lt\/#organization","name":"Namud\u0117","url":"https:\/\/www.namude.lt\/","logo":{"@type":"ImageObject","inLanguage":"en-US","@id":"https:\/\/www.namude.lt\/#\/schema\/logo\/image\/","url":"https:\/\/www.namude.lt\/wp-content\/uploads\/2023\/11\/logo-symbol.svg","contentUrl":"https:\/\/www.namude.lt\/wp-content\/uploads\/2023\/11\/logo-symbol.svg","width":1,"height":1,"caption":"Namud\u0117"},"image":{"@id":"https:\/\/www.namude.lt\/#\/schema\/logo\/image\/"}}]}},"_links":{"self":[{"href":"https:\/\/www.namude.lt\/en\/wp-json\/wp\/v2\/product\/15990","targetHints":{"allow":["GET"]}}],"collection":[{"href":"https:\/\/www.namude.lt\/en\/wp-json\/wp\/v2\/product"}],"about":[{"href":"https:\/\/www.namude.lt\/en\/wp-json\/wp\/v2\/types\/product"}],"wp:featuredmedia":[{"embeddable":true,"href":"https:\/\/www.namude.lt\/en\/wp-json\/wp\/v2\/media\/19121"}],"wp:attachment":[{"href":"https:\/\/www.namude.lt\/en\/wp-json\/wp\/v2\/media?parent=15990"}],"wp:term":[{"taxonomy":"product_brand","embeddable":true,"href":"https:\/\/www.namude.lt\/en\/wp-json\/wp\/v2\/product_brand?post=15990"},{"taxonomy":"product_cat","embeddable":true,"href":"https:\/\/www.namude.lt\/en\/wp-json\/wp\/v2\/product_cat?post=15990"},{"taxonomy":"product_tag","embeddable":true,"href":"https:\/\/www.namude.lt\/en\/wp-json\/wp\/v2\/product_tag?post=15990"}],"curies":[{"name":"wp","href":"https:\/\/api.w.org\/{rel}","templated":true}]}}