{"id":15097,"date":"2025-02-27T15:19:21","date_gmt":"2025-02-27T13:19:21","guid":{"rendered":"https:\/\/www.namude.lt\/?post_type=product&#038;p=15097"},"modified":"2025-08-13T11:10:39","modified_gmt":"2025-08-13T08:10:39","slug":"parduodamas-buves-smilginiskes-vs-dvarelis-ignalinos-rajone-su-2-58-ha-zemes-ukio-paskirties-sklypu","status":"publish","type":"product","link":"https:\/\/www.namude.lt\/en\/object\/parduodamas-buves-smilginiskes-vs-dvarelis-ignalinos-rajone-su-2-58-ha-zemes-ukio-paskirties-sklypu\/","title":{"rendered":"Parduodamas buv\u0119s Smilgini\u0161k\u0117s vs. dvarelis Ignalinos rajone su 2.58 ha \u017eem\u0117s \u016bkio paskirties sklypu."},"content":{"rendered":"","protected":false},"excerpt":{"rendered":"<p>  <strong>Parduodamas buv\u0119s Smilgini\u0161k\u0117s vs. dvarelis Ignalinos rajone su 2.58 ha \u017eem\u0117s \u016bkio paskirties sklypu.<\/strong><a href=\"https:\/\/www.namude.lt\/kategorija\/sodybos\/?filter_rajonas=ignalinos-rajonas&amp;query_type_rajonas=or\"><\/a> \u012e Paveldo registr\u0105 min\u0117tas dvarelis ne\u012ftrauktas, bet yra 1933 m apie tai liudijantys lenki\u0161ki dokumentai (\u017ei\u016br. paskutin\u0117 nuotrauka). 1937 m statybos, ant kalniuko esan\u010dio  medinio gyvenamojo namo bendras plotas \u2013 92.51 kv. m. \u0160ildymas krosninis. Taip pat yra tvartas, pirtis, klojimas, \u016bkio pastatas, \u0161ulinys, lauko tualetas, sodas, dar\u017eas ir k\u016bdra prie pirtel\u0117s. Aplink pastatus, palei sklypo perimetr\u0105, stovi \u012fvair\u016bs dideli med\u017eiai, suteikiantys ypating\u0105 jausm\u0105. Atlikti geodeziniai sklypo matavimai. \u017dem\u0117s sklypo na\u0161umo balas \u2013 45.4. \u0160alimais yra dar dvi sodybos. Geras priva\u017eiavimas. Asfaltuotu keliu iki Vilniaus apie 116 km. Iki artimiausio Mielag\u0117n\u0173 kaimo apie 8 km. Nuo asfalto tik apie 150-200 m pro sen\u0105 med\u017ei\u0173 al\u0117ja&#8230; Toki\u0173 objekt\u0173 Lietuvoje jau ma\u017eai beliko&#8230;<\/p>\n","protected":false},"featured_media":16258,"template":"","meta":{"_acf_changed":false},"product_brand":[],"product_cat":[23],"product_tag":[],"class_list":{"0":"post-15097","1":"product","2":"type-product","3":"status-publish","4":"has-post-thumbnail","6":"product_cat-sodybos","7":"pa_rajonas-ignalinos-rajonas","8":"description-off","10":"first","11":"instock","12":"sale","13":"shipping-taxable","14":"purchasable","15":"product-type-simple"},"acf":[],"yoast_head":"<!-- This site is optimized with the Yoast SEO plugin v27.0 - https:\/\/yoast.com\/product\/yoast-seo-wordpress\/ -->\n<title>Parduodamas buv\u0119s Smilgini\u0161k\u0117s vs. dvarelis Ignalinos rajone su 2.58 ha \u017eem\u0117s \u016bkio paskirties sklypu. - Namud\u0117<\/title>\n<meta name=\"robots\" content=\"index, follow, max-snippet:-1, max-image-preview:large, max-video-preview:-1\" \/>\n<link rel=\"canonical\" href=\"https:\/\/www.namude.lt\/objektas\/parduodamas-buves-smilginiskes-vs-dvarelis-ignalinos-rajone-su-2-58-ha-zemes-ukio-paskirties-sklypu\/\" \/>\n<meta property=\"og:locale\" content=\"en_US\" \/>\n<meta property=\"og:type\" content=\"article\" \/>\n<meta property=\"og:title\" content=\"Parduodamas buv\u0119s Smilgini\u0161k\u0117s vs. dvarelis Ignalinos rajone su 2.58 ha \u017eem\u0117s \u016bkio paskirties sklypu. - Namud\u0117\" \/>\n<meta property=\"og:description\" content=\"Parduodamas buv\u0119s Smilgini\u0161k\u0117s vs. dvarelis Ignalinos rajone su 2.58 ha \u017eem\u0117s \u016bkio paskirties sklypu. \u012e Paveldo registr\u0105 min\u0117tas dvarelis ne\u012ftrauktas, bet yra 1933 m apie tai liudijantys lenki\u0161ki dokumentai (\u017ei\u016br. paskutin\u0117 nuotrauka). 1937 m statybos, ant kalniuko esan\u010dio medinio gyvenamojo namo bendras plotas \u2013 92.51 kv. m. \u0160ildymas krosninis. Taip pat yra tvartas, pirtis, klojimas, \u016bkio pastatas, \u0161ulinys, lauko tualetas, sodas, dar\u017eas ir k\u016bdra prie pirtel\u0117s. Aplink pastatus, palei sklypo perimetr\u0105, stovi \u012fvair\u016bs dideli med\u017eiai, suteikiantys ypating\u0105 jausm\u0105. Atlikti geodeziniai sklypo matavimai. \u017dem\u0117s sklypo na\u0161umo balas \u2013 45.4. \u0160alimais yra dar dvi sodybos. Geras priva\u017eiavimas. Asfaltuotu keliu iki Vilniaus apie 116 km. Iki artimiausio Mielag\u0117n\u0173 kaimo apie 8 km. Nuo asfalto tik apie 150-200 m pro sen\u0105 med\u017ei\u0173 al\u0117ja... Toki\u0173 objekt\u0173 Lietuvoje jau ma\u017eai beliko...\" \/>\n<meta property=\"og:url\" content=\"https:\/\/www.namude.lt\/objektas\/parduodamas-buves-smilginiskes-vs-dvarelis-ignalinos-rajone-su-2-58-ha-zemes-ukio-paskirties-sklypu\/\" \/>\n<meta property=\"og:site_name\" content=\"Namud\u0117\" \/>\n<meta property=\"article:modified_time\" content=\"2025-08-13T08:10:39+00:00\" \/>\n<meta property=\"og:image\" content=\"https:\/\/www.namude.lt\/wp-content\/uploads\/2025\/02\/1-9.jpg\" \/>\n\t<meta property=\"og:image:width\" content=\"800\" \/>\n\t<meta property=\"og:image:height\" content=\"531\" \/>\n\t<meta property=\"og:image:type\" content=\"image\/jpeg\" \/>\n<meta name=\"twitter:card\" content=\"summary_large_image\" \/>\n<script type=\"application\/ld+json\" class=\"yoast-schema-graph\">{\"@context\":\"https:\/\/schema.org\",\"@graph\":[{\"@type\":\"WebPage\",\"@id\":\"https:\/\/www.namude.lt\/objektas\/parduodamas-buves-smilginiskes-vs-dvarelis-ignalinos-rajone-su-2-58-ha-zemes-ukio-paskirties-sklypu\/\",\"url\":\"https:\/\/www.namude.lt\/objektas\/parduodamas-buves-smilginiskes-vs-dvarelis-ignalinos-rajone-su-2-58-ha-zemes-ukio-paskirties-sklypu\/\",\"name\":\"Parduodamas buv\u0119s Smilgini\u0161k\u0117s vs. dvarelis Ignalinos rajone su 2.58 ha \u017eem\u0117s \u016bkio paskirties sklypu. - Namud\u0117\",\"isPartOf\":{\"@id\":\"https:\/\/www.namude.lt\/#website\"},\"primaryImageOfPage\":{\"@id\":\"https:\/\/www.namude.lt\/objektas\/parduodamas-buves-smilginiskes-vs-dvarelis-ignalinos-rajone-su-2-58-ha-zemes-ukio-paskirties-sklypu\/#primaryimage\"},\"image\":{\"@id\":\"https:\/\/www.namude.lt\/objektas\/parduodamas-buves-smilginiskes-vs-dvarelis-ignalinos-rajone-su-2-58-ha-zemes-ukio-paskirties-sklypu\/#primaryimage\"},\"thumbnailUrl\":\"https:\/\/www.namude.lt\/wp-content\/uploads\/2025\/02\/1-9.jpg\",\"datePublished\":\"2025-02-27T13:19:21+00:00\",\"dateModified\":\"2025-08-13T08:10:39+00:00\",\"breadcrumb\":{\"@id\":\"https:\/\/www.namude.lt\/objektas\/parduodamas-buves-smilginiskes-vs-dvarelis-ignalinos-rajone-su-2-58-ha-zemes-ukio-paskirties-sklypu\/#breadcrumb\"},\"inLanguage\":\"en-US\",\"potentialAction\":[{\"@type\":\"ReadAction\",\"target\":[\"https:\/\/www.namude.lt\/objektas\/parduodamas-buves-smilginiskes-vs-dvarelis-ignalinos-rajone-su-2-58-ha-zemes-ukio-paskirties-sklypu\/\"]}]},{\"@type\":\"ImageObject\",\"inLanguage\":\"en-US\",\"@id\":\"https:\/\/www.namude.lt\/objektas\/parduodamas-buves-smilginiskes-vs-dvarelis-ignalinos-rajone-su-2-58-ha-zemes-ukio-paskirties-sklypu\/#primaryimage\",\"url\":\"https:\/\/www.namude.lt\/wp-content\/uploads\/2025\/02\/1-9.jpg\",\"contentUrl\":\"https:\/\/www.namude.lt\/wp-content\/uploads\/2025\/02\/1-9.jpg\",\"width\":800,\"height\":531},{\"@type\":\"BreadcrumbList\",\"@id\":\"https:\/\/www.namude.lt\/objektas\/parduodamas-buves-smilginiskes-vs-dvarelis-ignalinos-rajone-su-2-58-ha-zemes-ukio-paskirties-sklypu\/#breadcrumb\",\"itemListElement\":[{\"@type\":\"ListItem\",\"position\":1,\"name\":\"Home\",\"item\":\"https:\/\/www.namude.lt\/en\/\"},{\"@type\":\"ListItem\",\"position\":2,\"name\":\"Real estate\",\"item\":\"https:\/\/www.namude.lt\/en\/real-estate\/\"},{\"@type\":\"ListItem\",\"position\":3,\"name\":\"Parduodamas buv\u0119s Smilgini\u0161k\u0117s vs. dvarelis Ignalinos rajone su 2.58 ha \u017eem\u0117s \u016bkio paskirties sklypu.\"}]},{\"@type\":\"WebSite\",\"@id\":\"https:\/\/www.namude.lt\/#website\",\"url\":\"https:\/\/www.namude.lt\/\",\"name\":\"Namud\u0117\",\"description\":\"\u201eNamud\u0117\u201c \u2013 agent\u016bra, pardavin\u0117janti Auk\u0161taitijos NT grynuolius.\",\"publisher\":{\"@id\":\"https:\/\/www.namude.lt\/#organization\"},\"potentialAction\":[{\"@type\":\"SearchAction\",\"target\":{\"@type\":\"EntryPoint\",\"urlTemplate\":\"https:\/\/www.namude.lt\/?s={search_term_string}\"},\"query-input\":{\"@type\":\"PropertyValueSpecification\",\"valueRequired\":true,\"valueName\":\"search_term_string\"}}],\"inLanguage\":\"en-US\"},{\"@type\":\"Organization\",\"@id\":\"https:\/\/www.namude.lt\/#organization\",\"name\":\"Namud\u0117\",\"url\":\"https:\/\/www.namude.lt\/\",\"logo\":{\"@type\":\"ImageObject\",\"inLanguage\":\"en-US\",\"@id\":\"https:\/\/www.namude.lt\/#\/schema\/logo\/image\/\",\"url\":\"https:\/\/www.namude.lt\/wp-content\/uploads\/2023\/11\/logo-symbol.svg\",\"contentUrl\":\"https:\/\/www.namude.lt\/wp-content\/uploads\/2023\/11\/logo-symbol.svg\",\"width\":1,\"height\":1,\"caption\":\"Namud\u0117\"},\"image\":{\"@id\":\"https:\/\/www.namude.lt\/#\/schema\/logo\/image\/\"}}]}<\/script>\n<!-- \/ Yoast SEO plugin. -->","yoast_head_json":{"title":"Parduodamas buv\u0119s Smilgini\u0161k\u0117s vs. dvarelis Ignalinos rajone su 2.58 ha \u017eem\u0117s \u016bkio paskirties sklypu. - Namud\u0117","robots":{"index":"index","follow":"follow","max-snippet":"max-snippet:-1","max-image-preview":"max-image-preview:large","max-video-preview":"max-video-preview:-1"},"canonical":"https:\/\/www.namude.lt\/objektas\/parduodamas-buves-smilginiskes-vs-dvarelis-ignalinos-rajone-su-2-58-ha-zemes-ukio-paskirties-sklypu\/","og_locale":"en_US","og_type":"article","og_title":"Parduodamas buv\u0119s Smilgini\u0161k\u0117s vs. dvarelis Ignalinos rajone su 2.58 ha \u017eem\u0117s \u016bkio paskirties sklypu. - Namud\u0117","og_description":"Parduodamas buv\u0119s Smilgini\u0161k\u0117s vs. dvarelis Ignalinos rajone su 2.58 ha \u017eem\u0117s \u016bkio paskirties sklypu. \u012e Paveldo registr\u0105 min\u0117tas dvarelis ne\u012ftrauktas, bet yra 1933 m apie tai liudijantys lenki\u0161ki dokumentai (\u017ei\u016br. paskutin\u0117 nuotrauka). 1937 m statybos, ant kalniuko esan\u010dio medinio gyvenamojo namo bendras plotas \u2013 92.51 kv. m. \u0160ildymas krosninis. Taip pat yra tvartas, pirtis, klojimas, \u016bkio pastatas, \u0161ulinys, lauko tualetas, sodas, dar\u017eas ir k\u016bdra prie pirtel\u0117s. Aplink pastatus, palei sklypo perimetr\u0105, stovi \u012fvair\u016bs dideli med\u017eiai, suteikiantys ypating\u0105 jausm\u0105. Atlikti geodeziniai sklypo matavimai. \u017dem\u0117s sklypo na\u0161umo balas \u2013 45.4. \u0160alimais yra dar dvi sodybos. Geras priva\u017eiavimas. Asfaltuotu keliu iki Vilniaus apie 116 km. Iki artimiausio Mielag\u0117n\u0173 kaimo apie 8 km. Nuo asfalto tik apie 150-200 m pro sen\u0105 med\u017ei\u0173 al\u0117ja... Toki\u0173 objekt\u0173 Lietuvoje jau ma\u017eai beliko...","og_url":"https:\/\/www.namude.lt\/objektas\/parduodamas-buves-smilginiskes-vs-dvarelis-ignalinos-rajone-su-2-58-ha-zemes-ukio-paskirties-sklypu\/","og_site_name":"Namud\u0117","article_modified_time":"2025-08-13T08:10:39+00:00","og_image":[{"width":800,"height":531,"url":"https:\/\/www.namude.lt\/wp-content\/uploads\/2025\/02\/1-9.jpg","type":"image\/jpeg"}],"twitter_card":"summary_large_image","schema":{"@context":"https:\/\/schema.org","@graph":[{"@type":"WebPage","@id":"https:\/\/www.namude.lt\/objektas\/parduodamas-buves-smilginiskes-vs-dvarelis-ignalinos-rajone-su-2-58-ha-zemes-ukio-paskirties-sklypu\/","url":"https:\/\/www.namude.lt\/objektas\/parduodamas-buves-smilginiskes-vs-dvarelis-ignalinos-rajone-su-2-58-ha-zemes-ukio-paskirties-sklypu\/","name":"Parduodamas buv\u0119s Smilgini\u0161k\u0117s vs. dvarelis Ignalinos rajone su 2.58 ha \u017eem\u0117s \u016bkio paskirties sklypu. - Namud\u0117","isPartOf":{"@id":"https:\/\/www.namude.lt\/#website"},"primaryImageOfPage":{"@id":"https:\/\/www.namude.lt\/objektas\/parduodamas-buves-smilginiskes-vs-dvarelis-ignalinos-rajone-su-2-58-ha-zemes-ukio-paskirties-sklypu\/#primaryimage"},"image":{"@id":"https:\/\/www.namude.lt\/objektas\/parduodamas-buves-smilginiskes-vs-dvarelis-ignalinos-rajone-su-2-58-ha-zemes-ukio-paskirties-sklypu\/#primaryimage"},"thumbnailUrl":"https:\/\/www.namude.lt\/wp-content\/uploads\/2025\/02\/1-9.jpg","datePublished":"2025-02-27T13:19:21+00:00","dateModified":"2025-08-13T08:10:39+00:00","breadcrumb":{"@id":"https:\/\/www.namude.lt\/objektas\/parduodamas-buves-smilginiskes-vs-dvarelis-ignalinos-rajone-su-2-58-ha-zemes-ukio-paskirties-sklypu\/#breadcrumb"},"inLanguage":"en-US","potentialAction":[{"@type":"ReadAction","target":["https:\/\/www.namude.lt\/objektas\/parduodamas-buves-smilginiskes-vs-dvarelis-ignalinos-rajone-su-2-58-ha-zemes-ukio-paskirties-sklypu\/"]}]},{"@type":"ImageObject","inLanguage":"en-US","@id":"https:\/\/www.namude.lt\/objektas\/parduodamas-buves-smilginiskes-vs-dvarelis-ignalinos-rajone-su-2-58-ha-zemes-ukio-paskirties-sklypu\/#primaryimage","url":"https:\/\/www.namude.lt\/wp-content\/uploads\/2025\/02\/1-9.jpg","contentUrl":"https:\/\/www.namude.lt\/wp-content\/uploads\/2025\/02\/1-9.jpg","width":800,"height":531},{"@type":"BreadcrumbList","@id":"https:\/\/www.namude.lt\/objektas\/parduodamas-buves-smilginiskes-vs-dvarelis-ignalinos-rajone-su-2-58-ha-zemes-ukio-paskirties-sklypu\/#breadcrumb","itemListElement":[{"@type":"ListItem","position":1,"name":"Home","item":"https:\/\/www.namude.lt\/en\/"},{"@type":"ListItem","position":2,"name":"Real estate","item":"https:\/\/www.namude.lt\/en\/real-estate\/"},{"@type":"ListItem","position":3,"name":"Parduodamas buv\u0119s Smilgini\u0161k\u0117s vs. dvarelis Ignalinos rajone su 2.58 ha \u017eem\u0117s \u016bkio paskirties sklypu."}]},{"@type":"WebSite","@id":"https:\/\/www.namude.lt\/#website","url":"https:\/\/www.namude.lt\/","name":"Namud\u0117","description":"\u201eNamud\u0117\u201c \u2013 agent\u016bra, pardavin\u0117janti Auk\u0161taitijos NT grynuolius.","publisher":{"@id":"https:\/\/www.namude.lt\/#organization"},"potentialAction":[{"@type":"SearchAction","target":{"@type":"EntryPoint","urlTemplate":"https:\/\/www.namude.lt\/?s={search_term_string}"},"query-input":{"@type":"PropertyValueSpecification","valueRequired":true,"valueName":"search_term_string"}}],"inLanguage":"en-US"},{"@type":"Organization","@id":"https:\/\/www.namude.lt\/#organization","name":"Namud\u0117","url":"https:\/\/www.namude.lt\/","logo":{"@type":"ImageObject","inLanguage":"en-US","@id":"https:\/\/www.namude.lt\/#\/schema\/logo\/image\/","url":"https:\/\/www.namude.lt\/wp-content\/uploads\/2023\/11\/logo-symbol.svg","contentUrl":"https:\/\/www.namude.lt\/wp-content\/uploads\/2023\/11\/logo-symbol.svg","width":1,"height":1,"caption":"Namud\u0117"},"image":{"@id":"https:\/\/www.namude.lt\/#\/schema\/logo\/image\/"}}]}},"_links":{"self":[{"href":"https:\/\/www.namude.lt\/en\/wp-json\/wp\/v2\/product\/15097","targetHints":{"allow":["GET"]}}],"collection":[{"href":"https:\/\/www.namude.lt\/en\/wp-json\/wp\/v2\/product"}],"about":[{"href":"https:\/\/www.namude.lt\/en\/wp-json\/wp\/v2\/types\/product"}],"wp:featuredmedia":[{"embeddable":true,"href":"https:\/\/www.namude.lt\/en\/wp-json\/wp\/v2\/media\/16258"}],"wp:attachment":[{"href":"https:\/\/www.namude.lt\/en\/wp-json\/wp\/v2\/media?parent=15097"}],"wp:term":[{"taxonomy":"product_brand","embeddable":true,"href":"https:\/\/www.namude.lt\/en\/wp-json\/wp\/v2\/product_brand?post=15097"},{"taxonomy":"product_cat","embeddable":true,"href":"https:\/\/www.namude.lt\/en\/wp-json\/wp\/v2\/product_cat?post=15097"},{"taxonomy":"product_tag","embeddable":true,"href":"https:\/\/www.namude.lt\/en\/wp-json\/wp\/v2\/product_tag?post=15097"}],"curies":[{"name":"wp","href":"https:\/\/api.w.org\/{rel}","templated":true}]}}