{"id":14943,"date":"2025-02-19T17:55:29","date_gmt":"2025-02-19T15:55:29","guid":{"rendered":"https:\/\/www.namude.lt\/?post_type=product&#038;p=14943"},"modified":"2025-10-29T13:48:49","modified_gmt":"2025-10-29T11:48:49","slug":"14943","status":"publish","type":"product","link":"https:\/\/www.namude.lt\/en\/object\/14943\/","title":{"rendered":"PARDUODAMAS 1 KAMBARIO BUTAS UTENOS MIESTE"},"content":{"rendered":"","protected":false},"excerpt":{"rendered":"<p><strong>Taikos gatv\u0117je, Utenos mieste \u2013 1 kambario butas laukia nauj\u0173 \u0161eiminink\u0173<\/strong><a href=\"https:\/\/www.namude.lt\/kategorija\/butai\/?filter_rajonas=utenos-rajonas&amp;query_type_rajonas=or\"><\/a>. Strategi\u0161kai patogioje vietoje, funkcionaliai suprojektuotas butas, tiks kiekvienam norin\u010diam \u010dia gyventi. Butas yra strategi\u0161kai patogioje vietoje. Keli\u0173 \u0161imt\u0173 metr\u0173 spinduliu yra: Utenos Auk\u0161takalnio progimnazija, Utenos Adolfo \u0160apokos gimnazija, lop\u0161elis-dar\u017eelis \u201ePasaka\u201c, \u0161eimos klinika Hiperika ir Utenos pirmin\u0117s sveikatos prie\u017ei\u016bros centras, prekybos centras Auk\u0161takalnis, Norfa, baseinas, FitGym sporto klubas.<br \/>\nPRIVALUMAI:<br \/>\n\u2013 Butas 34,59 kv m. ketvirtame namo auk\u0161te. ( bute yra 1 kambarys, virtuv\u0117, vonia, langai \u012f piet\u0173 pus\u0117je. Butui priklauso r\u016bsys 2,82 kv.m.);<br \/>\n\u2013 Vonia ir tualetas nesujungti, o atskirose patalpose;<br \/>\n\u2013 Yra balkonas;<br \/>\n\u2013 Automobili\u0173 parkavimo aik\u0161tel\u0117.<br \/>\nKoordinat\u0117s :<br \/>\nmaps.lt \u2013 55.508037, 25.583896<br \/>\nD\u0117l i\u0161samesn\u0117s informacijos ar ap\u017ei\u016bros susisiekite ir mes visk\u0105 Jums papasakosime.<\/p>\n","protected":false},"featured_media":15037,"template":"","meta":{"_acf_changed":false},"product_brand":[],"product_cat":[75],"product_tag":[],"class_list":{"0":"post-14943","1":"product","2":"type-product","3":"status-publish","4":"has-post-thumbnail","6":"product_cat-parduota","7":"description-off","9":"first","10":"instock","11":"shipping-taxable","12":"purchasable","13":"product-type-simple"},"acf":[],"yoast_head":"<!-- This site is optimized with the Yoast SEO plugin v27.4 - https:\/\/yoast.com\/product\/yoast-seo-wordpress\/ -->\n<title>PARDUODAMAS 1 KAMBARIO BUTAS UTENOS MIESTE - Namud\u0117<\/title>\n<meta name=\"robots\" content=\"index, follow, max-snippet:-1, max-image-preview:large, max-video-preview:-1\" \/>\n<link rel=\"canonical\" href=\"https:\/\/www.namude.lt\/objektas\/14943\/\" \/>\n<meta property=\"og:locale\" content=\"en_US\" \/>\n<meta property=\"og:type\" content=\"article\" \/>\n<meta property=\"og:title\" content=\"PARDUODAMAS 1 KAMBARIO BUTAS UTENOS MIESTE - Namud\u0117\" \/>\n<meta property=\"og:description\" content=\"Taikos gatv\u0117je, Utenos mieste \u2013 1 kambario butas laukia nauj\u0173 \u0161eiminink\u0173. Strategi\u0161kai patogioje vietoje, funkcionaliai suprojektuotas butas, tiks kiekvienam norin\u010diam \u010dia gyventi. Butas yra strategi\u0161kai patogioje vietoje. Keli\u0173 \u0161imt\u0173 metr\u0173 spinduliu yra: Utenos Auk\u0161takalnio progimnazija, Utenos Adolfo \u0160apokos gimnazija, lop\u0161elis-dar\u017eelis \u201ePasaka\u201c, \u0161eimos klinika Hiperika ir Utenos pirmin\u0117s sveikatos prie\u017ei\u016bros centras, prekybos centras Auk\u0161takalnis, Norfa, baseinas, FitGym sporto klubas. PRIVALUMAI: \u2013 Butas 34,59 kv m. ketvirtame namo auk\u0161te. ( bute yra 1 kambarys, virtuv\u0117, vonia, langai \u012f piet\u0173 pus\u0117je. Butui priklauso r\u016bsys 2,82 kv.m.); \u2013 Vonia ir tualetas nesujungti, o atskirose patalpose; \u2013 Yra balkonas; \u2013 Automobili\u0173 parkavimo aik\u0161tel\u0117. Koordinat\u0117s : maps.lt \u2013 55.508037, 25.583896 D\u0117l i\u0161samesn\u0117s informacijos ar ap\u017ei\u016bros susisiekite ir mes visk\u0105 Jums papasakosime.\" \/>\n<meta property=\"og:url\" content=\"https:\/\/www.namude.lt\/objektas\/14943\/\" \/>\n<meta property=\"og:site_name\" content=\"Namud\u0117\" \/>\n<meta property=\"article:modified_time\" content=\"2025-10-29T11:48:49+00:00\" \/>\n<meta property=\"og:image\" content=\"https:\/\/www.namude.lt\/wp-content\/uploads\/2025\/02\/3-5.jpg\" \/>\n\t<meta property=\"og:image:width\" content=\"2400\" \/>\n\t<meta property=\"og:image:height\" content=\"1800\" \/>\n\t<meta property=\"og:image:type\" content=\"image\/jpeg\" \/>\n<meta name=\"twitter:card\" content=\"summary_large_image\" \/>\n<script type=\"application\/ld+json\" class=\"yoast-schema-graph\">{\"@context\":\"https:\\\/\\\/schema.org\",\"@graph\":[{\"@type\":\"WebPage\",\"@id\":\"https:\\\/\\\/www.namude.lt\\\/objektas\\\/14943\\\/\",\"url\":\"https:\\\/\\\/www.namude.lt\\\/objektas\\\/14943\\\/\",\"name\":\"PARDUODAMAS 1 KAMBARIO BUTAS UTENOS MIESTE - Namud\u0117\",\"isPartOf\":{\"@id\":\"https:\\\/\\\/www.namude.lt\\\/#website\"},\"primaryImageOfPage\":{\"@id\":\"https:\\\/\\\/www.namude.lt\\\/objektas\\\/14943\\\/#primaryimage\"},\"image\":{\"@id\":\"https:\\\/\\\/www.namude.lt\\\/objektas\\\/14943\\\/#primaryimage\"},\"thumbnailUrl\":\"https:\\\/\\\/www.namude.lt\\\/wp-content\\\/uploads\\\/2025\\\/02\\\/3-5.jpg\",\"datePublished\":\"2025-02-19T15:55:29+00:00\",\"dateModified\":\"2025-10-29T11:48:49+00:00\",\"breadcrumb\":{\"@id\":\"https:\\\/\\\/www.namude.lt\\\/objektas\\\/14943\\\/#breadcrumb\"},\"inLanguage\":\"en-US\",\"potentialAction\":[{\"@type\":\"ReadAction\",\"target\":[\"https:\\\/\\\/www.namude.lt\\\/objektas\\\/14943\\\/\"]}]},{\"@type\":\"ImageObject\",\"inLanguage\":\"en-US\",\"@id\":\"https:\\\/\\\/www.namude.lt\\\/objektas\\\/14943\\\/#primaryimage\",\"url\":\"https:\\\/\\\/www.namude.lt\\\/wp-content\\\/uploads\\\/2025\\\/02\\\/3-5.jpg\",\"contentUrl\":\"https:\\\/\\\/www.namude.lt\\\/wp-content\\\/uploads\\\/2025\\\/02\\\/3-5.jpg\",\"width\":2400,\"height\":1800},{\"@type\":\"BreadcrumbList\",\"@id\":\"https:\\\/\\\/www.namude.lt\\\/objektas\\\/14943\\\/#breadcrumb\",\"itemListElement\":[{\"@type\":\"ListItem\",\"position\":1,\"name\":\"Home\",\"item\":\"https:\\\/\\\/www.namude.lt\\\/en\\\/\"},{\"@type\":\"ListItem\",\"position\":2,\"name\":\"Real estate\",\"item\":\"https:\\\/\\\/www.namude.lt\\\/en\\\/real-estate\\\/\"},{\"@type\":\"ListItem\",\"position\":3,\"name\":\"PARDUODAMAS 1 KAMBARIO BUTAS UTENOS MIESTE\"}]},{\"@type\":\"WebSite\",\"@id\":\"https:\\\/\\\/www.namude.lt\\\/#website\",\"url\":\"https:\\\/\\\/www.namude.lt\\\/\",\"name\":\"Namud\u0117\",\"description\":\"\u201eNamud\u0117\u201c \u2013 agent\u016bra, pardavin\u0117janti Auk\u0161taitijos NT grynuolius.\",\"publisher\":{\"@id\":\"https:\\\/\\\/www.namude.lt\\\/#organization\"},\"potentialAction\":[{\"@type\":\"SearchAction\",\"target\":{\"@type\":\"EntryPoint\",\"urlTemplate\":\"https:\\\/\\\/www.namude.lt\\\/?s={search_term_string}\"},\"query-input\":{\"@type\":\"PropertyValueSpecification\",\"valueRequired\":true,\"valueName\":\"search_term_string\"}}],\"inLanguage\":\"en-US\"},{\"@type\":\"Organization\",\"@id\":\"https:\\\/\\\/www.namude.lt\\\/#organization\",\"name\":\"Namud\u0117\",\"url\":\"https:\\\/\\\/www.namude.lt\\\/\",\"logo\":{\"@type\":\"ImageObject\",\"inLanguage\":\"en-US\",\"@id\":\"https:\\\/\\\/www.namude.lt\\\/#\\\/schema\\\/logo\\\/image\\\/\",\"url\":\"https:\\\/\\\/www.namude.lt\\\/wp-content\\\/uploads\\\/2023\\\/11\\\/logo-symbol.svg\",\"contentUrl\":\"https:\\\/\\\/www.namude.lt\\\/wp-content\\\/uploads\\\/2023\\\/11\\\/logo-symbol.svg\",\"width\":1,\"height\":1,\"caption\":\"Namud\u0117\"},\"image\":{\"@id\":\"https:\\\/\\\/www.namude.lt\\\/#\\\/schema\\\/logo\\\/image\\\/\"}}]}<\/script>\n<!-- \/ Yoast SEO plugin. -->","yoast_head_json":{"title":"PARDUODAMAS 1 KAMBARIO BUTAS UTENOS MIESTE - Namud\u0117","robots":{"index":"index","follow":"follow","max-snippet":"max-snippet:-1","max-image-preview":"max-image-preview:large","max-video-preview":"max-video-preview:-1"},"canonical":"https:\/\/www.namude.lt\/objektas\/14943\/","og_locale":"en_US","og_type":"article","og_title":"PARDUODAMAS 1 KAMBARIO BUTAS UTENOS MIESTE - Namud\u0117","og_description":"Taikos gatv\u0117je, Utenos mieste \u2013 1 kambario butas laukia nauj\u0173 \u0161eiminink\u0173. Strategi\u0161kai patogioje vietoje, funkcionaliai suprojektuotas butas, tiks kiekvienam norin\u010diam \u010dia gyventi. Butas yra strategi\u0161kai patogioje vietoje. Keli\u0173 \u0161imt\u0173 metr\u0173 spinduliu yra: Utenos Auk\u0161takalnio progimnazija, Utenos Adolfo \u0160apokos gimnazija, lop\u0161elis-dar\u017eelis \u201ePasaka\u201c, \u0161eimos klinika Hiperika ir Utenos pirmin\u0117s sveikatos prie\u017ei\u016bros centras, prekybos centras Auk\u0161takalnis, Norfa, baseinas, FitGym sporto klubas. PRIVALUMAI: \u2013 Butas 34,59 kv m. ketvirtame namo auk\u0161te. ( bute yra 1 kambarys, virtuv\u0117, vonia, langai \u012f piet\u0173 pus\u0117je. Butui priklauso r\u016bsys 2,82 kv.m.); \u2013 Vonia ir tualetas nesujungti, o atskirose patalpose; \u2013 Yra balkonas; \u2013 Automobili\u0173 parkavimo aik\u0161tel\u0117. Koordinat\u0117s : maps.lt \u2013 55.508037, 25.583896 D\u0117l i\u0161samesn\u0117s informacijos ar ap\u017ei\u016bros susisiekite ir mes visk\u0105 Jums papasakosime.","og_url":"https:\/\/www.namude.lt\/objektas\/14943\/","og_site_name":"Namud\u0117","article_modified_time":"2025-10-29T11:48:49+00:00","og_image":[{"width":2400,"height":1800,"url":"https:\/\/www.namude.lt\/wp-content\/uploads\/2025\/02\/3-5.jpg","type":"image\/jpeg"}],"twitter_card":"summary_large_image","schema":{"@context":"https:\/\/schema.org","@graph":[{"@type":"WebPage","@id":"https:\/\/www.namude.lt\/objektas\/14943\/","url":"https:\/\/www.namude.lt\/objektas\/14943\/","name":"PARDUODAMAS 1 KAMBARIO BUTAS UTENOS MIESTE - Namud\u0117","isPartOf":{"@id":"https:\/\/www.namude.lt\/#website"},"primaryImageOfPage":{"@id":"https:\/\/www.namude.lt\/objektas\/14943\/#primaryimage"},"image":{"@id":"https:\/\/www.namude.lt\/objektas\/14943\/#primaryimage"},"thumbnailUrl":"https:\/\/www.namude.lt\/wp-content\/uploads\/2025\/02\/3-5.jpg","datePublished":"2025-02-19T15:55:29+00:00","dateModified":"2025-10-29T11:48:49+00:00","breadcrumb":{"@id":"https:\/\/www.namude.lt\/objektas\/14943\/#breadcrumb"},"inLanguage":"en-US","potentialAction":[{"@type":"ReadAction","target":["https:\/\/www.namude.lt\/objektas\/14943\/"]}]},{"@type":"ImageObject","inLanguage":"en-US","@id":"https:\/\/www.namude.lt\/objektas\/14943\/#primaryimage","url":"https:\/\/www.namude.lt\/wp-content\/uploads\/2025\/02\/3-5.jpg","contentUrl":"https:\/\/www.namude.lt\/wp-content\/uploads\/2025\/02\/3-5.jpg","width":2400,"height":1800},{"@type":"BreadcrumbList","@id":"https:\/\/www.namude.lt\/objektas\/14943\/#breadcrumb","itemListElement":[{"@type":"ListItem","position":1,"name":"Home","item":"https:\/\/www.namude.lt\/en\/"},{"@type":"ListItem","position":2,"name":"Real estate","item":"https:\/\/www.namude.lt\/en\/real-estate\/"},{"@type":"ListItem","position":3,"name":"PARDUODAMAS 1 KAMBARIO BUTAS UTENOS MIESTE"}]},{"@type":"WebSite","@id":"https:\/\/www.namude.lt\/#website","url":"https:\/\/www.namude.lt\/","name":"Namud\u0117","description":"\u201eNamud\u0117\u201c \u2013 agent\u016bra, pardavin\u0117janti Auk\u0161taitijos NT grynuolius.","publisher":{"@id":"https:\/\/www.namude.lt\/#organization"},"potentialAction":[{"@type":"SearchAction","target":{"@type":"EntryPoint","urlTemplate":"https:\/\/www.namude.lt\/?s={search_term_string}"},"query-input":{"@type":"PropertyValueSpecification","valueRequired":true,"valueName":"search_term_string"}}],"inLanguage":"en-US"},{"@type":"Organization","@id":"https:\/\/www.namude.lt\/#organization","name":"Namud\u0117","url":"https:\/\/www.namude.lt\/","logo":{"@type":"ImageObject","inLanguage":"en-US","@id":"https:\/\/www.namude.lt\/#\/schema\/logo\/image\/","url":"https:\/\/www.namude.lt\/wp-content\/uploads\/2023\/11\/logo-symbol.svg","contentUrl":"https:\/\/www.namude.lt\/wp-content\/uploads\/2023\/11\/logo-symbol.svg","width":1,"height":1,"caption":"Namud\u0117"},"image":{"@id":"https:\/\/www.namude.lt\/#\/schema\/logo\/image\/"}}]}},"_links":{"self":[{"href":"https:\/\/www.namude.lt\/en\/wp-json\/wp\/v2\/product\/14943","targetHints":{"allow":["GET"]}}],"collection":[{"href":"https:\/\/www.namude.lt\/en\/wp-json\/wp\/v2\/product"}],"about":[{"href":"https:\/\/www.namude.lt\/en\/wp-json\/wp\/v2\/types\/product"}],"wp:featuredmedia":[{"embeddable":true,"href":"https:\/\/www.namude.lt\/en\/wp-json\/wp\/v2\/media\/15037"}],"wp:attachment":[{"href":"https:\/\/www.namude.lt\/en\/wp-json\/wp\/v2\/media?parent=14943"}],"wp:term":[{"taxonomy":"product_brand","embeddable":true,"href":"https:\/\/www.namude.lt\/en\/wp-json\/wp\/v2\/product_brand?post=14943"},{"taxonomy":"product_cat","embeddable":true,"href":"https:\/\/www.namude.lt\/en\/wp-json\/wp\/v2\/product_cat?post=14943"},{"taxonomy":"product_tag","embeddable":true,"href":"https:\/\/www.namude.lt\/en\/wp-json\/wp\/v2\/product_tag?post=14943"}],"curies":[{"name":"wp","href":"https:\/\/api.w.org\/{rel}","templated":true}]}}