{"id":14806,"date":"2025-02-12T12:10:08","date_gmt":"2025-02-12T10:10:08","guid":{"rendered":"https:\/\/www.namude.lt\/?post_type=product&#038;p=14806"},"modified":"2025-10-08T13:13:24","modified_gmt":"2025-10-08T10:13:24","slug":"parduodamas-suremontuotas-ir-pilnai-irengtas-2-kambariu-butas-svencioniu-mieste-taikos-kvartale-ketvirtame-aukste-muriniame-name","status":"publish","type":"product","link":"https:\/\/www.namude.lt\/en\/object\/parduodamas-suremontuotas-ir-pilnai-irengtas-2-kambariu-butas-svencioniu-mieste-taikos-kvartale-ketvirtame-aukste-muriniame-name\/","title":{"rendered":"Parduodamas suremontuotas ir pilnai \u012frengtas 2 kambari\u0173 butas  \u0160ven\u010dioni\u0173 mieste, Taikos kvartale, ketvirtame auk\u0161te, m\u016briniame name."},"content":{"rendered":"","protected":false},"excerpt":{"rendered":"<p><strong>Parduodamas suremontuotas ir pilnai \u012frengtas 2 kambari\u0173 butas  \u0160ven\u010dioni\u0173 mieste, Taikos kvartale, ketvirtame auk\u0161te, m\u016briniame name.<\/strong><a href=\"https:\/\/www.namude.lt\/parduodami-nt-objektai\/?filter_rajonas=svencioniu-rajonas&amp;query_type_rajonas=or\"><\/a> Bendras plotas \u2013 48.51 kv. m. Pagerintas buto i\u0161planavimas: virtuv\u0117, valgomasis ir svetain\u0117 apjungta \u012f vien\u0105 bendr\u0105 erdv\u0119. Du\u0161in\u0117 ir tualetas atskirai. Erdvus prie\u0161kambaris. Butas ap\u0161iltintas. Sud\u0117ti nauji trij\u0173 stikl\u0173 plastikiniai langai, \u012fstiklintas balkonas, \u0161arvuotos \u012f\u0117jimo \u012f but\u0105 durys. Nauji,  reguliuojami \u0161ildymo radiatoriai. Taip pat pakeisti santechnikos vamzd\u017eiai ir visa santechnikos \u012franga: du\u0161o kabina, unitazas, gyvatukas ir t.t. \u012erengta nauja elektros instaliacija ir padidintas elektros galingumas iki 7 kw. Pagal zonas \u012frengtas ap\u0161vietimas. Pakabinti brang\u016bs Itali\u0161ki \u0161viestuvai. Dizaineri\u0173 dekoruotos u\u017euolaidos. Nauja, \u0161viesi\u0173 ton\u0173, sien\u0173 ir lub\u0173 apdaila. Grind\u0173 apdaila \u2013 nebijantis dr\u0117gm\u0117s laminatas. Butas parduodamas su integruotais baldais ir auk\u0161\u010diausios kokyb\u0117s Vokietijos AEG firmos buitine technika: indukcin\u0117 kaitlent\u0117, indaplov\u0117, skalbimo ma\u0161ina su d\u017eiovykla, \u0161aldytuvas su \u0161aldikliu ir su be\u0161erk\u0161ne sistema ir t.t.  Taip pat prie buto priklauso r\u016bsys. \u0160alia namo erdvi automobili\u0173 stov\u0117jimo aik\u0161tel\u0117. Sutvarkyta aplinka: \u012frengtos vaik\u0173 ir poilsio aik\u0161tel\u0117s,  \u0161aligatviai, gazonai ir t.t. Atsiveria puikus vaizdas pro langus. Netoliese yra visos parduotuv\u0117s, poliklinika, savivaldyb\u0117, miesto parkas, pa\u0161tas, autobus\u0173 stotel\u0117&#8230; Ko gero geriau \u012frengto ir prabangesnio buto \u0160ven\u010dioni\u0173 mieste papras\u010diausiai n\u0117ra.<\/p>\n","protected":false},"featured_media":15419,"template":"","meta":{"_acf_changed":false},"product_brand":[],"product_cat":[75],"product_tag":[],"class_list":{"0":"post-14806","1":"product","2":"type-product","3":"status-publish","4":"has-post-thumbnail","6":"product_cat-parduota","7":"pa_rajonas-svencioniu-rajonas","8":"description-off","10":"first","11":"instock","12":"shipping-taxable","13":"purchasable","14":"product-type-simple"},"acf":[],"yoast_head":"<!-- This site is optimized with the Yoast SEO plugin v27.0 - https:\/\/yoast.com\/product\/yoast-seo-wordpress\/ -->\n<title>Parduodamas suremontuotas ir pilnai \u012frengtas 2 kambari\u0173 butas \u0160ven\u010dioni\u0173 mieste, Taikos kvartale, ketvirtame auk\u0161te, m\u016briniame name. - Namud\u0117<\/title>\n<meta name=\"robots\" content=\"index, follow, max-snippet:-1, max-image-preview:large, max-video-preview:-1\" \/>\n<link rel=\"canonical\" href=\"https:\/\/www.namude.lt\/objektas\/parduodamas-suremontuotas-ir-pilnai-irengtas-2-kambariu-butas-svencioniu-mieste-taikos-kvartale-ketvirtame-aukste-muriniame-name\/\" \/>\n<meta property=\"og:locale\" content=\"en_US\" \/>\n<meta property=\"og:type\" content=\"article\" \/>\n<meta property=\"og:title\" content=\"Parduodamas suremontuotas ir pilnai \u012frengtas 2 kambari\u0173 butas \u0160ven\u010dioni\u0173 mieste, Taikos kvartale, ketvirtame auk\u0161te, m\u016briniame name. - Namud\u0117\" \/>\n<meta property=\"og:description\" content=\"Parduodamas suremontuotas ir pilnai \u012frengtas 2 kambari\u0173 butas \u0160ven\u010dioni\u0173 mieste, Taikos kvartale, ketvirtame auk\u0161te, m\u016briniame name. Bendras plotas \u2013 48.51 kv. m. Pagerintas buto i\u0161planavimas: virtuv\u0117, valgomasis ir svetain\u0117 apjungta \u012f vien\u0105 bendr\u0105 erdv\u0119. Du\u0161in\u0117 ir tualetas atskirai. Erdvus prie\u0161kambaris. Butas ap\u0161iltintas. Sud\u0117ti nauji trij\u0173 stikl\u0173 plastikiniai langai, \u012fstiklintas balkonas, \u0161arvuotos \u012f\u0117jimo \u012f but\u0105 durys. Nauji, reguliuojami \u0161ildymo radiatoriai. Taip pat pakeisti santechnikos vamzd\u017eiai ir visa santechnikos \u012franga: du\u0161o kabina, unitazas, gyvatukas ir t.t. \u012erengta nauja elektros instaliacija ir padidintas elektros galingumas iki 7 kw. Pagal zonas \u012frengtas ap\u0161vietimas. Pakabinti brang\u016bs Itali\u0161ki \u0161viestuvai. Dizaineri\u0173 dekoruotos u\u017euolaidos. Nauja, \u0161viesi\u0173 ton\u0173, sien\u0173 ir lub\u0173 apdaila. Grind\u0173 apdaila \u2013 nebijantis dr\u0117gm\u0117s laminatas. Butas parduodamas su integruotais baldais ir auk\u0161\u010diausios kokyb\u0117s Vokietijos AEG firmos buitine technika: indukcin\u0117 kaitlent\u0117, indaplov\u0117, skalbimo ma\u0161ina su d\u017eiovykla, \u0161aldytuvas su \u0161aldikliu ir su be\u0161erk\u0161ne sistema ir t.t. Taip pat prie buto priklauso r\u016bsys. \u0160alia namo erdvi automobili\u0173 stov\u0117jimo aik\u0161tel\u0117. Sutvarkyta aplinka: \u012frengtos vaik\u0173 ir poilsio aik\u0161tel\u0117s, \u0161aligatviai, gazonai ir t.t. Atsiveria puikus vaizdas pro langus. Netoliese yra visos parduotuv\u0117s, poliklinika, savivaldyb\u0117, miesto parkas, pa\u0161tas, autobus\u0173 stotel\u0117... Ko gero geriau \u012frengto ir prabangesnio buto \u0160ven\u010dioni\u0173 mieste papras\u010diausiai n\u0117ra.\" \/>\n<meta property=\"og:url\" content=\"https:\/\/www.namude.lt\/objektas\/parduodamas-suremontuotas-ir-pilnai-irengtas-2-kambariu-butas-svencioniu-mieste-taikos-kvartale-ketvirtame-aukste-muriniame-name\/\" \/>\n<meta property=\"og:site_name\" content=\"Namud\u0117\" \/>\n<meta property=\"article:modified_time\" content=\"2025-10-08T10:13:24+00:00\" \/>\n<meta property=\"og:image\" content=\"https:\/\/www.namude.lt\/wp-content\/uploads\/2025\/02\/3-8.jpg\" \/>\n\t<meta property=\"og:image:width\" content=\"800\" \/>\n\t<meta property=\"og:image:height\" content=\"531\" \/>\n\t<meta property=\"og:image:type\" content=\"image\/jpeg\" \/>\n<meta name=\"twitter:card\" content=\"summary_large_image\" \/>\n<script type=\"application\/ld+json\" class=\"yoast-schema-graph\">{\"@context\":\"https:\/\/schema.org\",\"@graph\":[{\"@type\":\"WebPage\",\"@id\":\"https:\/\/www.namude.lt\/objektas\/parduodamas-suremontuotas-ir-pilnai-irengtas-2-kambariu-butas-svencioniu-mieste-taikos-kvartale-ketvirtame-aukste-muriniame-name\/\",\"url\":\"https:\/\/www.namude.lt\/objektas\/parduodamas-suremontuotas-ir-pilnai-irengtas-2-kambariu-butas-svencioniu-mieste-taikos-kvartale-ketvirtame-aukste-muriniame-name\/\",\"name\":\"Parduodamas suremontuotas ir pilnai \u012frengtas 2 kambari\u0173 butas \u0160ven\u010dioni\u0173 mieste, Taikos kvartale, ketvirtame auk\u0161te, m\u016briniame name. - Namud\u0117\",\"isPartOf\":{\"@id\":\"https:\/\/www.namude.lt\/#website\"},\"primaryImageOfPage\":{\"@id\":\"https:\/\/www.namude.lt\/objektas\/parduodamas-suremontuotas-ir-pilnai-irengtas-2-kambariu-butas-svencioniu-mieste-taikos-kvartale-ketvirtame-aukste-muriniame-name\/#primaryimage\"},\"image\":{\"@id\":\"https:\/\/www.namude.lt\/objektas\/parduodamas-suremontuotas-ir-pilnai-irengtas-2-kambariu-butas-svencioniu-mieste-taikos-kvartale-ketvirtame-aukste-muriniame-name\/#primaryimage\"},\"thumbnailUrl\":\"https:\/\/www.namude.lt\/wp-content\/uploads\/2025\/02\/3-8.jpg\",\"datePublished\":\"2025-02-12T10:10:08+00:00\",\"dateModified\":\"2025-10-08T10:13:24+00:00\",\"breadcrumb\":{\"@id\":\"https:\/\/www.namude.lt\/objektas\/parduodamas-suremontuotas-ir-pilnai-irengtas-2-kambariu-butas-svencioniu-mieste-taikos-kvartale-ketvirtame-aukste-muriniame-name\/#breadcrumb\"},\"inLanguage\":\"en-US\",\"potentialAction\":[{\"@type\":\"ReadAction\",\"target\":[\"https:\/\/www.namude.lt\/objektas\/parduodamas-suremontuotas-ir-pilnai-irengtas-2-kambariu-butas-svencioniu-mieste-taikos-kvartale-ketvirtame-aukste-muriniame-name\/\"]}]},{\"@type\":\"ImageObject\",\"inLanguage\":\"en-US\",\"@id\":\"https:\/\/www.namude.lt\/objektas\/parduodamas-suremontuotas-ir-pilnai-irengtas-2-kambariu-butas-svencioniu-mieste-taikos-kvartale-ketvirtame-aukste-muriniame-name\/#primaryimage\",\"url\":\"https:\/\/www.namude.lt\/wp-content\/uploads\/2025\/02\/3-8.jpg\",\"contentUrl\":\"https:\/\/www.namude.lt\/wp-content\/uploads\/2025\/02\/3-8.jpg\",\"width\":800,\"height\":531},{\"@type\":\"BreadcrumbList\",\"@id\":\"https:\/\/www.namude.lt\/objektas\/parduodamas-suremontuotas-ir-pilnai-irengtas-2-kambariu-butas-svencioniu-mieste-taikos-kvartale-ketvirtame-aukste-muriniame-name\/#breadcrumb\",\"itemListElement\":[{\"@type\":\"ListItem\",\"position\":1,\"name\":\"Home\",\"item\":\"https:\/\/www.namude.lt\/en\/\"},{\"@type\":\"ListItem\",\"position\":2,\"name\":\"Real estate\",\"item\":\"https:\/\/www.namude.lt\/en\/real-estate\/\"},{\"@type\":\"ListItem\",\"position\":3,\"name\":\"Parduodamas suremontuotas ir pilnai \u012frengtas 2 kambari\u0173 butas \u0160ven\u010dioni\u0173 mieste, Taikos kvartale, ketvirtame auk\u0161te, m\u016briniame name.\"}]},{\"@type\":\"WebSite\",\"@id\":\"https:\/\/www.namude.lt\/#website\",\"url\":\"https:\/\/www.namude.lt\/\",\"name\":\"Namud\u0117\",\"description\":\"\u201eNamud\u0117\u201c \u2013 agent\u016bra, pardavin\u0117janti Auk\u0161taitijos NT grynuolius.\",\"publisher\":{\"@id\":\"https:\/\/www.namude.lt\/#organization\"},\"potentialAction\":[{\"@type\":\"SearchAction\",\"target\":{\"@type\":\"EntryPoint\",\"urlTemplate\":\"https:\/\/www.namude.lt\/?s={search_term_string}\"},\"query-input\":{\"@type\":\"PropertyValueSpecification\",\"valueRequired\":true,\"valueName\":\"search_term_string\"}}],\"inLanguage\":\"en-US\"},{\"@type\":\"Organization\",\"@id\":\"https:\/\/www.namude.lt\/#organization\",\"name\":\"Namud\u0117\",\"url\":\"https:\/\/www.namude.lt\/\",\"logo\":{\"@type\":\"ImageObject\",\"inLanguage\":\"en-US\",\"@id\":\"https:\/\/www.namude.lt\/#\/schema\/logo\/image\/\",\"url\":\"https:\/\/www.namude.lt\/wp-content\/uploads\/2023\/11\/logo-symbol.svg\",\"contentUrl\":\"https:\/\/www.namude.lt\/wp-content\/uploads\/2023\/11\/logo-symbol.svg\",\"width\":1,\"height\":1,\"caption\":\"Namud\u0117\"},\"image\":{\"@id\":\"https:\/\/www.namude.lt\/#\/schema\/logo\/image\/\"}}]}<\/script>\n<!-- \/ Yoast SEO plugin. -->","yoast_head_json":{"title":"Parduodamas suremontuotas ir pilnai \u012frengtas 2 kambari\u0173 butas \u0160ven\u010dioni\u0173 mieste, Taikos kvartale, ketvirtame auk\u0161te, m\u016briniame name. - Namud\u0117","robots":{"index":"index","follow":"follow","max-snippet":"max-snippet:-1","max-image-preview":"max-image-preview:large","max-video-preview":"max-video-preview:-1"},"canonical":"https:\/\/www.namude.lt\/objektas\/parduodamas-suremontuotas-ir-pilnai-irengtas-2-kambariu-butas-svencioniu-mieste-taikos-kvartale-ketvirtame-aukste-muriniame-name\/","og_locale":"en_US","og_type":"article","og_title":"Parduodamas suremontuotas ir pilnai \u012frengtas 2 kambari\u0173 butas \u0160ven\u010dioni\u0173 mieste, Taikos kvartale, ketvirtame auk\u0161te, m\u016briniame name. - Namud\u0117","og_description":"Parduodamas suremontuotas ir pilnai \u012frengtas 2 kambari\u0173 butas \u0160ven\u010dioni\u0173 mieste, Taikos kvartale, ketvirtame auk\u0161te, m\u016briniame name. Bendras plotas \u2013 48.51 kv. m. Pagerintas buto i\u0161planavimas: virtuv\u0117, valgomasis ir svetain\u0117 apjungta \u012f vien\u0105 bendr\u0105 erdv\u0119. Du\u0161in\u0117 ir tualetas atskirai. Erdvus prie\u0161kambaris. Butas ap\u0161iltintas. Sud\u0117ti nauji trij\u0173 stikl\u0173 plastikiniai langai, \u012fstiklintas balkonas, \u0161arvuotos \u012f\u0117jimo \u012f but\u0105 durys. Nauji, reguliuojami \u0161ildymo radiatoriai. Taip pat pakeisti santechnikos vamzd\u017eiai ir visa santechnikos \u012franga: du\u0161o kabina, unitazas, gyvatukas ir t.t. \u012erengta nauja elektros instaliacija ir padidintas elektros galingumas iki 7 kw. Pagal zonas \u012frengtas ap\u0161vietimas. Pakabinti brang\u016bs Itali\u0161ki \u0161viestuvai. Dizaineri\u0173 dekoruotos u\u017euolaidos. Nauja, \u0161viesi\u0173 ton\u0173, sien\u0173 ir lub\u0173 apdaila. Grind\u0173 apdaila \u2013 nebijantis dr\u0117gm\u0117s laminatas. Butas parduodamas su integruotais baldais ir auk\u0161\u010diausios kokyb\u0117s Vokietijos AEG firmos buitine technika: indukcin\u0117 kaitlent\u0117, indaplov\u0117, skalbimo ma\u0161ina su d\u017eiovykla, \u0161aldytuvas su \u0161aldikliu ir su be\u0161erk\u0161ne sistema ir t.t. Taip pat prie buto priklauso r\u016bsys. \u0160alia namo erdvi automobili\u0173 stov\u0117jimo aik\u0161tel\u0117. Sutvarkyta aplinka: \u012frengtos vaik\u0173 ir poilsio aik\u0161tel\u0117s, \u0161aligatviai, gazonai ir t.t. Atsiveria puikus vaizdas pro langus. Netoliese yra visos parduotuv\u0117s, poliklinika, savivaldyb\u0117, miesto parkas, pa\u0161tas, autobus\u0173 stotel\u0117... Ko gero geriau \u012frengto ir prabangesnio buto \u0160ven\u010dioni\u0173 mieste papras\u010diausiai n\u0117ra.","og_url":"https:\/\/www.namude.lt\/objektas\/parduodamas-suremontuotas-ir-pilnai-irengtas-2-kambariu-butas-svencioniu-mieste-taikos-kvartale-ketvirtame-aukste-muriniame-name\/","og_site_name":"Namud\u0117","article_modified_time":"2025-10-08T10:13:24+00:00","og_image":[{"width":800,"height":531,"url":"https:\/\/www.namude.lt\/wp-content\/uploads\/2025\/02\/3-8.jpg","type":"image\/jpeg"}],"twitter_card":"summary_large_image","schema":{"@context":"https:\/\/schema.org","@graph":[{"@type":"WebPage","@id":"https:\/\/www.namude.lt\/objektas\/parduodamas-suremontuotas-ir-pilnai-irengtas-2-kambariu-butas-svencioniu-mieste-taikos-kvartale-ketvirtame-aukste-muriniame-name\/","url":"https:\/\/www.namude.lt\/objektas\/parduodamas-suremontuotas-ir-pilnai-irengtas-2-kambariu-butas-svencioniu-mieste-taikos-kvartale-ketvirtame-aukste-muriniame-name\/","name":"Parduodamas suremontuotas ir pilnai \u012frengtas 2 kambari\u0173 butas \u0160ven\u010dioni\u0173 mieste, Taikos kvartale, ketvirtame auk\u0161te, m\u016briniame name. - Namud\u0117","isPartOf":{"@id":"https:\/\/www.namude.lt\/#website"},"primaryImageOfPage":{"@id":"https:\/\/www.namude.lt\/objektas\/parduodamas-suremontuotas-ir-pilnai-irengtas-2-kambariu-butas-svencioniu-mieste-taikos-kvartale-ketvirtame-aukste-muriniame-name\/#primaryimage"},"image":{"@id":"https:\/\/www.namude.lt\/objektas\/parduodamas-suremontuotas-ir-pilnai-irengtas-2-kambariu-butas-svencioniu-mieste-taikos-kvartale-ketvirtame-aukste-muriniame-name\/#primaryimage"},"thumbnailUrl":"https:\/\/www.namude.lt\/wp-content\/uploads\/2025\/02\/3-8.jpg","datePublished":"2025-02-12T10:10:08+00:00","dateModified":"2025-10-08T10:13:24+00:00","breadcrumb":{"@id":"https:\/\/www.namude.lt\/objektas\/parduodamas-suremontuotas-ir-pilnai-irengtas-2-kambariu-butas-svencioniu-mieste-taikos-kvartale-ketvirtame-aukste-muriniame-name\/#breadcrumb"},"inLanguage":"en-US","potentialAction":[{"@type":"ReadAction","target":["https:\/\/www.namude.lt\/objektas\/parduodamas-suremontuotas-ir-pilnai-irengtas-2-kambariu-butas-svencioniu-mieste-taikos-kvartale-ketvirtame-aukste-muriniame-name\/"]}]},{"@type":"ImageObject","inLanguage":"en-US","@id":"https:\/\/www.namude.lt\/objektas\/parduodamas-suremontuotas-ir-pilnai-irengtas-2-kambariu-butas-svencioniu-mieste-taikos-kvartale-ketvirtame-aukste-muriniame-name\/#primaryimage","url":"https:\/\/www.namude.lt\/wp-content\/uploads\/2025\/02\/3-8.jpg","contentUrl":"https:\/\/www.namude.lt\/wp-content\/uploads\/2025\/02\/3-8.jpg","width":800,"height":531},{"@type":"BreadcrumbList","@id":"https:\/\/www.namude.lt\/objektas\/parduodamas-suremontuotas-ir-pilnai-irengtas-2-kambariu-butas-svencioniu-mieste-taikos-kvartale-ketvirtame-aukste-muriniame-name\/#breadcrumb","itemListElement":[{"@type":"ListItem","position":1,"name":"Home","item":"https:\/\/www.namude.lt\/en\/"},{"@type":"ListItem","position":2,"name":"Real estate","item":"https:\/\/www.namude.lt\/en\/real-estate\/"},{"@type":"ListItem","position":3,"name":"Parduodamas suremontuotas ir pilnai \u012frengtas 2 kambari\u0173 butas \u0160ven\u010dioni\u0173 mieste, Taikos kvartale, ketvirtame auk\u0161te, m\u016briniame name."}]},{"@type":"WebSite","@id":"https:\/\/www.namude.lt\/#website","url":"https:\/\/www.namude.lt\/","name":"Namud\u0117","description":"\u201eNamud\u0117\u201c \u2013 agent\u016bra, pardavin\u0117janti Auk\u0161taitijos NT grynuolius.","publisher":{"@id":"https:\/\/www.namude.lt\/#organization"},"potentialAction":[{"@type":"SearchAction","target":{"@type":"EntryPoint","urlTemplate":"https:\/\/www.namude.lt\/?s={search_term_string}"},"query-input":{"@type":"PropertyValueSpecification","valueRequired":true,"valueName":"search_term_string"}}],"inLanguage":"en-US"},{"@type":"Organization","@id":"https:\/\/www.namude.lt\/#organization","name":"Namud\u0117","url":"https:\/\/www.namude.lt\/","logo":{"@type":"ImageObject","inLanguage":"en-US","@id":"https:\/\/www.namude.lt\/#\/schema\/logo\/image\/","url":"https:\/\/www.namude.lt\/wp-content\/uploads\/2023\/11\/logo-symbol.svg","contentUrl":"https:\/\/www.namude.lt\/wp-content\/uploads\/2023\/11\/logo-symbol.svg","width":1,"height":1,"caption":"Namud\u0117"},"image":{"@id":"https:\/\/www.namude.lt\/#\/schema\/logo\/image\/"}}]}},"_links":{"self":[{"href":"https:\/\/www.namude.lt\/en\/wp-json\/wp\/v2\/product\/14806","targetHints":{"allow":["GET"]}}],"collection":[{"href":"https:\/\/www.namude.lt\/en\/wp-json\/wp\/v2\/product"}],"about":[{"href":"https:\/\/www.namude.lt\/en\/wp-json\/wp\/v2\/types\/product"}],"wp:featuredmedia":[{"embeddable":true,"href":"https:\/\/www.namude.lt\/en\/wp-json\/wp\/v2\/media\/15419"}],"wp:attachment":[{"href":"https:\/\/www.namude.lt\/en\/wp-json\/wp\/v2\/media?parent=14806"}],"wp:term":[{"taxonomy":"product_brand","embeddable":true,"href":"https:\/\/www.namude.lt\/en\/wp-json\/wp\/v2\/product_brand?post=14806"},{"taxonomy":"product_cat","embeddable":true,"href":"https:\/\/www.namude.lt\/en\/wp-json\/wp\/v2\/product_cat?post=14806"},{"taxonomy":"product_tag","embeddable":true,"href":"https:\/\/www.namude.lt\/en\/wp-json\/wp\/v2\/product_tag?post=14806"}],"curies":[{"name":"wp","href":"https:\/\/api.w.org\/{rel}","templated":true}]}}