{"id":14796,"date":"2025-02-11T09:24:26","date_gmt":"2025-02-11T07:24:26","guid":{"rendered":"https:\/\/www.namude.lt\/?post_type=product&#038;p=14796"},"modified":"2026-01-30T16:25:55","modified_gmt":"2026-01-30T14:25:55","slug":"parduodamas-0-97-ha-zemes-ukio-paskirties-sklypas-misku-apsuptyje-azuprudzio-kaime-utenos-rajone","status":"publish","type":"product","link":"https:\/\/www.namude.lt\/en\/object\/parduodamas-0-97-ha-zemes-ukio-paskirties-sklypas-misku-apsuptyje-azuprudzio-kaime-utenos-rajone\/","title":{"rendered":"Parduodamas 0.97 ha \u017eem\u0117s \u016bkio paskirties sklypas mi\u0161k\u0173 apsuptyje A\u017eupr\u016bd\u017eio kaime, Utenos rajone."},"content":{"rendered":"","protected":false},"excerpt":{"rendered":"<p>Parduodamas 0.97 ha \u017eem\u0117s \u016bkio paskirties sklypas mi\u0161k\u0173 apsuptyje A\u017eupr\u016bd\u017eio kaime, Utenos rajone. Sklypas 42m rybojasi su Vy\u017eintos upeliu. A\u017eupr\u016bd\u017eio kaimas apsuptas mi\u0161kais, \u0161alimais yra Lydimo, Pagaluon\u0117s, Dry\u017ei\u0173, Pr\u016bdeli\u0173 bei Paeisiet\u0117s 2 mi\u0161kai. \u0160iuo metu kei\u010diama sklypo paskirtis \u012f nam\u0173 vald\u0105. Aplink yra dar daug e\u017eer\u0173. Atrimiausias e\u017eeras Vileikis apie 500m, e\u017eeras Aisetas nuo sklypo nutol\u0119s apie 1,5km, o Galuonis apie 2km. Puikus susisiekimas. Atrimiausias miestelis Salduti\u0161kis 4km. Iki Ignalinos ir Utenos apie 30 km. Iki Vilniaus apie 100 km. <\/p>\n","protected":false},"featured_media":19438,"template":"","meta":{"_acf_changed":false},"product_brand":[],"product_cat":[75],"product_tag":[],"class_list":{"0":"post-14796","1":"product","2":"type-product","3":"status-publish","4":"has-post-thumbnail","6":"product_cat-parduota","7":"description-off","9":"first","10":"instock","11":"shipping-taxable","12":"purchasable","13":"product-type-simple"},"acf":[],"yoast_head":"<!-- This site is optimized with the Yoast SEO plugin v27.4 - https:\/\/yoast.com\/product\/yoast-seo-wordpress\/ -->\n<title>Parduodamas 0.97 ha \u017eem\u0117s \u016bkio paskirties sklypas mi\u0161k\u0173 apsuptyje A\u017eupr\u016bd\u017eio kaime, Utenos rajone. - Namud\u0117<\/title>\n<meta name=\"robots\" content=\"index, follow, max-snippet:-1, max-image-preview:large, max-video-preview:-1\" \/>\n<link rel=\"canonical\" href=\"https:\/\/www.namude.lt\/objektas\/parduodamas-0-97-ha-zemes-ukio-paskirties-sklypas-misku-apsuptyje-azuprudzio-kaime-utenos-rajone\/\" \/>\n<meta property=\"og:locale\" content=\"en_US\" \/>\n<meta property=\"og:type\" content=\"article\" \/>\n<meta property=\"og:title\" content=\"Parduodamas 0.97 ha \u017eem\u0117s \u016bkio paskirties sklypas mi\u0161k\u0173 apsuptyje A\u017eupr\u016bd\u017eio kaime, Utenos rajone. - Namud\u0117\" \/>\n<meta property=\"og:description\" content=\"Parduodamas 0.97 ha \u017eem\u0117s \u016bkio paskirties sklypas mi\u0161k\u0173 apsuptyje A\u017eupr\u016bd\u017eio kaime, Utenos rajone. Sklypas 42m rybojasi su Vy\u017eintos upeliu. A\u017eupr\u016bd\u017eio kaimas apsuptas mi\u0161kais, \u0161alimais yra Lydimo, Pagaluon\u0117s, Dry\u017ei\u0173, Pr\u016bdeli\u0173 bei Paeisiet\u0117s 2 mi\u0161kai. \u0160iuo metu kei\u010diama sklypo paskirtis \u012f nam\u0173 vald\u0105. Aplink yra dar daug e\u017eer\u0173. Atrimiausias e\u017eeras Vileikis apie 500m, e\u017eeras Aisetas nuo sklypo nutol\u0119s apie 1,5km, o Galuonis apie 2km. Puikus susisiekimas. Atrimiausias miestelis Salduti\u0161kis 4km. Iki Ignalinos ir Utenos apie 30 km. Iki Vilniaus apie 100 km.\" \/>\n<meta property=\"og:url\" content=\"https:\/\/www.namude.lt\/objektas\/parduodamas-0-97-ha-zemes-ukio-paskirties-sklypas-misku-apsuptyje-azuprudzio-kaime-utenos-rajone\/\" \/>\n<meta property=\"og:site_name\" content=\"Namud\u0117\" \/>\n<meta property=\"article:modified_time\" content=\"2026-01-30T14:25:55+00:00\" \/>\n<meta property=\"og:image\" content=\"https:\/\/www.namude.lt\/wp-content\/uploads\/2025\/02\/1-10.jpg\" \/>\n\t<meta property=\"og:image:width\" content=\"2500\" \/>\n\t<meta property=\"og:image:height\" content=\"1667\" \/>\n\t<meta property=\"og:image:type\" content=\"image\/jpeg\" \/>\n<meta name=\"twitter:card\" content=\"summary_large_image\" \/>\n<script type=\"application\/ld+json\" class=\"yoast-schema-graph\">{\"@context\":\"https:\\\/\\\/schema.org\",\"@graph\":[{\"@type\":\"WebPage\",\"@id\":\"https:\\\/\\\/www.namude.lt\\\/objektas\\\/parduodamas-0-97-ha-zemes-ukio-paskirties-sklypas-misku-apsuptyje-azuprudzio-kaime-utenos-rajone\\\/\",\"url\":\"https:\\\/\\\/www.namude.lt\\\/objektas\\\/parduodamas-0-97-ha-zemes-ukio-paskirties-sklypas-misku-apsuptyje-azuprudzio-kaime-utenos-rajone\\\/\",\"name\":\"Parduodamas 0.97 ha \u017eem\u0117s \u016bkio paskirties sklypas mi\u0161k\u0173 apsuptyje A\u017eupr\u016bd\u017eio kaime, Utenos rajone. - Namud\u0117\",\"isPartOf\":{\"@id\":\"https:\\\/\\\/www.namude.lt\\\/#website\"},\"primaryImageOfPage\":{\"@id\":\"https:\\\/\\\/www.namude.lt\\\/objektas\\\/parduodamas-0-97-ha-zemes-ukio-paskirties-sklypas-misku-apsuptyje-azuprudzio-kaime-utenos-rajone\\\/#primaryimage\"},\"image\":{\"@id\":\"https:\\\/\\\/www.namude.lt\\\/objektas\\\/parduodamas-0-97-ha-zemes-ukio-paskirties-sklypas-misku-apsuptyje-azuprudzio-kaime-utenos-rajone\\\/#primaryimage\"},\"thumbnailUrl\":\"https:\\\/\\\/www.namude.lt\\\/wp-content\\\/uploads\\\/2025\\\/02\\\/1-10.jpg\",\"datePublished\":\"2025-02-11T07:24:26+00:00\",\"dateModified\":\"2026-01-30T14:25:55+00:00\",\"breadcrumb\":{\"@id\":\"https:\\\/\\\/www.namude.lt\\\/objektas\\\/parduodamas-0-97-ha-zemes-ukio-paskirties-sklypas-misku-apsuptyje-azuprudzio-kaime-utenos-rajone\\\/#breadcrumb\"},\"inLanguage\":\"en-US\",\"potentialAction\":[{\"@type\":\"ReadAction\",\"target\":[\"https:\\\/\\\/www.namude.lt\\\/objektas\\\/parduodamas-0-97-ha-zemes-ukio-paskirties-sklypas-misku-apsuptyje-azuprudzio-kaime-utenos-rajone\\\/\"]}]},{\"@type\":\"ImageObject\",\"inLanguage\":\"en-US\",\"@id\":\"https:\\\/\\\/www.namude.lt\\\/objektas\\\/parduodamas-0-97-ha-zemes-ukio-paskirties-sklypas-misku-apsuptyje-azuprudzio-kaime-utenos-rajone\\\/#primaryimage\",\"url\":\"https:\\\/\\\/www.namude.lt\\\/wp-content\\\/uploads\\\/2025\\\/02\\\/1-10.jpg\",\"contentUrl\":\"https:\\\/\\\/www.namude.lt\\\/wp-content\\\/uploads\\\/2025\\\/02\\\/1-10.jpg\",\"width\":2500,\"height\":1667,\"caption\":\"default\"},{\"@type\":\"BreadcrumbList\",\"@id\":\"https:\\\/\\\/www.namude.lt\\\/objektas\\\/parduodamas-0-97-ha-zemes-ukio-paskirties-sklypas-misku-apsuptyje-azuprudzio-kaime-utenos-rajone\\\/#breadcrumb\",\"itemListElement\":[{\"@type\":\"ListItem\",\"position\":1,\"name\":\"Home\",\"item\":\"https:\\\/\\\/www.namude.lt\\\/en\\\/\"},{\"@type\":\"ListItem\",\"position\":2,\"name\":\"Real estate\",\"item\":\"https:\\\/\\\/www.namude.lt\\\/en\\\/real-estate\\\/\"},{\"@type\":\"ListItem\",\"position\":3,\"name\":\"Parduodamas 0.97 ha \u017eem\u0117s \u016bkio paskirties sklypas mi\u0161k\u0173 apsuptyje A\u017eupr\u016bd\u017eio kaime, Utenos rajone.\"}]},{\"@type\":\"WebSite\",\"@id\":\"https:\\\/\\\/www.namude.lt\\\/#website\",\"url\":\"https:\\\/\\\/www.namude.lt\\\/\",\"name\":\"Namud\u0117\",\"description\":\"\u201eNamud\u0117\u201c \u2013 agent\u016bra, pardavin\u0117janti Auk\u0161taitijos NT grynuolius.\",\"publisher\":{\"@id\":\"https:\\\/\\\/www.namude.lt\\\/#organization\"},\"potentialAction\":[{\"@type\":\"SearchAction\",\"target\":{\"@type\":\"EntryPoint\",\"urlTemplate\":\"https:\\\/\\\/www.namude.lt\\\/?s={search_term_string}\"},\"query-input\":{\"@type\":\"PropertyValueSpecification\",\"valueRequired\":true,\"valueName\":\"search_term_string\"}}],\"inLanguage\":\"en-US\"},{\"@type\":\"Organization\",\"@id\":\"https:\\\/\\\/www.namude.lt\\\/#organization\",\"name\":\"Namud\u0117\",\"url\":\"https:\\\/\\\/www.namude.lt\\\/\",\"logo\":{\"@type\":\"ImageObject\",\"inLanguage\":\"en-US\",\"@id\":\"https:\\\/\\\/www.namude.lt\\\/#\\\/schema\\\/logo\\\/image\\\/\",\"url\":\"https:\\\/\\\/www.namude.lt\\\/wp-content\\\/uploads\\\/2023\\\/11\\\/logo-symbol.svg\",\"contentUrl\":\"https:\\\/\\\/www.namude.lt\\\/wp-content\\\/uploads\\\/2023\\\/11\\\/logo-symbol.svg\",\"width\":1,\"height\":1,\"caption\":\"Namud\u0117\"},\"image\":{\"@id\":\"https:\\\/\\\/www.namude.lt\\\/#\\\/schema\\\/logo\\\/image\\\/\"}}]}<\/script>\n<!-- \/ Yoast SEO plugin. -->","yoast_head_json":{"title":"Parduodamas 0.97 ha \u017eem\u0117s \u016bkio paskirties sklypas mi\u0161k\u0173 apsuptyje A\u017eupr\u016bd\u017eio kaime, Utenos rajone. - Namud\u0117","robots":{"index":"index","follow":"follow","max-snippet":"max-snippet:-1","max-image-preview":"max-image-preview:large","max-video-preview":"max-video-preview:-1"},"canonical":"https:\/\/www.namude.lt\/objektas\/parduodamas-0-97-ha-zemes-ukio-paskirties-sklypas-misku-apsuptyje-azuprudzio-kaime-utenos-rajone\/","og_locale":"en_US","og_type":"article","og_title":"Parduodamas 0.97 ha \u017eem\u0117s \u016bkio paskirties sklypas mi\u0161k\u0173 apsuptyje A\u017eupr\u016bd\u017eio kaime, Utenos rajone. - Namud\u0117","og_description":"Parduodamas 0.97 ha \u017eem\u0117s \u016bkio paskirties sklypas mi\u0161k\u0173 apsuptyje A\u017eupr\u016bd\u017eio kaime, Utenos rajone. Sklypas 42m rybojasi su Vy\u017eintos upeliu. A\u017eupr\u016bd\u017eio kaimas apsuptas mi\u0161kais, \u0161alimais yra Lydimo, Pagaluon\u0117s, Dry\u017ei\u0173, Pr\u016bdeli\u0173 bei Paeisiet\u0117s 2 mi\u0161kai. \u0160iuo metu kei\u010diama sklypo paskirtis \u012f nam\u0173 vald\u0105. Aplink yra dar daug e\u017eer\u0173. Atrimiausias e\u017eeras Vileikis apie 500m, e\u017eeras Aisetas nuo sklypo nutol\u0119s apie 1,5km, o Galuonis apie 2km. Puikus susisiekimas. Atrimiausias miestelis Salduti\u0161kis 4km. Iki Ignalinos ir Utenos apie 30 km. Iki Vilniaus apie 100 km.","og_url":"https:\/\/www.namude.lt\/objektas\/parduodamas-0-97-ha-zemes-ukio-paskirties-sklypas-misku-apsuptyje-azuprudzio-kaime-utenos-rajone\/","og_site_name":"Namud\u0117","article_modified_time":"2026-01-30T14:25:55+00:00","og_image":[{"width":2500,"height":1667,"url":"https:\/\/www.namude.lt\/wp-content\/uploads\/2025\/02\/1-10.jpg","type":"image\/jpeg"}],"twitter_card":"summary_large_image","schema":{"@context":"https:\/\/schema.org","@graph":[{"@type":"WebPage","@id":"https:\/\/www.namude.lt\/objektas\/parduodamas-0-97-ha-zemes-ukio-paskirties-sklypas-misku-apsuptyje-azuprudzio-kaime-utenos-rajone\/","url":"https:\/\/www.namude.lt\/objektas\/parduodamas-0-97-ha-zemes-ukio-paskirties-sklypas-misku-apsuptyje-azuprudzio-kaime-utenos-rajone\/","name":"Parduodamas 0.97 ha \u017eem\u0117s \u016bkio paskirties sklypas mi\u0161k\u0173 apsuptyje A\u017eupr\u016bd\u017eio kaime, Utenos rajone. - Namud\u0117","isPartOf":{"@id":"https:\/\/www.namude.lt\/#website"},"primaryImageOfPage":{"@id":"https:\/\/www.namude.lt\/objektas\/parduodamas-0-97-ha-zemes-ukio-paskirties-sklypas-misku-apsuptyje-azuprudzio-kaime-utenos-rajone\/#primaryimage"},"image":{"@id":"https:\/\/www.namude.lt\/objektas\/parduodamas-0-97-ha-zemes-ukio-paskirties-sklypas-misku-apsuptyje-azuprudzio-kaime-utenos-rajone\/#primaryimage"},"thumbnailUrl":"https:\/\/www.namude.lt\/wp-content\/uploads\/2025\/02\/1-10.jpg","datePublished":"2025-02-11T07:24:26+00:00","dateModified":"2026-01-30T14:25:55+00:00","breadcrumb":{"@id":"https:\/\/www.namude.lt\/objektas\/parduodamas-0-97-ha-zemes-ukio-paskirties-sklypas-misku-apsuptyje-azuprudzio-kaime-utenos-rajone\/#breadcrumb"},"inLanguage":"en-US","potentialAction":[{"@type":"ReadAction","target":["https:\/\/www.namude.lt\/objektas\/parduodamas-0-97-ha-zemes-ukio-paskirties-sklypas-misku-apsuptyje-azuprudzio-kaime-utenos-rajone\/"]}]},{"@type":"ImageObject","inLanguage":"en-US","@id":"https:\/\/www.namude.lt\/objektas\/parduodamas-0-97-ha-zemes-ukio-paskirties-sklypas-misku-apsuptyje-azuprudzio-kaime-utenos-rajone\/#primaryimage","url":"https:\/\/www.namude.lt\/wp-content\/uploads\/2025\/02\/1-10.jpg","contentUrl":"https:\/\/www.namude.lt\/wp-content\/uploads\/2025\/02\/1-10.jpg","width":2500,"height":1667,"caption":"default"},{"@type":"BreadcrumbList","@id":"https:\/\/www.namude.lt\/objektas\/parduodamas-0-97-ha-zemes-ukio-paskirties-sklypas-misku-apsuptyje-azuprudzio-kaime-utenos-rajone\/#breadcrumb","itemListElement":[{"@type":"ListItem","position":1,"name":"Home","item":"https:\/\/www.namude.lt\/en\/"},{"@type":"ListItem","position":2,"name":"Real estate","item":"https:\/\/www.namude.lt\/en\/real-estate\/"},{"@type":"ListItem","position":3,"name":"Parduodamas 0.97 ha \u017eem\u0117s \u016bkio paskirties sklypas mi\u0161k\u0173 apsuptyje A\u017eupr\u016bd\u017eio kaime, Utenos rajone."}]},{"@type":"WebSite","@id":"https:\/\/www.namude.lt\/#website","url":"https:\/\/www.namude.lt\/","name":"Namud\u0117","description":"\u201eNamud\u0117\u201c \u2013 agent\u016bra, pardavin\u0117janti Auk\u0161taitijos NT grynuolius.","publisher":{"@id":"https:\/\/www.namude.lt\/#organization"},"potentialAction":[{"@type":"SearchAction","target":{"@type":"EntryPoint","urlTemplate":"https:\/\/www.namude.lt\/?s={search_term_string}"},"query-input":{"@type":"PropertyValueSpecification","valueRequired":true,"valueName":"search_term_string"}}],"inLanguage":"en-US"},{"@type":"Organization","@id":"https:\/\/www.namude.lt\/#organization","name":"Namud\u0117","url":"https:\/\/www.namude.lt\/","logo":{"@type":"ImageObject","inLanguage":"en-US","@id":"https:\/\/www.namude.lt\/#\/schema\/logo\/image\/","url":"https:\/\/www.namude.lt\/wp-content\/uploads\/2023\/11\/logo-symbol.svg","contentUrl":"https:\/\/www.namude.lt\/wp-content\/uploads\/2023\/11\/logo-symbol.svg","width":1,"height":1,"caption":"Namud\u0117"},"image":{"@id":"https:\/\/www.namude.lt\/#\/schema\/logo\/image\/"}}]}},"_links":{"self":[{"href":"https:\/\/www.namude.lt\/en\/wp-json\/wp\/v2\/product\/14796","targetHints":{"allow":["GET"]}}],"collection":[{"href":"https:\/\/www.namude.lt\/en\/wp-json\/wp\/v2\/product"}],"about":[{"href":"https:\/\/www.namude.lt\/en\/wp-json\/wp\/v2\/types\/product"}],"wp:featuredmedia":[{"embeddable":true,"href":"https:\/\/www.namude.lt\/en\/wp-json\/wp\/v2\/media\/19438"}],"wp:attachment":[{"href":"https:\/\/www.namude.lt\/en\/wp-json\/wp\/v2\/media?parent=14796"}],"wp:term":[{"taxonomy":"product_brand","embeddable":true,"href":"https:\/\/www.namude.lt\/en\/wp-json\/wp\/v2\/product_brand?post=14796"},{"taxonomy":"product_cat","embeddable":true,"href":"https:\/\/www.namude.lt\/en\/wp-json\/wp\/v2\/product_cat?post=14796"},{"taxonomy":"product_tag","embeddable":true,"href":"https:\/\/www.namude.lt\/en\/wp-json\/wp\/v2\/product_tag?post=14796"}],"curies":[{"name":"wp","href":"https:\/\/api.w.org\/{rel}","templated":true}]}}