{"id":14632,"date":"2025-01-29T15:34:18","date_gmt":"2025-01-29T13:34:18","guid":{"rendered":"https:\/\/www.namude.lt\/?post_type=product&#038;p=14632"},"modified":"2025-09-04T16:42:18","modified_gmt":"2025-09-04T13:42:18","slug":"parduodamas-3-kambariu-butas-zarasu-mieste","status":"publish","type":"product","link":"https:\/\/www.namude.lt\/en\/object\/parduodamas-3-kambariu-butas-zarasu-mieste\/","title":{"rendered":"PARDUODAMAS  3 KAMBARI\u0172 BUTAS ZARAS\u0172 MIESTE"},"content":{"rendered":"","protected":false},"excerpt":{"rendered":"<p><strong>S. Neries gatv\u0117je, Zaras\u0173 mieste &#8211; 3 kambari\u0173 butas laukia nauj\u0173 \u0161eiminink\u0173. <\/strong><a href=\"https:\/\/www.namude.lt\/kategorija\/butai\/?filter_rajonas=zarasu-rajonas&amp;query_type_rajonas=or\"><\/a>Strategi\u0161kai patogioje vietoje, erdvus, \u0161viesus ir funkcionaliai suprojektuotas butas, tiks kiekvienam norin\u010diam \u010dia gyventi. Zarasai ma\u017eas, bet ypatingas miestelis \u012fsik\u016br\u0119s prie Zarasai\u010dio e\u017eero, apsuptas gra\u017eios gamtos. \u0160is miestelis praturtintas: gamta ir ramybe, istorija, aktyviu laisvalaikiu, bendruomeni\u0161kumu ir gyvenimo kokybe.<\/p>\n<p>PRIVALUMAI:<br \/>\n\u2013 Butas 64,01kv m. penktame namo auk\u0161te. ( bute yra 3 kambariai, virtuv\u0117, vonia, sand\u0117liukas, tualetas. Butui priklauso r\u016bsys 6,15kv.m.);<br \/>\n\u2013 Vonia ir tualetas nesujungti, o atskirose patalpose;<br \/>\n\u2013 Yra balkonas;<br \/>\n\u2013 Automobili\u0173 parkavimo aik\u0161tel\u0117;<br \/>\n\u2013 Pri\u017ei\u016br\u0117ta ir erdvi kiemo teritorija su puikiu panoraminiu vaizdu;<br \/>\n\u2013 Visai \u0161alia P. \u0160irvio progimnazija, sporto centras.<\/p>\n<p>Koordinat\u0117s :<br \/>\nmaps.lt \u2013 55.73926, 26.26370<\/p>\n<p>D\u0117l i\u0161samesn\u0117s informacijos ar ap\u017ei\u016bros susisiekite ir mes visk\u0105 Jums papasakosime.<\/p>\n","protected":false},"featured_media":14636,"template":"","meta":{"_acf_changed":false},"product_brand":[],"product_cat":[75],"product_tag":[],"class_list":{"0":"post-14632","1":"product","2":"type-product","3":"status-publish","4":"has-post-thumbnail","6":"product_cat-parduota","7":"pa_rajonas-zarasu-rajonas","8":"description-off","10":"first","11":"instock","12":"shipping-taxable","13":"purchasable","14":"product-type-simple"},"acf":[],"yoast_head":"<!-- This site is optimized with the Yoast SEO plugin v27.4 - https:\/\/yoast.com\/product\/yoast-seo-wordpress\/ -->\n<title>PARDUODAMAS 3 KAMBARI\u0172 BUTAS ZARAS\u0172 MIESTE - Namud\u0117<\/title>\n<meta name=\"robots\" content=\"index, follow, max-snippet:-1, max-image-preview:large, max-video-preview:-1\" \/>\n<link rel=\"canonical\" href=\"https:\/\/www.namude.lt\/objektas\/parduodamas-3-kambariu-butas-zarasu-mieste\/\" \/>\n<meta property=\"og:locale\" content=\"en_US\" \/>\n<meta property=\"og:type\" content=\"article\" \/>\n<meta property=\"og:title\" content=\"PARDUODAMAS 3 KAMBARI\u0172 BUTAS ZARAS\u0172 MIESTE - Namud\u0117\" \/>\n<meta property=\"og:description\" content=\"S. Neries gatv\u0117je, Zaras\u0173 mieste - 3 kambari\u0173 butas laukia nauj\u0173 \u0161eiminink\u0173. Strategi\u0161kai patogioje vietoje, erdvus, \u0161viesus ir funkcionaliai suprojektuotas butas, tiks kiekvienam norin\u010diam \u010dia gyventi. Zarasai ma\u017eas, bet ypatingas miestelis \u012fsik\u016br\u0119s prie Zarasai\u010dio e\u017eero, apsuptas gra\u017eios gamtos. \u0160is miestelis praturtintas: gamta ir ramybe, istorija, aktyviu laisvalaikiu, bendruomeni\u0161kumu ir gyvenimo kokybe.  PRIVALUMAI: \u2013 Butas 64,01kv m. penktame namo auk\u0161te. ( bute yra 3 kambariai, virtuv\u0117, vonia, sand\u0117liukas, tualetas. Butui priklauso r\u016bsys 6,15kv.m.);  \u2013 Vonia ir tualetas nesujungti, o atskirose patalpose; \u2013 Yra balkonas; \u2013 Automobili\u0173 parkavimo aik\u0161tel\u0117; \u2013 Pri\u017ei\u016br\u0117ta ir erdvi kiemo teritorija su puikiu panoraminiu vaizdu; \u2013 Visai \u0161alia P. \u0160irvio progimnazija, sporto centras.  Koordinat\u0117s : maps.lt \u2013 55.73926, 26.26370  D\u0117l i\u0161samesn\u0117s informacijos ar ap\u017ei\u016bros susisiekite ir mes visk\u0105 Jums papasakosime.\" \/>\n<meta property=\"og:url\" content=\"https:\/\/www.namude.lt\/objektas\/parduodamas-3-kambariu-butas-zarasu-mieste\/\" \/>\n<meta property=\"og:site_name\" content=\"Namud\u0117\" \/>\n<meta property=\"article:modified_time\" content=\"2025-09-04T13:42:18+00:00\" \/>\n<meta property=\"og:image\" content=\"https:\/\/www.namude.lt\/wp-content\/uploads\/2025\/01\/0.jpg\" \/>\n\t<meta property=\"og:image:width\" content=\"1800\" \/>\n\t<meta property=\"og:image:height\" content=\"2400\" \/>\n\t<meta property=\"og:image:type\" content=\"image\/jpeg\" \/>\n<meta name=\"twitter:card\" content=\"summary_large_image\" \/>\n<script type=\"application\/ld+json\" class=\"yoast-schema-graph\">{\"@context\":\"https:\\\/\\\/schema.org\",\"@graph\":[{\"@type\":\"WebPage\",\"@id\":\"https:\\\/\\\/www.namude.lt\\\/objektas\\\/parduodamas-3-kambariu-butas-zarasu-mieste\\\/\",\"url\":\"https:\\\/\\\/www.namude.lt\\\/objektas\\\/parduodamas-3-kambariu-butas-zarasu-mieste\\\/\",\"name\":\"PARDUODAMAS 3 KAMBARI\u0172 BUTAS ZARAS\u0172 MIESTE - Namud\u0117\",\"isPartOf\":{\"@id\":\"https:\\\/\\\/www.namude.lt\\\/#website\"},\"primaryImageOfPage\":{\"@id\":\"https:\\\/\\\/www.namude.lt\\\/objektas\\\/parduodamas-3-kambariu-butas-zarasu-mieste\\\/#primaryimage\"},\"image\":{\"@id\":\"https:\\\/\\\/www.namude.lt\\\/objektas\\\/parduodamas-3-kambariu-butas-zarasu-mieste\\\/#primaryimage\"},\"thumbnailUrl\":\"https:\\\/\\\/www.namude.lt\\\/wp-content\\\/uploads\\\/2025\\\/01\\\/0.jpg\",\"datePublished\":\"2025-01-29T13:34:18+00:00\",\"dateModified\":\"2025-09-04T13:42:18+00:00\",\"breadcrumb\":{\"@id\":\"https:\\\/\\\/www.namude.lt\\\/objektas\\\/parduodamas-3-kambariu-butas-zarasu-mieste\\\/#breadcrumb\"},\"inLanguage\":\"en-US\",\"potentialAction\":[{\"@type\":\"ReadAction\",\"target\":[\"https:\\\/\\\/www.namude.lt\\\/objektas\\\/parduodamas-3-kambariu-butas-zarasu-mieste\\\/\"]}]},{\"@type\":\"ImageObject\",\"inLanguage\":\"en-US\",\"@id\":\"https:\\\/\\\/www.namude.lt\\\/objektas\\\/parduodamas-3-kambariu-butas-zarasu-mieste\\\/#primaryimage\",\"url\":\"https:\\\/\\\/www.namude.lt\\\/wp-content\\\/uploads\\\/2025\\\/01\\\/0.jpg\",\"contentUrl\":\"https:\\\/\\\/www.namude.lt\\\/wp-content\\\/uploads\\\/2025\\\/01\\\/0.jpg\",\"width\":1800,\"height\":2400},{\"@type\":\"BreadcrumbList\",\"@id\":\"https:\\\/\\\/www.namude.lt\\\/objektas\\\/parduodamas-3-kambariu-butas-zarasu-mieste\\\/#breadcrumb\",\"itemListElement\":[{\"@type\":\"ListItem\",\"position\":1,\"name\":\"Home\",\"item\":\"https:\\\/\\\/www.namude.lt\\\/en\\\/\"},{\"@type\":\"ListItem\",\"position\":2,\"name\":\"Real estate\",\"item\":\"https:\\\/\\\/www.namude.lt\\\/en\\\/real-estate\\\/\"},{\"@type\":\"ListItem\",\"position\":3,\"name\":\"PARDUODAMAS 3 KAMBARI\u0172 BUTAS ZARAS\u0172 MIESTE\"}]},{\"@type\":\"WebSite\",\"@id\":\"https:\\\/\\\/www.namude.lt\\\/#website\",\"url\":\"https:\\\/\\\/www.namude.lt\\\/\",\"name\":\"Namud\u0117\",\"description\":\"\u201eNamud\u0117\u201c \u2013 agent\u016bra, pardavin\u0117janti Auk\u0161taitijos NT grynuolius.\",\"publisher\":{\"@id\":\"https:\\\/\\\/www.namude.lt\\\/#organization\"},\"potentialAction\":[{\"@type\":\"SearchAction\",\"target\":{\"@type\":\"EntryPoint\",\"urlTemplate\":\"https:\\\/\\\/www.namude.lt\\\/?s={search_term_string}\"},\"query-input\":{\"@type\":\"PropertyValueSpecification\",\"valueRequired\":true,\"valueName\":\"search_term_string\"}}],\"inLanguage\":\"en-US\"},{\"@type\":\"Organization\",\"@id\":\"https:\\\/\\\/www.namude.lt\\\/#organization\",\"name\":\"Namud\u0117\",\"url\":\"https:\\\/\\\/www.namude.lt\\\/\",\"logo\":{\"@type\":\"ImageObject\",\"inLanguage\":\"en-US\",\"@id\":\"https:\\\/\\\/www.namude.lt\\\/#\\\/schema\\\/logo\\\/image\\\/\",\"url\":\"https:\\\/\\\/www.namude.lt\\\/wp-content\\\/uploads\\\/2023\\\/11\\\/logo-symbol.svg\",\"contentUrl\":\"https:\\\/\\\/www.namude.lt\\\/wp-content\\\/uploads\\\/2023\\\/11\\\/logo-symbol.svg\",\"width\":1,\"height\":1,\"caption\":\"Namud\u0117\"},\"image\":{\"@id\":\"https:\\\/\\\/www.namude.lt\\\/#\\\/schema\\\/logo\\\/image\\\/\"}}]}<\/script>\n<!-- \/ Yoast SEO plugin. -->","yoast_head_json":{"title":"PARDUODAMAS 3 KAMBARI\u0172 BUTAS ZARAS\u0172 MIESTE - Namud\u0117","robots":{"index":"index","follow":"follow","max-snippet":"max-snippet:-1","max-image-preview":"max-image-preview:large","max-video-preview":"max-video-preview:-1"},"canonical":"https:\/\/www.namude.lt\/objektas\/parduodamas-3-kambariu-butas-zarasu-mieste\/","og_locale":"en_US","og_type":"article","og_title":"PARDUODAMAS 3 KAMBARI\u0172 BUTAS ZARAS\u0172 MIESTE - Namud\u0117","og_description":"S. Neries gatv\u0117je, Zaras\u0173 mieste - 3 kambari\u0173 butas laukia nauj\u0173 \u0161eiminink\u0173. Strategi\u0161kai patogioje vietoje, erdvus, \u0161viesus ir funkcionaliai suprojektuotas butas, tiks kiekvienam norin\u010diam \u010dia gyventi. Zarasai ma\u017eas, bet ypatingas miestelis \u012fsik\u016br\u0119s prie Zarasai\u010dio e\u017eero, apsuptas gra\u017eios gamtos. \u0160is miestelis praturtintas: gamta ir ramybe, istorija, aktyviu laisvalaikiu, bendruomeni\u0161kumu ir gyvenimo kokybe.  PRIVALUMAI: \u2013 Butas 64,01kv m. penktame namo auk\u0161te. ( bute yra 3 kambariai, virtuv\u0117, vonia, sand\u0117liukas, tualetas. Butui priklauso r\u016bsys 6,15kv.m.);  \u2013 Vonia ir tualetas nesujungti, o atskirose patalpose; \u2013 Yra balkonas; \u2013 Automobili\u0173 parkavimo aik\u0161tel\u0117; \u2013 Pri\u017ei\u016br\u0117ta ir erdvi kiemo teritorija su puikiu panoraminiu vaizdu; \u2013 Visai \u0161alia P. \u0160irvio progimnazija, sporto centras.  Koordinat\u0117s : maps.lt \u2013 55.73926, 26.26370  D\u0117l i\u0161samesn\u0117s informacijos ar ap\u017ei\u016bros susisiekite ir mes visk\u0105 Jums papasakosime.","og_url":"https:\/\/www.namude.lt\/objektas\/parduodamas-3-kambariu-butas-zarasu-mieste\/","og_site_name":"Namud\u0117","article_modified_time":"2025-09-04T13:42:18+00:00","og_image":[{"width":1800,"height":2400,"url":"https:\/\/www.namude.lt\/wp-content\/uploads\/2025\/01\/0.jpg","type":"image\/jpeg"}],"twitter_card":"summary_large_image","schema":{"@context":"https:\/\/schema.org","@graph":[{"@type":"WebPage","@id":"https:\/\/www.namude.lt\/objektas\/parduodamas-3-kambariu-butas-zarasu-mieste\/","url":"https:\/\/www.namude.lt\/objektas\/parduodamas-3-kambariu-butas-zarasu-mieste\/","name":"PARDUODAMAS 3 KAMBARI\u0172 BUTAS ZARAS\u0172 MIESTE - Namud\u0117","isPartOf":{"@id":"https:\/\/www.namude.lt\/#website"},"primaryImageOfPage":{"@id":"https:\/\/www.namude.lt\/objektas\/parduodamas-3-kambariu-butas-zarasu-mieste\/#primaryimage"},"image":{"@id":"https:\/\/www.namude.lt\/objektas\/parduodamas-3-kambariu-butas-zarasu-mieste\/#primaryimage"},"thumbnailUrl":"https:\/\/www.namude.lt\/wp-content\/uploads\/2025\/01\/0.jpg","datePublished":"2025-01-29T13:34:18+00:00","dateModified":"2025-09-04T13:42:18+00:00","breadcrumb":{"@id":"https:\/\/www.namude.lt\/objektas\/parduodamas-3-kambariu-butas-zarasu-mieste\/#breadcrumb"},"inLanguage":"en-US","potentialAction":[{"@type":"ReadAction","target":["https:\/\/www.namude.lt\/objektas\/parduodamas-3-kambariu-butas-zarasu-mieste\/"]}]},{"@type":"ImageObject","inLanguage":"en-US","@id":"https:\/\/www.namude.lt\/objektas\/parduodamas-3-kambariu-butas-zarasu-mieste\/#primaryimage","url":"https:\/\/www.namude.lt\/wp-content\/uploads\/2025\/01\/0.jpg","contentUrl":"https:\/\/www.namude.lt\/wp-content\/uploads\/2025\/01\/0.jpg","width":1800,"height":2400},{"@type":"BreadcrumbList","@id":"https:\/\/www.namude.lt\/objektas\/parduodamas-3-kambariu-butas-zarasu-mieste\/#breadcrumb","itemListElement":[{"@type":"ListItem","position":1,"name":"Home","item":"https:\/\/www.namude.lt\/en\/"},{"@type":"ListItem","position":2,"name":"Real estate","item":"https:\/\/www.namude.lt\/en\/real-estate\/"},{"@type":"ListItem","position":3,"name":"PARDUODAMAS 3 KAMBARI\u0172 BUTAS ZARAS\u0172 MIESTE"}]},{"@type":"WebSite","@id":"https:\/\/www.namude.lt\/#website","url":"https:\/\/www.namude.lt\/","name":"Namud\u0117","description":"\u201eNamud\u0117\u201c \u2013 agent\u016bra, pardavin\u0117janti Auk\u0161taitijos NT grynuolius.","publisher":{"@id":"https:\/\/www.namude.lt\/#organization"},"potentialAction":[{"@type":"SearchAction","target":{"@type":"EntryPoint","urlTemplate":"https:\/\/www.namude.lt\/?s={search_term_string}"},"query-input":{"@type":"PropertyValueSpecification","valueRequired":true,"valueName":"search_term_string"}}],"inLanguage":"en-US"},{"@type":"Organization","@id":"https:\/\/www.namude.lt\/#organization","name":"Namud\u0117","url":"https:\/\/www.namude.lt\/","logo":{"@type":"ImageObject","inLanguage":"en-US","@id":"https:\/\/www.namude.lt\/#\/schema\/logo\/image\/","url":"https:\/\/www.namude.lt\/wp-content\/uploads\/2023\/11\/logo-symbol.svg","contentUrl":"https:\/\/www.namude.lt\/wp-content\/uploads\/2023\/11\/logo-symbol.svg","width":1,"height":1,"caption":"Namud\u0117"},"image":{"@id":"https:\/\/www.namude.lt\/#\/schema\/logo\/image\/"}}]}},"_links":{"self":[{"href":"https:\/\/www.namude.lt\/en\/wp-json\/wp\/v2\/product\/14632","targetHints":{"allow":["GET"]}}],"collection":[{"href":"https:\/\/www.namude.lt\/en\/wp-json\/wp\/v2\/product"}],"about":[{"href":"https:\/\/www.namude.lt\/en\/wp-json\/wp\/v2\/types\/product"}],"wp:featuredmedia":[{"embeddable":true,"href":"https:\/\/www.namude.lt\/en\/wp-json\/wp\/v2\/media\/14636"}],"wp:attachment":[{"href":"https:\/\/www.namude.lt\/en\/wp-json\/wp\/v2\/media?parent=14632"}],"wp:term":[{"taxonomy":"product_brand","embeddable":true,"href":"https:\/\/www.namude.lt\/en\/wp-json\/wp\/v2\/product_brand?post=14632"},{"taxonomy":"product_cat","embeddable":true,"href":"https:\/\/www.namude.lt\/en\/wp-json\/wp\/v2\/product_cat?post=14632"},{"taxonomy":"product_tag","embeddable":true,"href":"https:\/\/www.namude.lt\/en\/wp-json\/wp\/v2\/product_tag?post=14632"}],"curies":[{"name":"wp","href":"https:\/\/api.w.org\/{rel}","templated":true}]}}