{"id":14298,"date":"2025-01-08T09:24:42","date_gmt":"2025-01-08T07:24:42","guid":{"rendered":"https:\/\/www.namude.lt\/?post_type=product&#038;p=14298"},"modified":"2025-02-27T12:38:04","modified_gmt":"2025-02-27T10:38:04","slug":"parduodamas-jaukus-2k-butas-anyksciu-mieste","status":"publish","type":"product","link":"https:\/\/www.namude.lt\/en\/object\/parduodamas-jaukus-2k-butas-anyksciu-mieste\/","title":{"rendered":"PARDUODAMAS JAUKUS  2K BUTAS ANYK\u0160\u010cI\u0172 MIESTE"},"content":{"rendered":"","protected":false},"excerpt":{"rendered":"<p>A\u017eupie\u010di\u0173 gatv\u0117je, Anyk\u0161\u010di\u0173 mieste \u0161alimais baseino Bangenis \u2013 \u012frengtas 2 kambari\u0173 butas laukia nauj\u0173 \u0161eiminink\u0173. Strategi\u0161kai patogioje vietoje, erdvus, \u0161viesus ir funkcionaliai suprojektuotas ir \u012frengtas butas, tiks kiekvienam norin\u010diam \u010dia gyventi. Anyk\u0161\u010diai ma\u017eas, bet ypatingas miestelis \u012fsik\u016br\u0119s \u0160ventosios up\u0117s vingiuose, apsuptas gra\u017eios gamtos. \u0160is miestelis praturtintas: gamta ir ramybe, istorija, aktyviu laisvalaikiu, bendruomeni\u0161kumu ir gyvenimo kokybe.<br \/>\nPRIVALUMAI:<br \/>\n\u2013 Butas 30,81kv m. (2 auk\u0161tas, renovuotas namas, naujai suremontuota laiptin\u0117),<br \/>\n\u2013 Jaukiai \u012frengtas butas<br \/>\n\u2013Vonia ir tualetas bendroje patalpoje;<br \/>\n\u2013 Erdvi automobili\u0173 parkavimo aik\u0161tel\u0117;<br \/>\n\u2013 Pri\u017ei\u016br\u0117ta ir erdvi kiemo teritorija su puikiu panoraminiu vaizdu;<br \/>\n\u2013Visai \u0161alia Anyk\u0161\u010di\u0173 baseino Bangenis.<\/p>\n<p>Koordinat\u0117s :<br \/>\nmaps.lt \u2013 55.520667, 25.082228<br \/>\nD\u0117l i\u0161samesn\u0117s informacijos ar ap\u017ei\u016bros susisiekite ir mes visk\u0105 Jums papasakosime.<\/p>\n","protected":false},"featured_media":15064,"template":"","meta":{"_acf_changed":false},"product_brand":[],"product_cat":[27],"product_tag":[],"class_list":{"0":"post-14298","1":"product","2":"type-product","3":"status-publish","4":"has-post-thumbnail","6":"product_cat-butai","7":"pa_rajonas-anyksciu-rajonas","8":"description-off","10":"first","11":"instock","12":"shipping-taxable","13":"purchasable","14":"product-type-simple"},"acf":[],"yoast_head":"<!-- This site is optimized with the Yoast SEO plugin v27.0 - https:\/\/yoast.com\/product\/yoast-seo-wordpress\/ -->\n<title>PARDUODAMAS JAUKUS 2K BUTAS ANYK\u0160\u010cI\u0172 MIESTE - Namud\u0117<\/title>\n<meta name=\"robots\" content=\"index, follow, max-snippet:-1, max-image-preview:large, max-video-preview:-1\" \/>\n<link rel=\"canonical\" href=\"https:\/\/www.namude.lt\/objektas\/parduodamas-jaukus-2k-butas-anyksciu-mieste\/\" \/>\n<meta property=\"og:locale\" content=\"en_US\" \/>\n<meta property=\"og:type\" content=\"article\" \/>\n<meta property=\"og:title\" content=\"PARDUODAMAS JAUKUS 2K BUTAS ANYK\u0160\u010cI\u0172 MIESTE - Namud\u0117\" \/>\n<meta property=\"og:description\" content=\"A\u017eupie\u010di\u0173 gatv\u0117je, Anyk\u0161\u010di\u0173 mieste \u0161alimais baseino Bangenis \u2013 \u012frengtas 2 kambari\u0173 butas laukia nauj\u0173 \u0161eiminink\u0173. Strategi\u0161kai patogioje vietoje, erdvus, \u0161viesus ir funkcionaliai suprojektuotas ir \u012frengtas butas, tiks kiekvienam norin\u010diam \u010dia gyventi. Anyk\u0161\u010diai ma\u017eas, bet ypatingas miestelis \u012fsik\u016br\u0119s \u0160ventosios up\u0117s vingiuose, apsuptas gra\u017eios gamtos. \u0160is miestelis praturtintas: gamta ir ramybe, istorija, aktyviu laisvalaikiu, bendruomeni\u0161kumu ir gyvenimo kokybe. PRIVALUMAI: \u2013 Butas 30,81kv m. (2 auk\u0161tas, renovuotas namas, naujai suremontuota laiptin\u0117), \u2013 Jaukiai \u012frengtas butas \u2013Vonia ir tualetas bendroje patalpoje; \u2013 Erdvi automobili\u0173 parkavimo aik\u0161tel\u0117; \u2013 Pri\u017ei\u016br\u0117ta ir erdvi kiemo teritorija su puikiu panoraminiu vaizdu; \u2013Visai \u0161alia Anyk\u0161\u010di\u0173 baseino Bangenis.  Koordinat\u0117s : maps.lt \u2013 55.520667, 25.082228 D\u0117l i\u0161samesn\u0117s informacijos ar ap\u017ei\u016bros susisiekite ir mes visk\u0105 Jums papasakosime.\" \/>\n<meta property=\"og:url\" content=\"https:\/\/www.namude.lt\/objektas\/parduodamas-jaukus-2k-butas-anyksciu-mieste\/\" \/>\n<meta property=\"og:site_name\" content=\"Namud\u0117\" \/>\n<meta property=\"article:modified_time\" content=\"2025-02-27T10:38:04+00:00\" \/>\n<meta property=\"og:image\" content=\"https:\/\/www.namude.lt\/wp-content\/uploads\/2025\/01\/1-12.jpg\" \/>\n\t<meta property=\"og:image:width\" content=\"2000\" \/>\n\t<meta property=\"og:image:height\" content=\"1500\" \/>\n\t<meta property=\"og:image:type\" content=\"image\/jpeg\" \/>\n<meta name=\"twitter:card\" content=\"summary_large_image\" \/>\n<script type=\"application\/ld+json\" class=\"yoast-schema-graph\">{\"@context\":\"https:\/\/schema.org\",\"@graph\":[{\"@type\":\"WebPage\",\"@id\":\"https:\/\/www.namude.lt\/objektas\/parduodamas-jaukus-2k-butas-anyksciu-mieste\/\",\"url\":\"https:\/\/www.namude.lt\/objektas\/parduodamas-jaukus-2k-butas-anyksciu-mieste\/\",\"name\":\"PARDUODAMAS JAUKUS 2K BUTAS ANYK\u0160\u010cI\u0172 MIESTE - Namud\u0117\",\"isPartOf\":{\"@id\":\"https:\/\/www.namude.lt\/#website\"},\"primaryImageOfPage\":{\"@id\":\"https:\/\/www.namude.lt\/objektas\/parduodamas-jaukus-2k-butas-anyksciu-mieste\/#primaryimage\"},\"image\":{\"@id\":\"https:\/\/www.namude.lt\/objektas\/parduodamas-jaukus-2k-butas-anyksciu-mieste\/#primaryimage\"},\"thumbnailUrl\":\"https:\/\/www.namude.lt\/wp-content\/uploads\/2025\/01\/1-12.jpg\",\"datePublished\":\"2025-01-08T07:24:42+00:00\",\"dateModified\":\"2025-02-27T10:38:04+00:00\",\"breadcrumb\":{\"@id\":\"https:\/\/www.namude.lt\/objektas\/parduodamas-jaukus-2k-butas-anyksciu-mieste\/#breadcrumb\"},\"inLanguage\":\"en-US\",\"potentialAction\":[{\"@type\":\"ReadAction\",\"target\":[\"https:\/\/www.namude.lt\/objektas\/parduodamas-jaukus-2k-butas-anyksciu-mieste\/\"]}]},{\"@type\":\"ImageObject\",\"inLanguage\":\"en-US\",\"@id\":\"https:\/\/www.namude.lt\/objektas\/parduodamas-jaukus-2k-butas-anyksciu-mieste\/#primaryimage\",\"url\":\"https:\/\/www.namude.lt\/wp-content\/uploads\/2025\/01\/1-12.jpg\",\"contentUrl\":\"https:\/\/www.namude.lt\/wp-content\/uploads\/2025\/01\/1-12.jpg\",\"width\":2000,\"height\":1500},{\"@type\":\"BreadcrumbList\",\"@id\":\"https:\/\/www.namude.lt\/objektas\/parduodamas-jaukus-2k-butas-anyksciu-mieste\/#breadcrumb\",\"itemListElement\":[{\"@type\":\"ListItem\",\"position\":1,\"name\":\"Home\",\"item\":\"https:\/\/www.namude.lt\/en\/\"},{\"@type\":\"ListItem\",\"position\":2,\"name\":\"Real estate\",\"item\":\"https:\/\/www.namude.lt\/en\/real-estate\/\"},{\"@type\":\"ListItem\",\"position\":3,\"name\":\"PARDUODAMAS JAUKUS 2K BUTAS ANYK\u0160\u010cI\u0172 MIESTE\"}]},{\"@type\":\"WebSite\",\"@id\":\"https:\/\/www.namude.lt\/#website\",\"url\":\"https:\/\/www.namude.lt\/\",\"name\":\"Namud\u0117\",\"description\":\"\u201eNamud\u0117\u201c \u2013 agent\u016bra, pardavin\u0117janti Auk\u0161taitijos NT grynuolius.\",\"publisher\":{\"@id\":\"https:\/\/www.namude.lt\/#organization\"},\"potentialAction\":[{\"@type\":\"SearchAction\",\"target\":{\"@type\":\"EntryPoint\",\"urlTemplate\":\"https:\/\/www.namude.lt\/?s={search_term_string}\"},\"query-input\":{\"@type\":\"PropertyValueSpecification\",\"valueRequired\":true,\"valueName\":\"search_term_string\"}}],\"inLanguage\":\"en-US\"},{\"@type\":\"Organization\",\"@id\":\"https:\/\/www.namude.lt\/#organization\",\"name\":\"Namud\u0117\",\"url\":\"https:\/\/www.namude.lt\/\",\"logo\":{\"@type\":\"ImageObject\",\"inLanguage\":\"en-US\",\"@id\":\"https:\/\/www.namude.lt\/#\/schema\/logo\/image\/\",\"url\":\"https:\/\/www.namude.lt\/wp-content\/uploads\/2023\/11\/logo-symbol.svg\",\"contentUrl\":\"https:\/\/www.namude.lt\/wp-content\/uploads\/2023\/11\/logo-symbol.svg\",\"width\":1,\"height\":1,\"caption\":\"Namud\u0117\"},\"image\":{\"@id\":\"https:\/\/www.namude.lt\/#\/schema\/logo\/image\/\"}}]}<\/script>\n<!-- \/ Yoast SEO plugin. -->","yoast_head_json":{"title":"PARDUODAMAS JAUKUS 2K BUTAS ANYK\u0160\u010cI\u0172 MIESTE - Namud\u0117","robots":{"index":"index","follow":"follow","max-snippet":"max-snippet:-1","max-image-preview":"max-image-preview:large","max-video-preview":"max-video-preview:-1"},"canonical":"https:\/\/www.namude.lt\/objektas\/parduodamas-jaukus-2k-butas-anyksciu-mieste\/","og_locale":"en_US","og_type":"article","og_title":"PARDUODAMAS JAUKUS 2K BUTAS ANYK\u0160\u010cI\u0172 MIESTE - Namud\u0117","og_description":"A\u017eupie\u010di\u0173 gatv\u0117je, Anyk\u0161\u010di\u0173 mieste \u0161alimais baseino Bangenis \u2013 \u012frengtas 2 kambari\u0173 butas laukia nauj\u0173 \u0161eiminink\u0173. Strategi\u0161kai patogioje vietoje, erdvus, \u0161viesus ir funkcionaliai suprojektuotas ir \u012frengtas butas, tiks kiekvienam norin\u010diam \u010dia gyventi. Anyk\u0161\u010diai ma\u017eas, bet ypatingas miestelis \u012fsik\u016br\u0119s \u0160ventosios up\u0117s vingiuose, apsuptas gra\u017eios gamtos. \u0160is miestelis praturtintas: gamta ir ramybe, istorija, aktyviu laisvalaikiu, bendruomeni\u0161kumu ir gyvenimo kokybe. PRIVALUMAI: \u2013 Butas 30,81kv m. (2 auk\u0161tas, renovuotas namas, naujai suremontuota laiptin\u0117), \u2013 Jaukiai \u012frengtas butas \u2013Vonia ir tualetas bendroje patalpoje; \u2013 Erdvi automobili\u0173 parkavimo aik\u0161tel\u0117; \u2013 Pri\u017ei\u016br\u0117ta ir erdvi kiemo teritorija su puikiu panoraminiu vaizdu; \u2013Visai \u0161alia Anyk\u0161\u010di\u0173 baseino Bangenis.  Koordinat\u0117s : maps.lt \u2013 55.520667, 25.082228 D\u0117l i\u0161samesn\u0117s informacijos ar ap\u017ei\u016bros susisiekite ir mes visk\u0105 Jums papasakosime.","og_url":"https:\/\/www.namude.lt\/objektas\/parduodamas-jaukus-2k-butas-anyksciu-mieste\/","og_site_name":"Namud\u0117","article_modified_time":"2025-02-27T10:38:04+00:00","og_image":[{"width":2000,"height":1500,"url":"https:\/\/www.namude.lt\/wp-content\/uploads\/2025\/01\/1-12.jpg","type":"image\/jpeg"}],"twitter_card":"summary_large_image","schema":{"@context":"https:\/\/schema.org","@graph":[{"@type":"WebPage","@id":"https:\/\/www.namude.lt\/objektas\/parduodamas-jaukus-2k-butas-anyksciu-mieste\/","url":"https:\/\/www.namude.lt\/objektas\/parduodamas-jaukus-2k-butas-anyksciu-mieste\/","name":"PARDUODAMAS JAUKUS 2K BUTAS ANYK\u0160\u010cI\u0172 MIESTE - Namud\u0117","isPartOf":{"@id":"https:\/\/www.namude.lt\/#website"},"primaryImageOfPage":{"@id":"https:\/\/www.namude.lt\/objektas\/parduodamas-jaukus-2k-butas-anyksciu-mieste\/#primaryimage"},"image":{"@id":"https:\/\/www.namude.lt\/objektas\/parduodamas-jaukus-2k-butas-anyksciu-mieste\/#primaryimage"},"thumbnailUrl":"https:\/\/www.namude.lt\/wp-content\/uploads\/2025\/01\/1-12.jpg","datePublished":"2025-01-08T07:24:42+00:00","dateModified":"2025-02-27T10:38:04+00:00","breadcrumb":{"@id":"https:\/\/www.namude.lt\/objektas\/parduodamas-jaukus-2k-butas-anyksciu-mieste\/#breadcrumb"},"inLanguage":"en-US","potentialAction":[{"@type":"ReadAction","target":["https:\/\/www.namude.lt\/objektas\/parduodamas-jaukus-2k-butas-anyksciu-mieste\/"]}]},{"@type":"ImageObject","inLanguage":"en-US","@id":"https:\/\/www.namude.lt\/objektas\/parduodamas-jaukus-2k-butas-anyksciu-mieste\/#primaryimage","url":"https:\/\/www.namude.lt\/wp-content\/uploads\/2025\/01\/1-12.jpg","contentUrl":"https:\/\/www.namude.lt\/wp-content\/uploads\/2025\/01\/1-12.jpg","width":2000,"height":1500},{"@type":"BreadcrumbList","@id":"https:\/\/www.namude.lt\/objektas\/parduodamas-jaukus-2k-butas-anyksciu-mieste\/#breadcrumb","itemListElement":[{"@type":"ListItem","position":1,"name":"Home","item":"https:\/\/www.namude.lt\/en\/"},{"@type":"ListItem","position":2,"name":"Real estate","item":"https:\/\/www.namude.lt\/en\/real-estate\/"},{"@type":"ListItem","position":3,"name":"PARDUODAMAS JAUKUS 2K BUTAS ANYK\u0160\u010cI\u0172 MIESTE"}]},{"@type":"WebSite","@id":"https:\/\/www.namude.lt\/#website","url":"https:\/\/www.namude.lt\/","name":"Namud\u0117","description":"\u201eNamud\u0117\u201c \u2013 agent\u016bra, pardavin\u0117janti Auk\u0161taitijos NT grynuolius.","publisher":{"@id":"https:\/\/www.namude.lt\/#organization"},"potentialAction":[{"@type":"SearchAction","target":{"@type":"EntryPoint","urlTemplate":"https:\/\/www.namude.lt\/?s={search_term_string}"},"query-input":{"@type":"PropertyValueSpecification","valueRequired":true,"valueName":"search_term_string"}}],"inLanguage":"en-US"},{"@type":"Organization","@id":"https:\/\/www.namude.lt\/#organization","name":"Namud\u0117","url":"https:\/\/www.namude.lt\/","logo":{"@type":"ImageObject","inLanguage":"en-US","@id":"https:\/\/www.namude.lt\/#\/schema\/logo\/image\/","url":"https:\/\/www.namude.lt\/wp-content\/uploads\/2023\/11\/logo-symbol.svg","contentUrl":"https:\/\/www.namude.lt\/wp-content\/uploads\/2023\/11\/logo-symbol.svg","width":1,"height":1,"caption":"Namud\u0117"},"image":{"@id":"https:\/\/www.namude.lt\/#\/schema\/logo\/image\/"}}]}},"_links":{"self":[{"href":"https:\/\/www.namude.lt\/en\/wp-json\/wp\/v2\/product\/14298","targetHints":{"allow":["GET"]}}],"collection":[{"href":"https:\/\/www.namude.lt\/en\/wp-json\/wp\/v2\/product"}],"about":[{"href":"https:\/\/www.namude.lt\/en\/wp-json\/wp\/v2\/types\/product"}],"wp:featuredmedia":[{"embeddable":true,"href":"https:\/\/www.namude.lt\/en\/wp-json\/wp\/v2\/media\/15064"}],"wp:attachment":[{"href":"https:\/\/www.namude.lt\/en\/wp-json\/wp\/v2\/media?parent=14298"}],"wp:term":[{"taxonomy":"product_brand","embeddable":true,"href":"https:\/\/www.namude.lt\/en\/wp-json\/wp\/v2\/product_brand?post=14298"},{"taxonomy":"product_cat","embeddable":true,"href":"https:\/\/www.namude.lt\/en\/wp-json\/wp\/v2\/product_cat?post=14298"},{"taxonomy":"product_tag","embeddable":true,"href":"https:\/\/www.namude.lt\/en\/wp-json\/wp\/v2\/product_tag?post=14298"}],"curies":[{"name":"wp","href":"https:\/\/api.w.org\/{rel}","templated":true}]}}