{"id":14192,"date":"2024-12-18T16:55:07","date_gmt":"2024-12-18T14:55:07","guid":{"rendered":"https:\/\/www.namude.lt\/?post_type=product&#038;p=14192"},"modified":"2025-07-09T10:13:08","modified_gmt":"2025-07-09T07:13:08","slug":"parduodamas-443ha-ispuoseletas-sklypas-pabaldiskio-k-balninku-sen-moletu-raj","status":"publish","type":"product","link":"https:\/\/www.namude.lt\/en\/object\/parduodamas-443ha-ispuoseletas-sklypas-pabaldiskio-k-balninku-sen-moletu-raj\/","title":{"rendered":"Parduodamas 4,43ha i\u0161puosel\u0117tas sklypas Pabaldi\u0161kio k., Balnink\u0173 sen., Mol\u0117t\u0173 raj."},"content":{"rendered":"","protected":false},"excerpt":{"rendered":"<p>Parduodamas 4,43 ha bendro ploto \u017eem\u0117s sklypai Pabaldi\u0161kio k., Balnink\u0173 sen., Mol\u0117t\u0173 raj.<br \/>\nSklypus sudaro:<br \/>\n&#8211; 2,7433 ha nam\u0173 valdos sklypas,<br \/>\n&#8211; 0,70 ha ir 1ha \u017eem\u0117s \u016bkio sklypai.<br \/>\nSklypas apsodintas jaunais ber\u017eais, pu\u0161imis, visa teritorija i\u0161valyta ir pri\u017ei\u016br\u0117ta. Iki sklypo geras priva\u017eiavimas visais met\u0173 laikais. Apie 0,5 km iki artimiausio Gruod\u017eio e\u017eero. Iki Alantos \u2013 6 km, Balninkai \u2013 8 km, Mol\u0117tai \u2013 11km. Tai puikus pasi\u016blymas ie\u0161kantiems kokybi\u0161kos vietos poilsio sodybai ar nuolatiniam gyvenimui.<\/p>\n<p>Google maps koordinat\u0117s 55.29181, 25.26401<\/p>\n","protected":false},"featured_media":17253,"template":"","meta":{"_acf_changed":false},"product_brand":[],"product_cat":[24],"product_tag":[],"class_list":{"0":"post-14192","1":"product","2":"type-product","3":"status-publish","4":"has-post-thumbnail","6":"product_cat-sklypai","7":"pa_rajonas-moletu-rajonas","8":"description-off","10":"first","11":"instock","12":"shipping-taxable","13":"purchasable","14":"product-type-simple"},"acf":[],"yoast_head":"<!-- This site is optimized with the Yoast SEO plugin v27.4 - https:\/\/yoast.com\/product\/yoast-seo-wordpress\/ -->\n<title>Parduodamas 4,43ha i\u0161puosel\u0117tas sklypas Pabaldi\u0161kio k., Balnink\u0173 sen., Mol\u0117t\u0173 raj. - Namud\u0117<\/title>\n<meta name=\"robots\" content=\"index, follow, max-snippet:-1, max-image-preview:large, max-video-preview:-1\" \/>\n<link rel=\"canonical\" href=\"https:\/\/www.namude.lt\/objektas\/parduodamas-443ha-ispuoseletas-sklypas-pabaldiskio-k-balninku-sen-moletu-raj\/\" \/>\n<meta property=\"og:locale\" content=\"en_US\" \/>\n<meta property=\"og:type\" content=\"article\" \/>\n<meta property=\"og:title\" content=\"Parduodamas 4,43ha i\u0161puosel\u0117tas sklypas Pabaldi\u0161kio k., Balnink\u0173 sen., Mol\u0117t\u0173 raj. - Namud\u0117\" \/>\n<meta property=\"og:description\" content=\"Parduodamas 4,43 ha bendro ploto \u017eem\u0117s sklypai Pabaldi\u0161kio k., Balnink\u0173 sen., Mol\u0117t\u0173 raj.  Sklypus sudaro: - 2,7433 ha nam\u0173 valdos sklypas,  - 0,70 ha ir 1ha \u017eem\u0117s \u016bkio sklypai.  Sklypas apsodintas jaunais ber\u017eais, pu\u0161imis, visa teritorija i\u0161valyta ir pri\u017ei\u016br\u0117ta. Iki sklypo geras priva\u017eiavimas visais met\u0173 laikais. Apie 0,5 km iki artimiausio Gruod\u017eio e\u017eero. Iki Alantos \u2013 6 km, Balninkai \u2013 8 km, Mol\u0117tai \u2013 11km. Tai puikus pasi\u016blymas ie\u0161kantiems kokybi\u0161kos vietos poilsio sodybai ar nuolatiniam gyvenimui.  Google maps koordinat\u0117s 55.29181, 25.26401\" \/>\n<meta property=\"og:url\" content=\"https:\/\/www.namude.lt\/objektas\/parduodamas-443ha-ispuoseletas-sklypas-pabaldiskio-k-balninku-sen-moletu-raj\/\" \/>\n<meta property=\"og:site_name\" content=\"Namud\u0117\" \/>\n<meta property=\"article:modified_time\" content=\"2025-07-09T07:13:08+00:00\" \/>\n<meta property=\"og:image\" content=\"https:\/\/www.namude.lt\/wp-content\/uploads\/2024\/12\/1-7.jpg\" \/>\n\t<meta property=\"og:image:width\" content=\"2400\" \/>\n\t<meta property=\"og:image:height\" content=\"1800\" \/>\n\t<meta property=\"og:image:type\" content=\"image\/jpeg\" \/>\n<meta name=\"twitter:card\" content=\"summary_large_image\" \/>\n<script type=\"application\/ld+json\" class=\"yoast-schema-graph\">{\"@context\":\"https:\\\/\\\/schema.org\",\"@graph\":[{\"@type\":\"WebPage\",\"@id\":\"https:\\\/\\\/www.namude.lt\\\/objektas\\\/parduodamas-443ha-ispuoseletas-sklypas-pabaldiskio-k-balninku-sen-moletu-raj\\\/\",\"url\":\"https:\\\/\\\/www.namude.lt\\\/objektas\\\/parduodamas-443ha-ispuoseletas-sklypas-pabaldiskio-k-balninku-sen-moletu-raj\\\/\",\"name\":\"Parduodamas 4,43ha i\u0161puosel\u0117tas sklypas Pabaldi\u0161kio k., Balnink\u0173 sen., Mol\u0117t\u0173 raj. - Namud\u0117\",\"isPartOf\":{\"@id\":\"https:\\\/\\\/www.namude.lt\\\/#website\"},\"primaryImageOfPage\":{\"@id\":\"https:\\\/\\\/www.namude.lt\\\/objektas\\\/parduodamas-443ha-ispuoseletas-sklypas-pabaldiskio-k-balninku-sen-moletu-raj\\\/#primaryimage\"},\"image\":{\"@id\":\"https:\\\/\\\/www.namude.lt\\\/objektas\\\/parduodamas-443ha-ispuoseletas-sklypas-pabaldiskio-k-balninku-sen-moletu-raj\\\/#primaryimage\"},\"thumbnailUrl\":\"https:\\\/\\\/www.namude.lt\\\/wp-content\\\/uploads\\\/2024\\\/12\\\/1-7.jpg\",\"datePublished\":\"2024-12-18T14:55:07+00:00\",\"dateModified\":\"2025-07-09T07:13:08+00:00\",\"breadcrumb\":{\"@id\":\"https:\\\/\\\/www.namude.lt\\\/objektas\\\/parduodamas-443ha-ispuoseletas-sklypas-pabaldiskio-k-balninku-sen-moletu-raj\\\/#breadcrumb\"},\"inLanguage\":\"en-US\",\"potentialAction\":[{\"@type\":\"ReadAction\",\"target\":[\"https:\\\/\\\/www.namude.lt\\\/objektas\\\/parduodamas-443ha-ispuoseletas-sklypas-pabaldiskio-k-balninku-sen-moletu-raj\\\/\"]}]},{\"@type\":\"ImageObject\",\"inLanguage\":\"en-US\",\"@id\":\"https:\\\/\\\/www.namude.lt\\\/objektas\\\/parduodamas-443ha-ispuoseletas-sklypas-pabaldiskio-k-balninku-sen-moletu-raj\\\/#primaryimage\",\"url\":\"https:\\\/\\\/www.namude.lt\\\/wp-content\\\/uploads\\\/2024\\\/12\\\/1-7.jpg\",\"contentUrl\":\"https:\\\/\\\/www.namude.lt\\\/wp-content\\\/uploads\\\/2024\\\/12\\\/1-7.jpg\",\"width\":2400,\"height\":1800},{\"@type\":\"BreadcrumbList\",\"@id\":\"https:\\\/\\\/www.namude.lt\\\/objektas\\\/parduodamas-443ha-ispuoseletas-sklypas-pabaldiskio-k-balninku-sen-moletu-raj\\\/#breadcrumb\",\"itemListElement\":[{\"@type\":\"ListItem\",\"position\":1,\"name\":\"Home\",\"item\":\"https:\\\/\\\/www.namude.lt\\\/en\\\/\"},{\"@type\":\"ListItem\",\"position\":2,\"name\":\"Real estate\",\"item\":\"https:\\\/\\\/www.namude.lt\\\/en\\\/real-estate\\\/\"},{\"@type\":\"ListItem\",\"position\":3,\"name\":\"Parduodamas 4,43ha i\u0161puosel\u0117tas sklypas Pabaldi\u0161kio k., Balnink\u0173 sen., Mol\u0117t\u0173 raj.\"}]},{\"@type\":\"WebSite\",\"@id\":\"https:\\\/\\\/www.namude.lt\\\/#website\",\"url\":\"https:\\\/\\\/www.namude.lt\\\/\",\"name\":\"Namud\u0117\",\"description\":\"\u201eNamud\u0117\u201c \u2013 agent\u016bra, pardavin\u0117janti Auk\u0161taitijos NT grynuolius.\",\"publisher\":{\"@id\":\"https:\\\/\\\/www.namude.lt\\\/#organization\"},\"potentialAction\":[{\"@type\":\"SearchAction\",\"target\":{\"@type\":\"EntryPoint\",\"urlTemplate\":\"https:\\\/\\\/www.namude.lt\\\/?s={search_term_string}\"},\"query-input\":{\"@type\":\"PropertyValueSpecification\",\"valueRequired\":true,\"valueName\":\"search_term_string\"}}],\"inLanguage\":\"en-US\"},{\"@type\":\"Organization\",\"@id\":\"https:\\\/\\\/www.namude.lt\\\/#organization\",\"name\":\"Namud\u0117\",\"url\":\"https:\\\/\\\/www.namude.lt\\\/\",\"logo\":{\"@type\":\"ImageObject\",\"inLanguage\":\"en-US\",\"@id\":\"https:\\\/\\\/www.namude.lt\\\/#\\\/schema\\\/logo\\\/image\\\/\",\"url\":\"https:\\\/\\\/www.namude.lt\\\/wp-content\\\/uploads\\\/2023\\\/11\\\/logo-symbol.svg\",\"contentUrl\":\"https:\\\/\\\/www.namude.lt\\\/wp-content\\\/uploads\\\/2023\\\/11\\\/logo-symbol.svg\",\"width\":1,\"height\":1,\"caption\":\"Namud\u0117\"},\"image\":{\"@id\":\"https:\\\/\\\/www.namude.lt\\\/#\\\/schema\\\/logo\\\/image\\\/\"}}]}<\/script>\n<!-- \/ Yoast SEO plugin. -->","yoast_head_json":{"title":"Parduodamas 4,43ha i\u0161puosel\u0117tas sklypas Pabaldi\u0161kio k., Balnink\u0173 sen., Mol\u0117t\u0173 raj. - Namud\u0117","robots":{"index":"index","follow":"follow","max-snippet":"max-snippet:-1","max-image-preview":"max-image-preview:large","max-video-preview":"max-video-preview:-1"},"canonical":"https:\/\/www.namude.lt\/objektas\/parduodamas-443ha-ispuoseletas-sklypas-pabaldiskio-k-balninku-sen-moletu-raj\/","og_locale":"en_US","og_type":"article","og_title":"Parduodamas 4,43ha i\u0161puosel\u0117tas sklypas Pabaldi\u0161kio k., Balnink\u0173 sen., Mol\u0117t\u0173 raj. - Namud\u0117","og_description":"Parduodamas 4,43 ha bendro ploto \u017eem\u0117s sklypai Pabaldi\u0161kio k., Balnink\u0173 sen., Mol\u0117t\u0173 raj.  Sklypus sudaro: - 2,7433 ha nam\u0173 valdos sklypas,  - 0,70 ha ir 1ha \u017eem\u0117s \u016bkio sklypai.  Sklypas apsodintas jaunais ber\u017eais, pu\u0161imis, visa teritorija i\u0161valyta ir pri\u017ei\u016br\u0117ta. Iki sklypo geras priva\u017eiavimas visais met\u0173 laikais. Apie 0,5 km iki artimiausio Gruod\u017eio e\u017eero. Iki Alantos \u2013 6 km, Balninkai \u2013 8 km, Mol\u0117tai \u2013 11km. Tai puikus pasi\u016blymas ie\u0161kantiems kokybi\u0161kos vietos poilsio sodybai ar nuolatiniam gyvenimui.  Google maps koordinat\u0117s 55.29181, 25.26401","og_url":"https:\/\/www.namude.lt\/objektas\/parduodamas-443ha-ispuoseletas-sklypas-pabaldiskio-k-balninku-sen-moletu-raj\/","og_site_name":"Namud\u0117","article_modified_time":"2025-07-09T07:13:08+00:00","og_image":[{"width":2400,"height":1800,"url":"https:\/\/www.namude.lt\/wp-content\/uploads\/2024\/12\/1-7.jpg","type":"image\/jpeg"}],"twitter_card":"summary_large_image","schema":{"@context":"https:\/\/schema.org","@graph":[{"@type":"WebPage","@id":"https:\/\/www.namude.lt\/objektas\/parduodamas-443ha-ispuoseletas-sklypas-pabaldiskio-k-balninku-sen-moletu-raj\/","url":"https:\/\/www.namude.lt\/objektas\/parduodamas-443ha-ispuoseletas-sklypas-pabaldiskio-k-balninku-sen-moletu-raj\/","name":"Parduodamas 4,43ha i\u0161puosel\u0117tas sklypas Pabaldi\u0161kio k., Balnink\u0173 sen., Mol\u0117t\u0173 raj. - Namud\u0117","isPartOf":{"@id":"https:\/\/www.namude.lt\/#website"},"primaryImageOfPage":{"@id":"https:\/\/www.namude.lt\/objektas\/parduodamas-443ha-ispuoseletas-sklypas-pabaldiskio-k-balninku-sen-moletu-raj\/#primaryimage"},"image":{"@id":"https:\/\/www.namude.lt\/objektas\/parduodamas-443ha-ispuoseletas-sklypas-pabaldiskio-k-balninku-sen-moletu-raj\/#primaryimage"},"thumbnailUrl":"https:\/\/www.namude.lt\/wp-content\/uploads\/2024\/12\/1-7.jpg","datePublished":"2024-12-18T14:55:07+00:00","dateModified":"2025-07-09T07:13:08+00:00","breadcrumb":{"@id":"https:\/\/www.namude.lt\/objektas\/parduodamas-443ha-ispuoseletas-sklypas-pabaldiskio-k-balninku-sen-moletu-raj\/#breadcrumb"},"inLanguage":"en-US","potentialAction":[{"@type":"ReadAction","target":["https:\/\/www.namude.lt\/objektas\/parduodamas-443ha-ispuoseletas-sklypas-pabaldiskio-k-balninku-sen-moletu-raj\/"]}]},{"@type":"ImageObject","inLanguage":"en-US","@id":"https:\/\/www.namude.lt\/objektas\/parduodamas-443ha-ispuoseletas-sklypas-pabaldiskio-k-balninku-sen-moletu-raj\/#primaryimage","url":"https:\/\/www.namude.lt\/wp-content\/uploads\/2024\/12\/1-7.jpg","contentUrl":"https:\/\/www.namude.lt\/wp-content\/uploads\/2024\/12\/1-7.jpg","width":2400,"height":1800},{"@type":"BreadcrumbList","@id":"https:\/\/www.namude.lt\/objektas\/parduodamas-443ha-ispuoseletas-sklypas-pabaldiskio-k-balninku-sen-moletu-raj\/#breadcrumb","itemListElement":[{"@type":"ListItem","position":1,"name":"Home","item":"https:\/\/www.namude.lt\/en\/"},{"@type":"ListItem","position":2,"name":"Real estate","item":"https:\/\/www.namude.lt\/en\/real-estate\/"},{"@type":"ListItem","position":3,"name":"Parduodamas 4,43ha i\u0161puosel\u0117tas sklypas Pabaldi\u0161kio k., Balnink\u0173 sen., Mol\u0117t\u0173 raj."}]},{"@type":"WebSite","@id":"https:\/\/www.namude.lt\/#website","url":"https:\/\/www.namude.lt\/","name":"Namud\u0117","description":"\u201eNamud\u0117\u201c \u2013 agent\u016bra, pardavin\u0117janti Auk\u0161taitijos NT grynuolius.","publisher":{"@id":"https:\/\/www.namude.lt\/#organization"},"potentialAction":[{"@type":"SearchAction","target":{"@type":"EntryPoint","urlTemplate":"https:\/\/www.namude.lt\/?s={search_term_string}"},"query-input":{"@type":"PropertyValueSpecification","valueRequired":true,"valueName":"search_term_string"}}],"inLanguage":"en-US"},{"@type":"Organization","@id":"https:\/\/www.namude.lt\/#organization","name":"Namud\u0117","url":"https:\/\/www.namude.lt\/","logo":{"@type":"ImageObject","inLanguage":"en-US","@id":"https:\/\/www.namude.lt\/#\/schema\/logo\/image\/","url":"https:\/\/www.namude.lt\/wp-content\/uploads\/2023\/11\/logo-symbol.svg","contentUrl":"https:\/\/www.namude.lt\/wp-content\/uploads\/2023\/11\/logo-symbol.svg","width":1,"height":1,"caption":"Namud\u0117"},"image":{"@id":"https:\/\/www.namude.lt\/#\/schema\/logo\/image\/"}}]}},"_links":{"self":[{"href":"https:\/\/www.namude.lt\/en\/wp-json\/wp\/v2\/product\/14192","targetHints":{"allow":["GET"]}}],"collection":[{"href":"https:\/\/www.namude.lt\/en\/wp-json\/wp\/v2\/product"}],"about":[{"href":"https:\/\/www.namude.lt\/en\/wp-json\/wp\/v2\/types\/product"}],"wp:featuredmedia":[{"embeddable":true,"href":"https:\/\/www.namude.lt\/en\/wp-json\/wp\/v2\/media\/17253"}],"wp:attachment":[{"href":"https:\/\/www.namude.lt\/en\/wp-json\/wp\/v2\/media?parent=14192"}],"wp:term":[{"taxonomy":"product_brand","embeddable":true,"href":"https:\/\/www.namude.lt\/en\/wp-json\/wp\/v2\/product_brand?post=14192"},{"taxonomy":"product_cat","embeddable":true,"href":"https:\/\/www.namude.lt\/en\/wp-json\/wp\/v2\/product_cat?post=14192"},{"taxonomy":"product_tag","embeddable":true,"href":"https:\/\/www.namude.lt\/en\/wp-json\/wp\/v2\/product_tag?post=14192"}],"curies":[{"name":"wp","href":"https:\/\/api.w.org\/{rel}","templated":true}]}}