{"id":1379,"date":"2024-01-18T12:12:55","date_gmt":"2024-01-18T10:12:55","guid":{"rendered":"https:\/\/www.namude.lt\/?post_type=product&#038;p=1379"},"modified":"2024-09-23T13:28:05","modified_gmt":"2024-09-23T10:28:05","slug":"nauja-sodyba-vaizdingoje-vietoje-salia-sventosios-upes-utenos-r-poilsiniame-seimyniskiu-k","status":"publish","type":"product","link":"https:\/\/www.namude.lt\/en\/object\/nauja-sodyba-vaizdingoje-vietoje-salia-sventosios-upes-utenos-r-poilsiniame-seimyniskiu-k\/","title":{"rendered":"NAUJA SODYBA VAIZDINGOJE VIETOJE \u0160ALIA \u0160VENTOSIOS UP\u0116S UTENOS R., POILSINIAME \u0160EIMYNI\u0160KI\u0172 K."},"content":{"rendered":"<p>Po pastatais priklauso <strong>1,0161<\/strong>\u00a0ha \u017eem\u0117s \u016bkio paskirties sklypas. Atlikti kadastriniai matavimai. Gra\u017eiai ir skoningai sutvarkyta sodybos aplinka: nuolat pri\u017ei\u016brima veja, perimetras nuo kelio apsodintas tankia egli\u0173 gyvatvore, aplinkoje \u012fkomponuoti unikal\u016bs dideli rieduliai, \u012fveistas jaunas vaismed\u017ei\u0173 sodas, yra \u012fvairi\u0173 r\u016b\u0161i\u0173 avie\u010di\u0173, serbent\u0173,\u00a0<strong>50<\/strong>\u00a0kr\u016bm\u0173 gaus\u0173 derli\u0173 duodan\u010di\u0173 \u0161ilauogi\u0173. Kieme \u012frengta tinklinio ir futbolo aik\u0161tel\u0117. \u010cia pat, vos u\u017e\u00a0<strong>100<\/strong>\u00a0m nuo namo, teka up\u0117 \u0160ventoji. \u0160ioje vietoje up\u0117 plati ir srauni, krantas sm\u0117l\u0117tas. Sodyba \u012fsik\u016brusi nedideliame poilsiniame gatviniame kaime, aplink gyvena draugi\u0161ki ir tvarkingi kaimynai.\u00a0 Apylinkes supa gra\u017e\u016bs pu\u0161ynai. Apylink\u0117se gausu lankytin\u0173 viet\u0173: \u0160eimyni\u0161ki\u0173 atodanga su konglomerato uola, \u0160eimyni\u0161ki\u0173 piliakalnis. Visada patogus priva\u017eiavimas naujai asfaltuotu keliu, iki artimiausio U\u017epali\u0173 miestelio \u2013<strong>\u00a03<\/strong>\u00a0km, iki Utenos &#8211;\u00a0\u00a0<strong>25<\/strong>\u00a0 km, iki Vilniaus \u2013\u00a0<strong>120\u00a0<\/strong>km. Puiki vieta j\u016bs\u0173 kokybi\u0161kam poilsiui.<\/p>\n<p><strong>Sodybos koordinat\u0117s:<\/strong><\/p>\n<p><strong>Google maps:<\/strong><\/p>\n<p>55.660282, 25.609247<\/p>\n<p><strong>Maps.lt:<\/strong><\/p>\n<p>601248, 6170665 (LKS)<\/p>\n<p>55.660157, 25.609056 (WGS)<\/p>\n<p>55\u00b0 39&#8242; 36.57&#8243;, 25\u00b0 36&#8242; 32.6&#8243; (WGS)<\/p>\n","protected":false},"excerpt":{"rendered":"<p><em>Vaizdingoje vietoje \u0161alia \u0160ventosios up\u0117s <a href=\"https:\/\/www.namude.lt\/parduodami-nt-objektai\/?filter_rajonas=utenos-rajonas&amp;query_type_rajonas=or\">Utenos r<\/a>., poilsiniame \u0160eimyni\u0161ki\u0173 k., Pilies g. 47, parduodama nauja <a href=\"https:\/\/www.namude.lt\/kategorija\/sodybos\/?filter_rajonas=utenos-rajonas&amp;query_type_rajonas=or\">sodyba<\/a>, puikiai tinkanti poilsiui ar kaimo turizmo verslui.\u00a0<\/em>Sodybai priklauso\u00a0<strong>2007\u00a0<\/strong>m. statybos\u00a0<strong>150<\/strong>\u00a0kv. m. m\u016brinis nebaigtas \u012frengti gyvenamasis namas ir\u00a0<strong>170<\/strong>\u00a0kv. m \u016bkio pastatas. Namo sienos raudon\u0173 molini\u0173 plyt\u0173, unikaliai sum\u016brytos, pamatas i\u0161 dekoratyvi\u0173 akmen\u0173, mansarda karkasin\u0117, kokybi\u0161kas namo ir \u016bkinio pastato stogas. Gyvenamajame name suplanuota svetain\u0117 su \u017eidiniu, holas, tualeto ir vonios patalpos, terasa, mansardoje galima \u012fsirengti\u00a0<strong>2\u00a0<\/strong>erdvius ir \u0161viesius miegamuosius.\u00a0 Name yra vandentiekio ir kanalizacijos\u00a0 \u012fvadai. Vanduo labai geros kokyb\u0117s, tiekiamas i\u0161 gilaus \u0161ulinio (<strong>14<\/strong>\u00a0rentini\u0173). \u012erengta\u00a0<strong>2<\/strong>\u00a0lygi\u0173 kanalizacijos sistema. \u012e kiekvien\u0105 pastat\u0105 \u012fvestas\u00a0<strong>15<\/strong>\u00a0kW elektros \u012fvadas. Pro namo langus atsiveria gra\u017eus\u00a0 vaizdas \u012f tvenkin\u012f. Tvenkinys\u00a0<strong>10<\/strong>\u00a0ar\u0173, gausiai \u012f\u017euvintas \u012fvairios r\u016b\u0161ies \u017euvimis, yra lieptas, \u012frengta sistema, tiekianti \u0161vie\u017ei\u0105 vanden\u012f \u017euvims i\u0161 \u0161alia pratekan\u010dio \u0160altupio upelio.<\/p>\n","protected":false},"featured_media":1380,"template":"","meta":{"_acf_changed":false},"product_brand":[],"product_cat":[23],"product_tag":[],"class_list":{"0":"post-1379","1":"product","2":"type-product","3":"status-publish","4":"has-post-thumbnail","6":"product_cat-sodybos","7":"pa_rajonas-utenos-rajonas","8":"description-off","10":"first","11":"instock","12":"sale","13":"shipping-taxable","14":"purchasable","15":"product-type-simple"},"acf":[],"yoast_head":"<!-- This site is optimized with the Yoast SEO plugin v27.0 - https:\/\/yoast.com\/product\/yoast-seo-wordpress\/ -->\n<title>NAUJA SODYBA VAIZDINGOJE VIETOJE \u0160ALIA \u0160VENTOSIOS UP\u0116S UTENOS R., POILSINIAME \u0160EIMYNI\u0160KI\u0172 K. - Namud\u0117<\/title>\n<meta name=\"robots\" content=\"index, follow, max-snippet:-1, max-image-preview:large, max-video-preview:-1\" \/>\n<link rel=\"canonical\" href=\"https:\/\/www.namude.lt\/objektas\/nauja-sodyba-vaizdingoje-vietoje-salia-sventosios-upes-utenos-r-poilsiniame-seimyniskiu-k\/\" \/>\n<meta property=\"og:locale\" content=\"en_US\" \/>\n<meta property=\"og:type\" content=\"article\" \/>\n<meta property=\"og:title\" content=\"NAUJA SODYBA VAIZDINGOJE VIETOJE \u0160ALIA \u0160VENTOSIOS UP\u0116S UTENOS R., POILSINIAME \u0160EIMYNI\u0160KI\u0172 K. - Namud\u0117\" \/>\n<meta property=\"og:description\" content=\"Vaizdingoje vietoje \u0161alia \u0160ventosios up\u0117s Utenos r., poilsiniame \u0160eimyni\u0161ki\u0173 k., Pilies g. 47, parduodama nauja sodyba, puikiai tinkanti poilsiui ar kaimo turizmo verslui.\u00a0Sodybai priklauso\u00a02007\u00a0m. statybos\u00a0150\u00a0kv. m. m\u016brinis nebaigtas \u012frengti gyvenamasis namas ir\u00a0170\u00a0kv. m \u016bkio pastatas. Namo sienos raudon\u0173 molini\u0173 plyt\u0173, unikaliai sum\u016brytos, pamatas i\u0161 dekoratyvi\u0173 akmen\u0173, mansarda karkasin\u0117, kokybi\u0161kas namo ir \u016bkinio pastato stogas. Gyvenamajame name suplanuota svetain\u0117 su \u017eidiniu, holas, tualeto ir vonios patalpos, terasa, mansardoje galima \u012fsirengti\u00a02\u00a0erdvius ir \u0161viesius miegamuosius.\u00a0 Name yra vandentiekio ir kanalizacijos\u00a0 \u012fvadai. Vanduo labai geros kokyb\u0117s, tiekiamas i\u0161 gilaus \u0161ulinio (14\u00a0rentini\u0173). \u012erengta\u00a02\u00a0lygi\u0173 kanalizacijos sistema. \u012e kiekvien\u0105 pastat\u0105 \u012fvestas\u00a015\u00a0kW elektros \u012fvadas. Pro namo langus atsiveria gra\u017eus\u00a0 vaizdas \u012f tvenkin\u012f. Tvenkinys\u00a010\u00a0ar\u0173, gausiai \u012f\u017euvintas \u012fvairios r\u016b\u0161ies \u017euvimis, yra lieptas, \u012frengta sistema, tiekianti \u0161vie\u017ei\u0105 vanden\u012f \u017euvims i\u0161 \u0161alia pratekan\u010dio \u0160altupio upelio.\" \/>\n<meta property=\"og:url\" content=\"https:\/\/www.namude.lt\/objektas\/nauja-sodyba-vaizdingoje-vietoje-salia-sventosios-upes-utenos-r-poilsiniame-seimyniskiu-k\/\" \/>\n<meta property=\"og:site_name\" content=\"Namud\u0117\" \/>\n<meta property=\"article:modified_time\" content=\"2024-09-23T10:28:05+00:00\" \/>\n<meta property=\"og:image\" content=\"https:\/\/www.namude.lt\/wp-content\/uploads\/2024\/01\/1-18.jpg\" \/>\n\t<meta property=\"og:image:width\" content=\"840\" \/>\n\t<meta property=\"og:image:height\" content=\"560\" \/>\n\t<meta property=\"og:image:type\" content=\"image\/jpeg\" \/>\n<meta name=\"twitter:card\" content=\"summary_large_image\" \/>\n<meta name=\"twitter:label1\" content=\"Est. reading time\" \/>\n\t<meta name=\"twitter:data1\" content=\"1 minute\" \/>\n<script type=\"application\/ld+json\" class=\"yoast-schema-graph\">{\"@context\":\"https:\/\/schema.org\",\"@graph\":[{\"@type\":\"WebPage\",\"@id\":\"https:\/\/www.namude.lt\/objektas\/nauja-sodyba-vaizdingoje-vietoje-salia-sventosios-upes-utenos-r-poilsiniame-seimyniskiu-k\/\",\"url\":\"https:\/\/www.namude.lt\/objektas\/nauja-sodyba-vaizdingoje-vietoje-salia-sventosios-upes-utenos-r-poilsiniame-seimyniskiu-k\/\",\"name\":\"NAUJA SODYBA VAIZDINGOJE VIETOJE \u0160ALIA \u0160VENTOSIOS UP\u0116S UTENOS R., POILSINIAME \u0160EIMYNI\u0160KI\u0172 K. - Namud\u0117\",\"isPartOf\":{\"@id\":\"https:\/\/www.namude.lt\/#website\"},\"primaryImageOfPage\":{\"@id\":\"https:\/\/www.namude.lt\/objektas\/nauja-sodyba-vaizdingoje-vietoje-salia-sventosios-upes-utenos-r-poilsiniame-seimyniskiu-k\/#primaryimage\"},\"image\":{\"@id\":\"https:\/\/www.namude.lt\/objektas\/nauja-sodyba-vaizdingoje-vietoje-salia-sventosios-upes-utenos-r-poilsiniame-seimyniskiu-k\/#primaryimage\"},\"thumbnailUrl\":\"https:\/\/www.namude.lt\/wp-content\/uploads\/2024\/01\/1-18.jpg\",\"datePublished\":\"2024-01-18T10:12:55+00:00\",\"dateModified\":\"2024-09-23T10:28:05+00:00\",\"breadcrumb\":{\"@id\":\"https:\/\/www.namude.lt\/objektas\/nauja-sodyba-vaizdingoje-vietoje-salia-sventosios-upes-utenos-r-poilsiniame-seimyniskiu-k\/#breadcrumb\"},\"inLanguage\":\"en-US\",\"potentialAction\":[{\"@type\":\"ReadAction\",\"target\":[\"https:\/\/www.namude.lt\/objektas\/nauja-sodyba-vaizdingoje-vietoje-salia-sventosios-upes-utenos-r-poilsiniame-seimyniskiu-k\/\"]}]},{\"@type\":\"ImageObject\",\"inLanguage\":\"en-US\",\"@id\":\"https:\/\/www.namude.lt\/objektas\/nauja-sodyba-vaizdingoje-vietoje-salia-sventosios-upes-utenos-r-poilsiniame-seimyniskiu-k\/#primaryimage\",\"url\":\"https:\/\/www.namude.lt\/wp-content\/uploads\/2024\/01\/1-18.jpg\",\"contentUrl\":\"https:\/\/www.namude.lt\/wp-content\/uploads\/2024\/01\/1-18.jpg\",\"width\":840,\"height\":560,\"caption\":\"default\"},{\"@type\":\"BreadcrumbList\",\"@id\":\"https:\/\/www.namude.lt\/objektas\/nauja-sodyba-vaizdingoje-vietoje-salia-sventosios-upes-utenos-r-poilsiniame-seimyniskiu-k\/#breadcrumb\",\"itemListElement\":[{\"@type\":\"ListItem\",\"position\":1,\"name\":\"Home\",\"item\":\"https:\/\/www.namude.lt\/en\/\"},{\"@type\":\"ListItem\",\"position\":2,\"name\":\"Real estate\",\"item\":\"https:\/\/www.namude.lt\/en\/real-estate\/\"},{\"@type\":\"ListItem\",\"position\":3,\"name\":\"NAUJA SODYBA VAIZDINGOJE VIETOJE \u0160ALIA \u0160VENTOSIOS UP\u0116S UTENOS R., POILSINIAME \u0160EIMYNI\u0160KI\u0172 K.\"}]},{\"@type\":\"WebSite\",\"@id\":\"https:\/\/www.namude.lt\/#website\",\"url\":\"https:\/\/www.namude.lt\/\",\"name\":\"Namud\u0117\",\"description\":\"\u201eNamud\u0117\u201c \u2013 agent\u016bra, pardavin\u0117janti Auk\u0161taitijos NT grynuolius.\",\"publisher\":{\"@id\":\"https:\/\/www.namude.lt\/#organization\"},\"potentialAction\":[{\"@type\":\"SearchAction\",\"target\":{\"@type\":\"EntryPoint\",\"urlTemplate\":\"https:\/\/www.namude.lt\/?s={search_term_string}\"},\"query-input\":{\"@type\":\"PropertyValueSpecification\",\"valueRequired\":true,\"valueName\":\"search_term_string\"}}],\"inLanguage\":\"en-US\"},{\"@type\":\"Organization\",\"@id\":\"https:\/\/www.namude.lt\/#organization\",\"name\":\"Namud\u0117\",\"url\":\"https:\/\/www.namude.lt\/\",\"logo\":{\"@type\":\"ImageObject\",\"inLanguage\":\"en-US\",\"@id\":\"https:\/\/www.namude.lt\/#\/schema\/logo\/image\/\",\"url\":\"https:\/\/www.namude.lt\/wp-content\/uploads\/2023\/11\/logo-symbol.svg\",\"contentUrl\":\"https:\/\/www.namude.lt\/wp-content\/uploads\/2023\/11\/logo-symbol.svg\",\"width\":1,\"height\":1,\"caption\":\"Namud\u0117\"},\"image\":{\"@id\":\"https:\/\/www.namude.lt\/#\/schema\/logo\/image\/\"}}]}<\/script>\n<!-- \/ Yoast SEO plugin. -->","yoast_head_json":{"title":"NAUJA SODYBA VAIZDINGOJE VIETOJE \u0160ALIA \u0160VENTOSIOS UP\u0116S UTENOS R., POILSINIAME \u0160EIMYNI\u0160KI\u0172 K. - Namud\u0117","robots":{"index":"index","follow":"follow","max-snippet":"max-snippet:-1","max-image-preview":"max-image-preview:large","max-video-preview":"max-video-preview:-1"},"canonical":"https:\/\/www.namude.lt\/objektas\/nauja-sodyba-vaizdingoje-vietoje-salia-sventosios-upes-utenos-r-poilsiniame-seimyniskiu-k\/","og_locale":"en_US","og_type":"article","og_title":"NAUJA SODYBA VAIZDINGOJE VIETOJE \u0160ALIA \u0160VENTOSIOS UP\u0116S UTENOS R., POILSINIAME \u0160EIMYNI\u0160KI\u0172 K. - Namud\u0117","og_description":"Vaizdingoje vietoje \u0161alia \u0160ventosios up\u0117s Utenos r., poilsiniame \u0160eimyni\u0161ki\u0173 k., Pilies g. 47, parduodama nauja sodyba, puikiai tinkanti poilsiui ar kaimo turizmo verslui.\u00a0Sodybai priklauso\u00a02007\u00a0m. statybos\u00a0150\u00a0kv. m. m\u016brinis nebaigtas \u012frengti gyvenamasis namas ir\u00a0170\u00a0kv. m \u016bkio pastatas. Namo sienos raudon\u0173 molini\u0173 plyt\u0173, unikaliai sum\u016brytos, pamatas i\u0161 dekoratyvi\u0173 akmen\u0173, mansarda karkasin\u0117, kokybi\u0161kas namo ir \u016bkinio pastato stogas. Gyvenamajame name suplanuota svetain\u0117 su \u017eidiniu, holas, tualeto ir vonios patalpos, terasa, mansardoje galima \u012fsirengti\u00a02\u00a0erdvius ir \u0161viesius miegamuosius.\u00a0 Name yra vandentiekio ir kanalizacijos\u00a0 \u012fvadai. Vanduo labai geros kokyb\u0117s, tiekiamas i\u0161 gilaus \u0161ulinio (14\u00a0rentini\u0173). \u012erengta\u00a02\u00a0lygi\u0173 kanalizacijos sistema. \u012e kiekvien\u0105 pastat\u0105 \u012fvestas\u00a015\u00a0kW elektros \u012fvadas. Pro namo langus atsiveria gra\u017eus\u00a0 vaizdas \u012f tvenkin\u012f. Tvenkinys\u00a010\u00a0ar\u0173, gausiai \u012f\u017euvintas \u012fvairios r\u016b\u0161ies \u017euvimis, yra lieptas, \u012frengta sistema, tiekianti \u0161vie\u017ei\u0105 vanden\u012f \u017euvims i\u0161 \u0161alia pratekan\u010dio \u0160altupio upelio.","og_url":"https:\/\/www.namude.lt\/objektas\/nauja-sodyba-vaizdingoje-vietoje-salia-sventosios-upes-utenos-r-poilsiniame-seimyniskiu-k\/","og_site_name":"Namud\u0117","article_modified_time":"2024-09-23T10:28:05+00:00","og_image":[{"width":840,"height":560,"url":"https:\/\/www.namude.lt\/wp-content\/uploads\/2024\/01\/1-18.jpg","type":"image\/jpeg"}],"twitter_card":"summary_large_image","twitter_misc":{"Est. reading time":"1 minute"},"schema":{"@context":"https:\/\/schema.org","@graph":[{"@type":"WebPage","@id":"https:\/\/www.namude.lt\/objektas\/nauja-sodyba-vaizdingoje-vietoje-salia-sventosios-upes-utenos-r-poilsiniame-seimyniskiu-k\/","url":"https:\/\/www.namude.lt\/objektas\/nauja-sodyba-vaizdingoje-vietoje-salia-sventosios-upes-utenos-r-poilsiniame-seimyniskiu-k\/","name":"NAUJA SODYBA VAIZDINGOJE VIETOJE \u0160ALIA \u0160VENTOSIOS UP\u0116S UTENOS R., POILSINIAME \u0160EIMYNI\u0160KI\u0172 K. - Namud\u0117","isPartOf":{"@id":"https:\/\/www.namude.lt\/#website"},"primaryImageOfPage":{"@id":"https:\/\/www.namude.lt\/objektas\/nauja-sodyba-vaizdingoje-vietoje-salia-sventosios-upes-utenos-r-poilsiniame-seimyniskiu-k\/#primaryimage"},"image":{"@id":"https:\/\/www.namude.lt\/objektas\/nauja-sodyba-vaizdingoje-vietoje-salia-sventosios-upes-utenos-r-poilsiniame-seimyniskiu-k\/#primaryimage"},"thumbnailUrl":"https:\/\/www.namude.lt\/wp-content\/uploads\/2024\/01\/1-18.jpg","datePublished":"2024-01-18T10:12:55+00:00","dateModified":"2024-09-23T10:28:05+00:00","breadcrumb":{"@id":"https:\/\/www.namude.lt\/objektas\/nauja-sodyba-vaizdingoje-vietoje-salia-sventosios-upes-utenos-r-poilsiniame-seimyniskiu-k\/#breadcrumb"},"inLanguage":"en-US","potentialAction":[{"@type":"ReadAction","target":["https:\/\/www.namude.lt\/objektas\/nauja-sodyba-vaizdingoje-vietoje-salia-sventosios-upes-utenos-r-poilsiniame-seimyniskiu-k\/"]}]},{"@type":"ImageObject","inLanguage":"en-US","@id":"https:\/\/www.namude.lt\/objektas\/nauja-sodyba-vaizdingoje-vietoje-salia-sventosios-upes-utenos-r-poilsiniame-seimyniskiu-k\/#primaryimage","url":"https:\/\/www.namude.lt\/wp-content\/uploads\/2024\/01\/1-18.jpg","contentUrl":"https:\/\/www.namude.lt\/wp-content\/uploads\/2024\/01\/1-18.jpg","width":840,"height":560,"caption":"default"},{"@type":"BreadcrumbList","@id":"https:\/\/www.namude.lt\/objektas\/nauja-sodyba-vaizdingoje-vietoje-salia-sventosios-upes-utenos-r-poilsiniame-seimyniskiu-k\/#breadcrumb","itemListElement":[{"@type":"ListItem","position":1,"name":"Home","item":"https:\/\/www.namude.lt\/en\/"},{"@type":"ListItem","position":2,"name":"Real estate","item":"https:\/\/www.namude.lt\/en\/real-estate\/"},{"@type":"ListItem","position":3,"name":"NAUJA SODYBA VAIZDINGOJE VIETOJE \u0160ALIA \u0160VENTOSIOS UP\u0116S UTENOS R., POILSINIAME \u0160EIMYNI\u0160KI\u0172 K."}]},{"@type":"WebSite","@id":"https:\/\/www.namude.lt\/#website","url":"https:\/\/www.namude.lt\/","name":"Namud\u0117","description":"\u201eNamud\u0117\u201c \u2013 agent\u016bra, pardavin\u0117janti Auk\u0161taitijos NT grynuolius.","publisher":{"@id":"https:\/\/www.namude.lt\/#organization"},"potentialAction":[{"@type":"SearchAction","target":{"@type":"EntryPoint","urlTemplate":"https:\/\/www.namude.lt\/?s={search_term_string}"},"query-input":{"@type":"PropertyValueSpecification","valueRequired":true,"valueName":"search_term_string"}}],"inLanguage":"en-US"},{"@type":"Organization","@id":"https:\/\/www.namude.lt\/#organization","name":"Namud\u0117","url":"https:\/\/www.namude.lt\/","logo":{"@type":"ImageObject","inLanguage":"en-US","@id":"https:\/\/www.namude.lt\/#\/schema\/logo\/image\/","url":"https:\/\/www.namude.lt\/wp-content\/uploads\/2023\/11\/logo-symbol.svg","contentUrl":"https:\/\/www.namude.lt\/wp-content\/uploads\/2023\/11\/logo-symbol.svg","width":1,"height":1,"caption":"Namud\u0117"},"image":{"@id":"https:\/\/www.namude.lt\/#\/schema\/logo\/image\/"}}]}},"_links":{"self":[{"href":"https:\/\/www.namude.lt\/en\/wp-json\/wp\/v2\/product\/1379","targetHints":{"allow":["GET"]}}],"collection":[{"href":"https:\/\/www.namude.lt\/en\/wp-json\/wp\/v2\/product"}],"about":[{"href":"https:\/\/www.namude.lt\/en\/wp-json\/wp\/v2\/types\/product"}],"wp:featuredmedia":[{"embeddable":true,"href":"https:\/\/www.namude.lt\/en\/wp-json\/wp\/v2\/media\/1380"}],"wp:attachment":[{"href":"https:\/\/www.namude.lt\/en\/wp-json\/wp\/v2\/media?parent=1379"}],"wp:term":[{"taxonomy":"product_brand","embeddable":true,"href":"https:\/\/www.namude.lt\/en\/wp-json\/wp\/v2\/product_brand?post=1379"},{"taxonomy":"product_cat","embeddable":true,"href":"https:\/\/www.namude.lt\/en\/wp-json\/wp\/v2\/product_cat?post=1379"},{"taxonomy":"product_tag","embeddable":true,"href":"https:\/\/www.namude.lt\/en\/wp-json\/wp\/v2\/product_tag?post=1379"}],"curies":[{"name":"wp","href":"https:\/\/api.w.org\/{rel}","templated":true}]}}