{"id":13325,"date":"2024-10-31T15:52:09","date_gmt":"2024-10-31T13:52:09","guid":{"rendered":"https:\/\/www.namude.lt\/?post_type=product&#038;p=13325"},"modified":"2026-03-04T11:14:16","modified_gmt":"2026-03-04T09:14:16","slug":"ignalinos-rajone-palabazio-kaime-parduodama-autentiska-rastine-sodyba","status":"publish","type":"product","link":"https:\/\/www.namude.lt\/en\/object\/ignalinos-rajone-palabazio-kaime-parduodama-autentiska-rastine-sodyba\/","title":{"rendered":"IGNALINOS RAJONE, PALABA\u017dIO KAIME PARDUODAMA AUTENTI\u0160KA R\u0104STIN\u0116 SODYBA"},"content":{"rendered":"<p>Koordinat\u0117s :<br \/>\nmaps.lt  &#8211; 55.296192, 25.952381<\/p>\n","protected":false},"excerpt":{"rendered":"<p><strong>Palaba\u017eio k. 3, Ignalinos rajone, autenti\u0161ka r\u0105stin\u0117 sodyba gamtos ir pu\u0161\u0173 apsuptyje \u2013 idealus poilsio kampelis.<\/strong><a href=\"https:\/\/www.namude.lt\/objektas\/ignalinos-rajone-palabazio-kaime-parduodama-autentiska-rastine-sodyba\/\"><\/a> \u0160iame vaizdingame name vyrauja tradicin\u0117s lietuvi\u0161kos detal\u0117s. Pastatas tamsaus med\u017eio, dvi\u0161laitis stogas, erdvi veranda su  dideliais langais, suteiks galimyb\u0119 m\u0117gautis saul\u0117s \u0161viesa ir nuostabiu aplinkiniu kra\u0161tovaizd\u017eiu. Tai puikus pasirinkimas ie\u0161kantiems jaukumo ir ramyb\u0117s ar net autenti\u0161ko kaimo gyvenimo patirties. <\/p>\n<p>PRIVALUMAI:<br \/>\n&#8211; Gra\u017eios gamtos apsuptis;<br \/>\n&#8211; R\u0105stinis gyvenamasis namas 77kv.m., keli registruoti \u016bkiniai pastatai; (pakeisti namo langai- mediniai su stiklo paketu, naujai i\u0161lieti pamatai, pakeisti apatiniai rastai. Pastatas pri\u017ei\u016br\u0117tas, medin\u0117s sienos palaiko komforti\u0161k\u0105 temperat\u016br\u0105 tiek \u017eiem\u0105 tiek vasar\u0105. Dvi\u0161laitis stogas nesulaiko sniego \u017eiem\u0105, o viduje daugiau erdv\u0117s.);<br \/>\n&#8211; Sklypo plotas 56a;<br \/>\n&#8211; Yra elektra;<br \/>\n&#8211; Krosninis \u0161ildymas;<br \/>\n&#8211; \u0160ulinys;<br \/>\n&#8211; Netoliese yra vaizdingi e\u017eerai: \u016asiai, Laba\u017eas, Kurtin\u0117lis, Vienavalk\u0161nis, Juodenis;<br \/>\n&#8211; Patogus priva\u017eiavimas.<br \/>\n&#8211; Itin rami nuo\u0161ali vieta.<\/p>\n<p>Kvie\u010diame atvykti ir patiems pamatyti \u0161ios sodybos autenti\u0161k\u0105 gro\u017e\u012f. Lauksime J\u016bs\u0173 skambu\u010di\u0173! <\/p>\n","protected":false},"featured_media":13326,"template":"","meta":{"_acf_changed":false},"product_brand":[],"product_cat":[75],"product_tag":[],"class_list":{"0":"post-13325","1":"product","2":"type-product","3":"status-publish","4":"has-post-thumbnail","6":"product_cat-parduota","7":"description-off","9":"first","10":"instock","11":"shipping-taxable","12":"purchasable","13":"product-type-simple"},"acf":[],"yoast_head":"<!-- This site is optimized with the Yoast SEO plugin v27.4 - https:\/\/yoast.com\/product\/yoast-seo-wordpress\/ -->\n<title>IGNALINOS RAJONE, PALABA\u017dIO KAIME PARDUODAMA AUTENTI\u0160KA R\u0104STIN\u0116 SODYBA - Namud\u0117<\/title>\n<meta name=\"robots\" content=\"index, follow, max-snippet:-1, max-image-preview:large, max-video-preview:-1\" \/>\n<link rel=\"canonical\" href=\"https:\/\/www.namude.lt\/objektas\/ignalinos-rajone-palabazio-kaime-parduodama-autentiska-rastine-sodyba\/\" \/>\n<meta property=\"og:locale\" content=\"en_US\" \/>\n<meta property=\"og:type\" content=\"article\" \/>\n<meta property=\"og:title\" content=\"IGNALINOS RAJONE, PALABA\u017dIO KAIME PARDUODAMA AUTENTI\u0160KA R\u0104STIN\u0116 SODYBA - Namud\u0117\" \/>\n<meta property=\"og:description\" content=\"Palaba\u017eio k. 3, Ignalinos rajone, autenti\u0161ka r\u0105stin\u0117 sodyba gamtos ir pu\u0161\u0173 apsuptyje \u2013 idealus poilsio kampelis. \u0160iame vaizdingame name vyrauja tradicin\u0117s lietuvi\u0161kos detal\u0117s. Pastatas tamsaus med\u017eio, dvi\u0161laitis stogas, erdvi veranda su dideliais langais, suteiks galimyb\u0119 m\u0117gautis saul\u0117s \u0161viesa ir nuostabiu aplinkiniu kra\u0161tovaizd\u017eiu. Tai puikus pasirinkimas ie\u0161kantiems jaukumo ir ramyb\u0117s ar net autenti\u0161ko kaimo gyvenimo patirties.   PRIVALUMAI: - Gra\u017eios gamtos apsuptis; - R\u0105stinis gyvenamasis namas 77kv.m., keli registruoti \u016bkiniai pastatai; (pakeisti namo langai- mediniai su stiklo paketu, naujai i\u0161lieti pamatai, pakeisti apatiniai rastai. Pastatas pri\u017ei\u016br\u0117tas, medin\u0117s sienos palaiko komforti\u0161k\u0105 temperat\u016br\u0105 tiek \u017eiem\u0105 tiek vasar\u0105. Dvi\u0161laitis stogas nesulaiko sniego \u017eiem\u0105, o viduje daugiau erdv\u0117s.); - Sklypo plotas 56a; - Yra elektra; - Krosninis \u0161ildymas; - \u0160ulinys; - Netoliese yra vaizdingi e\u017eerai: \u016asiai, Laba\u017eas, Kurtin\u0117lis, Vienavalk\u0161nis, Juodenis; - Patogus priva\u017eiavimas. - Itin rami nuo\u0161ali vieta.  Kvie\u010diame atvykti ir patiems pamatyti \u0161ios sodybos autenti\u0161k\u0105 gro\u017e\u012f. Lauksime J\u016bs\u0173 skambu\u010di\u0173!\" \/>\n<meta property=\"og:url\" content=\"https:\/\/www.namude.lt\/objektas\/ignalinos-rajone-palabazio-kaime-parduodama-autentiska-rastine-sodyba\/\" \/>\n<meta property=\"og:site_name\" content=\"Namud\u0117\" \/>\n<meta property=\"article:modified_time\" content=\"2026-03-04T09:14:16+00:00\" \/>\n<meta property=\"og:image\" content=\"https:\/\/www.namude.lt\/wp-content\/uploads\/2024\/10\/1-6.jpg\" \/>\n\t<meta property=\"og:image:width\" content=\"1600\" \/>\n\t<meta property=\"og:image:height\" content=\"1200\" \/>\n\t<meta property=\"og:image:type\" content=\"image\/jpeg\" \/>\n<meta name=\"twitter:card\" content=\"summary_large_image\" \/>\n<script type=\"application\/ld+json\" class=\"yoast-schema-graph\">{\"@context\":\"https:\\\/\\\/schema.org\",\"@graph\":[{\"@type\":\"WebPage\",\"@id\":\"https:\\\/\\\/www.namude.lt\\\/objektas\\\/ignalinos-rajone-palabazio-kaime-parduodama-autentiska-rastine-sodyba\\\/\",\"url\":\"https:\\\/\\\/www.namude.lt\\\/objektas\\\/ignalinos-rajone-palabazio-kaime-parduodama-autentiska-rastine-sodyba\\\/\",\"name\":\"IGNALINOS RAJONE, PALABA\u017dIO KAIME PARDUODAMA AUTENTI\u0160KA R\u0104STIN\u0116 SODYBA - Namud\u0117\",\"isPartOf\":{\"@id\":\"https:\\\/\\\/www.namude.lt\\\/#website\"},\"primaryImageOfPage\":{\"@id\":\"https:\\\/\\\/www.namude.lt\\\/objektas\\\/ignalinos-rajone-palabazio-kaime-parduodama-autentiska-rastine-sodyba\\\/#primaryimage\"},\"image\":{\"@id\":\"https:\\\/\\\/www.namude.lt\\\/objektas\\\/ignalinos-rajone-palabazio-kaime-parduodama-autentiska-rastine-sodyba\\\/#primaryimage\"},\"thumbnailUrl\":\"https:\\\/\\\/www.namude.lt\\\/wp-content\\\/uploads\\\/2024\\\/10\\\/1-6.jpg\",\"datePublished\":\"2024-10-31T13:52:09+00:00\",\"dateModified\":\"2026-03-04T09:14:16+00:00\",\"breadcrumb\":{\"@id\":\"https:\\\/\\\/www.namude.lt\\\/objektas\\\/ignalinos-rajone-palabazio-kaime-parduodama-autentiska-rastine-sodyba\\\/#breadcrumb\"},\"inLanguage\":\"en-US\",\"potentialAction\":[{\"@type\":\"ReadAction\",\"target\":[\"https:\\\/\\\/www.namude.lt\\\/objektas\\\/ignalinos-rajone-palabazio-kaime-parduodama-autentiska-rastine-sodyba\\\/\"]}]},{\"@type\":\"ImageObject\",\"inLanguage\":\"en-US\",\"@id\":\"https:\\\/\\\/www.namude.lt\\\/objektas\\\/ignalinos-rajone-palabazio-kaime-parduodama-autentiska-rastine-sodyba\\\/#primaryimage\",\"url\":\"https:\\\/\\\/www.namude.lt\\\/wp-content\\\/uploads\\\/2024\\\/10\\\/1-6.jpg\",\"contentUrl\":\"https:\\\/\\\/www.namude.lt\\\/wp-content\\\/uploads\\\/2024\\\/10\\\/1-6.jpg\",\"width\":1600,\"height\":1200},{\"@type\":\"BreadcrumbList\",\"@id\":\"https:\\\/\\\/www.namude.lt\\\/objektas\\\/ignalinos-rajone-palabazio-kaime-parduodama-autentiska-rastine-sodyba\\\/#breadcrumb\",\"itemListElement\":[{\"@type\":\"ListItem\",\"position\":1,\"name\":\"Home\",\"item\":\"https:\\\/\\\/www.namude.lt\\\/en\\\/\"},{\"@type\":\"ListItem\",\"position\":2,\"name\":\"Real estate\",\"item\":\"https:\\\/\\\/www.namude.lt\\\/en\\\/real-estate\\\/\"},{\"@type\":\"ListItem\",\"position\":3,\"name\":\"IGNALINOS RAJONE, PALABA\u017dIO KAIME PARDUODAMA AUTENTI\u0160KA R\u0104STIN\u0116 SODYBA\"}]},{\"@type\":\"WebSite\",\"@id\":\"https:\\\/\\\/www.namude.lt\\\/#website\",\"url\":\"https:\\\/\\\/www.namude.lt\\\/\",\"name\":\"Namud\u0117\",\"description\":\"\u201eNamud\u0117\u201c \u2013 agent\u016bra, pardavin\u0117janti Auk\u0161taitijos NT grynuolius.\",\"publisher\":{\"@id\":\"https:\\\/\\\/www.namude.lt\\\/#organization\"},\"potentialAction\":[{\"@type\":\"SearchAction\",\"target\":{\"@type\":\"EntryPoint\",\"urlTemplate\":\"https:\\\/\\\/www.namude.lt\\\/?s={search_term_string}\"},\"query-input\":{\"@type\":\"PropertyValueSpecification\",\"valueRequired\":true,\"valueName\":\"search_term_string\"}}],\"inLanguage\":\"en-US\"},{\"@type\":\"Organization\",\"@id\":\"https:\\\/\\\/www.namude.lt\\\/#organization\",\"name\":\"Namud\u0117\",\"url\":\"https:\\\/\\\/www.namude.lt\\\/\",\"logo\":{\"@type\":\"ImageObject\",\"inLanguage\":\"en-US\",\"@id\":\"https:\\\/\\\/www.namude.lt\\\/#\\\/schema\\\/logo\\\/image\\\/\",\"url\":\"https:\\\/\\\/www.namude.lt\\\/wp-content\\\/uploads\\\/2023\\\/11\\\/logo-symbol.svg\",\"contentUrl\":\"https:\\\/\\\/www.namude.lt\\\/wp-content\\\/uploads\\\/2023\\\/11\\\/logo-symbol.svg\",\"width\":1,\"height\":1,\"caption\":\"Namud\u0117\"},\"image\":{\"@id\":\"https:\\\/\\\/www.namude.lt\\\/#\\\/schema\\\/logo\\\/image\\\/\"}}]}<\/script>\n<!-- \/ Yoast SEO plugin. -->","yoast_head_json":{"title":"IGNALINOS RAJONE, PALABA\u017dIO KAIME PARDUODAMA AUTENTI\u0160KA R\u0104STIN\u0116 SODYBA - Namud\u0117","robots":{"index":"index","follow":"follow","max-snippet":"max-snippet:-1","max-image-preview":"max-image-preview:large","max-video-preview":"max-video-preview:-1"},"canonical":"https:\/\/www.namude.lt\/objektas\/ignalinos-rajone-palabazio-kaime-parduodama-autentiska-rastine-sodyba\/","og_locale":"en_US","og_type":"article","og_title":"IGNALINOS RAJONE, PALABA\u017dIO KAIME PARDUODAMA AUTENTI\u0160KA R\u0104STIN\u0116 SODYBA - Namud\u0117","og_description":"Palaba\u017eio k. 3, Ignalinos rajone, autenti\u0161ka r\u0105stin\u0117 sodyba gamtos ir pu\u0161\u0173 apsuptyje \u2013 idealus poilsio kampelis. \u0160iame vaizdingame name vyrauja tradicin\u0117s lietuvi\u0161kos detal\u0117s. Pastatas tamsaus med\u017eio, dvi\u0161laitis stogas, erdvi veranda su dideliais langais, suteiks galimyb\u0119 m\u0117gautis saul\u0117s \u0161viesa ir nuostabiu aplinkiniu kra\u0161tovaizd\u017eiu. Tai puikus pasirinkimas ie\u0161kantiems jaukumo ir ramyb\u0117s ar net autenti\u0161ko kaimo gyvenimo patirties.   PRIVALUMAI: - Gra\u017eios gamtos apsuptis; - R\u0105stinis gyvenamasis namas 77kv.m., keli registruoti \u016bkiniai pastatai; (pakeisti namo langai- mediniai su stiklo paketu, naujai i\u0161lieti pamatai, pakeisti apatiniai rastai. Pastatas pri\u017ei\u016br\u0117tas, medin\u0117s sienos palaiko komforti\u0161k\u0105 temperat\u016br\u0105 tiek \u017eiem\u0105 tiek vasar\u0105. Dvi\u0161laitis stogas nesulaiko sniego \u017eiem\u0105, o viduje daugiau erdv\u0117s.); - Sklypo plotas 56a; - Yra elektra; - Krosninis \u0161ildymas; - \u0160ulinys; - Netoliese yra vaizdingi e\u017eerai: \u016asiai, Laba\u017eas, Kurtin\u0117lis, Vienavalk\u0161nis, Juodenis; - Patogus priva\u017eiavimas. - Itin rami nuo\u0161ali vieta.  Kvie\u010diame atvykti ir patiems pamatyti \u0161ios sodybos autenti\u0161k\u0105 gro\u017e\u012f. Lauksime J\u016bs\u0173 skambu\u010di\u0173!","og_url":"https:\/\/www.namude.lt\/objektas\/ignalinos-rajone-palabazio-kaime-parduodama-autentiska-rastine-sodyba\/","og_site_name":"Namud\u0117","article_modified_time":"2026-03-04T09:14:16+00:00","og_image":[{"width":1600,"height":1200,"url":"https:\/\/www.namude.lt\/wp-content\/uploads\/2024\/10\/1-6.jpg","type":"image\/jpeg"}],"twitter_card":"summary_large_image","schema":{"@context":"https:\/\/schema.org","@graph":[{"@type":"WebPage","@id":"https:\/\/www.namude.lt\/objektas\/ignalinos-rajone-palabazio-kaime-parduodama-autentiska-rastine-sodyba\/","url":"https:\/\/www.namude.lt\/objektas\/ignalinos-rajone-palabazio-kaime-parduodama-autentiska-rastine-sodyba\/","name":"IGNALINOS RAJONE, PALABA\u017dIO KAIME PARDUODAMA AUTENTI\u0160KA R\u0104STIN\u0116 SODYBA - Namud\u0117","isPartOf":{"@id":"https:\/\/www.namude.lt\/#website"},"primaryImageOfPage":{"@id":"https:\/\/www.namude.lt\/objektas\/ignalinos-rajone-palabazio-kaime-parduodama-autentiska-rastine-sodyba\/#primaryimage"},"image":{"@id":"https:\/\/www.namude.lt\/objektas\/ignalinos-rajone-palabazio-kaime-parduodama-autentiska-rastine-sodyba\/#primaryimage"},"thumbnailUrl":"https:\/\/www.namude.lt\/wp-content\/uploads\/2024\/10\/1-6.jpg","datePublished":"2024-10-31T13:52:09+00:00","dateModified":"2026-03-04T09:14:16+00:00","breadcrumb":{"@id":"https:\/\/www.namude.lt\/objektas\/ignalinos-rajone-palabazio-kaime-parduodama-autentiska-rastine-sodyba\/#breadcrumb"},"inLanguage":"en-US","potentialAction":[{"@type":"ReadAction","target":["https:\/\/www.namude.lt\/objektas\/ignalinos-rajone-palabazio-kaime-parduodama-autentiska-rastine-sodyba\/"]}]},{"@type":"ImageObject","inLanguage":"en-US","@id":"https:\/\/www.namude.lt\/objektas\/ignalinos-rajone-palabazio-kaime-parduodama-autentiska-rastine-sodyba\/#primaryimage","url":"https:\/\/www.namude.lt\/wp-content\/uploads\/2024\/10\/1-6.jpg","contentUrl":"https:\/\/www.namude.lt\/wp-content\/uploads\/2024\/10\/1-6.jpg","width":1600,"height":1200},{"@type":"BreadcrumbList","@id":"https:\/\/www.namude.lt\/objektas\/ignalinos-rajone-palabazio-kaime-parduodama-autentiska-rastine-sodyba\/#breadcrumb","itemListElement":[{"@type":"ListItem","position":1,"name":"Home","item":"https:\/\/www.namude.lt\/en\/"},{"@type":"ListItem","position":2,"name":"Real estate","item":"https:\/\/www.namude.lt\/en\/real-estate\/"},{"@type":"ListItem","position":3,"name":"IGNALINOS RAJONE, PALABA\u017dIO KAIME PARDUODAMA AUTENTI\u0160KA R\u0104STIN\u0116 SODYBA"}]},{"@type":"WebSite","@id":"https:\/\/www.namude.lt\/#website","url":"https:\/\/www.namude.lt\/","name":"Namud\u0117","description":"\u201eNamud\u0117\u201c \u2013 agent\u016bra, pardavin\u0117janti Auk\u0161taitijos NT grynuolius.","publisher":{"@id":"https:\/\/www.namude.lt\/#organization"},"potentialAction":[{"@type":"SearchAction","target":{"@type":"EntryPoint","urlTemplate":"https:\/\/www.namude.lt\/?s={search_term_string}"},"query-input":{"@type":"PropertyValueSpecification","valueRequired":true,"valueName":"search_term_string"}}],"inLanguage":"en-US"},{"@type":"Organization","@id":"https:\/\/www.namude.lt\/#organization","name":"Namud\u0117","url":"https:\/\/www.namude.lt\/","logo":{"@type":"ImageObject","inLanguage":"en-US","@id":"https:\/\/www.namude.lt\/#\/schema\/logo\/image\/","url":"https:\/\/www.namude.lt\/wp-content\/uploads\/2023\/11\/logo-symbol.svg","contentUrl":"https:\/\/www.namude.lt\/wp-content\/uploads\/2023\/11\/logo-symbol.svg","width":1,"height":1,"caption":"Namud\u0117"},"image":{"@id":"https:\/\/www.namude.lt\/#\/schema\/logo\/image\/"}}]}},"_links":{"self":[{"href":"https:\/\/www.namude.lt\/en\/wp-json\/wp\/v2\/product\/13325","targetHints":{"allow":["GET"]}}],"collection":[{"href":"https:\/\/www.namude.lt\/en\/wp-json\/wp\/v2\/product"}],"about":[{"href":"https:\/\/www.namude.lt\/en\/wp-json\/wp\/v2\/types\/product"}],"wp:featuredmedia":[{"embeddable":true,"href":"https:\/\/www.namude.lt\/en\/wp-json\/wp\/v2\/media\/13326"}],"wp:attachment":[{"href":"https:\/\/www.namude.lt\/en\/wp-json\/wp\/v2\/media?parent=13325"}],"wp:term":[{"taxonomy":"product_brand","embeddable":true,"href":"https:\/\/www.namude.lt\/en\/wp-json\/wp\/v2\/product_brand?post=13325"},{"taxonomy":"product_cat","embeddable":true,"href":"https:\/\/www.namude.lt\/en\/wp-json\/wp\/v2\/product_cat?post=13325"},{"taxonomy":"product_tag","embeddable":true,"href":"https:\/\/www.namude.lt\/en\/wp-json\/wp\/v2\/product_tag?post=13325"}],"curies":[{"name":"wp","href":"https:\/\/api.w.org\/{rel}","templated":true}]}}