{"id":12514,"date":"2024-09-18T11:59:27","date_gmt":"2024-09-18T08:59:27","guid":{"rendered":"https:\/\/www.namude.lt\/?post_type=product&#038;p=12514"},"modified":"2026-03-02T11:43:24","modified_gmt":"2026-03-02T09:43:24","slug":"anyksciu-rajone-viesinteliu-kaime-parduodamas-tvirtas-tvarkingas-71kv-m-ploto-namas-su-25-aru-sklypu","status":"publish","type":"product","link":"https:\/\/www.namude.lt\/en\/object\/anyksciu-rajone-viesinteliu-kaime-parduodamas-tvirtas-tvarkingas-71kv-m-ploto-namas-su-25-aru-sklypu\/","title":{"rendered":"Anyk\u0161\u010di\u0173 rajone, Vie\u0161int\u0117li\u0173 kaime parduodamas tvirtas, tvarkingas 71kv.m. ploto namas su 25 ar\u0173 sklypu."},"content":{"rendered":"","protected":false},"excerpt":{"rendered":"<p><strong>Pri\u017ei\u016br\u0117to <a href=\"https:\/\/www.namude.lt\/kategorija\/namai\/?filter_rajonas=anyksciu-rajonas&amp;query_type_rajonas=or\">namo<\/a> kieme &#8211; viskas, ko reikia komforti\u0161kam gyvenimui: pav\u0117sin\u0117, lauko \u017eidinys, gara\u017eas, lauko du\u0161as, pirtis, tvartas, dar\u017ein\u0117, 2 \u016bkiniai pastatai, \u0161iltnamis, \u0161ulinys.<\/strong><br \/>\n Keli statiniai verti ypatingo d\u0117mesio. Tai &#8211; gra\u017euol\u0117, kiem\u0105 puo\u0161ianti medin\u0117 pav\u0117sin\u0117 ir kiekvieno sodininko (-\u0117s) svajon\u0117 &#8211; ypatingai erdvus net 48kv.m., metalinio r\u0117mo \u0161iltnamis, kurio viena siena &#8211; m\u016brin\u0117. Tokiame \u0161iltnamyje, m\u016bs\u0173 klimato zonoje, i\u0161radingi sodininkai ras k\u0105 auginti iki pat to meto, kai pusnynuose \u012fminga nyk\u0161tukai&#8230; O, galb\u016bt, \u012fsirengti \u017eiemos sod\u0105? Viena ai\u0161ku &#8211; \u0161ioje \u0161viesos karalyst\u0117je galite i\u0161laisvinti savo talent\u0105 sodininkystei bei k\u016brybai.<br \/>\n D\u0117mes\u012f neabejotinai atkreipia ir i\u0161radingas, tvariai sur\u0119stas lauko du\u0161as &#8211; ir po darb\u0173 apsi\u0161varinti, ir po vasaros kaitros atsigaivinti.<br \/>\n Netoliese telkso Vie\u0161into e\u017eero, iki jo &#8211;  1km, ten \u012frengta gra\u017ei mietelio poilseviet\u0117 su, tiltu, tinklinio aik\u0161tele, pav\u0117sine patogiam poilsiui.<br \/>\nAtstumai tarp miest\u0173: Kupi\u0161kis 23km., Anyk\u0161\u010diai 26km., Panev\u0117\u017eys 46 km., Utena 58km.<\/p>\n","protected":false},"featured_media":20237,"template":"","meta":{"_acf_changed":false},"product_brand":[],"product_cat":[26],"product_tag":[],"class_list":{"0":"post-12514","1":"product","2":"type-product","3":"status-publish","4":"has-post-thumbnail","6":"product_cat-namai","7":"pa_rajonas-anyksciu-rajonas","8":"description-off","10":"first","11":"instock","12":"sale","13":"shipping-taxable","14":"purchasable","15":"product-type-simple"},"acf":[],"yoast_head":"<!-- This site is optimized with the Yoast SEO plugin v27.0 - https:\/\/yoast.com\/product\/yoast-seo-wordpress\/ -->\n<title>Anyk\u0161\u010di\u0173 rajone, Vie\u0161int\u0117li\u0173 kaime parduodamas tvirtas, tvarkingas 71kv.m. ploto namas su 25 ar\u0173 sklypu. - Namud\u0117<\/title>\n<meta name=\"robots\" content=\"index, follow, max-snippet:-1, max-image-preview:large, max-video-preview:-1\" \/>\n<link rel=\"canonical\" href=\"https:\/\/www.namude.lt\/objektas\/anyksciu-rajone-viesinteliu-kaime-parduodamas-tvirtas-tvarkingas-71kv-m-ploto-namas-su-25-aru-sklypu\/\" \/>\n<meta property=\"og:locale\" content=\"en_US\" \/>\n<meta property=\"og:type\" content=\"article\" \/>\n<meta property=\"og:title\" content=\"Anyk\u0161\u010di\u0173 rajone, Vie\u0161int\u0117li\u0173 kaime parduodamas tvirtas, tvarkingas 71kv.m. ploto namas su 25 ar\u0173 sklypu. - Namud\u0117\" \/>\n<meta property=\"og:description\" content=\"Pri\u017ei\u016br\u0117to namo kieme - viskas, ko reikia komforti\u0161kam gyvenimui: pav\u0117sin\u0117, lauko \u017eidinys, gara\u017eas, lauko du\u0161as, pirtis, tvartas, dar\u017ein\u0117, 2 \u016bkiniai pastatai, \u0161iltnamis, \u0161ulinys.  Keli statiniai verti ypatingo d\u0117mesio. Tai - gra\u017euol\u0117, kiem\u0105 puo\u0161ianti medin\u0117 pav\u0117sin\u0117 ir kiekvieno sodininko (-\u0117s) svajon\u0117 - ypatingai erdvus net 48kv.m., metalinio r\u0117mo \u0161iltnamis, kurio viena siena - m\u016brin\u0117. Tokiame \u0161iltnamyje, m\u016bs\u0173 klimato zonoje, i\u0161radingi sodininkai ras k\u0105 auginti iki pat to meto, kai pusnynuose \u012fminga nyk\u0161tukai... O, galb\u016bt, \u012fsirengti \u017eiemos sod\u0105? Viena ai\u0161ku - \u0161ioje \u0161viesos karalyst\u0117je galite i\u0161laisvinti savo talent\u0105 sodininkystei bei k\u016brybai.  D\u0117mes\u012f neabejotinai atkreipia ir i\u0161radingas, tvariai sur\u0119stas lauko du\u0161as - ir po darb\u0173 apsi\u0161varinti, ir po vasaros kaitros atsigaivinti.  Netoliese telkso Vie\u0161into e\u017eero, iki jo - 1km, ten \u012frengta gra\u017ei mietelio poilseviet\u0117 su, tiltu, tinklinio aik\u0161tele, pav\u0117sine patogiam poilsiui.  Atstumai tarp miest\u0173: Kupi\u0161kis 23km., Anyk\u0161\u010diai 26km., Panev\u0117\u017eys 46 km., Utena 58km.\" \/>\n<meta property=\"og:url\" content=\"https:\/\/www.namude.lt\/objektas\/anyksciu-rajone-viesinteliu-kaime-parduodamas-tvirtas-tvarkingas-71kv-m-ploto-namas-su-25-aru-sklypu\/\" \/>\n<meta property=\"og:site_name\" content=\"Namud\u0117\" \/>\n<meta property=\"article:modified_time\" content=\"2026-03-02T09:43:24+00:00\" \/>\n<meta property=\"og:image\" content=\"https:\/\/www.namude.lt\/wp-content\/uploads\/2024\/09\/1000015334.jpg\" \/>\n\t<meta property=\"og:image:width\" content=\"2400\" \/>\n\t<meta property=\"og:image:height\" content=\"1800\" \/>\n\t<meta property=\"og:image:type\" content=\"image\/jpeg\" \/>\n<meta name=\"twitter:card\" content=\"summary_large_image\" \/>\n<script type=\"application\/ld+json\" class=\"yoast-schema-graph\">{\"@context\":\"https:\/\/schema.org\",\"@graph\":[{\"@type\":\"WebPage\",\"@id\":\"https:\/\/www.namude.lt\/objektas\/anyksciu-rajone-viesinteliu-kaime-parduodamas-tvirtas-tvarkingas-71kv-m-ploto-namas-su-25-aru-sklypu\/\",\"url\":\"https:\/\/www.namude.lt\/objektas\/anyksciu-rajone-viesinteliu-kaime-parduodamas-tvirtas-tvarkingas-71kv-m-ploto-namas-su-25-aru-sklypu\/\",\"name\":\"Anyk\u0161\u010di\u0173 rajone, Vie\u0161int\u0117li\u0173 kaime parduodamas tvirtas, tvarkingas 71kv.m. ploto namas su 25 ar\u0173 sklypu. - Namud\u0117\",\"isPartOf\":{\"@id\":\"https:\/\/www.namude.lt\/#website\"},\"primaryImageOfPage\":{\"@id\":\"https:\/\/www.namude.lt\/objektas\/anyksciu-rajone-viesinteliu-kaime-parduodamas-tvirtas-tvarkingas-71kv-m-ploto-namas-su-25-aru-sklypu\/#primaryimage\"},\"image\":{\"@id\":\"https:\/\/www.namude.lt\/objektas\/anyksciu-rajone-viesinteliu-kaime-parduodamas-tvirtas-tvarkingas-71kv-m-ploto-namas-su-25-aru-sklypu\/#primaryimage\"},\"thumbnailUrl\":\"https:\/\/www.namude.lt\/wp-content\/uploads\/2024\/09\/1000015334.jpg\",\"datePublished\":\"2024-09-18T08:59:27+00:00\",\"dateModified\":\"2026-03-02T09:43:24+00:00\",\"breadcrumb\":{\"@id\":\"https:\/\/www.namude.lt\/objektas\/anyksciu-rajone-viesinteliu-kaime-parduodamas-tvirtas-tvarkingas-71kv-m-ploto-namas-su-25-aru-sklypu\/#breadcrumb\"},\"inLanguage\":\"en-US\",\"potentialAction\":[{\"@type\":\"ReadAction\",\"target\":[\"https:\/\/www.namude.lt\/objektas\/anyksciu-rajone-viesinteliu-kaime-parduodamas-tvirtas-tvarkingas-71kv-m-ploto-namas-su-25-aru-sklypu\/\"]}]},{\"@type\":\"ImageObject\",\"inLanguage\":\"en-US\",\"@id\":\"https:\/\/www.namude.lt\/objektas\/anyksciu-rajone-viesinteliu-kaime-parduodamas-tvirtas-tvarkingas-71kv-m-ploto-namas-su-25-aru-sklypu\/#primaryimage\",\"url\":\"https:\/\/www.namude.lt\/wp-content\/uploads\/2024\/09\/1000015334.jpg\",\"contentUrl\":\"https:\/\/www.namude.lt\/wp-content\/uploads\/2024\/09\/1000015334.jpg\",\"width\":2400,\"height\":1800},{\"@type\":\"BreadcrumbList\",\"@id\":\"https:\/\/www.namude.lt\/objektas\/anyksciu-rajone-viesinteliu-kaime-parduodamas-tvirtas-tvarkingas-71kv-m-ploto-namas-su-25-aru-sklypu\/#breadcrumb\",\"itemListElement\":[{\"@type\":\"ListItem\",\"position\":1,\"name\":\"Home\",\"item\":\"https:\/\/www.namude.lt\/en\/\"},{\"@type\":\"ListItem\",\"position\":2,\"name\":\"Real estate\",\"item\":\"https:\/\/www.namude.lt\/en\/real-estate\/\"},{\"@type\":\"ListItem\",\"position\":3,\"name\":\"Anyk\u0161\u010di\u0173 rajone, Vie\u0161int\u0117li\u0173 kaime parduodamas tvirtas, tvarkingas 71kv.m. ploto namas su 25 ar\u0173 sklypu.\"}]},{\"@type\":\"WebSite\",\"@id\":\"https:\/\/www.namude.lt\/#website\",\"url\":\"https:\/\/www.namude.lt\/\",\"name\":\"Namud\u0117\",\"description\":\"\u201eNamud\u0117\u201c \u2013 agent\u016bra, pardavin\u0117janti Auk\u0161taitijos NT grynuolius.\",\"publisher\":{\"@id\":\"https:\/\/www.namude.lt\/#organization\"},\"potentialAction\":[{\"@type\":\"SearchAction\",\"target\":{\"@type\":\"EntryPoint\",\"urlTemplate\":\"https:\/\/www.namude.lt\/?s={search_term_string}\"},\"query-input\":{\"@type\":\"PropertyValueSpecification\",\"valueRequired\":true,\"valueName\":\"search_term_string\"}}],\"inLanguage\":\"en-US\"},{\"@type\":\"Organization\",\"@id\":\"https:\/\/www.namude.lt\/#organization\",\"name\":\"Namud\u0117\",\"url\":\"https:\/\/www.namude.lt\/\",\"logo\":{\"@type\":\"ImageObject\",\"inLanguage\":\"en-US\",\"@id\":\"https:\/\/www.namude.lt\/#\/schema\/logo\/image\/\",\"url\":\"https:\/\/www.namude.lt\/wp-content\/uploads\/2023\/11\/logo-symbol.svg\",\"contentUrl\":\"https:\/\/www.namude.lt\/wp-content\/uploads\/2023\/11\/logo-symbol.svg\",\"width\":1,\"height\":1,\"caption\":\"Namud\u0117\"},\"image\":{\"@id\":\"https:\/\/www.namude.lt\/#\/schema\/logo\/image\/\"}}]}<\/script>\n<!-- \/ Yoast SEO plugin. -->","yoast_head_json":{"title":"Anyk\u0161\u010di\u0173 rajone, Vie\u0161int\u0117li\u0173 kaime parduodamas tvirtas, tvarkingas 71kv.m. ploto namas su 25 ar\u0173 sklypu. - Namud\u0117","robots":{"index":"index","follow":"follow","max-snippet":"max-snippet:-1","max-image-preview":"max-image-preview:large","max-video-preview":"max-video-preview:-1"},"canonical":"https:\/\/www.namude.lt\/objektas\/anyksciu-rajone-viesinteliu-kaime-parduodamas-tvirtas-tvarkingas-71kv-m-ploto-namas-su-25-aru-sklypu\/","og_locale":"en_US","og_type":"article","og_title":"Anyk\u0161\u010di\u0173 rajone, Vie\u0161int\u0117li\u0173 kaime parduodamas tvirtas, tvarkingas 71kv.m. ploto namas su 25 ar\u0173 sklypu. - Namud\u0117","og_description":"Pri\u017ei\u016br\u0117to namo kieme - viskas, ko reikia komforti\u0161kam gyvenimui: pav\u0117sin\u0117, lauko \u017eidinys, gara\u017eas, lauko du\u0161as, pirtis, tvartas, dar\u017ein\u0117, 2 \u016bkiniai pastatai, \u0161iltnamis, \u0161ulinys.  Keli statiniai verti ypatingo d\u0117mesio. Tai - gra\u017euol\u0117, kiem\u0105 puo\u0161ianti medin\u0117 pav\u0117sin\u0117 ir kiekvieno sodininko (-\u0117s) svajon\u0117 - ypatingai erdvus net 48kv.m., metalinio r\u0117mo \u0161iltnamis, kurio viena siena - m\u016brin\u0117. Tokiame \u0161iltnamyje, m\u016bs\u0173 klimato zonoje, i\u0161radingi sodininkai ras k\u0105 auginti iki pat to meto, kai pusnynuose \u012fminga nyk\u0161tukai... O, galb\u016bt, \u012fsirengti \u017eiemos sod\u0105? Viena ai\u0161ku - \u0161ioje \u0161viesos karalyst\u0117je galite i\u0161laisvinti savo talent\u0105 sodininkystei bei k\u016brybai.  D\u0117mes\u012f neabejotinai atkreipia ir i\u0161radingas, tvariai sur\u0119stas lauko du\u0161as - ir po darb\u0173 apsi\u0161varinti, ir po vasaros kaitros atsigaivinti.  Netoliese telkso Vie\u0161into e\u017eero, iki jo - 1km, ten \u012frengta gra\u017ei mietelio poilseviet\u0117 su, tiltu, tinklinio aik\u0161tele, pav\u0117sine patogiam poilsiui.  Atstumai tarp miest\u0173: Kupi\u0161kis 23km., Anyk\u0161\u010diai 26km., Panev\u0117\u017eys 46 km., Utena 58km.","og_url":"https:\/\/www.namude.lt\/objektas\/anyksciu-rajone-viesinteliu-kaime-parduodamas-tvirtas-tvarkingas-71kv-m-ploto-namas-su-25-aru-sklypu\/","og_site_name":"Namud\u0117","article_modified_time":"2026-03-02T09:43:24+00:00","og_image":[{"width":2400,"height":1800,"url":"https:\/\/www.namude.lt\/wp-content\/uploads\/2024\/09\/1000015334.jpg","type":"image\/jpeg"}],"twitter_card":"summary_large_image","schema":{"@context":"https:\/\/schema.org","@graph":[{"@type":"WebPage","@id":"https:\/\/www.namude.lt\/objektas\/anyksciu-rajone-viesinteliu-kaime-parduodamas-tvirtas-tvarkingas-71kv-m-ploto-namas-su-25-aru-sklypu\/","url":"https:\/\/www.namude.lt\/objektas\/anyksciu-rajone-viesinteliu-kaime-parduodamas-tvirtas-tvarkingas-71kv-m-ploto-namas-su-25-aru-sklypu\/","name":"Anyk\u0161\u010di\u0173 rajone, Vie\u0161int\u0117li\u0173 kaime parduodamas tvirtas, tvarkingas 71kv.m. ploto namas su 25 ar\u0173 sklypu. - Namud\u0117","isPartOf":{"@id":"https:\/\/www.namude.lt\/#website"},"primaryImageOfPage":{"@id":"https:\/\/www.namude.lt\/objektas\/anyksciu-rajone-viesinteliu-kaime-parduodamas-tvirtas-tvarkingas-71kv-m-ploto-namas-su-25-aru-sklypu\/#primaryimage"},"image":{"@id":"https:\/\/www.namude.lt\/objektas\/anyksciu-rajone-viesinteliu-kaime-parduodamas-tvirtas-tvarkingas-71kv-m-ploto-namas-su-25-aru-sklypu\/#primaryimage"},"thumbnailUrl":"https:\/\/www.namude.lt\/wp-content\/uploads\/2024\/09\/1000015334.jpg","datePublished":"2024-09-18T08:59:27+00:00","dateModified":"2026-03-02T09:43:24+00:00","breadcrumb":{"@id":"https:\/\/www.namude.lt\/objektas\/anyksciu-rajone-viesinteliu-kaime-parduodamas-tvirtas-tvarkingas-71kv-m-ploto-namas-su-25-aru-sklypu\/#breadcrumb"},"inLanguage":"en-US","potentialAction":[{"@type":"ReadAction","target":["https:\/\/www.namude.lt\/objektas\/anyksciu-rajone-viesinteliu-kaime-parduodamas-tvirtas-tvarkingas-71kv-m-ploto-namas-su-25-aru-sklypu\/"]}]},{"@type":"ImageObject","inLanguage":"en-US","@id":"https:\/\/www.namude.lt\/objektas\/anyksciu-rajone-viesinteliu-kaime-parduodamas-tvirtas-tvarkingas-71kv-m-ploto-namas-su-25-aru-sklypu\/#primaryimage","url":"https:\/\/www.namude.lt\/wp-content\/uploads\/2024\/09\/1000015334.jpg","contentUrl":"https:\/\/www.namude.lt\/wp-content\/uploads\/2024\/09\/1000015334.jpg","width":2400,"height":1800},{"@type":"BreadcrumbList","@id":"https:\/\/www.namude.lt\/objektas\/anyksciu-rajone-viesinteliu-kaime-parduodamas-tvirtas-tvarkingas-71kv-m-ploto-namas-su-25-aru-sklypu\/#breadcrumb","itemListElement":[{"@type":"ListItem","position":1,"name":"Home","item":"https:\/\/www.namude.lt\/en\/"},{"@type":"ListItem","position":2,"name":"Real estate","item":"https:\/\/www.namude.lt\/en\/real-estate\/"},{"@type":"ListItem","position":3,"name":"Anyk\u0161\u010di\u0173 rajone, Vie\u0161int\u0117li\u0173 kaime parduodamas tvirtas, tvarkingas 71kv.m. ploto namas su 25 ar\u0173 sklypu."}]},{"@type":"WebSite","@id":"https:\/\/www.namude.lt\/#website","url":"https:\/\/www.namude.lt\/","name":"Namud\u0117","description":"\u201eNamud\u0117\u201c \u2013 agent\u016bra, pardavin\u0117janti Auk\u0161taitijos NT grynuolius.","publisher":{"@id":"https:\/\/www.namude.lt\/#organization"},"potentialAction":[{"@type":"SearchAction","target":{"@type":"EntryPoint","urlTemplate":"https:\/\/www.namude.lt\/?s={search_term_string}"},"query-input":{"@type":"PropertyValueSpecification","valueRequired":true,"valueName":"search_term_string"}}],"inLanguage":"en-US"},{"@type":"Organization","@id":"https:\/\/www.namude.lt\/#organization","name":"Namud\u0117","url":"https:\/\/www.namude.lt\/","logo":{"@type":"ImageObject","inLanguage":"en-US","@id":"https:\/\/www.namude.lt\/#\/schema\/logo\/image\/","url":"https:\/\/www.namude.lt\/wp-content\/uploads\/2023\/11\/logo-symbol.svg","contentUrl":"https:\/\/www.namude.lt\/wp-content\/uploads\/2023\/11\/logo-symbol.svg","width":1,"height":1,"caption":"Namud\u0117"},"image":{"@id":"https:\/\/www.namude.lt\/#\/schema\/logo\/image\/"}}]}},"_links":{"self":[{"href":"https:\/\/www.namude.lt\/en\/wp-json\/wp\/v2\/product\/12514","targetHints":{"allow":["GET"]}}],"collection":[{"href":"https:\/\/www.namude.lt\/en\/wp-json\/wp\/v2\/product"}],"about":[{"href":"https:\/\/www.namude.lt\/en\/wp-json\/wp\/v2\/types\/product"}],"wp:featuredmedia":[{"embeddable":true,"href":"https:\/\/www.namude.lt\/en\/wp-json\/wp\/v2\/media\/20237"}],"wp:attachment":[{"href":"https:\/\/www.namude.lt\/en\/wp-json\/wp\/v2\/media?parent=12514"}],"wp:term":[{"taxonomy":"product_brand","embeddable":true,"href":"https:\/\/www.namude.lt\/en\/wp-json\/wp\/v2\/product_brand?post=12514"},{"taxonomy":"product_cat","embeddable":true,"href":"https:\/\/www.namude.lt\/en\/wp-json\/wp\/v2\/product_cat?post=12514"},{"taxonomy":"product_tag","embeddable":true,"href":"https:\/\/www.namude.lt\/en\/wp-json\/wp\/v2\/product_tag?post=12514"}],"curies":[{"name":"wp","href":"https:\/\/api.w.org\/{rel}","templated":true}]}}