{"id":11239,"date":"2024-07-12T15:08:16","date_gmt":"2024-07-12T12:08:16","guid":{"rendered":"https:\/\/www.namude.lt\/?post_type=product&#038;p=11239"},"modified":"2025-09-03T12:42:36","modified_gmt":"2025-09-03T09:42:36","slug":"parduodama-isskirtine-sodybviete-su-444m-samavo-ezero-pakrantes-zarasu-raj","status":"publish","type":"product","link":"https:\/\/www.namude.lt\/en\/object\/parduodama-isskirtine-sodybviete-su-444m-samavo-ezero-pakrantes-zarasu-raj\/","title":{"rendered":"Parduodama i\u0161skirtin\u0117 sodybviet\u0117 su 444m. Samavo e\u017eero pakrant\u0117s Zaras\u0173 raj."},"content":{"rendered":"","protected":false},"excerpt":{"rendered":"<p><strong>9,84 ha \u017eem\u0117s \u016bkio sklypas yra Pameldyn\u0117s k. Gra\u017eut\u0117s regioniniame parke, <a href=\"https:\/\/www.namude.lt\/kategorija\/sklypai\/?filter_rajonas=zarasu-rajonas&amp;query_type_rajonas=or&amp;filter_ypatumai=prie-vandens&amp;query_type_ypatumai=or\">Zaras\u0173 raj.<\/a> <\/strong>Sodybviet\u0117 kra\u0161tin\u0117 solid\u017eioje keli\u0173 sodyb\u0173 kaimynyst\u0117je. Mi\u0161ke dominuoja pu\u0161ynas su sausa mi\u0161ko paklote. \u00a0Nuo<strong>\u00a0444 m \u00a0Samavo e\u017eero <\/strong>pakrant\u0117s atsiveria vaizdingas peiza\u017eas su kokybi\u0161ku krantu. Yra elektros transformatorin\u0117, \u012fteisinti ir u\u017eregistruoti pamatai gyvenamojo namo ir pirties statybai.<\/p>\n<p>Patogus susiekimas su miestais iki Zarsas\u0173 apie 10km, iki Utenos 40km, iki Vilniaus 140km.<\/p>\n<p>&nbsp;<\/p>\n<p>Sklypo koordinat\u0117s:<\/p>\n<p>Google 55.64562105088716, 26.194078481506814<\/p>\n<p>Maps.lt 55.645799, 26.193285<\/p>\n","protected":false},"featured_media":12145,"template":"","meta":{"_acf_changed":false},"product_brand":[],"product_cat":[75],"product_tag":[],"class_list":{"0":"post-11239","1":"product","2":"type-product","3":"status-publish","4":"has-post-thumbnail","6":"product_cat-parduota","7":"description-off","9":"first","10":"instock","11":"shipping-taxable","12":"product-type-simple"},"acf":[],"yoast_head":"<!-- This site is optimized with the Yoast SEO plugin v27.0 - https:\/\/yoast.com\/product\/yoast-seo-wordpress\/ -->\n<title>Parduodama i\u0161skirtin\u0117 sodybviet\u0117 su 444m. Samavo e\u017eero pakrant\u0117s Zaras\u0173 raj. - Namud\u0117<\/title>\n<meta name=\"robots\" content=\"index, follow, max-snippet:-1, max-image-preview:large, max-video-preview:-1\" \/>\n<link rel=\"canonical\" href=\"https:\/\/www.namude.lt\/objektas\/parduodama-isskirtine-sodybviete-su-444m-samavo-ezero-pakrantes-zarasu-raj\/\" \/>\n<meta property=\"og:locale\" content=\"en_US\" \/>\n<meta property=\"og:type\" content=\"article\" \/>\n<meta property=\"og:title\" content=\"Parduodama i\u0161skirtin\u0117 sodybviet\u0117 su 444m. Samavo e\u017eero pakrant\u0117s Zaras\u0173 raj. - Namud\u0117\" \/>\n<meta property=\"og:description\" content=\"9,84 ha \u017eem\u0117s \u016bkio sklypas yra Pameldyn\u0117s k. Gra\u017eut\u0117s regioniniame parke, Zaras\u0173 raj. Sodybviet\u0117 kra\u0161tin\u0117 solid\u017eioje keli\u0173 sodyb\u0173 kaimynyst\u0117je. Mi\u0161ke dominuoja pu\u0161ynas su sausa mi\u0161ko paklote. \u00a0Nuo\u00a0444 m \u00a0Samavo e\u017eero pakrant\u0117s atsiveria vaizdingas peiza\u017eas su kokybi\u0161ku krantu. Yra elektros transformatorin\u0117, \u012fteisinti ir u\u017eregistruoti pamatai gyvenamojo namo ir pirties statybai.  Patogus susiekimas su miestais iki Zarsas\u0173 apie 10km, iki Utenos 40km, iki Vilniaus 140km.  &nbsp;  Sklypo koordinat\u0117s:  Google 55.64562105088716, 26.194078481506814  Maps.lt 55.645799, 26.193285\" \/>\n<meta property=\"og:url\" content=\"https:\/\/www.namude.lt\/objektas\/parduodama-isskirtine-sodybviete-su-444m-samavo-ezero-pakrantes-zarasu-raj\/\" \/>\n<meta property=\"og:site_name\" content=\"Namud\u0117\" \/>\n<meta property=\"article:modified_time\" content=\"2025-09-03T09:42:36+00:00\" \/>\n<meta property=\"og:image\" content=\"https:\/\/www.namude.lt\/wp-content\/uploads\/2024\/07\/Dizainas-be-pavadinimo-3.jpg\" \/>\n\t<meta property=\"og:image:width\" content=\"940\" \/>\n\t<meta property=\"og:image:height\" content=\"788\" \/>\n\t<meta property=\"og:image:type\" content=\"image\/jpeg\" \/>\n<meta name=\"twitter:card\" content=\"summary_large_image\" \/>\n<script type=\"application\/ld+json\" class=\"yoast-schema-graph\">{\"@context\":\"https:\/\/schema.org\",\"@graph\":[{\"@type\":\"WebPage\",\"@id\":\"https:\/\/www.namude.lt\/objektas\/parduodama-isskirtine-sodybviete-su-444m-samavo-ezero-pakrantes-zarasu-raj\/\",\"url\":\"https:\/\/www.namude.lt\/objektas\/parduodama-isskirtine-sodybviete-su-444m-samavo-ezero-pakrantes-zarasu-raj\/\",\"name\":\"Parduodama i\u0161skirtin\u0117 sodybviet\u0117 su 444m. Samavo e\u017eero pakrant\u0117s Zaras\u0173 raj. - Namud\u0117\",\"isPartOf\":{\"@id\":\"https:\/\/www.namude.lt\/#website\"},\"primaryImageOfPage\":{\"@id\":\"https:\/\/www.namude.lt\/objektas\/parduodama-isskirtine-sodybviete-su-444m-samavo-ezero-pakrantes-zarasu-raj\/#primaryimage\"},\"image\":{\"@id\":\"https:\/\/www.namude.lt\/objektas\/parduodama-isskirtine-sodybviete-su-444m-samavo-ezero-pakrantes-zarasu-raj\/#primaryimage\"},\"thumbnailUrl\":\"https:\/\/www.namude.lt\/wp-content\/uploads\/2024\/07\/Dizainas-be-pavadinimo-3.jpg\",\"datePublished\":\"2024-07-12T12:08:16+00:00\",\"dateModified\":\"2025-09-03T09:42:36+00:00\",\"breadcrumb\":{\"@id\":\"https:\/\/www.namude.lt\/objektas\/parduodama-isskirtine-sodybviete-su-444m-samavo-ezero-pakrantes-zarasu-raj\/#breadcrumb\"},\"inLanguage\":\"en-US\",\"potentialAction\":[{\"@type\":\"ReadAction\",\"target\":[\"https:\/\/www.namude.lt\/objektas\/parduodama-isskirtine-sodybviete-su-444m-samavo-ezero-pakrantes-zarasu-raj\/\"]}]},{\"@type\":\"ImageObject\",\"inLanguage\":\"en-US\",\"@id\":\"https:\/\/www.namude.lt\/objektas\/parduodama-isskirtine-sodybviete-su-444m-samavo-ezero-pakrantes-zarasu-raj\/#primaryimage\",\"url\":\"https:\/\/www.namude.lt\/wp-content\/uploads\/2024\/07\/Dizainas-be-pavadinimo-3.jpg\",\"contentUrl\":\"https:\/\/www.namude.lt\/wp-content\/uploads\/2024\/07\/Dizainas-be-pavadinimo-3.jpg\",\"width\":940,\"height\":788},{\"@type\":\"BreadcrumbList\",\"@id\":\"https:\/\/www.namude.lt\/objektas\/parduodama-isskirtine-sodybviete-su-444m-samavo-ezero-pakrantes-zarasu-raj\/#breadcrumb\",\"itemListElement\":[{\"@type\":\"ListItem\",\"position\":1,\"name\":\"Home\",\"item\":\"https:\/\/www.namude.lt\/en\/\"},{\"@type\":\"ListItem\",\"position\":2,\"name\":\"Real estate\",\"item\":\"https:\/\/www.namude.lt\/en\/real-estate\/\"},{\"@type\":\"ListItem\",\"position\":3,\"name\":\"Parduodama i\u0161skirtin\u0117 sodybviet\u0117 su 444m. Samavo e\u017eero pakrant\u0117s Zaras\u0173 raj.\"}]},{\"@type\":\"WebSite\",\"@id\":\"https:\/\/www.namude.lt\/#website\",\"url\":\"https:\/\/www.namude.lt\/\",\"name\":\"Namud\u0117\",\"description\":\"\u201eNamud\u0117\u201c \u2013 agent\u016bra, pardavin\u0117janti Auk\u0161taitijos NT grynuolius.\",\"publisher\":{\"@id\":\"https:\/\/www.namude.lt\/#organization\"},\"potentialAction\":[{\"@type\":\"SearchAction\",\"target\":{\"@type\":\"EntryPoint\",\"urlTemplate\":\"https:\/\/www.namude.lt\/?s={search_term_string}\"},\"query-input\":{\"@type\":\"PropertyValueSpecification\",\"valueRequired\":true,\"valueName\":\"search_term_string\"}}],\"inLanguage\":\"en-US\"},{\"@type\":\"Organization\",\"@id\":\"https:\/\/www.namude.lt\/#organization\",\"name\":\"Namud\u0117\",\"url\":\"https:\/\/www.namude.lt\/\",\"logo\":{\"@type\":\"ImageObject\",\"inLanguage\":\"en-US\",\"@id\":\"https:\/\/www.namude.lt\/#\/schema\/logo\/image\/\",\"url\":\"https:\/\/www.namude.lt\/wp-content\/uploads\/2023\/11\/logo-symbol.svg\",\"contentUrl\":\"https:\/\/www.namude.lt\/wp-content\/uploads\/2023\/11\/logo-symbol.svg\",\"width\":1,\"height\":1,\"caption\":\"Namud\u0117\"},\"image\":{\"@id\":\"https:\/\/www.namude.lt\/#\/schema\/logo\/image\/\"}}]}<\/script>\n<!-- \/ Yoast SEO plugin. -->","yoast_head_json":{"title":"Parduodama i\u0161skirtin\u0117 sodybviet\u0117 su 444m. Samavo e\u017eero pakrant\u0117s Zaras\u0173 raj. - Namud\u0117","robots":{"index":"index","follow":"follow","max-snippet":"max-snippet:-1","max-image-preview":"max-image-preview:large","max-video-preview":"max-video-preview:-1"},"canonical":"https:\/\/www.namude.lt\/objektas\/parduodama-isskirtine-sodybviete-su-444m-samavo-ezero-pakrantes-zarasu-raj\/","og_locale":"en_US","og_type":"article","og_title":"Parduodama i\u0161skirtin\u0117 sodybviet\u0117 su 444m. Samavo e\u017eero pakrant\u0117s Zaras\u0173 raj. - Namud\u0117","og_description":"9,84 ha \u017eem\u0117s \u016bkio sklypas yra Pameldyn\u0117s k. Gra\u017eut\u0117s regioniniame parke, Zaras\u0173 raj. Sodybviet\u0117 kra\u0161tin\u0117 solid\u017eioje keli\u0173 sodyb\u0173 kaimynyst\u0117je. Mi\u0161ke dominuoja pu\u0161ynas su sausa mi\u0161ko paklote. \u00a0Nuo\u00a0444 m \u00a0Samavo e\u017eero pakrant\u0117s atsiveria vaizdingas peiza\u017eas su kokybi\u0161ku krantu. Yra elektros transformatorin\u0117, \u012fteisinti ir u\u017eregistruoti pamatai gyvenamojo namo ir pirties statybai.  Patogus susiekimas su miestais iki Zarsas\u0173 apie 10km, iki Utenos 40km, iki Vilniaus 140km.  &nbsp;  Sklypo koordinat\u0117s:  Google 55.64562105088716, 26.194078481506814  Maps.lt 55.645799, 26.193285","og_url":"https:\/\/www.namude.lt\/objektas\/parduodama-isskirtine-sodybviete-su-444m-samavo-ezero-pakrantes-zarasu-raj\/","og_site_name":"Namud\u0117","article_modified_time":"2025-09-03T09:42:36+00:00","og_image":[{"width":940,"height":788,"url":"https:\/\/www.namude.lt\/wp-content\/uploads\/2024\/07\/Dizainas-be-pavadinimo-3.jpg","type":"image\/jpeg"}],"twitter_card":"summary_large_image","schema":{"@context":"https:\/\/schema.org","@graph":[{"@type":"WebPage","@id":"https:\/\/www.namude.lt\/objektas\/parduodama-isskirtine-sodybviete-su-444m-samavo-ezero-pakrantes-zarasu-raj\/","url":"https:\/\/www.namude.lt\/objektas\/parduodama-isskirtine-sodybviete-su-444m-samavo-ezero-pakrantes-zarasu-raj\/","name":"Parduodama i\u0161skirtin\u0117 sodybviet\u0117 su 444m. Samavo e\u017eero pakrant\u0117s Zaras\u0173 raj. - Namud\u0117","isPartOf":{"@id":"https:\/\/www.namude.lt\/#website"},"primaryImageOfPage":{"@id":"https:\/\/www.namude.lt\/objektas\/parduodama-isskirtine-sodybviete-su-444m-samavo-ezero-pakrantes-zarasu-raj\/#primaryimage"},"image":{"@id":"https:\/\/www.namude.lt\/objektas\/parduodama-isskirtine-sodybviete-su-444m-samavo-ezero-pakrantes-zarasu-raj\/#primaryimage"},"thumbnailUrl":"https:\/\/www.namude.lt\/wp-content\/uploads\/2024\/07\/Dizainas-be-pavadinimo-3.jpg","datePublished":"2024-07-12T12:08:16+00:00","dateModified":"2025-09-03T09:42:36+00:00","breadcrumb":{"@id":"https:\/\/www.namude.lt\/objektas\/parduodama-isskirtine-sodybviete-su-444m-samavo-ezero-pakrantes-zarasu-raj\/#breadcrumb"},"inLanguage":"en-US","potentialAction":[{"@type":"ReadAction","target":["https:\/\/www.namude.lt\/objektas\/parduodama-isskirtine-sodybviete-su-444m-samavo-ezero-pakrantes-zarasu-raj\/"]}]},{"@type":"ImageObject","inLanguage":"en-US","@id":"https:\/\/www.namude.lt\/objektas\/parduodama-isskirtine-sodybviete-su-444m-samavo-ezero-pakrantes-zarasu-raj\/#primaryimage","url":"https:\/\/www.namude.lt\/wp-content\/uploads\/2024\/07\/Dizainas-be-pavadinimo-3.jpg","contentUrl":"https:\/\/www.namude.lt\/wp-content\/uploads\/2024\/07\/Dizainas-be-pavadinimo-3.jpg","width":940,"height":788},{"@type":"BreadcrumbList","@id":"https:\/\/www.namude.lt\/objektas\/parduodama-isskirtine-sodybviete-su-444m-samavo-ezero-pakrantes-zarasu-raj\/#breadcrumb","itemListElement":[{"@type":"ListItem","position":1,"name":"Home","item":"https:\/\/www.namude.lt\/en\/"},{"@type":"ListItem","position":2,"name":"Real estate","item":"https:\/\/www.namude.lt\/en\/real-estate\/"},{"@type":"ListItem","position":3,"name":"Parduodama i\u0161skirtin\u0117 sodybviet\u0117 su 444m. Samavo e\u017eero pakrant\u0117s Zaras\u0173 raj."}]},{"@type":"WebSite","@id":"https:\/\/www.namude.lt\/#website","url":"https:\/\/www.namude.lt\/","name":"Namud\u0117","description":"\u201eNamud\u0117\u201c \u2013 agent\u016bra, pardavin\u0117janti Auk\u0161taitijos NT grynuolius.","publisher":{"@id":"https:\/\/www.namude.lt\/#organization"},"potentialAction":[{"@type":"SearchAction","target":{"@type":"EntryPoint","urlTemplate":"https:\/\/www.namude.lt\/?s={search_term_string}"},"query-input":{"@type":"PropertyValueSpecification","valueRequired":true,"valueName":"search_term_string"}}],"inLanguage":"en-US"},{"@type":"Organization","@id":"https:\/\/www.namude.lt\/#organization","name":"Namud\u0117","url":"https:\/\/www.namude.lt\/","logo":{"@type":"ImageObject","inLanguage":"en-US","@id":"https:\/\/www.namude.lt\/#\/schema\/logo\/image\/","url":"https:\/\/www.namude.lt\/wp-content\/uploads\/2023\/11\/logo-symbol.svg","contentUrl":"https:\/\/www.namude.lt\/wp-content\/uploads\/2023\/11\/logo-symbol.svg","width":1,"height":1,"caption":"Namud\u0117"},"image":{"@id":"https:\/\/www.namude.lt\/#\/schema\/logo\/image\/"}}]}},"_links":{"self":[{"href":"https:\/\/www.namude.lt\/en\/wp-json\/wp\/v2\/product\/11239","targetHints":{"allow":["GET"]}}],"collection":[{"href":"https:\/\/www.namude.lt\/en\/wp-json\/wp\/v2\/product"}],"about":[{"href":"https:\/\/www.namude.lt\/en\/wp-json\/wp\/v2\/types\/product"}],"wp:featuredmedia":[{"embeddable":true,"href":"https:\/\/www.namude.lt\/en\/wp-json\/wp\/v2\/media\/12145"}],"wp:attachment":[{"href":"https:\/\/www.namude.lt\/en\/wp-json\/wp\/v2\/media?parent=11239"}],"wp:term":[{"taxonomy":"product_brand","embeddable":true,"href":"https:\/\/www.namude.lt\/en\/wp-json\/wp\/v2\/product_brand?post=11239"},{"taxonomy":"product_cat","embeddable":true,"href":"https:\/\/www.namude.lt\/en\/wp-json\/wp\/v2\/product_cat?post=11239"},{"taxonomy":"product_tag","embeddable":true,"href":"https:\/\/www.namude.lt\/en\/wp-json\/wp\/v2\/product_tag?post=11239"}],"curies":[{"name":"wp","href":"https:\/\/api.w.org\/{rel}","templated":true}]}}