{"id":1073,"date":"2024-01-15T13:14:59","date_gmt":"2024-01-15T11:14:59","guid":{"rendered":"https:\/\/www.namude.lt\/?post_type=product&#038;p=1073"},"modified":"2025-12-05T15:11:39","modified_gmt":"2025-12-05T13:11:39","slug":"autentiska-rastine-sodyba-svencioniu-rajone-silines-kaimo-pakrastyje","status":"publish","type":"product","link":"https:\/\/www.namude.lt\/en\/object\/autentiska-rastine-sodyba-svencioniu-rajone-silines-kaimo-pakrastyje\/","title":{"rendered":"AUTENTI\u0160KA R\u0104STIN\u0116 SODYBA \u0160VEN\u010cIONI\u0172 RAJONE, \u0160ILIN\u0116S KAIMO PAKRA\u0160TYJE"},"content":{"rendered":"","protected":false},"excerpt":{"rendered":"<p><strong>Parduodama autenti\u0161ka r\u0105stin\u0117 <a href=\"https:\/\/www.namude.lt\/kategorija\/sodybos\/?filter_rajonas=svencioniu-rajonas&amp;query_type_rajonas=or\">sodyba<\/a> <a href=\"https:\/\/www.namude.lt\/parduodami-nt-objektai\/?filter_rajonas=svencioniu-rajonas&amp;query_type_rajonas=or\">\u0160ven\u010dioni\u0173 rajone<\/a>, \u0160ilin\u0117s kaimo pakra\u0161tyje, apie 76 km nuo Vilniaus.\u00a0<\/strong>\u00a0Gyvenamojo namo bendras plotas \u2013\u00a0<strong>63.68 kv. m.\u00a0<\/strong>\u0160ildymas senovine krosnimi. Taip pat yra \u016bkinis pastatas, tvartas, dar\u017ein\u0117, lauko tualetas. Po pastatais priklauso\u00a0<strong>0.34 ha<\/strong>\u00a0nam\u0173 valdos sklypas. Iki Meros up\u0117s apie\u00a0<strong>1.5 km<\/strong>. U\u017e keli\u0173 \u0161imt\u0173 metr\u0173 prasideda \u00a0Daumil\u0173 mi\u0161kas, kuris ribojasi su grybingu Geledn\u0117s mi\u0161ku. Min\u0117tame mi\u0161ke tyvuliuoja Geledn\u0117s e\u017eeras. Iki Vilniaus apie\u00a0<strong>76 km.<\/strong>\u00a0Saugumas. \u0160alia yra pastoviai gyvenan\u010di\u0173 tvarking\u0173 kaimyn\u0173. Artimiausias kaimas \u012f kur\u012f kursuoja autobusas ir yra maisto preki\u0173 parduotuv\u0117 \u2013 Vidutin\u0117 \u2013 apie\u00a0<strong>1.7 km<\/strong>. Senovin\u0117 sodyba, gra\u017eioje vietoje &#8211;\u00a0 geram\u00a0poilsiui.<\/p>\n","protected":false},"featured_media":1074,"template":"","meta":{"_acf_changed":false},"product_brand":[],"product_cat":[75],"product_tag":[],"class_list":{"0":"post-1073","1":"product","2":"type-product","3":"status-publish","4":"has-post-thumbnail","6":"product_cat-parduota","7":"description-off","9":"first","10":"instock","11":"shipping-taxable","12":"purchasable","13":"product-type-simple"},"acf":[],"yoast_head":"<!-- This site is optimized with the Yoast SEO plugin v27.4 - https:\/\/yoast.com\/product\/yoast-seo-wordpress\/ -->\n<title>AUTENTI\u0160KA R\u0104STIN\u0116 SODYBA \u0160VEN\u010cIONI\u0172 RAJONE, \u0160ILIN\u0116S KAIMO PAKRA\u0160TYJE - Namud\u0117<\/title>\n<meta name=\"robots\" content=\"index, follow, max-snippet:-1, max-image-preview:large, max-video-preview:-1\" \/>\n<link rel=\"canonical\" href=\"https:\/\/www.namude.lt\/objektas\/autentiska-rastine-sodyba-svencioniu-rajone-silines-kaimo-pakrastyje\/\" \/>\n<meta property=\"og:locale\" content=\"en_US\" \/>\n<meta property=\"og:type\" content=\"article\" \/>\n<meta property=\"og:title\" content=\"AUTENTI\u0160KA R\u0104STIN\u0116 SODYBA \u0160VEN\u010cIONI\u0172 RAJONE, \u0160ILIN\u0116S KAIMO PAKRA\u0160TYJE - Namud\u0117\" \/>\n<meta property=\"og:description\" content=\"Parduodama autenti\u0161ka r\u0105stin\u0117 sodyba \u0160ven\u010dioni\u0173 rajone, \u0160ilin\u0117s kaimo pakra\u0161tyje, apie 76 km nuo Vilniaus.\u00a0\u00a0Gyvenamojo namo bendras plotas \u2013\u00a063.68 kv. m.\u00a0\u0160ildymas senovine krosnimi. Taip pat yra \u016bkinis pastatas, tvartas, dar\u017ein\u0117, lauko tualetas. Po pastatais priklauso\u00a00.34 ha\u00a0nam\u0173 valdos sklypas. Iki Meros up\u0117s apie\u00a01.5 km. U\u017e keli\u0173 \u0161imt\u0173 metr\u0173 prasideda \u00a0Daumil\u0173 mi\u0161kas, kuris ribojasi su grybingu Geledn\u0117s mi\u0161ku. Min\u0117tame mi\u0161ke tyvuliuoja Geledn\u0117s e\u017eeras. Iki Vilniaus apie\u00a076 km.\u00a0Saugumas. \u0160alia yra pastoviai gyvenan\u010di\u0173 tvarking\u0173 kaimyn\u0173. Artimiausias kaimas \u012f kur\u012f kursuoja autobusas ir yra maisto preki\u0173 parduotuv\u0117 \u2013 Vidutin\u0117 \u2013 apie\u00a01.7 km. Senovin\u0117 sodyba, gra\u017eioje vietoje -\u00a0 geram\u00a0poilsiui.\" \/>\n<meta property=\"og:url\" content=\"https:\/\/www.namude.lt\/objektas\/autentiska-rastine-sodyba-svencioniu-rajone-silines-kaimo-pakrastyje\/\" \/>\n<meta property=\"og:site_name\" content=\"Namud\u0117\" \/>\n<meta property=\"article:modified_time\" content=\"2025-12-05T13:11:39+00:00\" \/>\n<meta property=\"og:image\" content=\"https:\/\/www.namude.lt\/wp-content\/uploads\/2024\/01\/1-10.jpg\" \/>\n\t<meta property=\"og:image:width\" content=\"800\" \/>\n\t<meta property=\"og:image:height\" content=\"531\" \/>\n\t<meta property=\"og:image:type\" content=\"image\/jpeg\" \/>\n<meta name=\"twitter:card\" content=\"summary_large_image\" \/>\n<script type=\"application\/ld+json\" class=\"yoast-schema-graph\">{\"@context\":\"https:\\\/\\\/schema.org\",\"@graph\":[{\"@type\":\"WebPage\",\"@id\":\"https:\\\/\\\/www.namude.lt\\\/objektas\\\/autentiska-rastine-sodyba-svencioniu-rajone-silines-kaimo-pakrastyje\\\/\",\"url\":\"https:\\\/\\\/www.namude.lt\\\/objektas\\\/autentiska-rastine-sodyba-svencioniu-rajone-silines-kaimo-pakrastyje\\\/\",\"name\":\"AUTENTI\u0160KA R\u0104STIN\u0116 SODYBA \u0160VEN\u010cIONI\u0172 RAJONE, \u0160ILIN\u0116S KAIMO PAKRA\u0160TYJE - Namud\u0117\",\"isPartOf\":{\"@id\":\"https:\\\/\\\/www.namude.lt\\\/#website\"},\"primaryImageOfPage\":{\"@id\":\"https:\\\/\\\/www.namude.lt\\\/objektas\\\/autentiska-rastine-sodyba-svencioniu-rajone-silines-kaimo-pakrastyje\\\/#primaryimage\"},\"image\":{\"@id\":\"https:\\\/\\\/www.namude.lt\\\/objektas\\\/autentiska-rastine-sodyba-svencioniu-rajone-silines-kaimo-pakrastyje\\\/#primaryimage\"},\"thumbnailUrl\":\"https:\\\/\\\/www.namude.lt\\\/wp-content\\\/uploads\\\/2024\\\/01\\\/1-10.jpg\",\"datePublished\":\"2024-01-15T11:14:59+00:00\",\"dateModified\":\"2025-12-05T13:11:39+00:00\",\"breadcrumb\":{\"@id\":\"https:\\\/\\\/www.namude.lt\\\/objektas\\\/autentiska-rastine-sodyba-svencioniu-rajone-silines-kaimo-pakrastyje\\\/#breadcrumb\"},\"inLanguage\":\"en-US\",\"potentialAction\":[{\"@type\":\"ReadAction\",\"target\":[\"https:\\\/\\\/www.namude.lt\\\/objektas\\\/autentiska-rastine-sodyba-svencioniu-rajone-silines-kaimo-pakrastyje\\\/\"]}]},{\"@type\":\"ImageObject\",\"inLanguage\":\"en-US\",\"@id\":\"https:\\\/\\\/www.namude.lt\\\/objektas\\\/autentiska-rastine-sodyba-svencioniu-rajone-silines-kaimo-pakrastyje\\\/#primaryimage\",\"url\":\"https:\\\/\\\/www.namude.lt\\\/wp-content\\\/uploads\\\/2024\\\/01\\\/1-10.jpg\",\"contentUrl\":\"https:\\\/\\\/www.namude.lt\\\/wp-content\\\/uploads\\\/2024\\\/01\\\/1-10.jpg\",\"width\":800,\"height\":531},{\"@type\":\"BreadcrumbList\",\"@id\":\"https:\\\/\\\/www.namude.lt\\\/objektas\\\/autentiska-rastine-sodyba-svencioniu-rajone-silines-kaimo-pakrastyje\\\/#breadcrumb\",\"itemListElement\":[{\"@type\":\"ListItem\",\"position\":1,\"name\":\"Home\",\"item\":\"https:\\\/\\\/www.namude.lt\\\/en\\\/\"},{\"@type\":\"ListItem\",\"position\":2,\"name\":\"Real estate\",\"item\":\"https:\\\/\\\/www.namude.lt\\\/en\\\/real-estate\\\/\"},{\"@type\":\"ListItem\",\"position\":3,\"name\":\"AUTENTI\u0160KA R\u0104STIN\u0116 SODYBA \u0160VEN\u010cIONI\u0172 RAJONE, \u0160ILIN\u0116S KAIMO PAKRA\u0160TYJE\"}]},{\"@type\":\"WebSite\",\"@id\":\"https:\\\/\\\/www.namude.lt\\\/#website\",\"url\":\"https:\\\/\\\/www.namude.lt\\\/\",\"name\":\"Namud\u0117\",\"description\":\"\u201eNamud\u0117\u201c \u2013 agent\u016bra, pardavin\u0117janti Auk\u0161taitijos NT grynuolius.\",\"publisher\":{\"@id\":\"https:\\\/\\\/www.namude.lt\\\/#organization\"},\"potentialAction\":[{\"@type\":\"SearchAction\",\"target\":{\"@type\":\"EntryPoint\",\"urlTemplate\":\"https:\\\/\\\/www.namude.lt\\\/?s={search_term_string}\"},\"query-input\":{\"@type\":\"PropertyValueSpecification\",\"valueRequired\":true,\"valueName\":\"search_term_string\"}}],\"inLanguage\":\"en-US\"},{\"@type\":\"Organization\",\"@id\":\"https:\\\/\\\/www.namude.lt\\\/#organization\",\"name\":\"Namud\u0117\",\"url\":\"https:\\\/\\\/www.namude.lt\\\/\",\"logo\":{\"@type\":\"ImageObject\",\"inLanguage\":\"en-US\",\"@id\":\"https:\\\/\\\/www.namude.lt\\\/#\\\/schema\\\/logo\\\/image\\\/\",\"url\":\"https:\\\/\\\/www.namude.lt\\\/wp-content\\\/uploads\\\/2023\\\/11\\\/logo-symbol.svg\",\"contentUrl\":\"https:\\\/\\\/www.namude.lt\\\/wp-content\\\/uploads\\\/2023\\\/11\\\/logo-symbol.svg\",\"width\":1,\"height\":1,\"caption\":\"Namud\u0117\"},\"image\":{\"@id\":\"https:\\\/\\\/www.namude.lt\\\/#\\\/schema\\\/logo\\\/image\\\/\"}}]}<\/script>\n<!-- \/ Yoast SEO plugin. -->","yoast_head_json":{"title":"AUTENTI\u0160KA R\u0104STIN\u0116 SODYBA \u0160VEN\u010cIONI\u0172 RAJONE, \u0160ILIN\u0116S KAIMO PAKRA\u0160TYJE - Namud\u0117","robots":{"index":"index","follow":"follow","max-snippet":"max-snippet:-1","max-image-preview":"max-image-preview:large","max-video-preview":"max-video-preview:-1"},"canonical":"https:\/\/www.namude.lt\/objektas\/autentiska-rastine-sodyba-svencioniu-rajone-silines-kaimo-pakrastyje\/","og_locale":"en_US","og_type":"article","og_title":"AUTENTI\u0160KA R\u0104STIN\u0116 SODYBA \u0160VEN\u010cIONI\u0172 RAJONE, \u0160ILIN\u0116S KAIMO PAKRA\u0160TYJE - Namud\u0117","og_description":"Parduodama autenti\u0161ka r\u0105stin\u0117 sodyba \u0160ven\u010dioni\u0173 rajone, \u0160ilin\u0117s kaimo pakra\u0161tyje, apie 76 km nuo Vilniaus.\u00a0\u00a0Gyvenamojo namo bendras plotas \u2013\u00a063.68 kv. m.\u00a0\u0160ildymas senovine krosnimi. Taip pat yra \u016bkinis pastatas, tvartas, dar\u017ein\u0117, lauko tualetas. Po pastatais priklauso\u00a00.34 ha\u00a0nam\u0173 valdos sklypas. Iki Meros up\u0117s apie\u00a01.5 km. U\u017e keli\u0173 \u0161imt\u0173 metr\u0173 prasideda \u00a0Daumil\u0173 mi\u0161kas, kuris ribojasi su grybingu Geledn\u0117s mi\u0161ku. Min\u0117tame mi\u0161ke tyvuliuoja Geledn\u0117s e\u017eeras. Iki Vilniaus apie\u00a076 km.\u00a0Saugumas. \u0160alia yra pastoviai gyvenan\u010di\u0173 tvarking\u0173 kaimyn\u0173. Artimiausias kaimas \u012f kur\u012f kursuoja autobusas ir yra maisto preki\u0173 parduotuv\u0117 \u2013 Vidutin\u0117 \u2013 apie\u00a01.7 km. Senovin\u0117 sodyba, gra\u017eioje vietoje -\u00a0 geram\u00a0poilsiui.","og_url":"https:\/\/www.namude.lt\/objektas\/autentiska-rastine-sodyba-svencioniu-rajone-silines-kaimo-pakrastyje\/","og_site_name":"Namud\u0117","article_modified_time":"2025-12-05T13:11:39+00:00","og_image":[{"width":800,"height":531,"url":"https:\/\/www.namude.lt\/wp-content\/uploads\/2024\/01\/1-10.jpg","type":"image\/jpeg"}],"twitter_card":"summary_large_image","schema":{"@context":"https:\/\/schema.org","@graph":[{"@type":"WebPage","@id":"https:\/\/www.namude.lt\/objektas\/autentiska-rastine-sodyba-svencioniu-rajone-silines-kaimo-pakrastyje\/","url":"https:\/\/www.namude.lt\/objektas\/autentiska-rastine-sodyba-svencioniu-rajone-silines-kaimo-pakrastyje\/","name":"AUTENTI\u0160KA R\u0104STIN\u0116 SODYBA \u0160VEN\u010cIONI\u0172 RAJONE, \u0160ILIN\u0116S KAIMO PAKRA\u0160TYJE - Namud\u0117","isPartOf":{"@id":"https:\/\/www.namude.lt\/#website"},"primaryImageOfPage":{"@id":"https:\/\/www.namude.lt\/objektas\/autentiska-rastine-sodyba-svencioniu-rajone-silines-kaimo-pakrastyje\/#primaryimage"},"image":{"@id":"https:\/\/www.namude.lt\/objektas\/autentiska-rastine-sodyba-svencioniu-rajone-silines-kaimo-pakrastyje\/#primaryimage"},"thumbnailUrl":"https:\/\/www.namude.lt\/wp-content\/uploads\/2024\/01\/1-10.jpg","datePublished":"2024-01-15T11:14:59+00:00","dateModified":"2025-12-05T13:11:39+00:00","breadcrumb":{"@id":"https:\/\/www.namude.lt\/objektas\/autentiska-rastine-sodyba-svencioniu-rajone-silines-kaimo-pakrastyje\/#breadcrumb"},"inLanguage":"en-US","potentialAction":[{"@type":"ReadAction","target":["https:\/\/www.namude.lt\/objektas\/autentiska-rastine-sodyba-svencioniu-rajone-silines-kaimo-pakrastyje\/"]}]},{"@type":"ImageObject","inLanguage":"en-US","@id":"https:\/\/www.namude.lt\/objektas\/autentiska-rastine-sodyba-svencioniu-rajone-silines-kaimo-pakrastyje\/#primaryimage","url":"https:\/\/www.namude.lt\/wp-content\/uploads\/2024\/01\/1-10.jpg","contentUrl":"https:\/\/www.namude.lt\/wp-content\/uploads\/2024\/01\/1-10.jpg","width":800,"height":531},{"@type":"BreadcrumbList","@id":"https:\/\/www.namude.lt\/objektas\/autentiska-rastine-sodyba-svencioniu-rajone-silines-kaimo-pakrastyje\/#breadcrumb","itemListElement":[{"@type":"ListItem","position":1,"name":"Home","item":"https:\/\/www.namude.lt\/en\/"},{"@type":"ListItem","position":2,"name":"Real estate","item":"https:\/\/www.namude.lt\/en\/real-estate\/"},{"@type":"ListItem","position":3,"name":"AUTENTI\u0160KA R\u0104STIN\u0116 SODYBA \u0160VEN\u010cIONI\u0172 RAJONE, \u0160ILIN\u0116S KAIMO PAKRA\u0160TYJE"}]},{"@type":"WebSite","@id":"https:\/\/www.namude.lt\/#website","url":"https:\/\/www.namude.lt\/","name":"Namud\u0117","description":"\u201eNamud\u0117\u201c \u2013 agent\u016bra, pardavin\u0117janti Auk\u0161taitijos NT grynuolius.","publisher":{"@id":"https:\/\/www.namude.lt\/#organization"},"potentialAction":[{"@type":"SearchAction","target":{"@type":"EntryPoint","urlTemplate":"https:\/\/www.namude.lt\/?s={search_term_string}"},"query-input":{"@type":"PropertyValueSpecification","valueRequired":true,"valueName":"search_term_string"}}],"inLanguage":"en-US"},{"@type":"Organization","@id":"https:\/\/www.namude.lt\/#organization","name":"Namud\u0117","url":"https:\/\/www.namude.lt\/","logo":{"@type":"ImageObject","inLanguage":"en-US","@id":"https:\/\/www.namude.lt\/#\/schema\/logo\/image\/","url":"https:\/\/www.namude.lt\/wp-content\/uploads\/2023\/11\/logo-symbol.svg","contentUrl":"https:\/\/www.namude.lt\/wp-content\/uploads\/2023\/11\/logo-symbol.svg","width":1,"height":1,"caption":"Namud\u0117"},"image":{"@id":"https:\/\/www.namude.lt\/#\/schema\/logo\/image\/"}}]}},"_links":{"self":[{"href":"https:\/\/www.namude.lt\/en\/wp-json\/wp\/v2\/product\/1073","targetHints":{"allow":["GET"]}}],"collection":[{"href":"https:\/\/www.namude.lt\/en\/wp-json\/wp\/v2\/product"}],"about":[{"href":"https:\/\/www.namude.lt\/en\/wp-json\/wp\/v2\/types\/product"}],"wp:featuredmedia":[{"embeddable":true,"href":"https:\/\/www.namude.lt\/en\/wp-json\/wp\/v2\/media\/1074"}],"wp:attachment":[{"href":"https:\/\/www.namude.lt\/en\/wp-json\/wp\/v2\/media?parent=1073"}],"wp:term":[{"taxonomy":"product_brand","embeddable":true,"href":"https:\/\/www.namude.lt\/en\/wp-json\/wp\/v2\/product_brand?post=1073"},{"taxonomy":"product_cat","embeddable":true,"href":"https:\/\/www.namude.lt\/en\/wp-json\/wp\/v2\/product_cat?post=1073"},{"taxonomy":"product_tag","embeddable":true,"href":"https:\/\/www.namude.lt\/en\/wp-json\/wp\/v2\/product_tag?post=1073"}],"curies":[{"name":"wp","href":"https:\/\/api.w.org\/{rel}","templated":true}]}}