{"id":431,"date":"2023-12-02T00:51:42","date_gmt":"2023-12-01T22:51:42","guid":{"rendered":"https:\/\/www.namude.lt\/paslaugos\/"},"modified":"2024-01-23T16:36:18","modified_gmt":"2024-01-23T14:36:18","slug":"services","status":"publish","type":"page","link":"https:\/\/www.namude.lt\/en\/services\/","title":{"rendered":"Services"},"content":{"rendered":"<div class=\"wpb-content-wrapper\"><p>[vc_row css_animation=&#8221;fadeInUp&#8221; css=&#8221;.vc_custom_1701958966516{margin-top: 30px !important;margin-bottom: 50px !important;}&#8221;][vc_column width=&#8221;1\/4&#8243;][\/vc_column][vc_column width=&#8221;1\/2&#8243;][vc_custom_heading text=&#8221;We have been trading real estate for more than 25 years.&#8221; font_container=&#8221;tag:h2|text_align:center&#8221; use_theme_fonts=&#8221;yes&#8221;][\/vc_column][vc_column width=&#8221;1\/4&#8243;][\/vc_column][\/vc_row][vc_row gap=&#8221;30&#8243; equal_height=&#8221;yes&#8221;][vc_column css_animation=&#8221;fadeInLeft&#8221; width=&#8221;1\/3&#8243; css=&#8221;.vc_custom_1702298514676{border-top-width: 1px !important;border-right-width: 1px !important;border-bottom-width: 1px !important;border-left-width: 1px !important;padding-top: 30px !important;padding-right: 30px !important;padding-bottom: 30px !important;padding-left: 30px !important;border-left-color: #214f4b !important;border-left-style: solid !important;border-right-color: #214f4b !important;border-right-style: solid !important;border-top-color: #214f4b !important;border-top-style: solid !important;border-bottom-color: #214f4b !important;border-bottom-style: solid !important;border-radius: 25px !important;}&#8221;][vc_custom_heading text=&#8221;Urgent real estate buying and selling&#8221; font_container=&#8221;tag:h3|text_align:left|color:%2316c172&#8243; use_theme_fonts=&#8221;yes&#8221;][\/vc_column][vc_column css_animation=&#8221;fadeInLeft&#8221; width=&#8221;1\/3&#8243; css=&#8221;.vc_custom_1702298433180{border-top-width: 1px !important;border-right-width: 1px !important;border-bottom-width: 1px !important;border-left-width: 1px !important;padding-top: 30px !important;padding-right: 30px !important;padding-bottom: 30px !important;padding-left: 30px !important;border-left-color: #214f4b !important;border-left-style: solid !important;border-right-color: #214f4b !important;border-right-style: solid !important;border-top-color: #214f4b !important;border-top-style: solid !important;border-bottom-color: #214f4b !important;border-bottom-style: solid !important;border-radius: 30px !important;}&#8221;][vc_custom_heading text=&#8221;Sale mediation services&#8221; font_container=&#8221;tag:h3|text_align:left|color:%2316c172&#8243; use_theme_fonts=&#8221;yes&#8221;][\/vc_column][vc_column css_animation=&#8221;fadeInLeft&#8221; width=&#8221;1\/3&#8243; css=&#8221;.vc_custom_1702298412786{border-top-width: 1px !important;border-right-width: 1px !important;border-bottom-width: 1px !important;border-left-width: 1px !important;padding-top: 30px !important;padding-right: 30px !important;padding-bottom: 30px !important;padding-left: 30px !important;border-left-color: #214f4b !important;border-left-style: solid !important;border-right-color: #214f4b !important;border-right-style: solid !important;border-top-color: #214f4b !important;border-top-style: solid !important;border-bottom-color: #214f4b !important;border-bottom-style: solid !important;border-radius: 30px !important;}&#8221;][vc_custom_heading text=&#8221;Objective property value determination&#8221; font_container=&#8221;tag:h3|text_align:left|color:%2316c172&#8243; use_theme_fonts=&#8221;yes&#8221;][\/vc_column][\/vc_row][vc_row gap=&#8221;30&#8243; equal_height=&#8221;yes&#8221;][vc_column css_animation=&#8221;fadeInLeft&#8221; width=&#8221;1\/3&#8243; css=&#8221;.vc_custom_1702298514676{border-top-width: 1px !important;border-right-width: 1px !important;border-bottom-width: 1px !important;border-left-width: 1px !important;padding-top: 30px !important;padding-right: 30px !important;padding-bottom: 30px !important;padding-left: 30px !important;border-left-color: #214f4b !important;border-left-style: solid !important;border-right-color: #214f4b !important;border-right-style: solid !important;border-top-color: #214f4b !important;border-top-style: solid !important;border-bottom-color: #214f4b !important;border-bottom-style: solid !important;border-radius: 25px !important;}&#8221;][vc_custom_heading text=&#8221;Professional real estate advertising&#8221; font_container=&#8221;tag:h3|text_align:left|color:%2316c172&#8243; use_theme_fonts=&#8221;yes&#8221;][\/vc_column][vc_column css_animation=&#8221;fadeInLeft&#8221; width=&#8221;1\/3&#8243; css=&#8221;.vc_custom_1702298433180{border-top-width: 1px !important;border-right-width: 1px !important;border-bottom-width: 1px !important;border-left-width: 1px !important;padding-top: 30px !important;padding-right: 30px !important;padding-bottom: 30px !important;padding-left: 30px !important;border-left-color: #214f4b !important;border-left-style: solid !important;border-right-color: #214f4b !important;border-right-style: solid !important;border-top-color: #214f4b !important;border-top-style: solid !important;border-bottom-color: #214f4b !important;border-bottom-style: solid !important;border-radius: 30px !important;}&#8221;][vc_custom_heading text=&#8221;Sale transaction documents preparation&#8221; font_container=&#8221;tag:h3|text_align:left|color:%2316c172&#8243; use_theme_fonts=&#8221;yes&#8221;][\/vc_column][vc_column css_animation=&#8221;fadeInLeft&#8221; width=&#8221;1\/3&#8243; css=&#8221;.vc_custom_1702298412786{border-top-width: 1px !important;border-right-width: 1px !important;border-bottom-width: 1px !important;border-left-width: 1px !important;padding-top: 30px !important;padding-right: 30px !important;padding-bottom: 30px !important;padding-left: 30px !important;border-left-color: #214f4b !important;border-left-style: solid !important;border-right-color: #214f4b !important;border-right-style: solid !important;border-top-color: #214f4b !important;border-top-style: solid !important;border-bottom-color: #214f4b !important;border-bottom-style: solid !important;border-radius: 30px !important;}&#8221;][vc_custom_heading text=&#8221;Legal advice on all real estate matters&#8221; font_container=&#8221;tag:h3|text_align:left|color:%2316c172&#8243; use_theme_fonts=&#8221;yes&#8221;][\/vc_column][\/vc_row][vc_row gap=&#8221;30&#8243; equal_height=&#8221;yes&#8221;][vc_column css_animation=&#8221;fadeInLeft&#8221; width=&#8221;1\/3&#8243; css=&#8221;.vc_custom_1702298514676{border-top-width: 1px !important;border-right-width: 1px !important;border-bottom-width: 1px !important;border-left-width: 1px !important;padding-top: 30px !important;padding-right: 30px !important;padding-bottom: 30px !important;padding-left: 30px !important;border-left-color: #214f4b !important;border-left-style: solid !important;border-right-color: #214f4b !important;border-right-style: solid !important;border-top-color: #214f4b !important;border-top-style: solid !important;border-bottom-color: #214f4b !important;border-bottom-style: solid !important;border-radius: 25px !important;}&#8221;][vc_custom_heading text=&#8221;Conducting negotiations&#8221; font_container=&#8221;tag:h3|text_align:left|color:%2316c172&#8243; use_theme_fonts=&#8221;yes&#8221;][\/vc_column][vc_column css_animation=&#8221;fadeInLeft&#8221; width=&#8221;1\/3&#8243; css=&#8221;.vc_custom_1702298648782{padding-top: 30px !important;padding-right: 30px !important;padding-bottom: 30px !important;padding-left: 30px !important;}&#8221;][\/vc_column][vc_column css_animation=&#8221;fadeInLeft&#8221; width=&#8221;1\/3&#8243; css=&#8221;.vc_custom_1702298659463{padding-top: 30px !important;padding-right: 30px !important;padding-bottom: 30px !important;padding-left: 30px !important;border-radius: 30px !important;}&#8221;][\/vc_column][\/vc_row][vc_row full_width=&#8221;stretch_row&#8221; css_animation=&#8221;fadeInUp&#8221; bg_type=&#8221;image&#8221; parallax_style=&#8221;vcpb-vz-jquery&#8221; bg_image_new=&#8221;id^38|url^https:\/\/www.namude.lt\/wp-content\/uploads\/2023\/11\/humphrey-muleba-ed5mB7Zxi3E-unsplash.jpg|caption^null|alt^null|title^humphrey-muleba-ed5mB7Zxi3E-unsplash|description^null&#8221; enable_overlay=&#8221;enable_overlay_value&#8221; overlay_color=&#8221;rgba(0,0,0,0.54)&#8221; css=&#8221;.vc_custom_1701956960138{margin-top: 70px !important;margin-bottom: -50px !important;padding-top: 100px !important;padding-bottom: 140px !important;}&#8221;][vc_column width=&#8221;1\/4&#8243;][\/vc_column][vc_column width=&#8221;1\/2&#8243;][vc_custom_heading text=&#8221;Looking for a second home or maybe you want to sell? Contact us by phone or email.&#8221; font_container=&#8221;tag:h3|text_align:center|color:%23ffffff&#8221; use_theme_fonts=&#8221;yes&#8221; css=&#8221;.vc_custom_1706020575963{margin-bottom: 30px !important;}&#8221;][vc_row_inner css=&#8221;.vc_custom_1701956926904{margin-top: 40px !important;padding-right: 60px !important;padding-left: 60px !important;}&#8221;][vc_column_inner width=&#8221;1\/2&#8243;]<style type=\"text\/css\" data-type=\"the7_shortcodes-inline-css\">#default-btn-def66708973915a326554840c6119fac.ico-right-side > i {\n  margin-right: 0px;\n  margin-left: 8px;\n}\n#default-btn-def66708973915a326554840c6119fac > i {\n  margin-right: 8px;\n}<\/style><div class=\"btn-align-center\"><a href=\"tel:+37069851269\" class=\"default-btn-shortcode dt-btn dt-btn-l link-hover-off \" id=\"default-btn-def66708973915a326554840c6119fac\"><span>+370 698 51269<\/span><\/a><\/div>[\/vc_column_inner][vc_column_inner width=&#8221;1\/2&#8243;]<style type=\"text\/css\" data-type=\"the7_shortcodes-inline-css\">#default-btn-de04ed1a32426dfb650f2e05e9e22f40.ico-right-side > i {\n  margin-right: 0px;\n  margin-left: 8px;\n}\n#default-btn-de04ed1a32426dfb650f2e05e9e22f40 > i {\n  margin-right: 8px;\n}<\/style><div class=\"btn-align-center\"><a href=\"mailto:info@namude.lt\" class=\"default-btn-shortcode dt-btn dt-btn-l link-hover-off \" id=\"default-btn-de04ed1a32426dfb650f2e05e9e22f40\"><span>info@namude.lt<\/span><\/a><\/div>[\/vc_column_inner][\/vc_row_inner][\/vc_column][vc_column width=&#8221;1\/4&#8243;][\/vc_column][\/vc_row]<\/p>\n<\/div>","protected":false},"excerpt":{"rendered":"<p>[vc_row css_animation=&#8221;fadeInUp&#8221; css=&#8221;.vc_custom_1701958966516{margin-top: 30px !important;margin-bottom: 50px !important;}&#8221;][vc_column width=&#8221;1\/4&#8243;][\/vc_column][vc_column width=&#8221;1\/2&#8243;][vc_custom_heading text=&#8221;We have been trading real estate for more than 25 years.&#8221; font_container=&#8221;tag:h2|text_align:center&#8221; use_theme_fonts=&#8221;yes&#8221;][\/vc_column][vc_column width=&#8221;1\/4&#8243;][\/vc_column][\/vc_row][vc_row gap=&#8221;30&#8243; equal_height=&#8221;yes&#8221;][vc_column css_animation=&#8221;fadeInLeft&#8221; width=&#8221;1\/3&#8243; css=&#8221;.vc_custom_1702298514676{border-top-width: 1px !important;border-right-width: 1px !important;border-bottom-width: 1px !important;border-left-width: 1px !important;padding-top: 30px !important;padding-right: 30px !important;padding-bottom: 30px !important;padding-left: 30px !important;border-left-color: #214f4b !important;border-left-style: solid !important;border-right-color: #214f4b !important;border-right-style: solid !important;border-top-color: #214f4b !important;border-top-style: solid&hellip;<\/p>\n","protected":false},"author":1,"featured_media":0,"parent":0,"menu_order":0,"comment_status":"closed","ping_status":"closed","template":"","meta":{"_acf_changed":false,"footnotes":""},"class_list":["post-431","page","type-page","status-publish","hentry","description-off"],"acf":[],"yoast_head":"<!-- This site is optimized with the Yoast SEO plugin v27.0 - https:\/\/yoast.com\/product\/yoast-seo-wordpress\/ -->\n<title>Services - Namud\u0117<\/title>\n<meta name=\"robots\" content=\"index, follow, max-snippet:-1, max-image-preview:large, max-video-preview:-1\" \/>\n<link rel=\"canonical\" href=\"https:\/\/www.namude.lt\/en\/services\/\" \/>\n<meta property=\"og:locale\" content=\"en_US\" \/>\n<meta property=\"og:type\" content=\"article\" \/>\n<meta property=\"og:title\" content=\"Services - Namud\u0117\" \/>\n<meta property=\"og:description\" content=\"[vc_row css_animation=&#8221;fadeInUp&#8221; css=&#8221;.vc_custom_1701958966516{margin-top: 30px !important;margin-bottom: 50px !important;}&#8221;][vc_column width=&#8221;1\/4&#8243;][\/vc_column][vc_column width=&#8221;1\/2&#8243;][vc_custom_heading text=&#8221;We have been trading real estate for more than 25 years.&#8221; font_container=&#8221;tag:h2|text_align:center&#8221; use_theme_fonts=&#8221;yes&#8221;][\/vc_column][vc_column width=&#8221;1\/4&#8243;][\/vc_column][\/vc_row][vc_row gap=&#8221;30&#8243; equal_height=&#8221;yes&#8221;][vc_column css_animation=&#8221;fadeInLeft&#8221; width=&#8221;1\/3&#8243; css=&#8221;.vc_custom_1702298514676{border-top-width: 1px !important;border-right-width: 1px !important;border-bottom-width: 1px !important;border-left-width: 1px !important;padding-top: 30px !important;padding-right: 30px !important;padding-bottom: 30px !important;padding-left: 30px !important;border-left-color: #214f4b !important;border-left-style: solid !important;border-right-color: #214f4b !important;border-right-style: solid !important;border-top-color: #214f4b !important;border-top-style: solid&hellip;\" \/>\n<meta property=\"og:url\" content=\"https:\/\/www.namude.lt\/en\/services\/\" \/>\n<meta property=\"og:site_name\" content=\"Namud\u0117\" \/>\n<meta property=\"article:modified_time\" content=\"2024-01-23T14:36:18+00:00\" \/>\n<meta property=\"og:image\" content=\"https:\/\/www.namude.lt\/wp-content\/uploads\/2025\/03\/DJI_0464.jpg\" \/>\n\t<meta property=\"og:image:width\" content=\"2500\" \/>\n\t<meta property=\"og:image:height\" content=\"1468\" \/>\n\t<meta property=\"og:image:type\" content=\"image\/jpeg\" \/>\n<meta name=\"twitter:card\" content=\"summary_large_image\" \/>\n<meta name=\"twitter:label1\" content=\"Est. reading time\" \/>\n\t<meta name=\"twitter:data1\" content=\"5 minutes\" \/>\n<script type=\"application\/ld+json\" class=\"yoast-schema-graph\">{\"@context\":\"https:\/\/schema.org\",\"@graph\":[{\"@type\":\"WebPage\",\"@id\":\"https:\/\/www.namude.lt\/en\/services\/\",\"url\":\"https:\/\/www.namude.lt\/en\/services\/\",\"name\":\"Services - Namud\u0117\",\"isPartOf\":{\"@id\":\"https:\/\/www.namude.lt\/#website\"},\"datePublished\":\"2023-12-01T22:51:42+00:00\",\"dateModified\":\"2024-01-23T14:36:18+00:00\",\"breadcrumb\":{\"@id\":\"https:\/\/www.namude.lt\/en\/services\/#breadcrumb\"},\"inLanguage\":\"en-US\",\"potentialAction\":[{\"@type\":\"ReadAction\",\"target\":[\"https:\/\/www.namude.lt\/en\/services\/\"]}]},{\"@type\":\"BreadcrumbList\",\"@id\":\"https:\/\/www.namude.lt\/en\/services\/#breadcrumb\",\"itemListElement\":[{\"@type\":\"ListItem\",\"position\":1,\"name\":\"Home\",\"item\":\"https:\/\/www.namude.lt\/en\/\"},{\"@type\":\"ListItem\",\"position\":2,\"name\":\"Services\"}]},{\"@type\":\"WebSite\",\"@id\":\"https:\/\/www.namude.lt\/#website\",\"url\":\"https:\/\/www.namude.lt\/\",\"name\":\"Namud\u0117\",\"description\":\"\u201eNamud\u0117\u201c \u2013 agent\u016bra, pardavin\u0117janti Auk\u0161taitijos NT grynuolius.\",\"publisher\":{\"@id\":\"https:\/\/www.namude.lt\/#organization\"},\"potentialAction\":[{\"@type\":\"SearchAction\",\"target\":{\"@type\":\"EntryPoint\",\"urlTemplate\":\"https:\/\/www.namude.lt\/?s={search_term_string}\"},\"query-input\":{\"@type\":\"PropertyValueSpecification\",\"valueRequired\":true,\"valueName\":\"search_term_string\"}}],\"inLanguage\":\"en-US\"},{\"@type\":\"Organization\",\"@id\":\"https:\/\/www.namude.lt\/#organization\",\"name\":\"Namud\u0117\",\"url\":\"https:\/\/www.namude.lt\/\",\"logo\":{\"@type\":\"ImageObject\",\"inLanguage\":\"en-US\",\"@id\":\"https:\/\/www.namude.lt\/#\/schema\/logo\/image\/\",\"url\":\"https:\/\/www.namude.lt\/wp-content\/uploads\/2023\/11\/logo-symbol.svg\",\"contentUrl\":\"https:\/\/www.namude.lt\/wp-content\/uploads\/2023\/11\/logo-symbol.svg\",\"width\":1,\"height\":1,\"caption\":\"Namud\u0117\"},\"image\":{\"@id\":\"https:\/\/www.namude.lt\/#\/schema\/logo\/image\/\"}}]}<\/script>\n<!-- \/ Yoast SEO plugin. -->","yoast_head_json":{"title":"Services - Namud\u0117","robots":{"index":"index","follow":"follow","max-snippet":"max-snippet:-1","max-image-preview":"max-image-preview:large","max-video-preview":"max-video-preview:-1"},"canonical":"https:\/\/www.namude.lt\/en\/services\/","og_locale":"en_US","og_type":"article","og_title":"Services - Namud\u0117","og_description":"[vc_row css_animation=&#8221;fadeInUp&#8221; css=&#8221;.vc_custom_1701958966516{margin-top: 30px !important;margin-bottom: 50px !important;}&#8221;][vc_column width=&#8221;1\/4&#8243;][\/vc_column][vc_column width=&#8221;1\/2&#8243;][vc_custom_heading text=&#8221;We have been trading real estate for more than 25 years.&#8221; font_container=&#8221;tag:h2|text_align:center&#8221; use_theme_fonts=&#8221;yes&#8221;][\/vc_column][vc_column width=&#8221;1\/4&#8243;][\/vc_column][\/vc_row][vc_row gap=&#8221;30&#8243; equal_height=&#8221;yes&#8221;][vc_column css_animation=&#8221;fadeInLeft&#8221; width=&#8221;1\/3&#8243; css=&#8221;.vc_custom_1702298514676{border-top-width: 1px !important;border-right-width: 1px !important;border-bottom-width: 1px !important;border-left-width: 1px !important;padding-top: 30px !important;padding-right: 30px !important;padding-bottom: 30px !important;padding-left: 30px !important;border-left-color: #214f4b !important;border-left-style: solid !important;border-right-color: #214f4b !important;border-right-style: solid !important;border-top-color: #214f4b !important;border-top-style: solid&hellip;","og_url":"https:\/\/www.namude.lt\/en\/services\/","og_site_name":"Namud\u0117","article_modified_time":"2024-01-23T14:36:18+00:00","og_image":[{"width":2500,"height":1468,"url":"https:\/\/www.namude.lt\/wp-content\/uploads\/2025\/03\/DJI_0464.jpg","type":"image\/jpeg"}],"twitter_card":"summary_large_image","twitter_misc":{"Est. reading time":"5 minutes"},"schema":{"@context":"https:\/\/schema.org","@graph":[{"@type":"WebPage","@id":"https:\/\/www.namude.lt\/en\/services\/","url":"https:\/\/www.namude.lt\/en\/services\/","name":"Services - Namud\u0117","isPartOf":{"@id":"https:\/\/www.namude.lt\/#website"},"datePublished":"2023-12-01T22:51:42+00:00","dateModified":"2024-01-23T14:36:18+00:00","breadcrumb":{"@id":"https:\/\/www.namude.lt\/en\/services\/#breadcrumb"},"inLanguage":"en-US","potentialAction":[{"@type":"ReadAction","target":["https:\/\/www.namude.lt\/en\/services\/"]}]},{"@type":"BreadcrumbList","@id":"https:\/\/www.namude.lt\/en\/services\/#breadcrumb","itemListElement":[{"@type":"ListItem","position":1,"name":"Home","item":"https:\/\/www.namude.lt\/en\/"},{"@type":"ListItem","position":2,"name":"Services"}]},{"@type":"WebSite","@id":"https:\/\/www.namude.lt\/#website","url":"https:\/\/www.namude.lt\/","name":"Namud\u0117","description":"\u201eNamud\u0117\u201c \u2013 agent\u016bra, pardavin\u0117janti Auk\u0161taitijos NT grynuolius.","publisher":{"@id":"https:\/\/www.namude.lt\/#organization"},"potentialAction":[{"@type":"SearchAction","target":{"@type":"EntryPoint","urlTemplate":"https:\/\/www.namude.lt\/?s={search_term_string}"},"query-input":{"@type":"PropertyValueSpecification","valueRequired":true,"valueName":"search_term_string"}}],"inLanguage":"en-US"},{"@type":"Organization","@id":"https:\/\/www.namude.lt\/#organization","name":"Namud\u0117","url":"https:\/\/www.namude.lt\/","logo":{"@type":"ImageObject","inLanguage":"en-US","@id":"https:\/\/www.namude.lt\/#\/schema\/logo\/image\/","url":"https:\/\/www.namude.lt\/wp-content\/uploads\/2023\/11\/logo-symbol.svg","contentUrl":"https:\/\/www.namude.lt\/wp-content\/uploads\/2023\/11\/logo-symbol.svg","width":1,"height":1,"caption":"Namud\u0117"},"image":{"@id":"https:\/\/www.namude.lt\/#\/schema\/logo\/image\/"}}]}},"_links":{"self":[{"href":"https:\/\/www.namude.lt\/en\/wp-json\/wp\/v2\/pages\/431","targetHints":{"allow":["GET"]}}],"collection":[{"href":"https:\/\/www.namude.lt\/en\/wp-json\/wp\/v2\/pages"}],"about":[{"href":"https:\/\/www.namude.lt\/en\/wp-json\/wp\/v2\/types\/page"}],"author":[{"embeddable":true,"href":"https:\/\/www.namude.lt\/en\/wp-json\/wp\/v2\/users\/1"}],"replies":[{"embeddable":true,"href":"https:\/\/www.namude.lt\/en\/wp-json\/wp\/v2\/comments?post=431"}],"version-history":[{"count":4,"href":"https:\/\/www.namude.lt\/en\/wp-json\/wp\/v2\/pages\/431\/revisions"}],"predecessor-version":[{"id":3479,"href":"https:\/\/www.namude.lt\/en\/wp-json\/wp\/v2\/pages\/431\/revisions\/3479"}],"wp:attachment":[{"href":"https:\/\/www.namude.lt\/en\/wp-json\/wp\/v2\/media?parent=431"}],"curies":[{"name":"wp","href":"https:\/\/api.w.org\/{rel}","templated":true}]}}