{"id":425,"date":"2023-12-02T00:51:19","date_gmt":"2023-12-01T22:51:19","guid":{"rendered":"https:\/\/www.namude.lt\/apie-mus\/"},"modified":"2025-11-26T11:31:52","modified_gmt":"2025-11-26T09:31:52","slug":"about-us","status":"publish","type":"page","link":"https:\/\/www.namude.lt\/en\/about-us\/","title":{"rendered":"About us"},"content":{"rendered":"<div class=\"wpb-content-wrapper\"><p>[vc_row gap=&#8221;35&#8243; equal_height=&#8221;yes&#8221; content_placement=&#8221;middle&#8221; css_animation=&#8221;fadeInUp&#8221; css=&#8221;.vc_custom_1702291265242{margin-top: 30px !important;margin-bottom: 30px !important;}&#8221;][vc_column width=&#8221;3\/4&#8243;][vc_custom_heading text=&#8221;\u201cNamud\u0117\u201d is an agency selling real estate gems in Auk\u0161taitija.&#8221; font_container=&#8221;tag:h2|text_align:center&#8221; use_theme_fonts=&#8221;yes&#8221;][vc_column_text]<\/p>\n<p style=\"text-align: center;\">We were not only born, but also rooted in Auk\u0161taitija and we would recite you the most suitable gems of Eastern Lithuanian real estate. That ensures our core team:<\/p>\n<p>[\/vc_column_text][\/vc_column][vc_column width=&#8221;1\/4&#8243;][vc_single_image image=&#8221;23969&#8243; img_size=&#8221;full&#8221; alignment=&#8221;center&#8221; css=&#8221;&#8221;][\/vc_column][\/vc_row][vc_row gap=&#8221;30&#8243; equal_height=&#8221;yes&#8221;][vc_column css_animation=&#8221;fadeInLeft&#8221; width=&#8221;1\/4&#8243; css=&#8221;.vc_custom_1701901971678{border-top-width: 1px !important;border-right-width: 1px !important;border-bottom-width: 1px !important;border-left-width: 1px !important;padding-top: 30px !important;padding-right: 30px !important;padding-bottom: 30px !important;padding-left: 30px !important;border-left-color: rgba(51,51,51,0.11) !important;border-left-style: solid !important;border-right-color: rgba(51,51,51,0.11) !important;border-right-style: solid !important;border-top-color: rgba(51,51,51,0.11) !important;border-top-style: solid !important;border-bottom-color: rgba(51,51,51,0.11) !important;border-bottom-style: solid !important;border-radius: 25px !important;}&#8221;][vc_single_image image=&#8221;398&#8243; img_size=&#8221;large&#8221; el_class=&#8221;round&#8221;][vc_custom_heading text=&#8221;Antanas&#8221; use_theme_fonts=&#8221;yes&#8221;][vc_column_text css=&#8221;.vc_custom_1706020244121{margin-bottom: 0px !important;}&#8221;]A former architect with a perfect sense for quality farmhouses, villas, and land plots. He has been selling real estate for almost thirty years. He has traveled through entire districts of Ignalina, \u0160ven\u010dionys, and Mol\u0117tai. Antanas does all this without losing his positive temperament \u2013 he sings and plays the accordion.[\/vc_column_text][\/vc_column][vc_column css_animation=&#8221;fadeInLeft&#8221; width=&#8221;1\/4&#8243; css=&#8221;.vc_custom_1702290998820{border-top-width: 1px !important;border-right-width: 1px !important;border-bottom-width: 1px !important;border-left-width: 1px !important;padding-top: 30px !important;padding-right: 30px !important;padding-bottom: 30px !important;padding-left: 30px !important;border-left-color: rgba(51,51,51,0.11) !important;border-left-style: solid !important;border-right-color: rgba(51,51,51,0.11) !important;border-right-style: solid !important;border-top-color: rgba(51,51,51,0.11) !important;border-top-style: solid !important;border-bottom-color: rgba(51,51,51,0.11) !important;border-bottom-style: solid !important;border-radius: 30px !important;}&#8221;][vc_single_image image=&#8221;400&#8243; img_size=&#8221;large&#8221; el_class=&#8221;round&#8221;][vc_custom_heading text=&#8221;Gerda&#8221; use_theme_fonts=&#8221;yes&#8221;][vc_column_text css=&#8221;.vc_custom_1706020253272{margin-bottom: 0px !important;}&#8221;]While studying law (Master\u2019s degree), Gerda has learned to be attentive to details. She draws up high-quality contracts, communicates with public authorities, and meticulously handles all the behind-the-scenes work with care. We are still amazed by Gerda\u2019s activity and her insights into Eastern Auk\u0161taitija.[\/vc_column_text][\/vc_column][vc_column css_animation=&#8221;fadeInLeft&#8221; width=&#8221;1\/4&#8243; css=&#8221;.vc_custom_1701955983375{border-top-width: 1px !important;border-right-width: 1px !important;border-bottom-width: 1px !important;border-left-width: 1px !important;padding-top: 30px !important;padding-right: 30px !important;padding-bottom: 30px !important;padding-left: 30px !important;border-left-color: rgba(51,51,51,0.11) !important;border-left-style: solid !important;border-right-color: rgba(51,51,51,0.11) !important;border-right-style: solid !important;border-top-color: rgba(51,51,51,0.11) !important;border-top-style: solid !important;border-bottom-color: rgba(51,51,51,0.11) !important;border-bottom-style: solid !important;border-radius: 30px !important;}&#8221;][vc_single_image image=&#8221;401&#8243; img_size=&#8221;large&#8221; el_class=&#8221;round&#8221;][vc_custom_heading text=&#8221;Judita&#8221; use_theme_fonts=&#8221;yes&#8221;][vc_column_text css=&#8221;.vc_custom_1706020260806{margin-bottom: 0px !important;}&#8221;]Skilled in the art of caring for others, the gentle and attentive Judita not only manages to follow up on timely payments and contracts but also knows how to offer a kind word. It does not surprise. Judita not only deals with administrative matters on a daily basis but also has four children.[\/vc_column_text][\/vc_column][vc_column css_animation=&#8221;fadeInLeft&#8221; width=&#8221;1\/4&#8243; css=&#8221;.vc_custom_1702291004137{border-top-width: 1px !important;border-right-width: 1px !important;border-bottom-width: 1px !important;border-left-width: 1px !important;padding-top: 30px !important;padding-right: 30px !important;padding-bottom: 30px !important;padding-left: 30px !important;border-left-color: rgba(51,51,51,0.11) !important;border-left-style: solid !important;border-right-color: rgba(51,51,51,0.11) !important;border-right-style: solid !important;border-top-color: rgba(51,51,51,0.11) !important;border-top-style: solid !important;border-bottom-color: rgba(51,51,51,0.11) !important;border-bottom-style: solid !important;border-radius: 30px !important;}&#8221;][vc_single_image image=&#8221;399&#8243; img_size=&#8221;large&#8221; el_class=&#8221;round&#8221;][vc_custom_heading text=&#8221;Alvydas&#8221; use_theme_fonts=&#8221;yes&#8221;][vc_column_text css=&#8221;.vc_custom_1706020269901{margin-bottom: 0px !important;}&#8221;]A founder of \u201eNamud\u0117\u201c that buys, sells and invests. Living in a city is not for him; hence, he spends his time in a few farmhouses together with a family. Alvydas is a most serious nature\u2019s ambassador, finding a second home for almost 30 years for those who long for peace and relaxation.[\/vc_column_text][\/vc_column][\/vc_row][vc_row css_animation=&#8221;fadeInUp&#8221; css=&#8221;.vc_custom_1701956141661{margin-top: 40px !important;margin-bottom: 30px !important;}&#8221;][vc_column width=&#8221;1\/4&#8243;][\/vc_column][vc_column width=&#8221;1\/2&#8243;][vc_custom_heading text=&#8221;What do we believe in?&#8221; font_container=&#8221;tag:h2|text_align:center&#8221; use_theme_fonts=&#8221;yes&#8221;][\/vc_column][vc_column width=&#8221;1\/4&#8243;][\/vc_column][\/vc_row][vc_row gap=&#8221;30&#8243; equal_height=&#8221;yes&#8221;][vc_column css_animation=&#8221;fadeInLeft&#8221; width=&#8221;1\/3&#8243; css=&#8221;.vc_custom_1701901971678{border-top-width: 1px !important;border-right-width: 1px !important;border-bottom-width: 1px !important;border-left-width: 1px !important;padding-top: 30px !important;padding-right: 30px !important;padding-bottom: 30px !important;padding-left: 30px !important;border-left-color: rgba(51,51,51,0.11) !important;border-left-style: solid !important;border-right-color: rgba(51,51,51,0.11) !important;border-right-style: solid !important;border-top-color: rgba(51,51,51,0.11) !important;border-top-style: solid !important;border-bottom-color: rgba(51,51,51,0.11) !important;border-bottom-style: solid !important;border-radius: 25px !important;}&#8221;][vc_custom_heading text=&#8221;Harmony&#8221; font_container=&#8221;tag:h3|text_align:left|color:%2316c172&#8243; use_theme_fonts=&#8221;yes&#8221;][vc_column_text css=&#8221;.vc_custom_1706020288826{margin-bottom: 0px !important;}&#8221;]We mainly sell places to rest, create and be. In other words, we sell our way of life \u2013 time and refuge in nature haven.[\/vc_column_text][\/vc_column][vc_column css_animation=&#8221;fadeInLeft&#8221; width=&#8221;1\/3&#8243; css=&#8221;.vc_custom_1701955978290{border-top-width: 1px !important;border-right-width: 1px !important;border-bottom-width: 1px !important;border-left-width: 1px !important;padding-top: 30px !important;padding-right: 30px !important;padding-bottom: 30px !important;padding-left: 30px !important;border-left-color: rgba(51,51,51,0.11) !important;border-left-style: solid !important;border-right-color: rgba(51,51,51,0.11) !important;border-right-style: solid !important;border-top-color: rgba(51,51,51,0.11) !important;border-top-style: solid !important;border-bottom-color: rgba(51,51,51,0.11) !important;border-bottom-style: solid !important;border-radius: 30px !important;}&#8221;][vc_custom_heading text=&#8221;Purity&#8221; font_container=&#8221;tag:h3|text_align:left|color:%2316c172&#8243; use_theme_fonts=&#8221;yes&#8221;][vc_column_text css=&#8221;.vc_custom_1706020299762{margin-bottom: 0px !important;}&#8221;]We swim in real lakes, eat natural food, and value real communication. Official sales language is not for us.[\/vc_column_text][\/vc_column][vc_column css_animation=&#8221;fadeInLeft&#8221; width=&#8221;1\/3&#8243; css=&#8221;.vc_custom_1701955983375{border-top-width: 1px !important;border-right-width: 1px !important;border-bottom-width: 1px !important;border-left-width: 1px !important;padding-top: 30px !important;padding-right: 30px !important;padding-bottom: 30px !important;padding-left: 30px !important;border-left-color: rgba(51,51,51,0.11) !important;border-left-style: solid !important;border-right-color: rgba(51,51,51,0.11) !important;border-right-style: solid !important;border-top-color: rgba(51,51,51,0.11) !important;border-top-style: solid !important;border-bottom-color: rgba(51,51,51,0.11) !important;border-bottom-style: solid !important;border-radius: 30px !important;}&#8221;][vc_custom_heading text=&#8221;Relaxation&#8221; font_container=&#8221;tag:h3|text_align:left|color:%2316c172&#8243; use_theme_fonts=&#8221;yes&#8221;][vc_column_text css=&#8221;.vc_custom_1706020310692{margin-bottom: 0px !important;}&#8221;]We approach our work in the same manner as we do in our personal lives \u2013 taking our time, yet ensuring that everything is completed punctually. We understand that you want to choose your homestead, villa, or land plot responsibly. Hence, we approach the search process with patience and dedication.[\/vc_column_text][\/vc_column][\/vc_row][vc_row gap=&#8221;30&#8243; equal_height=&#8221;yes&#8221;][vc_column css_animation=&#8221;fadeInLeft&#8221; width=&#8221;1\/3&#8243; css=&#8221;.vc_custom_1701901971678{border-top-width: 1px !important;border-right-width: 1px !important;border-bottom-width: 1px !important;border-left-width: 1px !important;padding-top: 30px !important;padding-right: 30px !important;padding-bottom: 30px !important;padding-left: 30px !important;border-left-color: rgba(51,51,51,0.11) !important;border-left-style: solid !important;border-right-color: rgba(51,51,51,0.11) !important;border-right-style: solid !important;border-top-color: rgba(51,51,51,0.11) !important;border-top-style: solid !important;border-bottom-color: rgba(51,51,51,0.11) !important;border-bottom-style: solid !important;border-radius: 25px !important;}&#8221;][vc_custom_heading text=&#8221;Listening&#8221; font_container=&#8221;tag:h3|text_align:left|color:%2316c172&#8243; use_theme_fonts=&#8221;yes&#8221;][vc_column_text css=&#8221;.vc_custom_1706020322401{margin-bottom: 0px !important;}&#8221;]First we get to know you, listen, and then we offer you a homestead, or maybe a land plot, garden, house or villa, that suits your financial possibilities, hobbies and expectations.[\/vc_column_text][\/vc_column][vc_column css_animation=&#8221;fadeInLeft&#8221; width=&#8221;1\/3&#8243; css=&#8221;.vc_custom_1701955978290{border-top-width: 1px !important;border-right-width: 1px !important;border-bottom-width: 1px !important;border-left-width: 1px !important;padding-top: 30px !important;padding-right: 30px !important;padding-bottom: 30px !important;padding-left: 30px !important;border-left-color: rgba(51,51,51,0.11) !important;border-left-style: solid !important;border-right-color: rgba(51,51,51,0.11) !important;border-right-style: solid !important;border-top-color: rgba(51,51,51,0.11) !important;border-top-style: solid !important;border-bottom-color: rgba(51,51,51,0.11) !important;border-bottom-style: solid !important;border-radius: 30px !important;}&#8221;][vc_custom_heading text=&#8221;Acquaintance&#8221; font_container=&#8221;tag:h3|text_align:left|color:%2316c172&#8243; use_theme_fonts=&#8221;yes&#8221;][vc_column_text css=&#8221;.vc_custom_1706020334714{margin-bottom: 0px !important;}&#8221;]We know our country like a close family member, so we\u2019ll offer you the best place to rest, live, and create.[\/vc_column_text][\/vc_column][vc_column css_animation=&#8221;fadeInLeft&#8221; width=&#8221;1\/3&#8243; css=&#8221;.vc_custom_1701955983375{border-top-width: 1px !important;border-right-width: 1px !important;border-bottom-width: 1px !important;border-left-width: 1px !important;padding-top: 30px !important;padding-right: 30px !important;padding-bottom: 30px !important;padding-left: 30px !important;border-left-color: rgba(51,51,51,0.11) !important;border-left-style: solid !important;border-right-color: rgba(51,51,51,0.11) !important;border-right-style: solid !important;border-top-color: rgba(51,51,51,0.11) !important;border-top-style: solid !important;border-bottom-color: rgba(51,51,51,0.11) !important;border-bottom-style: solid !important;border-radius: 30px !important;}&#8221;][vc_custom_heading text=&#8221;Authenticity&#8221; font_container=&#8221;tag:h3|text_align:left|color:%2316c172&#8243; use_theme_fonts=&#8221;yes&#8221;][vc_column_text css=&#8221;.vc_custom_1706020345675{margin-bottom: 0px !important;}&#8221;]We try to select the most authentic gems of Auk\u0161taitija real estate. This land has been around for many years. It invites you to return to the past, to remember the language of the eastern Lithuanians, the joyful rituals \u2013 to unearth your own roots and take pride in them.[\/vc_column_text][\/vc_column][\/vc_row][vc_row full_width=&#8221;stretch_row&#8221; css_animation=&#8221;fadeInUp&#8221; bg_type=&#8221;image&#8221; parallax_style=&#8221;vcpb-vz-jquery&#8221; bg_image_new=&#8221;id^38|url^https:\/\/www.namude.lt\/wp-content\/uploads\/2023\/11\/humphrey-muleba-ed5mB7Zxi3E-unsplash.jpg|caption^null|alt^null|title^humphrey-muleba-ed5mB7Zxi3E-unsplash|description^null&#8221; enable_overlay=&#8221;enable_overlay_value&#8221; overlay_color=&#8221;rgba(0,0,0,0.54)&#8221; css=&#8221;.vc_custom_1701956960138{margin-top: 70px !important;margin-bottom: -50px !important;padding-top: 100px !important;padding-bottom: 140px !important;}&#8221;][vc_column width=&#8221;1\/4&#8243;][\/vc_column][vc_column width=&#8221;1\/2&#8243;][vc_custom_heading text=&#8221;Looking for a second home or maybe you want to sell? Contact us by phone or email.&#8221; font_container=&#8221;tag:h3|text_align:center|color:%23ffffff&#8221; use_theme_fonts=&#8221;yes&#8221; css=&#8221;.vc_custom_1706020352496{margin-bottom: 30px !important;}&#8221;][vc_row_inner css=&#8221;.vc_custom_1701956926904{margin-top: 40px !important;padding-right: 60px !important;padding-left: 60px !important;}&#8221;][vc_column_inner width=&#8221;1\/2&#8243;]<style type=\"text\/css\" data-type=\"the7_shortcodes-inline-css\">#default-btn-def66708973915a326554840c6119fac.ico-right-side > i {\n  margin-right: 0px;\n  margin-left: 8px;\n}\n#default-btn-def66708973915a326554840c6119fac > i {\n  margin-right: 8px;\n}<\/style><div class=\"btn-align-center\"><a href=\"tel:+37069851269\" class=\"default-btn-shortcode dt-btn dt-btn-l link-hover-off \" id=\"default-btn-def66708973915a326554840c6119fac\"><span>+370 698 51269<\/span><\/a><\/div>[\/vc_column_inner][vc_column_inner width=&#8221;1\/2&#8243;]<style type=\"text\/css\" data-type=\"the7_shortcodes-inline-css\">#default-btn-de04ed1a32426dfb650f2e05e9e22f40.ico-right-side > i {\n  margin-right: 0px;\n  margin-left: 8px;\n}\n#default-btn-de04ed1a32426dfb650f2e05e9e22f40 > i {\n  margin-right: 8px;\n}<\/style><div class=\"btn-align-center\"><a href=\"mailto:info@namude.lt\" class=\"default-btn-shortcode dt-btn dt-btn-l link-hover-off \" id=\"default-btn-de04ed1a32426dfb650f2e05e9e22f40\"><span>info@namude.lt<\/span><\/a><\/div>[\/vc_column_inner][\/vc_row_inner][\/vc_column][vc_column width=&#8221;1\/4&#8243;][\/vc_column][\/vc_row]<\/p>\n<\/div>","protected":false},"excerpt":{"rendered":"<p>[vc_row gap=&#8221;35&#8243; equal_height=&#8221;yes&#8221; content_placement=&#8221;middle&#8221; css_animation=&#8221;fadeInUp&#8221; css=&#8221;.vc_custom_1702291265242{margin-top: 30px !important;margin-bottom: 30px !important;}&#8221;][vc_column width=&#8221;3\/4&#8243;][vc_custom_heading text=&#8221;\u201cNamud\u0117\u201d is an agency selling real estate gems in Auk\u0161taitija.&#8221; font_container=&#8221;tag:h2|text_align:center&#8221; use_theme_fonts=&#8221;yes&#8221;][vc_column_text] We were not only born, but also rooted in Auk\u0161taitija and we would recite you the most suitable gems of Eastern Lithuanian real estate. That ensures our core team: [\/vc_column_text][\/vc_column][vc_column width=&#8221;1\/4&#8243;][vc_single_image image=&#8221;23969&#8243;&hellip;<\/p>\n","protected":false},"author":1,"featured_media":0,"parent":0,"menu_order":0,"comment_status":"closed","ping_status":"closed","template":"","meta":{"_acf_changed":false,"footnotes":""},"class_list":["post-425","page","type-page","status-publish","hentry","description-off"],"acf":[],"yoast_head":"<!-- This site is optimized with the Yoast SEO plugin v27.4 - https:\/\/yoast.com\/product\/yoast-seo-wordpress\/ -->\n<title>About us - Namud\u0117<\/title>\n<meta name=\"robots\" content=\"index, follow, max-snippet:-1, max-image-preview:large, max-video-preview:-1\" \/>\n<link rel=\"canonical\" href=\"https:\/\/www.namude.lt\/en\/about-us\/\" \/>\n<meta property=\"og:locale\" content=\"en_US\" \/>\n<meta property=\"og:type\" content=\"article\" \/>\n<meta property=\"og:title\" content=\"About us - Namud\u0117\" \/>\n<meta property=\"og:description\" content=\"[vc_row gap=&#8221;35&#8243; equal_height=&#8221;yes&#8221; content_placement=&#8221;middle&#8221; css_animation=&#8221;fadeInUp&#8221; css=&#8221;.vc_custom_1702291265242{margin-top: 30px !important;margin-bottom: 30px !important;}&#8221;][vc_column width=&#8221;3\/4&#8243;][vc_custom_heading text=&#8221;\u201cNamud\u0117\u201d is an agency selling real estate gems in Auk\u0161taitija.&#8221; font_container=&#8221;tag:h2|text_align:center&#8221; use_theme_fonts=&#8221;yes&#8221;][vc_column_text] We were not only born, but also rooted in Auk\u0161taitija and we would recite you the most suitable gems of Eastern Lithuanian real estate. That ensures our core team: [\/vc_column_text][\/vc_column][vc_column width=&#8221;1\/4&#8243;][vc_single_image image=&#8221;23969&#8243;&hellip;\" \/>\n<meta property=\"og:url\" content=\"https:\/\/www.namude.lt\/en\/about-us\/\" \/>\n<meta property=\"og:site_name\" content=\"Namud\u0117\" \/>\n<meta property=\"article:modified_time\" content=\"2025-11-26T09:31:52+00:00\" \/>\n<meta property=\"og:image\" content=\"https:\/\/www.namude.lt\/wp-content\/uploads\/2025\/03\/DJI_0464.jpg\" \/>\n\t<meta property=\"og:image:width\" content=\"2500\" \/>\n\t<meta property=\"og:image:height\" content=\"1468\" \/>\n\t<meta property=\"og:image:type\" content=\"image\/jpeg\" \/>\n<meta name=\"twitter:card\" content=\"summary_large_image\" \/>\n<meta name=\"twitter:label1\" content=\"Est. reading time\" \/>\n\t<meta name=\"twitter:data1\" content=\"8 minutes\" \/>\n<script type=\"application\/ld+json\" class=\"yoast-schema-graph\">{\"@context\":\"https:\\\/\\\/schema.org\",\"@graph\":[{\"@type\":\"WebPage\",\"@id\":\"https:\\\/\\\/www.namude.lt\\\/en\\\/about-us\\\/\",\"url\":\"https:\\\/\\\/www.namude.lt\\\/en\\\/about-us\\\/\",\"name\":\"About us - Namud\u0117\",\"isPartOf\":{\"@id\":\"https:\\\/\\\/www.namude.lt\\\/#website\"},\"datePublished\":\"2023-12-01T22:51:19+00:00\",\"dateModified\":\"2025-11-26T09:31:52+00:00\",\"breadcrumb\":{\"@id\":\"https:\\\/\\\/www.namude.lt\\\/en\\\/about-us\\\/#breadcrumb\"},\"inLanguage\":\"en-US\",\"potentialAction\":[{\"@type\":\"ReadAction\",\"target\":[\"https:\\\/\\\/www.namude.lt\\\/en\\\/about-us\\\/\"]}]},{\"@type\":\"BreadcrumbList\",\"@id\":\"https:\\\/\\\/www.namude.lt\\\/en\\\/about-us\\\/#breadcrumb\",\"itemListElement\":[{\"@type\":\"ListItem\",\"position\":1,\"name\":\"Home\",\"item\":\"https:\\\/\\\/www.namude.lt\\\/en\\\/\"},{\"@type\":\"ListItem\",\"position\":2,\"name\":\"About us\"}]},{\"@type\":\"WebSite\",\"@id\":\"https:\\\/\\\/www.namude.lt\\\/#website\",\"url\":\"https:\\\/\\\/www.namude.lt\\\/\",\"name\":\"Namud\u0117\",\"description\":\"\u201eNamud\u0117\u201c \u2013 agent\u016bra, pardavin\u0117janti Auk\u0161taitijos NT grynuolius.\",\"publisher\":{\"@id\":\"https:\\\/\\\/www.namude.lt\\\/#organization\"},\"potentialAction\":[{\"@type\":\"SearchAction\",\"target\":{\"@type\":\"EntryPoint\",\"urlTemplate\":\"https:\\\/\\\/www.namude.lt\\\/?s={search_term_string}\"},\"query-input\":{\"@type\":\"PropertyValueSpecification\",\"valueRequired\":true,\"valueName\":\"search_term_string\"}}],\"inLanguage\":\"en-US\"},{\"@type\":\"Organization\",\"@id\":\"https:\\\/\\\/www.namude.lt\\\/#organization\",\"name\":\"Namud\u0117\",\"url\":\"https:\\\/\\\/www.namude.lt\\\/\",\"logo\":{\"@type\":\"ImageObject\",\"inLanguage\":\"en-US\",\"@id\":\"https:\\\/\\\/www.namude.lt\\\/#\\\/schema\\\/logo\\\/image\\\/\",\"url\":\"https:\\\/\\\/www.namude.lt\\\/wp-content\\\/uploads\\\/2023\\\/11\\\/logo-symbol.svg\",\"contentUrl\":\"https:\\\/\\\/www.namude.lt\\\/wp-content\\\/uploads\\\/2023\\\/11\\\/logo-symbol.svg\",\"width\":1,\"height\":1,\"caption\":\"Namud\u0117\"},\"image\":{\"@id\":\"https:\\\/\\\/www.namude.lt\\\/#\\\/schema\\\/logo\\\/image\\\/\"}}]}<\/script>\n<!-- \/ Yoast SEO plugin. -->","yoast_head_json":{"title":"About us - Namud\u0117","robots":{"index":"index","follow":"follow","max-snippet":"max-snippet:-1","max-image-preview":"max-image-preview:large","max-video-preview":"max-video-preview:-1"},"canonical":"https:\/\/www.namude.lt\/en\/about-us\/","og_locale":"en_US","og_type":"article","og_title":"About us - Namud\u0117","og_description":"[vc_row gap=&#8221;35&#8243; equal_height=&#8221;yes&#8221; content_placement=&#8221;middle&#8221; css_animation=&#8221;fadeInUp&#8221; css=&#8221;.vc_custom_1702291265242{margin-top: 30px !important;margin-bottom: 30px !important;}&#8221;][vc_column width=&#8221;3\/4&#8243;][vc_custom_heading text=&#8221;\u201cNamud\u0117\u201d is an agency selling real estate gems in Auk\u0161taitija.&#8221; font_container=&#8221;tag:h2|text_align:center&#8221; use_theme_fonts=&#8221;yes&#8221;][vc_column_text] We were not only born, but also rooted in Auk\u0161taitija and we would recite you the most suitable gems of Eastern Lithuanian real estate. That ensures our core team: [\/vc_column_text][\/vc_column][vc_column width=&#8221;1\/4&#8243;][vc_single_image image=&#8221;23969&#8243;&hellip;","og_url":"https:\/\/www.namude.lt\/en\/about-us\/","og_site_name":"Namud\u0117","article_modified_time":"2025-11-26T09:31:52+00:00","og_image":[{"width":2500,"height":1468,"url":"https:\/\/www.namude.lt\/wp-content\/uploads\/2025\/03\/DJI_0464.jpg","type":"image\/jpeg"}],"twitter_card":"summary_large_image","twitter_misc":{"Est. reading time":"8 minutes"},"schema":{"@context":"https:\/\/schema.org","@graph":[{"@type":"WebPage","@id":"https:\/\/www.namude.lt\/en\/about-us\/","url":"https:\/\/www.namude.lt\/en\/about-us\/","name":"About us - Namud\u0117","isPartOf":{"@id":"https:\/\/www.namude.lt\/#website"},"datePublished":"2023-12-01T22:51:19+00:00","dateModified":"2025-11-26T09:31:52+00:00","breadcrumb":{"@id":"https:\/\/www.namude.lt\/en\/about-us\/#breadcrumb"},"inLanguage":"en-US","potentialAction":[{"@type":"ReadAction","target":["https:\/\/www.namude.lt\/en\/about-us\/"]}]},{"@type":"BreadcrumbList","@id":"https:\/\/www.namude.lt\/en\/about-us\/#breadcrumb","itemListElement":[{"@type":"ListItem","position":1,"name":"Home","item":"https:\/\/www.namude.lt\/en\/"},{"@type":"ListItem","position":2,"name":"About us"}]},{"@type":"WebSite","@id":"https:\/\/www.namude.lt\/#website","url":"https:\/\/www.namude.lt\/","name":"Namud\u0117","description":"\u201eNamud\u0117\u201c \u2013 agent\u016bra, pardavin\u0117janti Auk\u0161taitijos NT grynuolius.","publisher":{"@id":"https:\/\/www.namude.lt\/#organization"},"potentialAction":[{"@type":"SearchAction","target":{"@type":"EntryPoint","urlTemplate":"https:\/\/www.namude.lt\/?s={search_term_string}"},"query-input":{"@type":"PropertyValueSpecification","valueRequired":true,"valueName":"search_term_string"}}],"inLanguage":"en-US"},{"@type":"Organization","@id":"https:\/\/www.namude.lt\/#organization","name":"Namud\u0117","url":"https:\/\/www.namude.lt\/","logo":{"@type":"ImageObject","inLanguage":"en-US","@id":"https:\/\/www.namude.lt\/#\/schema\/logo\/image\/","url":"https:\/\/www.namude.lt\/wp-content\/uploads\/2023\/11\/logo-symbol.svg","contentUrl":"https:\/\/www.namude.lt\/wp-content\/uploads\/2023\/11\/logo-symbol.svg","width":1,"height":1,"caption":"Namud\u0117"},"image":{"@id":"https:\/\/www.namude.lt\/#\/schema\/logo\/image\/"}}]}},"_links":{"self":[{"href":"https:\/\/www.namude.lt\/en\/wp-json\/wp\/v2\/pages\/425","targetHints":{"allow":["GET"]}}],"collection":[{"href":"https:\/\/www.namude.lt\/en\/wp-json\/wp\/v2\/pages"}],"about":[{"href":"https:\/\/www.namude.lt\/en\/wp-json\/wp\/v2\/types\/page"}],"author":[{"embeddable":true,"href":"https:\/\/www.namude.lt\/en\/wp-json\/wp\/v2\/users\/1"}],"replies":[{"embeddable":true,"href":"https:\/\/www.namude.lt\/en\/wp-json\/wp\/v2\/comments?post=425"}],"version-history":[{"count":7,"href":"https:\/\/www.namude.lt\/en\/wp-json\/wp\/v2\/pages\/425\/revisions"}],"predecessor-version":[{"id":23973,"href":"https:\/\/www.namude.lt\/en\/wp-json\/wp\/v2\/pages\/425\/revisions\/23973"}],"wp:attachment":[{"href":"https:\/\/www.namude.lt\/en\/wp-json\/wp\/v2\/media?parent=425"}],"curies":[{"name":"wp","href":"https:\/\/api.w.org\/{rel}","templated":true}]}}